{"id":15670,"date":"2015-01-29T10:25:23","date_gmt":"2015-01-29T09:25:23","guid":{"rendered":"http:\/\/www.luigiaccattoli.it\/blog\/?page_id=15670"},"modified":"2015-01-29T10:28:56","modified_gmt":"2015-01-29T09:28:56","slug":"lanno-sinodale-della-famiglia-dallassemblea-straordinaria-a-quella-ordinaria","status":"publish","type":"page","link":"http:\/\/www.luigiaccattoli.it\/blog\/conferenze-e-dibattiti-2\/lanno-sinodale-della-famiglia-dallassemblea-straordinaria-a-quella-ordinaria\/","title":{"rendered":"L\u2019Anno sinodale della famiglia. Dall\u2019assemblea straordinaria a quella ordinaria"},"content":{"rendered":"<p><span style=\"color: #000000;\"><span style=\"font-family: Verdana, serif;\"><span style=\"font-size: large;\"><i>Incontro di formazione del clero dell\u2019Arcidiocesi di Monreale <\/i><\/span><\/span><\/span><\/p>\n<p><span style=\"color: #000000;\"><span style=\"font-family: Verdana, serif;\"><span style=\"font-size: large;\"><i>Marted\u00ec 27 gennaio 2015<\/i><\/span><\/span><\/span><\/p>\n<p>&nbsp;<\/p>\n<p><span style=\"color: #000000;\"><span style=\"font-family: Verdana, serif;\"><span style=\"font-size: large;\">Ho un buon giudizio del Sinodo straordinario sulla famiglia che si \u00e8 tenuto in ottobre. Sono ottimista soprattutto sull\u2019Anno sinodale [questa \u00e8 un\u2019espressione mia] che ora stiamo vivendo: per la prima volta tutta la Chiesa pu\u00f2 prendere parte a un cammino collegiale e comunitario di lunga durata. Esporr\u00f2 questa e altre novit\u00e0 volute da Papa Francesco in questa occasione, dir\u00f2 l\u2019essenziale sui testi venuti dal Sinodo, concluder\u00f2 con una proposta pratica per ambienti di Chiesa che volessero farsi protagonisti dell\u2019Anno sinodale.<\/span><\/span><\/span><\/p>\n<p><span style=\"color: #000000;\">\u201c<span style=\"font-family: Verdana, serif;\"><span style=\"font-size: large;\">Cristo ha voluto che la sua Chiesa fosse una casa con la porta sempre aperta nell\u2019accoglienza, senza escludere nessuno. Siamo perci\u00f2 grati ai pastori, fedeli e comunit\u00e0 pronti ad accompagnare e a farsi carico delle lacerazioni interiori e sociali delle coppie e delle famiglie\u201d: \u00e8 uno dei passaggi pi\u00f9 caldi del <\/span><\/span><\/span><span style=\"color: #000000;\"><span style=\"font-family: Verdana, serif;\"><span style=\"font-size: large;\"><i>Messaggio del Sinodo a tutte le famiglie dei diversi continenti e in particolare a quelle che seguono Cristo Via, Verit\u00e0 e Vita<\/i><\/span><\/span><\/span><span style=\"color: #000000;\"><span style=\"font-family: Verdana, serif;\"><span style=\"font-size: large;\">.<\/span><\/span><\/span><\/p>\n<p><span style=\"color: #000000;\"><span style=\"font-family: Verdana, serif;\"><span style=\"font-size: large;\">Consiglio a chi voglia informarsi sul Sinodo straordinario del 5-19 ottobre,\u00a0\u201cLe sfide pastorali sulla famiglia nel contesto dell\u2019evangelizzazione\u201d, di partire dalla lettura del\u00a0<\/span><\/span><\/span><span style=\"color: #000000;\"><span style=\"font-family: Verdana, serif;\"><span style=\"font-size: large;\"><i>Messaggio<\/i><\/span><\/span><\/span><span style=\"color: #000000;\"><span style=\"font-family: Verdana, serif;\"><span style=\"font-size: large;\">\u00a0approvato a larga maggioranza (16 voti contrari su 183 votanti) e pubblicato, insieme alla <\/span><\/span><\/span><span style=\"color: #000000;\"><span style=\"font-family: Verdana, serif;\"><span style=\"font-size: large;\"><i>Relazione del Sinodo<\/i><\/span><\/span><\/span><span style=\"color: #000000;\"><span style=\"font-family: Verdana, serif;\"><span style=\"font-size: large;\">, sabato 18 ottobre. Altra parola chiave del\u00a0<\/span><\/span><\/span><span style=\"color: #000000;\"><span style=\"font-family: Verdana, serif;\"><span style=\"font-size: large;\"><i>Messaggio<\/i><\/span><\/span><\/span><span style=\"color: #000000;\"><span style=\"font-family: Verdana, serif;\"><span style=\"font-size: large;\">: \u201cManifestiamo la nostra ammirazione e gratitudine per la testimonianza quotidiana che [voi famiglie] offrite a noi e al mondo con la vostra fedelt\u00e0, la vostra fede, speranza, e amore\u201d.<\/span><\/span><\/span><\/p>\n<p><span style=\"font-family: Verdana, serif;\"><span style=\"font-size: large;\">Pi\u00f9 complessa \u00e8 la lettura della\u00a0Relazione\u00a0con i suoi 62 paragrafi che mettono sotto la lente tutte le \u201csfide\u201d delle famiglie nel mondo d\u2019oggi e che ora servir\u00e0 da testo preparatorio (<\/span><\/span><span style=\"font-family: Verdana, serif;\"><span style=\"font-size: large;\"><i>lineamenta<\/i><\/span><\/span><span style=\"font-family: Verdana, serif;\"><span style=\"font-size: large;\">, in latino) per il Sinodo ordinario del prossimo autunno, che avr\u00e0 il titolo <\/span><\/span><span style=\"font-family: Verdana, serif;\"><span style=\"font-size: large;\"><i>La vocazione e la missione della famiglia nella Chiesa e nel mondo contemporaneo<\/i><\/span><\/span><span style=\"font-family: Verdana, serif;\"><span style=\"font-size: large;\"> e si svolger\u00e0 dal 4 al 25 ottobre 2015. Il testo della relazione sinodale, arricchito con 46 domande, \u00e8 stato appunto ripubblicato come \u201clineamenta\u201d il 9 dicembre scorso. Le conferenze episcopali dovranno dare risposta \u2013 dopo \u201cun\u2019ampia consultazione\u201d \u2013 entro il 15 aprile.<\/span><\/span><\/p>\n<p><span style=\"color: #000000;\"><span style=\"font-family: Verdana, serif;\"><span style=\"font-size: large;\">La concatenazione delle due assemblee sinodali, che non si era mai avuta da quando esiste il Sinodo dei vescovi (fu istituito da Paolo VI nel 1965 e fino ad oggi si sono tenute 26 assemblee), \u00e8 stata una geniale invenzione di Francesco, che ha voluto cos\u00ec coinvolgere l\u2019intera comunit\u00e0 cattolica nella riflessione sulla grande questione. \u201cOra abbiamo ancora un anno per maturare, con vero discernimento spirituale, le idee proposte e trovare soluzioni concrete a tante difficolt\u00e0 e innumerevoli sfide che le famiglie devono affrontare; e dare risposte ai tanti scoraggiamenti che circondano e soffocano le famiglie\u201d, ha detto il Papa nel discorso di chiusura dell\u2019assemblea di ottobre.<\/span><\/span><\/span><\/p>\n<p><span style=\"color: #000000;\"><span style=\"font-family: Verdana, serif;\"><span style=\"font-size: large;\">Altre novit\u00e0 volute dal Papa nella preparazione e nello svolgimento di questo primo tempo sinodale sulla famiglia [il secondo \u00e8 costituito dall\u2019<\/span><\/span><\/span><span style=\"color: #000000;\"><span style=\"font-family: Verdana, serif;\"><span style=\"font-size: large;\"><i>Anno sinodale<\/i><\/span><\/span><\/span><span style=\"color: #000000;\"><span style=\"font-family: Verdana, serif;\"><span style=\"font-size: large;\"> nel quale ci troviamo e che andr\u00e0 dall\u2019una all\u2019altra assemblea; il terzo sar\u00e0 l\u2019assemblea ordinaria del prossimo anno]:<\/span><\/span><\/span><\/p>\n<p><span style=\"color: #000000;\">\u2013 <span style=\"font-family: Verdana, serif;\"><span style=\"font-size: large;\">la prima riguarda il tema. Il Consiglio della Segreteria del Sinodo, uscito dal Sinodo del 2012, aveva proposto un tema di cristologia e antropologia simile a quello del Convegno della Chiesa italiana che si far\u00e0 il settembre del prossimo anno a Firenze: \u201cIn Ges\u00f9 Cristo il nuovo umanesimo\u201d; ma Francesco ha voluto il tema della famiglia; un tema dunque pastorale invece di uno dottrinale: in questo c\u2019\u00e8 un segno del Pontificato bergogliano rispetto a quello ratzingheriano;<\/span><\/span><\/span><\/p>\n<p><span style=\"color: #000000;\">\u2013 <span style=\"font-family: Verdana, serif;\"><span style=\"font-size: large;\">la diffusione di un questionario informativo di partenza: redatto in fretta e gestito in tempi stretti, rappresenta comunque una buona idea per partire dal vissuto \u2013 \u201cChe si fa sulla famiglia nella vostra comunit\u00e0?\u201d \u2013 e non da una proiezione curiale;<\/span><\/span><\/span><\/p>\n<p><span style=\"color: #000000;\">\u2013 <span style=\"font-family: Verdana, serif;\"><span style=\"font-size: large;\">l\u2019anticipata apertura del dibattito nel Concistoro straordinario di febbraio, che ha ottenuto il risultato di arrivare al Sinodo con una discussione gi\u00e0 avviata;<\/span><\/span><\/span><\/p>\n<p><span style=\"color: #000000;\">\u2013 <span style=\"font-family: Verdana, serif;\"><span style=\"font-size: large;\">l\u2019invito del Papa ai \u201cpadri\u201d a parlare con parresia e ad ascoltare con umilt\u00e0 rivolto ad apertura dei lavori;<\/span><\/span><\/span><\/p>\n<p><span style=\"color: #000000;\">\u2013 <span style=\"font-family: Verdana, serif;\"><span style=\"font-size: large;\">la decisione papale di pubblicare tutto: anche i tre paragrafi che non avevano ottenuto l\u2019approvazione qualificata, nonch\u00e9 il risultato della votazione ottenuto da ognuno dei 62 paragrafi.<\/span><\/span><\/span><\/p>\n<p><span style=\"color: #000000;\"><span style=\"font-family: Verdana, serif;\"><span style=\"font-size: large;\">Il tono della\u00a0<\/span><\/span><\/span><span style=\"color: #000000;\"><span style=\"font-family: Verdana, serif;\"><span style=\"font-size: large;\"><i>Relazione<\/i><\/span><\/span><\/span><span style=\"color: #000000;\"><span style=\"font-family: Verdana, serif;\"><span style=\"font-size: large;\">\u00a0\u00e8 realistico ma anche incoraggiante: \u201cNonostante i tanti segnali di crisi dell\u2019istituto familiare nei vari contesti del \u2018villaggio globale\u2019, il desiderio di famiglia resta vivo, in specie fra i giovani, e motiva la Chiesa, esperta in umanit\u00e0 e fedele alla sua missione, ad annunciare senza sosta e con convinzione profonda il Vangelo della famiglia che le \u00e8 stato affidato\u201d.<\/span><\/span><\/span><\/p>\n<p><span style=\"color: #000000;\"><span style=\"font-family: Verdana, serif;\"><span style=\"font-size: large;\">Il documento insiste sulla preparazione al matrimonio e sull\u2019accompagnamento delle famiglie nelle prove alle quali vanno incontro, sollecitando tutti a compiere \u201cscelte pastorali coraggiose\u201d. \u201cI Padri sinodali \u2013 vi si dice \u2013 hanno avvertito l\u2019urgenza di cammini pastorali nuovi, che partano dall\u2019effettiva realt\u00e0 delle fragilit\u00e0 familiari, sapendo che esse, spesso, sono pi\u00f9 subite con sofferenza che scelte in piena libert\u00e0 [\u2026]. Ogni famiglia va innanzitutto ascoltata con rispetto e amore facendosi compagni di cammino come il Cristo con i discepoli sulla strada di Emmaus [\u2026]. Dobbiamo dare al nostro cammino il ritmo salutare della prossimit\u00e0, con uno sguardo rispettoso e pieno di compassione ma che nel medesimo tempo sani, liberi e incoraggi a maturare nella vita cristiana [\u2026]. Un particolare discernimento \u00e8 indispensabile per accompagnare pastoralmente i separati, i divorziati, gli abbandonati\u201d.<\/span><\/span><\/span><\/p>\n<p><span style=\"color: #000000;\">\u201c<span style=\"font-family: Verdana, serif;\"><span style=\"font-size: large;\">Anche le situazioni dei divorziati risposati \u2013 si legge al paragrafo 51 \u2013 esigono un attento discernimento e un accompagnamento di grande rispetto, evitando ogni linguaggio e atteggiamento che li faccia sentire discriminati e promovendo la loro partecipazione alla vita delle comunit\u00e0. Prendersi cura di loro non \u00e8 per la comunit\u00e0 cristiana un indebolimento della sua fede e della sua testimonianza circa l\u2019indissolubilit\u00e0 matrimoniale, anzi essa esprime proprio in questa cura la sua carit\u00e0\u201d.<\/span><\/span><\/span><\/p>\n<p><span style=\"color: #000000;\"><span style=\"font-family: Verdana, serif;\"><span style=\"font-size: large;\">Sui divorziati risposati la maggioranza dei Padri voleva dire di pi\u00f9 ma la loro sollecitazione (contenuta nel paragrafo 52) non ha ottenuto i due terzi dei voti, che sono necessari per l\u2019approvazione. Proponevano un\u2019 \u201caccoglienza non generalizzata alla mensa eucaristica\u201d, ma limitata ad \u201calcune situazioni particolari e a condizioni ben precise, soprattutto quando si tratta di casi irreversibili e legati ad obblighi morali verso i figli\u201d. Era anche detto che \u201cl\u2019eventuale accesso ai sacramenti [di chi ha contratto un nuovo matrimonio] dovrebbe essere preceduto da un cammino penitenziale sotto la responsabilit\u00e0 del vescovo diocesano\u201d e che la questione \u201cva ancora approfondita\u201d.<\/span><\/span><\/span><\/p>\n<p><span style=\"color: #000000;\"><span style=\"font-family: Verdana, serif;\"><span style=\"font-size: large;\">Questo testo pi\u00f9 generoso ha ottenuto 104 voti contro 74. Non \u00e8 dunque approvato, ma il Papa ha voluto che fosse pubblicato lo stesso per servire da base alla futura discussione, come ha voluto che fossero pubblicati anche altri due paragrafi che non hanno avuto la maggioranza qualificata: il 53 sulla \u201ccomunione spirituale\u201d (112 voti contro 64: invitava ad approfondirne il significato per chi non pu\u00f2 accedere alla comunione sacramentale) e il 55 sugli omosessuali da \u201caccogliere con rispetto e delicatezza\u201d (118 contro 62: \u201cAlcune famiglie vivono l\u2019esperienza di avere al loro interno persone con orientamento omosessuale. Al riguardo ci si \u00e8 interrogati su quale attenzione pastorale sia opportuna di fronte a questa situazione\u201d).<\/span><\/span><\/span><\/p>\n<p><span style=\"color: #000000;\"><span style=\"font-family: Verdana, serif;\"><span style=\"font-size: large;\">Ad apertura dei lavori del Sinodo il Papa aveva chiesto ai Padri di \u201cparlare con parresia [libert\u00e0] e ascoltare con umilt\u00e0\u201d. E\u2019 stato obbedito e abbiamo visto il pi\u00f9 schietto dibattito sinodale rispetto a ogni precedente. C\u2019\u00e8 da sperare che altrettanto coraggiosa sar\u00e0 la discussione nelle Chiese locali.<\/span><\/span><\/span><\/p>\n<p><span style=\"font-family: Verdana, serif;\"><span style=\"font-size: large;\"><b>Proposta pratica per le comunit\u00e0 locali<\/b><\/span><\/span><span style=\"font-family: Verdana, serif;\"><span style=\"font-size: large;\">. Suggerisco \u2013 poniamo nel caso di una parrocchia \u2013 di procedere cos\u00ec:<\/span><\/span><\/p>\n<p><span style=\"font-family: Verdana, serif;\"><span style=\"font-size: large;\">&#8211; incaricare tre persone di leggere la Relazione e di fare una scelta di suoi brani utili all\u2019approfondimento comunitario, utilit\u00e0 da valutare tenendo conto della situazione e dell\u2019esperienza della parrocchia in materia famigliare;<\/span><\/span><\/p>\n<p><span style=\"font-family: Verdana, serif;\"><span style=\"font-size: large;\">&#8211; formazione di un gruppo allargato di lettura, poniamo venti persone, o trenta, che tengono &#8211; poniamo &#8211; tre riunioni, leggono le pagine selezionate e stendono una relazione;<\/span><\/span><\/p>\n<p><span style=\"font-family: Verdana, serif;\"><span style=\"font-size: large;\">&#8211; proposta di questa relazione a un\u2019assemblea parrocchiale e suo invio al vescovo o ad ufficio dal vescovo delegato. <\/span><\/span><\/p>\n<p>&nbsp;<\/p>\n<p><span style=\"color: #000000;\"><span style=\"font-family: Verdana, serif;\"><span style=\"font-size: large;\"><b>Appendice per la preghiera<\/b><\/span><\/span><\/span><\/p>\n<p><span style=\"color: #000000;\"><span style=\"font-family: Verdana, serif;\"><span style=\"font-size: large;\"><b>Invocazione per le famiglie della terra<\/b><\/span><\/span><\/span><\/p>\n<p><span style=\"color: #000000;\"><span style=\"font-family: Verdana, serif;\"><span style=\"font-size: large;\">E\u2019 intitolata \u201cInvocazione per le famiglie della terra\u201d la bella preghiera che conclude il\u00a0<\/span><\/span><\/span><span style=\"color: #000000;\"><span style=\"font-family: Verdana, serif;\"><span style=\"font-size: large;\"><i>Messaggio del Sinodo<\/i><\/span><\/span><\/span><span style=\"color: #000000;\"><span style=\"font-family: Verdana, serif;\"><span style=\"font-size: large;\">, redatto da una commissione presieduta dal cardinale Gianfranco Ravasi:<\/span><\/span><\/span><\/p>\n<p><span style=\"color: #000000;\"><span style=\"font-family: Verdana, serif;\"><span style=\"font-size: large;\"><i>Padre, dona a tutte le famiglie la presenza di sposi forti e saggi, che siano sorgente di una famiglia libera e unita.<\/i><\/span><\/span><\/span><\/p>\n<p><span style=\"color: #000000;\"><span style=\"font-family: Verdana, serif;\"><span style=\"font-size: large;\"><i>Padre, dona ai genitori di avere una casa dove vivere in pace con la loro famiglia.<\/i><\/span><\/span><\/span><\/p>\n<p><span style=\"color: #000000;\"><span style=\"font-family: Verdana, serif;\"><span style=\"font-size: large;\"><i>Padre, dona ai figli di essere segno di fiducia e di speranza e ai giovani il coraggio dell\u2019impegno stabile e fedele.<\/i><\/span><\/span><\/span><\/p>\n<p><span style=\"color: #000000;\"><span style=\"font-family: Verdana, serif;\"><span style=\"font-size: large;\"><i>Padre, dona a tutti di poter guadagnare il pane con le loro mani, di gustare la serenit\u00e0 dello spirito e di tener viva la fiaccola della fede anche nel tempo dell\u2019oscurit\u00e0.<\/i><\/span><\/span><\/span><\/p>\n<p><span style=\"color: #000000;\"><span style=\"font-family: Verdana, serif;\"><span style=\"font-size: large;\"><i>Padre, dona a noi tutti di veder fiorire una Chiesa sempre pi\u00f9 fedele e credibile, una citt\u00e0 giusta e umana, un mondo che ami la verit\u00e0, la giustizia e la misericordia.<\/i><\/span><\/span><\/span><\/p>\n","protected":false},"excerpt":{"rendered":"<p>Incontro di formazione del clero dell\u2019Arcidiocesi di Monreale Marted\u00ec 27 gennaio 2015 &nbsp; Ho un buon giudizio del Sinodo straordinario sulla famiglia che si \u00e8 tenuto in ottobre. Sono ottimista&#8230;<\/p>\n<div class=\"more-link-wrapper\"><a class=\"more-link\" href=\"http:\/\/www.luigiaccattoli.it\/blog\/conferenze-e-dibattiti-2\/lanno-sinodale-della-famiglia-dallassemblea-straordinaria-a-quella-ordinaria\/\">Read More<span class=\"screen-reader-text\">L\u2019Anno sinodale della famiglia. Dall\u2019assemblea straordinaria a quella ordinaria<\/span><\/a><\/div>\n","protected":false},"author":1,"featured_media":0,"parent":5506,"menu_order":0,"comment_status":"open","ping_status":"closed","template":"","meta":{"_monsterinsights_skip_tracking":false,"_monsterinsights_sitenote_active":false,"_monsterinsights_sitenote_note":"","_monsterinsights_sitenote_category":0,"footnotes":""},"class_list":["post-15670","page","type-page","status-publish","hentry","excerpt"],"_links":{"self":[{"href":"http:\/\/www.luigiaccattoli.it\/blog\/wp-json\/wp\/v2\/pages\/15670","targetHints":{"allow":["GET"]}}],"collection":[{"href":"http:\/\/www.luigiaccattoli.it\/blog\/wp-json\/wp\/v2\/pages"}],"about":[{"href":"http:\/\/www.luigiaccattoli.it\/blog\/wp-json\/wp\/v2\/types\/page"}],"author":[{"embeddable":true,"href":"http:\/\/www.luigiaccattoli.it\/blog\/wp-json\/wp\/v2\/users\/1"}],"replies":[{"embeddable":true,"href":"http:\/\/www.luigiaccattoli.it\/blog\/wp-json\/wp\/v2\/comments?post=15670"}],"version-history":[{"count":2,"href":"http:\/\/www.luigiaccattoli.it\/blog\/wp-json\/wp\/v2\/pages\/15670\/revisions"}],"predecessor-version":[{"id":15673,"href":"http:\/\/www.luigiaccattoli.it\/blog\/wp-json\/wp\/v2\/pages\/15670\/revisions\/15673"}],"up":[{"embeddable":true,"href":"http:\/\/www.luigiaccattoli.it\/blog\/wp-json\/wp\/v2\/pages\/5506"}],"wp:attachment":[{"href":"http:\/\/www.luigiaccattoli.it\/blog\/wp-json\/wp\/v2\/media?parent=15670"}],"curies":[{"name":"wp","href":"https:\/\/api.w.org\/{rel}","templated":true}]}}