{"id":15856,"date":"2015-02-28T15:19:33","date_gmt":"2015-02-28T14:19:33","guid":{"rendered":"http:\/\/www.luigiaccattoli.it\/blog\/?page_id=15856"},"modified":"2015-02-28T15:20:17","modified_gmt":"2015-02-28T14:20:17","slug":"divo-barsotti-sento-che-debbo-sperare-per-tutti","status":"publish","type":"page","link":"http:\/\/www.luigiaccattoli.it\/blog\/cerco-fatti-di-vangelo\/6-una-razza-di-longevi\/divo-barsotti-sento-che-debbo-sperare-per-tutti\/","title":{"rendered":"Divo Barsotti: \u00abSento che debbo sperare per tutti\u00bb"},"content":{"rendered":"<p><a name=\"_GoBack\"><\/a>Qui Divo Barsotti risponde alla domanda di come viva il compimento dei suoi ottant\u2019anni. E attesta &#8211; come tutte le donne e tutti gli uomini di questo capitolo &#8211; che la consuetudine con il Vangelo allarga il cuore e allunga lo sguardo, compleanno dopo compleanno.<\/p>\n<p><span style=\"font-size: medium;\"><i>Io prego, attendo, spero. Ritorna per me la tentazione dei primi padri della Chiesa: posso io accettare la mia salvezza senza la salvezza di tutti gli altri? \u00c8 per me oggi un problema teologico molto grave. L&#8217;atto di Cristo ha salvato davvero tutti. E solo una volont\u00e0 pervicace, folle, disumana, pu\u00f2 rifiutare. Del resto se Cristo salva me, come posso io essere pienamente salvo senza trascinare in questa salvezza gli altri che sono attaccati, anzi sono aggrovigliati al mio io? So che non posso fare a meno di sperare per tutti, per tutti. Anche se so che l&#8217;Inferno esiste, eccome. Bisogna crederci. Ma sento che debbo sperare per tutti. Questa speranza accompagna i miei ottant&#8217;anni. No, non spero buddisticamente di sciogliere i miei legami. Ma che ce ne siano di pi\u00f9. Amato e amante in Cristo di tutti.<\/i><\/span><\/p>\n<p><span style=\"font-size: medium;\"><span style=\"font-size: small;\"><b>Il testo di Divo Barsotti \u00e8 preso da un\u2019intervista a cura di Renato Farina pubblicata da \u201cLitterae Communionis Tracce\u201d, gennaio 1994, pp. 10-13.<\/b><\/span><\/span><\/p>\n<p><span style=\"font-size: medium;\"><span style=\"font-size: small;\"><b>[da \u201cCerco fatti di Vangelo\u201d 1, SEI 1995]<\/b><\/span><\/span><\/p>\n","protected":false},"excerpt":{"rendered":"<p>Qui Divo Barsotti risponde alla domanda di come viva il compimento dei suoi ottant\u2019anni. E attesta &#8211; come tutte le donne e tutti gli uomini di questo capitolo &#8211; che&#8230;<\/p>\n<div class=\"more-link-wrapper\"><a class=\"more-link\" href=\"http:\/\/www.luigiaccattoli.it\/blog\/cerco-fatti-di-vangelo\/6-una-razza-di-longevi\/divo-barsotti-sento-che-debbo-sperare-per-tutti\/\">Read More<span class=\"screen-reader-text\">Divo Barsotti: \u00abSento che debbo sperare per tutti\u00bb<\/span><\/a><\/div>\n","protected":false},"author":1,"featured_media":0,"parent":2099,"menu_order":0,"comment_status":"open","ping_status":"closed","template":"","meta":{"_monsterinsights_skip_tracking":false,"_monsterinsights_sitenote_active":false,"_monsterinsights_sitenote_note":"","_monsterinsights_sitenote_category":0,"footnotes":""},"class_list":["post-15856","page","type-page","status-publish","hentry","excerpt"],"_links":{"self":[{"href":"http:\/\/www.luigiaccattoli.it\/blog\/wp-json\/wp\/v2\/pages\/15856","targetHints":{"allow":["GET"]}}],"collection":[{"href":"http:\/\/www.luigiaccattoli.it\/blog\/wp-json\/wp\/v2\/pages"}],"about":[{"href":"http:\/\/www.luigiaccattoli.it\/blog\/wp-json\/wp\/v2\/types\/page"}],"author":[{"embeddable":true,"href":"http:\/\/www.luigiaccattoli.it\/blog\/wp-json\/wp\/v2\/users\/1"}],"replies":[{"embeddable":true,"href":"http:\/\/www.luigiaccattoli.it\/blog\/wp-json\/wp\/v2\/comments?post=15856"}],"version-history":[{"count":1,"href":"http:\/\/www.luigiaccattoli.it\/blog\/wp-json\/wp\/v2\/pages\/15856\/revisions"}],"predecessor-version":[{"id":15857,"href":"http:\/\/www.luigiaccattoli.it\/blog\/wp-json\/wp\/v2\/pages\/15856\/revisions\/15857"}],"up":[{"embeddable":true,"href":"http:\/\/www.luigiaccattoli.it\/blog\/wp-json\/wp\/v2\/pages\/2099"}],"wp:attachment":[{"href":"http:\/\/www.luigiaccattoli.it\/blog\/wp-json\/wp\/v2\/media?parent=15856"}],"curies":[{"name":"wp","href":"https:\/\/api.w.org\/{rel}","templated":true}]}}