{"id":15990,"date":"2015-03-22T20:31:37","date_gmt":"2015-03-22T19:31:37","guid":{"rendered":"http:\/\/www.luigiaccattoli.it\/blog\/?page_id=15990"},"modified":"2015-03-22T21:37:09","modified_gmt":"2015-03-22T20:37:09","slug":"il-corrotto-spuzza-dice-francesco-a-napoli","status":"publish","type":"page","link":"http:\/\/www.luigiaccattoli.it\/blog\/articoli-del-corriere-della-sera\/il-corrotto-spuzza-dice-francesco-a-napoli\/","title":{"rendered":"\u201cIl corrotto spuzza\u201d dice Francesco a Napoli"},"content":{"rendered":"<p><span style=\"font-size: large;\">Pubblicato dal \u201cCorriere della Sera\u201d del 22 marzo 2015 a pagina 17 con il titolo <\/span><span style=\"font-size: large;\"><i>\u201cIl corrotto spuzza\u201d Ricordi della lingua dei nonni piemontesi<\/i><\/span><\/p>\n<p><a name=\"_GoBack\"><\/a><\/p>\n<p>\u201c<span style=\"font-size: large;\">La corruzione spuzza, la societ\u00e0 corrotta spuzza, un cristiano corrotto spuzza, capito?\u201d: Francesco ha ripetuto tre volte \u2013 ieri a Scampia \u2013 il verbo \u201cspuzza\u201d per dire tutto il disgusto che gli provoca il cattivo odore della corruzione. Anzi \u201cla putrefazione della corruzione\u201d, come aveva scritto in un testo del 2005 tradotto in italiano con il titolo \u201cGuarire dalla corruzione\u201d (Emi 2013). <\/span><\/p>\n<p><span style=\"font-size: large;\">Quella \u201cs\u201d rafforzativa del verbo \u201cspuzza\u201d, che una volta c\u2019era ma che la lingua italiana d\u2019oggi non vuole pi\u00f9, \u00e8 stata un felice errore che ha aiutato il Papa a rafforzare il suo anatema sui corrotti. Persino l\u2019espressione facciale comunicava un moto di ribrezzo che senza la \u201cs\u201d non sarebbe stato cos\u00ec pieno.<\/span><\/p>\n<p><span style=\"font-size: large;\">Ma non sono stati dello stesso parere i responsabili della comunicazione vaticana che hanno corretto \u2013 come fanno spesso \u2013 il suo italiano creativo e hanno messo \u201cpuzza\u201d al posto di quell\u2019ottimo \u201cspuzza\u201d. Lo fanno sempre come gi\u00e0 facevano con Papa Wojtyla, fin dal favoloso \u201cmi corrigerete\u201d del primo affaccio alla loggia che fu subito corretto in \u201ccorreggerete\u201d.<\/span><\/p>\n<p><span style=\"font-size: large;\">Oggi \u201cspuzzare\u201d \u00e8 una forma dialettale delle regioni del Nord ed \u00e8 da l\u00ec che lo prende l\u2019oriundo Bergoglio: \u201cVenni allevato dai nonni \u2013 ha raccontato \u2013 che tra loro parlavano piemontese e cos\u00ec l\u2019imparai anch\u2019io\u201d. La giornata napoletana di Papa Francesco \u00e8 stata tutta segnata dai dialetti: questo \u201cspuzza\u201d che sventola come una bandiera e il saluto napoletano \u201ca Maronna v\u2019accumpagne\u201d che ha ripetuto con buona pronuncia a ogni appuntamento. Il cardinale Sepe, cultore del dialetto napoletano, ha lodato anche per questo il Papa argentino che \u2013 ha detto \u2013 \u201cha un cuore napoletano\u201d e il \u201cnaso fino\u201d.<\/span><\/p>\n<p><span style=\"font-size: large;\"><b>Luigi Accattoli<\/b><\/span><\/p>\n<p><span style=\"font-size: large;\">www.luigiaccattoli.it<\/span><\/p>\n","protected":false},"excerpt":{"rendered":"<p>Pubblicato dal \u201cCorriere della Sera\u201d del 22 marzo 2015 a pagina 17 con il titolo \u201cIl corrotto spuzza\u201d Ricordi della lingua dei nonni piemontesi \u201cLa corruzione spuzza, la societ\u00e0 corrotta&#8230;<\/p>\n<div class=\"more-link-wrapper\"><a class=\"more-link\" href=\"http:\/\/www.luigiaccattoli.it\/blog\/articoli-del-corriere-della-sera\/il-corrotto-spuzza-dice-francesco-a-napoli\/\">Read More<span class=\"screen-reader-text\">\u201cIl corrotto spuzza\u201d dice Francesco a Napoli<\/span><\/a><\/div>\n","protected":false},"author":1,"featured_media":0,"parent":7661,"menu_order":0,"comment_status":"open","ping_status":"closed","template":"","meta":{"_monsterinsights_skip_tracking":false,"_monsterinsights_sitenote_active":false,"_monsterinsights_sitenote_note":"","_monsterinsights_sitenote_category":0,"footnotes":""},"class_list":["post-15990","page","type-page","status-publish","hentry","excerpt"],"_links":{"self":[{"href":"http:\/\/www.luigiaccattoli.it\/blog\/wp-json\/wp\/v2\/pages\/15990","targetHints":{"allow":["GET"]}}],"collection":[{"href":"http:\/\/www.luigiaccattoli.it\/blog\/wp-json\/wp\/v2\/pages"}],"about":[{"href":"http:\/\/www.luigiaccattoli.it\/blog\/wp-json\/wp\/v2\/types\/page"}],"author":[{"embeddable":true,"href":"http:\/\/www.luigiaccattoli.it\/blog\/wp-json\/wp\/v2\/users\/1"}],"replies":[{"embeddable":true,"href":"http:\/\/www.luigiaccattoli.it\/blog\/wp-json\/wp\/v2\/comments?post=15990"}],"version-history":[{"count":3,"href":"http:\/\/www.luigiaccattoli.it\/blog\/wp-json\/wp\/v2\/pages\/15990\/revisions"}],"predecessor-version":[{"id":15997,"href":"http:\/\/www.luigiaccattoli.it\/blog\/wp-json\/wp\/v2\/pages\/15990\/revisions\/15997"}],"up":[{"embeddable":true,"href":"http:\/\/www.luigiaccattoli.it\/blog\/wp-json\/wp\/v2\/pages\/7661"}],"wp:attachment":[{"href":"http:\/\/www.luigiaccattoli.it\/blog\/wp-json\/wp\/v2\/media?parent=15990"}],"curies":[{"name":"wp","href":"https:\/\/api.w.org\/{rel}","templated":true}]}}