{"id":16149,"date":"2015-04-17T09:34:20","date_gmt":"2015-04-17T07:34:20","guid":{"rendered":"http:\/\/www.luigiaccattoli.it\/blog\/?page_id=16149"},"modified":"2015-04-17T09:50:43","modified_gmt":"2015-04-17T07:50:43","slug":"un-reportage-dal-fronte-della-missione","status":"publish","type":"page","link":"http:\/\/www.luigiaccattoli.it\/blog\/prefazioni-e-capitoli\/un-reportage-dal-fronte-della-missione\/","title":{"rendered":"Un reportage dal fronte della missione"},"content":{"rendered":"<p><span style=\"font-family: 'Times New Roman', serif;\"><span style=\"font-size: large;\">In questo libretto parlano tre mantovani che si sono fatti cercatori di Dio. Narrano la ricerca che hanno condotto per il mondo e non dicono una parola in pi\u00f9 rispetto a quelle che ritengono necessarie a quel racconto. Il pi\u00f9 giovane interroga e gli altri rispondono nella lingua d\u2019ogni giorno. Nessun lettore far\u00e0 difficolt\u00e0 a intendere una sola di queste righe. La conclusione a cui arrivano \u00e8 che Dio \u00e8 amore e lo trovi amando il prossimo a partire dai pi\u00f9 bisognosi: loro cos\u00ec l\u2019hanno trovato.m<\/span><\/span><\/p>\n<p><span style=\"font-family: 'Times New Roman', serif;\"><span style=\"font-size: large;\">I due anziani, che sono andati a servire i poveri dell\u2019America Latina, parlano come Papa Bergoglio e il giovane \u2013 che \u00e8 andato laggi\u00f9 a interrogarli \u2013 argomenta che Francesco lo puoi capire solo partendo dalla realt\u00e0 dell\u2019America Latina. Ma questo non \u00e8 un libello d\u2019attualit\u00e0 ecclesiale: \u00e8 un reportage dal fronte. Dal fronte della missione. La missione cristiana in campo aperto \u00e8 il suo argomento. <\/span><\/span><\/p>\n<p><span style=\"font-family: 'Times New Roman', serif;\"><span style=\"font-size: large;\">Soggetto della missione qui \u00e8 la carit\u00e0: la carit\u00e0 che evangelizza con verificabile efficacia. Da queste pagine viene dunque un aiuto a credere nella figura di Cristo e nella capacit\u00e0 di attrazione del comandamento dell\u2019amore sull\u2019umanit\u00e0 del terzo millennio. Proprio come nelle omelie di Papa Francesco, qui non vi \u00e8 lamento ma slancio d\u2019apostoli.<\/span><\/span><\/p>\n<p><span style=\"font-family: 'Times New Roman', serif;\"><span style=\"font-size: large;\">Dicevo che in queste pagine non c\u2019\u00e8 sovrabbondanza di parole. Faccio due esempi di tale rigore, uno per ciascuna delle due storie.<\/span><\/span><\/p>\n<p><span style=\"font-family: 'Times New Roman', serif;\"><span style=\"font-size: large;\">Ernestina, missionaria in Brasile, in un primo tempo era stata in Africa, ed ecco come prende congedo da noi lettori in risposta alla domanda sui sogni per il domani: \u201cPorter\u00f2 a termine la mia missione in Brasile alla fine del 2015 e mi piacerebbe ritornare in Africa\u201d. <\/span><\/span><\/p>\n<p><span style=\"font-family: 'Times New Roman', serif;\"><span style=\"font-size: large;\">Don Bruno \u00e8 da tanto in Ecuador e cos\u00ec risponde alla stessa domanda: \u201cVorrei morire mentre mi trovo in servizio presso una delle case pi\u00f9 povere di Quinind\u00e9\u201d.<\/span><\/span><\/p>\n<p><span style=\"font-family: 'Times New Roman', serif;\"><span style=\"font-size: large;\">Alla domanda delle domande, cio\u00e8 su dove abbiano cercato e trovato il Signore, don Bruno risponde: \u201cMi ha spinto la convinzione di amare Dio servendo il prossimo. Servire \u00e8 amare. E i poveri mi hanno insegnato ad amare Dio veramente, non in modo formale\u201d.<\/span><\/span><\/p>\n<p><span style=\"font-family: 'Times New Roman', serif;\"><span style=\"font-size: large;\">E questa \u00e8 la risposta di Ernestina, ispirata anch\u2019essa al primato della carit\u00e0 ma senza dimenticanza del Padre che \u00e8 nei Cieli: \u201cHo sempre coltivato il desiderio di servire i poveri e ho tentato di vivere il Vangelo. Per\u00f2 senza un\u2019esperienza continua di preghiera \u00e8 difficile mantenere l\u2019attenzione verso i poveri\u201d.<\/span><\/span><\/p>\n<p><span style=\"font-family: 'Times New Roman', serif;\"><span style=\"font-size: large;\">Un libretto prezioso, fattuale, su un tema attualissimo, che \u00e8 la sorte del cristianesimo nel mondo. Un\u2019indagine condotta senza voli di fantasia. I due missionari sono nati a Roncoferraro e il terzo che li intervista \u00e8 parroco a Roncoferraro. I due conducono la loro ricerca di Dio in America Latina e lo fanno anche a nome della comunit\u00e0 d\u2019origine, ed ecco che un terzo di quella comunit\u00e0 li raggiunge per sentire e riferire qualcosa sull\u2019andamento della ricerca. C\u2019\u00e8 questa concretezza territoriale e comunitaria nella mini indagine sul cristianesimo d\u2019oggi che abbiamo appena letto. C\u2019\u00e8 in essa il vasto mondo, ma vi \u00e8 anche detto \u2013 bene in chiaro \u2013 che \u00e8 di noi che qui si parla.<\/span><\/span><\/p>\n<p><span style=\"font-family: 'Times New Roman', serif;\"><span style=\"font-size: large;\"><b>Luigi Accattoli<\/b><\/span><\/span><\/p>\n<p><span style=\"font-family: 'Times New Roman', serif;\"><span style=\"font-size: large;\">www.luigiaccattoli.it <\/span><\/span><\/p>\n","protected":false},"excerpt":{"rendered":"<p>In questo libretto parlano tre mantovani che si sono fatti cercatori di Dio. Narrano la ricerca che hanno condotto per il mondo e non dicono una parola in pi\u00f9 rispetto&#8230;<\/p>\n<div class=\"more-link-wrapper\"><a class=\"more-link\" href=\"http:\/\/www.luigiaccattoli.it\/blog\/prefazioni-e-capitoli\/un-reportage-dal-fronte-della-missione\/\">Read More<span class=\"screen-reader-text\">Un reportage dal fronte della missione<\/span><\/a><\/div>\n","protected":false},"author":1,"featured_media":0,"parent":109,"menu_order":0,"comment_status":"open","ping_status":"closed","template":"","meta":{"_monsterinsights_skip_tracking":false,"_monsterinsights_sitenote_active":false,"_monsterinsights_sitenote_note":"","_monsterinsights_sitenote_category":0,"footnotes":""},"class_list":["post-16149","page","type-page","status-publish","hentry","excerpt"],"_links":{"self":[{"href":"http:\/\/www.luigiaccattoli.it\/blog\/wp-json\/wp\/v2\/pages\/16149","targetHints":{"allow":["GET"]}}],"collection":[{"href":"http:\/\/www.luigiaccattoli.it\/blog\/wp-json\/wp\/v2\/pages"}],"about":[{"href":"http:\/\/www.luigiaccattoli.it\/blog\/wp-json\/wp\/v2\/types\/page"}],"author":[{"embeddable":true,"href":"http:\/\/www.luigiaccattoli.it\/blog\/wp-json\/wp\/v2\/users\/1"}],"replies":[{"embeddable":true,"href":"http:\/\/www.luigiaccattoli.it\/blog\/wp-json\/wp\/v2\/comments?post=16149"}],"version-history":[{"count":4,"href":"http:\/\/www.luigiaccattoli.it\/blog\/wp-json\/wp\/v2\/pages\/16149\/revisions"}],"predecessor-version":[{"id":16159,"href":"http:\/\/www.luigiaccattoli.it\/blog\/wp-json\/wp\/v2\/pages\/16149\/revisions\/16159"}],"up":[{"embeddable":true,"href":"http:\/\/www.luigiaccattoli.it\/blog\/wp-json\/wp\/v2\/pages\/109"}],"wp:attachment":[{"href":"http:\/\/www.luigiaccattoli.it\/blog\/wp-json\/wp\/v2\/media?parent=16149"}],"curies":[{"name":"wp","href":"https:\/\/api.w.org\/{rel}","templated":true}]}}