{"id":16215,"date":"2015-04-24T11:27:51","date_gmt":"2015-04-24T09:27:51","guid":{"rendered":"http:\/\/www.luigiaccattoli.it\/blog\/?page_id=16215"},"modified":"2015-04-24T11:27:51","modified_gmt":"2015-04-24T09:27:51","slug":"il-numero-quaranta-nella-bibbia","status":"publish","type":"page","link":"http:\/\/www.luigiaccattoli.it\/blog\/pizza-e-vangelo\/il-numero-quaranta-nella-bibbia\/","title":{"rendered":"Il numero quaranta nella Bibbia"},"content":{"rendered":"<p>Nell\u2019incontro del 9 marzo 2015 abbiamo letto il discorso di Stefano di Atti 7 e abbiamo visto come Stefano \u2013 coerentemente all\u2019intera tradizione biblica \u2013 attribuisca a Mos\u00e8 una vita di 120 anni e la divida per \u201cquarantine di anni\u201d. Abbiamo detto che questi erano numeri simbolici e ne \u00e8 venuta una corale richiesta di chiarimento, con particolare riguardo al numero 40, anche con riferimento ai 40 giorni della Quaresima nella quale ci troviamo.<\/p>\n<p><span style=\"font-size: large;\">Ecco una scheda sulla simbologia biblica dei numeri, una scheda artigianale che ho realizzato io con criteri di semplificazione e privilegiando \u2013 tra tutti \u2013 i rimandi a quanto detto pi\u00f9 volte nelle nostre serate.<\/span><\/p>\n<p><span style=\"font-size: large;\">Quaranta nella Bibbia sta generalmente per un numero alto non meglio definito: un sinonimo di molti. Quaranta giorni: molti giorni, pi\u00f9 di un mese, una mezza stagione. Quarant\u2019anni: molti anni, il tempo di una generazione. <\/span><\/p>\n<p><span style=\"font-size: large;\">Il testo base per la valenza temporale del numero 40 \u00e8 nel libro dei Numeri al capitolo 14, versetti 20-38: il Signore Dio punisce il popolo che si \u00e8 ribellato a Mos\u00e8 stabilendo che rester\u00e0 nel deserto per 40 anni, fino a quando non saranno morti tutti gli adulti che si erano ribellati. Leggiamo i versetti 29-34, utili al nostro scopo:<\/span><\/p>\n<p><span style=\"font-size: large;\"><i>Nessun censito tra voi, di quanti siete stati registrati dai venti anni in su e avete mormorato contro di me,\u00a0potr\u00e0 entrare nella terra nella quale ho giurato a mano alzata di farvi abitare, a eccezione di Caleb, figlio di Iefunn\u00e8, e di Giosu\u00e8, figlio di Nun.\u00a0Proprio i vostri bambini, dei quali avete detto che sarebbero diventati una preda di guerra, quelli ve li far\u00f2 entrare; essi conosceranno la terra che voi avete rifiutato.\u00a0I vostri figli saranno nomadi nel deserto per quarant\u2019anni e porteranno il peso delle vostre infedelt\u00e0, finch\u00e9 i vostri cadaveri siano tutti quanti nel deserto.\u00a0Secondo il numero dei giorni che avete impiegato per esplorare la terra, quaranta giorni, per ogni giorno un anno, porterete le vostre colpe per quarant\u2019anni e saprete che cosa comporta ribellarsi a me.<\/i><\/span><\/p>\n<p><span style=\"font-size: large;\">Sulla base di questo testo si possono intendere le altre ricorrenze dell\u2019espressione \u201cquarant\u2019anni\u201d e per analogia a tale significato si possono interpretare le altre indicazioni temporali: 40 giorni, quaranta notti. <\/span><\/p>\n<p><span style=\"font-size: large;\">Sempre per analogia \u2013 un\u2019analogia non codificata, mutevole, mai univoca \u2013 vanno intese altre quantificazioni numeriche presenti nei due Testamenti. Qualche esempio: <\/span><\/p>\n<p><span style=\"font-size: large;\"><b>sette<\/b><\/span><span style=\"font-size: large;\"> [nella Genesi sono i giorni della creazione, in Proverbi 6 il ladro dovr\u00e0 restituire \u201csette volte\u201d il maltolto, in Proverbi 9 sette sono le colonne della casa della Sapienza, sette i fratelli martiri di Maccabei 2 capitolo 7, sette i demoni cercati dal primo demone in Luca 11, sette i diaconi del capitolo 6 degli Atti], <\/span><\/p>\n<p><span style=\"font-size: large;\"><b>dieci<\/b><\/span><span style=\"font-size: large;\"> [i comandamenti dati a Mos\u00e8 sul Sinai in Esodo 20, i servi della parabola dei talenti in Luca 19, i giorni della tribolazione della Chiesa di Smirne in Apocalisse 2],<\/span><\/p>\n<p><span style=\"font-size: large;\"><b>dodici<\/b><\/span><span style=\"font-size: large;\"> [i figli di Giacobbe, le trib\u00f9 di Israele, gli apostoli, le porte e le pietre che sono a fondamento della Gerusalemme celeste in Apocalisse 21], <\/span><\/p>\n<p><span style=\"font-size: large;\"><b>settanta<\/b><\/span><span style=\"font-size: large;\"> [gli anni di esilio annunciati da Geremia 25: una punizione massima], <\/span><\/p>\n<p><span style=\"font-size: large;\"><b>settanta settimane<\/b><\/span><span style=\"font-size: large;\"> [la penitenza cui viene chiamato Israele in Daniele 9; settanta \u00e8 numero perfetto di settimane o anni, qui tutto \u00e8 simbolico], <\/span><\/p>\n<p><span style=\"font-size: large;\"><b>settanta volte sette<\/b><\/span><span style=\"font-size: large;\"> [la misura del perdono predicato da Cristo in Matteo 18: sta a dire \u201csempre\u201d], <\/span><\/p>\n<p><span style=\"font-size: large;\"><b>centoquarantaquattromila<\/b><\/span><span style=\"font-size: large;\"> [il quadrato di dodici moltiplicato per mille: in Apocalisse 7 \u00e8 la moltitudine dei salvati dal sigillo divino e sta a dire che il numero degli eletti \u00e8 straordinariamente grande], <\/span><\/p>\n<p><span style=\"font-size: large;\"><b>mille anni<\/b><\/span><span style=\"font-size: large;\"> [in Apocalisse 20 \u00e8 la durata della fase terrestre del Regno di Dio, dalla caduta di Roma al ritorno di Cristo: i Testimoni di Geova l\u2019intendono alla lettera, come intendono alla lettera i centoquarantaquattromila del capitolo 7 dell\u2019Apocalisse]. <\/span><\/p>\n<p><span style=\"font-size: large;\">Torniamo al numero 40 e scorriamo le ricorrenze principali che sono nel primo e nel secondo Testamento tenendo presenti le connotazioni che abbiamo richiamato: lunga durata indeterminata, grande quantit\u00e0, idea di perfezione numerica.<\/span><\/p>\n<p><span style=\"font-size: large;\">Il diluvio dura 40 giorni e No\u00e8 ne attende altri 40 prima di uscire dall\u2019arca (Genesi 6 \u2013 9). <\/span><\/p>\n<p><span style=\"font-size: large;\">Mos\u00e8 resta 40 giorni e 40 notti sul monte Sinai (Esodo 24) prima di ricevere le \u201cdieci parole\u201d o comandamenti. Torner\u00e0 sul monte per altri 40 giorni e 40 notti per avere le nuove tavole della Legge dopo che avr\u00e0 spezzato le prime (Esodo 34).\u00a0<\/span><\/p>\n<p><span style=\"font-size: large;\">I 12 uomini \u2013 uno per ogni trib\u00f9 \u2013 che Mos\u00e8 invia a esplorare la terra promessa rimangono in essa 40 giorni (Numeri 13).<\/span><\/p>\n<p><span style=\"font-size: large;\">Golia sfida Israele per 40 giorni prima d\u2019essere atterrato dalla fionda di Davide (1 Samuele 17).<\/span><\/p>\n<p><span style=\"font-size: large;\">Il profeta Elia cammina per 40 giorni e 40 notti fino al monte di Dio, l\u2019Oreb, dove il Signore gli si manifesta nel mormorio di un vento leggero (1Re 19). <\/span><\/p>\n<p>\u201c<span style=\"font-size: large;\">Ancora 40 giorni e Ninive sar\u00e0 distrutta\u201d \u00e8 il monito del profeta Giona (Giona 3).<\/span><\/p>\n<p><span style=\"font-size: large;\">La punizione dell\u2019Egitto dura 40 anni (Ezechiele 29).<\/span><\/p>\n<p><span style=\"font-size: large;\">Ges\u00f9 si ritira per 40 giorni nel deserto (Matteo 4 e paralleli) e per 40 i giorni resta con i discepoli prima dell\u2019Ascensione (Atti 1).<\/span><\/p>\n","protected":false},"excerpt":{"rendered":"<p>Nell\u2019incontro del 9 marzo 2015 abbiamo letto il discorso di Stefano di Atti 7 e abbiamo visto come Stefano \u2013 coerentemente all\u2019intera tradizione biblica \u2013 attribuisca a Mos\u00e8 una vita&#8230;<\/p>\n<div class=\"more-link-wrapper\"><a class=\"more-link\" href=\"http:\/\/www.luigiaccattoli.it\/blog\/pizza-e-vangelo\/il-numero-quaranta-nella-bibbia\/\">Read More<span class=\"screen-reader-text\">Il numero quaranta nella Bibbia<\/span><\/a><\/div>\n","protected":false},"author":1,"featured_media":0,"parent":13207,"menu_order":0,"comment_status":"open","ping_status":"closed","template":"","meta":{"_monsterinsights_skip_tracking":false,"_monsterinsights_sitenote_active":false,"_monsterinsights_sitenote_note":"","_monsterinsights_sitenote_category":0,"footnotes":""},"class_list":["post-16215","page","type-page","status-publish","hentry","excerpt"],"_links":{"self":[{"href":"http:\/\/www.luigiaccattoli.it\/blog\/wp-json\/wp\/v2\/pages\/16215","targetHints":{"allow":["GET"]}}],"collection":[{"href":"http:\/\/www.luigiaccattoli.it\/blog\/wp-json\/wp\/v2\/pages"}],"about":[{"href":"http:\/\/www.luigiaccattoli.it\/blog\/wp-json\/wp\/v2\/types\/page"}],"author":[{"embeddable":true,"href":"http:\/\/www.luigiaccattoli.it\/blog\/wp-json\/wp\/v2\/users\/1"}],"replies":[{"embeddable":true,"href":"http:\/\/www.luigiaccattoli.it\/blog\/wp-json\/wp\/v2\/comments?post=16215"}],"version-history":[{"count":1,"href":"http:\/\/www.luigiaccattoli.it\/blog\/wp-json\/wp\/v2\/pages\/16215\/revisions"}],"predecessor-version":[{"id":16216,"href":"http:\/\/www.luigiaccattoli.it\/blog\/wp-json\/wp\/v2\/pages\/16215\/revisions\/16216"}],"up":[{"embeddable":true,"href":"http:\/\/www.luigiaccattoli.it\/blog\/wp-json\/wp\/v2\/pages\/13207"}],"wp:attachment":[{"href":"http:\/\/www.luigiaccattoli.it\/blog\/wp-json\/wp\/v2\/media?parent=16215"}],"curies":[{"name":"wp","href":"https:\/\/api.w.org\/{rel}","templated":true}]}}