{"id":16268,"date":"2015-04-30T09:57:46","date_gmt":"2015-04-30T07:57:46","guid":{"rendered":"http:\/\/www.luigiaccattoli.it\/blog\/?page_id=16268"},"modified":"2015-05-06T19:56:02","modified_gmt":"2015-05-06T17:56:02","slug":"eunuchi-nella-bibbia","status":"publish","type":"page","link":"http:\/\/www.luigiaccattoli.it\/blog\/pizza-e-vangelo\/eunuchi-nella-bibbia\/","title":{"rendered":"Eunuchi nella Bibbia"},"content":{"rendered":"<p><a name=\"_GoBack\"><\/a><\/p>\n<p><span style=\"font-size: large;\"><i>La lettura del capitolo 8 degli \u201cAtti degli Apostoli\u201d ci ha presentato la vicenda del diacono Filippo che \u201csulla strada che scende da Gerusalemme a Gaza\u201d evangelizza e battezza \u201cun Etiope, eunuco, funzionario di Candace, regina di Etiopia\u201d. Abbiamo ricordato la condizione di impurit\u00e0 legale nella quale la legge mosaica confinava gli eunuchi, ma anche la profezia di Isaia che prometteva loro un riscatto purch\u00e9 fossero trovati giusti davanti all\u2019Onnipotente. Abbiamo anche ragionato della liberazione da ogni esclusione portata dal cristianesimo, in forza della quale poteva ricevere il battesimo sulla base della sola professione di fede quell\u2019eunuco \u201cproselito\u201d che a Gerusalemme non aveva potuto entrare nella parte pi\u00f9 interna del Tempio a motivo della sua mutilazione sessuale. Qui di seguito una definizione dell\u2019eunuco presa dal pi\u00f9 autorevole tra i dizionari della lingua italiana, i brani dell\u2019Antico e del Nuovo Testamento riguardanti gli eunuchi, un commento preso da un repertorio rinomato, un riferimento mio alla transessualit\u00e0.<\/i><\/span><\/p>\n<p><span style=\"font-size: large;\"><b>Eunuco<\/b><\/span><span style=\"font-size: large;\">: \u201cUomo che, in seguito a disfunzioni organiche o a evirazione, non possiede le facolt\u00e0 virili; castrato. In particolare: servo evirato che, nelle monarchie orientali, custodiva l\u2019harem del sovrano o ricopriva alti incarichi e funzioni, talora molto importanti, come quello di cameriere segreto del re\u201d (Battaglia).<\/span><\/p>\n<p><a name=\"VER_2\"><\/a><span style=\"font-size: large;\"><b>Deuteronomio 23<\/b><\/span><span style=\"font-size: large;\">: <\/span><span style=\"font-size: large;\"><i>2Non entrer\u00e0 nella comunit\u00e0 del Signore chi ha i testicoli schiacciati o il membro mutilato<\/i><\/span><span style=\"font-size: large;\">.<\/span><\/p>\n<p><a name=\"VER_16\"><\/a><a name=\"VER_17\"><\/a><a name=\"VER_18\"><\/a><a name=\"VER_19\"><\/a><a name=\"VER_20\"><\/a><a name=\"VER_21\"><\/a> <span style=\"font-size: large;\"><b>Levitico 21<\/b><\/span><span style=\"font-size: large;\">: <\/span><span style=\"font-size: large;\"><i>16Il Signore parl\u00f2 a Mos\u00e8 e disse:\u00a017&#8243;Parla ad Aronne dicendo: &#8220;Nelle generazioni future nessun uomo della tua stirpe che abbia qualche deformit\u00e0 potr\u00e0 accostarsi ad offrire il pane del suo Dio;\u00a018perch\u00e9 nessun uomo che abbia qualche deformit\u00e0 potr\u00e0 accostarsi: n\u00e9 un cieco n\u00e9 uno zoppo n\u00e9 uno sfregiato n\u00e9 un deforme,\u00a019n\u00e9 chi abbia una frattura al piede o alla mano,\u00a020n\u00e9 un gobbo n\u00e9 un nano n\u00e9 chi abbia una macchia nell&#8217;occhio o la scabbia o piaghe purulente o i testicoli schiacciati.\u00a021Nessun uomo della stirpe del sacerdote Aronne con qualche deformit\u00e0 si accoster\u00e0 per presentare i sacrifici consumati dal fuoco in onore del Signore. Ha un difetto: non si accosti quindi per offrire il pane del suo Dio.<\/i><\/span><\/p>\n<p><a name=\"VER_4\"><\/a><a name=\"VER_5\"><\/a> <span style=\"font-size: large;\"><b>Isaia 56<\/b><\/span><span style=\"font-size: large;\">: <\/span><span style=\"font-size: large;\"><i>Non dica lo straniero che ha aderito al Signore: \/ &#8220;Certo, mi escluder\u00e0 il Signore dal suo popolo!&#8221;. \/ Non dica l&#8217;eunuco: \/ &#8220;Ecco, io sono un albero secco!&#8221;. \/ 4Poich\u00e9 cos\u00ec dice il Signore: \/ &#8220;Agli eunuchi che osservano i miei sabati, \/ preferiscono quello che a me piace \/ e restano fermi nella mia alleanza, \/ 5io conceder\u00f2 nella mia casa \/ e dentro le mie mura \/ un monumento e un nome \/ pi\u00f9 prezioso che figli e figlie; \/ dar\u00f2 loro un nome eterno \/ che non sar\u00e0 mai cancellato<\/i><\/span><span style=\"font-size: large;\">.<\/span><\/p>\n<p><a name=\"VER_11\"><\/a><a name=\"VER_12\"><\/a> <span style=\"font-size: large;\"><b>Matteo 19<\/b><\/span><span style=\"font-size: large;\">: <\/span><span style=\"font-size: large;\"><i>Gli dissero i suoi discepoli: &#8220;Se questa \u00e8 la situazione dell&#8217;uomo rispetto alla donna, non conviene sposarsi&#8221;.\u00a011Egli rispose loro: &#8220;Non tutti capiscono questa parola, ma solo coloro ai quali \u00e8 stato concesso.\u00a012Infatti vi sono eunuchi che sono nati cos\u00ec dal grembo della madre, e ve ne sono altri che sono stati resi tali dagli uomini, e ve ne sono altri ancora che si sono resi tali per il regno dei cieli. Chi pu\u00f2 capire, capisca&#8221;<\/i><\/span><span style=\"font-size: large;\">.<\/span><\/p>\n<p><span style=\"font-size: large;\"><b>Un commento<\/b><\/span><span style=\"font-size: large;\">: \u201cL\u2019interlocutore di Filippo \u2013 in Atti 8, 26-40 \u2013 non \u00e8 uno qualunque. E\u2019 un funzionario della corte di Etiopia, ministro delle finanze; inoltre possiede un carro e legge un manoscritto; \u00e8 quindi potente, ricco e colto. D\u2019altra parte, quest\u2019uomo potente \u00e8 un eunuco: \u00e8, socialmente e religiosamente, un emarginato. La societ\u00e0 antica non nasconde n\u00e9 il disprezzo, n\u00e9 gli scherni verso gli eunuchi. Israele considera questi \u2018alberi secchi\u2019 (Isaia 56, 3) impuri e non li ammette nelle assemblee; nel recinto del tempio non possono oltrepassare il cortile dei pagani. Ora quest\u2019uomo ritorna da Gerusalemme, dove si \u00e8 recato in pellegrinaggio, non ha quindi superato la soglia del tempio [\u2026]. In modo inaspettato, il suo incontro con Filippo e il suo battesimo permetteranno all\u2019eunuco di essere inserito nel popolo di Dio, realizzando cos\u00ec la profezia di Isaia\u201d [AAVV, <\/span><span style=\"font-size: large;\"><i>Commentario del Nuovo Testamento<\/i><\/span><span style=\"font-size: large;\">, EDB 2014, p. 595]. <\/span><\/p>\n<p>Mia applicazione alla transessualit\u00e0. La condizione discriminata dell\u2019eunuco nell\u2019Israele biblico [vedi sopra Deuteronomio, Levitico, Isaia] ha qualche riscontro nella condizione attuale del transessuale, che \u00e8 analogamente oggetto di derisione e di emarginazione. L&#8217;orchiectomia [asportazione dei testicoli nel maschio] e l&#8217;ovariectomia [asportazione delle ovaie nella femmina] possono infatti far parte degli interventi chirurgici della transizione di genere. A differenza dell\u2019esclusione che l\u2019eunuco subiva nell\u2019ebraismo classico, l\u2019accoglienza attestata dal cristianesimo fin dal capito 8 degli \u201cAtti degli Apostoli\u201d potrebbe essere di aiuto al superamento di quella derisione ed emarginazione. L\u2019accoglienza al Santa Marta da parte di Papa Francesco di un transessuale francese accompagnato dalla fidanzata, avvenuta il 24 gennaio 2015, segnala quella possibilit\u00e0.<br \/>\n[Il 24 gennaio 2015 Francesco riceve al Santa Marta un transessuale spagnolo, Diego Neria Lejarraga, 48 anni, di Plasencia in Extremadura, accompagnato dalla fidanzata: ne d\u00e0 notizia il 26 gennaio il quotidiano \u00abHoy\u00bb. Diego \u2013 scrive il giornale \u2013 si dichiara cattolico praticante e racconta di aver scritto al Papa raccontando che dopo il cambio di sesso \u2013 avvenuto 8 anni fa \u2013 aveva ascoltato \u201cgiudizi molto duri\u201d nella sua parrocchia e si era sentito \u201cescluso dalla Chiesa\u201d. Il Papa gli avrebbe telefonato due volte nel dicembre 2014 concordando la data dell\u2019incontro.]<\/p>\n","protected":false},"excerpt":{"rendered":"<p>La lettura del capitolo 8 degli \u201cAtti degli Apostoli\u201d ci ha presentato la vicenda del diacono Filippo che \u201csulla strada che scende da Gerusalemme a Gaza\u201d evangelizza e battezza \u201cun&#8230;<\/p>\n<div class=\"more-link-wrapper\"><a class=\"more-link\" href=\"http:\/\/www.luigiaccattoli.it\/blog\/pizza-e-vangelo\/eunuchi-nella-bibbia\/\">Read More<span class=\"screen-reader-text\">Eunuchi nella Bibbia<\/span><\/a><\/div>\n","protected":false},"author":1,"featured_media":0,"parent":13207,"menu_order":0,"comment_status":"open","ping_status":"closed","template":"","meta":{"_monsterinsights_skip_tracking":false,"_monsterinsights_sitenote_active":false,"_monsterinsights_sitenote_note":"","_monsterinsights_sitenote_category":0,"footnotes":""},"class_list":["post-16268","page","type-page","status-publish","hentry","excerpt"],"_links":{"self":[{"href":"http:\/\/www.luigiaccattoli.it\/blog\/wp-json\/wp\/v2\/pages\/16268","targetHints":{"allow":["GET"]}}],"collection":[{"href":"http:\/\/www.luigiaccattoli.it\/blog\/wp-json\/wp\/v2\/pages"}],"about":[{"href":"http:\/\/www.luigiaccattoli.it\/blog\/wp-json\/wp\/v2\/types\/page"}],"author":[{"embeddable":true,"href":"http:\/\/www.luigiaccattoli.it\/blog\/wp-json\/wp\/v2\/users\/1"}],"replies":[{"embeddable":true,"href":"http:\/\/www.luigiaccattoli.it\/blog\/wp-json\/wp\/v2\/comments?post=16268"}],"version-history":[{"count":3,"href":"http:\/\/www.luigiaccattoli.it\/blog\/wp-json\/wp\/v2\/pages\/16268\/revisions"}],"predecessor-version":[{"id":16322,"href":"http:\/\/www.luigiaccattoli.it\/blog\/wp-json\/wp\/v2\/pages\/16268\/revisions\/16322"}],"up":[{"embeddable":true,"href":"http:\/\/www.luigiaccattoli.it\/blog\/wp-json\/wp\/v2\/pages\/13207"}],"wp:attachment":[{"href":"http:\/\/www.luigiaccattoli.it\/blog\/wp-json\/wp\/v2\/media?parent=16268"}],"curies":[{"name":"wp","href":"https:\/\/api.w.org\/{rel}","templated":true}]}}