{"id":16291,"date":"2015-05-03T23:15:04","date_gmt":"2015-05-03T21:15:04","guid":{"rendered":"http:\/\/www.luigiaccattoli.it\/blog\/?page_id=16291"},"modified":"2015-05-03T23:15:04","modified_gmt":"2015-05-03T21:15:04","slug":"dappertutto-chiese-con-le-porte-aperte-dice-francesco-ma-chi-lascolta","status":"publish","type":"page","link":"http:\/\/www.luigiaccattoli.it\/blog\/collaborazione-a-riviste\/dappertutto-chiese-con-le-porte-aperte-dice-francesco-ma-chi-lascolta\/","title":{"rendered":"\u201cDappertutto chiese con le porte aperte\u201d  dice Francesco. Ma chi l\u2019ascolta?"},"content":{"rendered":"<p>&nbsp;<\/p>\n<p><span style=\"color: #000000;\"><span style=\"font-family: 'Times New Roman', serif;\"><span style=\"font-size: large;\">Sono per le chiese sempre aperte, come vorrebbe papa Francesco. Il mio parroco don Francesco Pesce la sua la tiene aperta, nel Rione Monti, a due passi dal Colosseo, dalle 07.00 alle 22.00 lungo la settimana, nel fine settimana dalle 08.00 alle 24.00. Faceva questo prima dell\u2019elezione di Francesco ed ora \u00e8 felice della direttiva cos\u00ec chiara e cos\u00ec disattesa che \u00e8 venuta dal vescovo di Roma. Trovo utile quest\u2019uso e invito i lettori a segnalarmi \u2013 per un ampliamento dello sguardo \u2013 esperienze simili a quelle che ora racconter\u00f2, partendo da un testo nel quale Francesco fa la sua richiesta.<\/span><\/span><\/span><\/p>\n<p><span style=\"color: #000000;\">\u201c<span style=\"font-family: 'Times New Roman', serif;\"><span style=\"font-size: large;\">La Chiesa \u00e8 chiamata a essere sempre la casa aperta del Padre. Uno dei segni concreti di questa apertura \u00e8 avere dappertutto chiese con le porte aperte. Cos\u00ec che, se qualcuno vuole seguire un mozione dello Spirito e si avvicina cercando Dio, non si incontrer\u00e0 con la freddezza di una porta chiusa\u201d: <\/span><\/span><\/span><span style=\"color: #000000;\"><span style=\"font-family: 'Times New Roman', serif;\"><span style=\"font-size: large;\"><i>La gioia del Vangelo<\/i><\/span><\/span><\/span><span style=\"color: #000000;\"><span style=\"font-family: 'Times New Roman', serif;\"><span style=\"font-size: large;\"> 47.<\/span><\/span><\/span><\/p>\n<p>&nbsp;<\/p>\n<p><span style=\"font-family: 'Times New Roman', serif;\"><span style=\"font-size: medium;\"><span style=\"color: #000000;\"><span style=\"font-size: large;\"><b>Spalancare tutte le porte <\/b><\/span><\/span><\/span><\/span><\/p>\n<p><span style=\"font-family: 'Times New Roman', serif;\"><span style=\"font-size: medium;\"><span style=\"color: #000000;\"><span style=\"font-size: large;\"><b>della nostra vita<\/b><\/span><\/span><\/span><\/span><\/p>\n<p><span style=\"font-family: 'Times New Roman', serif;\"><span style=\"font-size: medium;\"><span style=\"color: #000000;\"><span style=\"font-size: large;\">Nel papa il motto della chiesa aperta \u00e8 metafora e specifico precetto: \u201cLa Chiesa sia luogo della misericordia e della speranza di Dio, dove ognuno possa sentirsi accolto, amato, perdonato, incoraggiato a vivere secondo la vita buona del Vangelo. E per far sentire l\u2019altro accolto, amato, perdonato, incoraggiato la Chiesa deve essere con le porte aperte, perch\u00e9 tutti possano entrare. E noi dobbiamo uscire da quelle porte e annunciare il Vangelo\u201d (12 giugno 2013).<\/span><\/span><\/span><\/span><\/p>\n<p><span style=\"font-family: 'Times New Roman', serif;\"><span style=\"font-size: medium;\"><span style=\"color: #000000;\"><span style=\"font-size: large;\">Questo era gi\u00e0 l\u2019atteggiamento dell\u2019arcivescovo Bergoglio<\/span><\/span><span style=\"color: #000000;\"><span style=\"font-size: large;\">. Ho raccolto molti testi d\u2019allora e ne richiamo due, uno del primo anno da arcivescovo e un altro dell\u2019ultimo. \u201cVi esorto a spalancare le porte al Signore: la porta del cuore, della mente, delle nostre chiese, tutte quelle della nostra vita\u201d (<\/span><\/span><span style=\"color: #000000;\"><span style=\"font-size: large;\"><i>Lettera ai sacerdoti dell\u2019arcidiocesi<\/i><\/span><\/span><span style=\"color: #000000;\"><span style=\"font-size: large;\">, ottobre 1999).<\/span><\/span><\/span><\/span><\/p>\n<p><span style=\"font-family: 'Times New Roman', serif;\"><span style=\"font-size: medium;\"><span style=\"color: #000000;\"><span style=\"font-size: large;\">Lo spalancare le porte \u2013 tutte le porte \u2013 Bergoglio lo pone a denuncia e a rimedio delle mille porte chiuse che caratterizzano l\u2019umanit\u00e0 globalizzata. N<\/span><\/span><span style=\"color: #000000;\"><span style=\"font-size: large;\">ella<\/span><\/span><span style=\"color: #000000;\"><span style=\"font-size: large;\">\u00a0<\/span><\/span><em><span style=\"color: #000000;\"><span style=\"font-size: large;\">Lettera all\u2019arcidiocesi di Buenos Aires per l\u2019Anno della fede<\/span><\/span><\/em><span style=\"color: #000000;\"><span style=\"font-size: large;\">, che ha la data del 1\u00b0 ottobre 2012, fa della porta chiusa \u201cun simbolo del mondo d\u2019oggi\u201d: \u201cCari fratelli, tra le esperienze pi\u00f9 forti degli ultimi decenni c\u2019\u00e8 quella di trovarsi davanti alle porte chiuse. Il crescente senso di insicurezza sta portando a poco a poco a bloccare le porte, a porre sistemi di vigilanza, telecamere di sicurezza, a diffidare dell\u2019estraneo che bussa alla nostra porta [\u2026]. L\u2019immagine di una porta aperta \u00e8 sempre stata il simbolo della luce, dell\u2019amicizia, della gioia, della libert\u00e0, della fiducia. Quanto abbiamo bisogno di ritrovarla! La porta chiusa ci fa male, ci paralizza, ci separa\u201d.<\/span><\/span><\/span><\/span><\/p>\n<p><span style=\"font-family: 'Times New Roman', serif;\"><span style=\"font-size: medium;\"><span style=\"color: #000000;\"><span style=\"font-size: large;\">Condivido con il mio parroco \u2013 dicevo \u2013 la scommessa delle chiese sempre aperte. Avendo lanciato il tema di questa inchiesta nel mio blog, don Francesco mi ha mandato le sue osservazioni sulla pratica delle porte aperte, che persegue dal 1999: \u201cLa mia prima messa l\u2019ho voluta iniziare simbolicamente aprendo il portone della chiesa: forse lo psicologo avrebbe qualcosa da dire su questa mia tendenza. Non ho riscontrato negli anni nessuna controindicazione da questo tenere la porta aperta, ma anzi tante belle sorprese spirituali\u201d.<\/span><\/span><\/span><\/span><\/p>\n<p>&nbsp;<\/p>\n<p><span style=\"font-family: 'Times New Roman', serif;\"><span style=\"font-size: medium;\"><span style=\"color: #000000;\"><span style=\"font-size: large;\"><b>C\u2019\u00e8 chi dice che in chiesa <\/b><\/span><\/span><\/span><\/span><\/p>\n<p><span style=\"font-family: 'Times New Roman', serif;\"><span style=\"font-size: medium;\"><span style=\"color: #000000;\"><span style=\"font-size: large;\"><b>deve entrare anche il rumore<\/b><\/span><\/span><\/span><\/span><\/p>\n<p><span style=\"font-family: 'Times New Roman', serif;\"><span style=\"font-size: medium;\"><span style=\"color: #000000;\"><span style=\"font-size: large;\">Don Francesco sostiene che in chiesa deve entrare anche il rumore<\/span><\/span><span style=\"color: #000000;\"><span style=\"font-size: large;\">: \u201cChiesa aperta per me significa aperta, cio\u00e8 si deve capire con chiarezza che \u00e8 aperta; quindi via subito le retroporte di legno che la fanno sembrare chiusa, e mettere vetrate che servono per il freddo ma lasciano vedere l\u2019interno; vedo per\u00f2 che appena possibile e passa il freddo \u00e8 utile spalancare la vetrata, perch\u00e9 deve entrare anche il rumore della citt\u00e0 e si deve percepire la massima comunione tra dentro e fuori\u201d.<\/span><\/span><\/span><\/span><\/p>\n<p><span style=\"color: #000000;\">\u201c<span style=\"font-family: 'Times New Roman', serif;\"><span style=\"font-size: medium;\"><span style=\"font-size: large;\">Molto importante \u2013 dice ancora \u2013 \u00e8 alla sera l\u2019illuminazione che deve fare due cose: a) illuminare molto bene l\u2019ingresso, b) creare uno spazio privilegiato di luce nella zona del tabernacolo e della immagine mariana o del santo nella chiesa. Utile anche la musica sacra in sottofondo (con un registratore \u00e8 facilissimo). Il \u2018controllo\u2019 lo fanno le persone stesse che vengono a pregare ed \u00e8 anche utile avere un buon rapporto con i negozianti del quartiere che ogni tanto fanno una passeggiata in chiesa. Fate buona guardia alla vostra chiesa, diceva Mazzolari\u201d.<\/span><\/span><\/span><\/span><\/p>\n<p><span style=\"font-family: 'Times New Roman', serif;\"><span style=\"font-size: medium;\"><span style=\"color: #000000;\"><span style=\"font-size: large;\">Don Francesco afferma che \u00e8 \u201cil popolo\u201d \u2013 dice proprio cos\u00ec \u2013 a farsi carico della custodia della sua chiesa: \u201cDopo poco tempo si crea un movimento di persone che rende assolutamente sicura la chiesa. A poco a poco qualificare l\u2019apertura continuata; ad esempio celebrando la messa all\u2019ora di pranzo (cosa che adesso incominceremo a fare) e garantendo la presenza di un sacerdote per le confessioni e i colloqui spirituali dopo la messa vespertina fino alla chiusura; la gente torna dal lavoro tardi, naturalmente\u201d.<\/span><\/span><\/span><\/span><\/p>\n<p><span style=\"font-family: 'Times New Roman', serif;\"><span style=\"font-size: medium;\"><span style=\"color: #000000;\"><span style=\"font-size: large;\">Come la mette il mio parroco con i parrocchiani che protestano?<\/span><\/span><span style=\"color: #000000;\"><span style=\"font-size: large;\"> La mette drastica: \u201cFare finta di niente, dandogli fintamente ragione per quietarli, quando all\u2019inizio si preoccupano dicendo che \u00e8 pericoloso, la chiesa si sporca e i barboni non hanno rispetto per nulla. Non ho mai visto crollare una chiesa per la sporcizia dei barboni. Anzi \u00e8 una cosa bellissima il povero che si mette a chiedere l\u2019elemosina: \u00e8 un ottimo vigilante e pulisce anche il sagrato pi\u00f9 volte al giorno\u201d.<\/span><\/span><\/span><\/span><\/p>\n<p>&nbsp;<\/p>\n<p><span style=\"font-family: 'Times New Roman', serif;\"><span style=\"font-size: medium;\"><span style=\"color: #000000;\"><span style=\"font-size: large;\"><b>Per intercettare <\/b><\/span><\/span><\/span><\/span><\/p>\n<p><span style=\"font-family: 'Times New Roman', serif;\"><span style=\"font-size: medium;\"><span style=\"color: #000000;\"><span style=\"font-size: large;\"><b>la movida della notte<\/b><\/span><\/span><\/span><\/span><\/p>\n<p><span style=\"font-family: 'Times New Roman', serif;\"><span style=\"font-size: medium;\"><span style=\"color: #000000;\"><span style=\"font-size: large;\">Nel fine settimana<\/span><\/span><span style=\"color: #000000;\"><span style=\"font-size: large;\"> l\u2019apertura \u00e8 prolungata verso la mezzanotte \u201cper intercettare la movida che qui da noi si lascia intercettare volentieri\u201d. Se qualche ragazzo o ragazza vestiti da movida, cio\u00e8 minigonna, tatuaggi, anelli al naso, entrano per accendere una candela? \u201cRingrazio il Signore e li lascio in pace sull\u2019abbigliamento perch\u00e9 non prevedevano certo di andare a messa quella sera\u201d.<\/span><\/span><\/span><\/span><\/p>\n<p><span style=\"font-family: 'Times New Roman', serif;\"><span style=\"font-size: large;\">Il mio parroco minimizza ma il rischio dei furti \u00e8 oggettivo. Ho sentito altri preti che ave<\/span><\/span><span style=\"color: #000000;\"><span style=\"font-family: 'Times New Roman', serif;\"><span style=\"font-size: large;\">vano tentato l\u2019apertura continuata e vi hanno poi rinunciato con l\u2019approvazione e il rammarico dei parrocchiani.<\/span><\/span><\/span><\/p>\n<p><span style=\"font-family: 'Times New Roman', serif;\"><span style=\"font-size: large;\">Un visitatore del blog ha raccontato di un gruppo che si \u00e8 incaricato di essere presente sabato e domenica, a turno, in un santuario: recitano il rosario e accolgono pellegrini e visitatori. \u201cUn\u2019iniziativa del genere \u2013 \u00e8 il suo commento \u2013 potrebbe aiutare a tenere sempre aperte le chiese e le renderebbe pi\u00f9 accoglienti e vissute\u201d.<\/span><\/span><\/p>\n<p><span style=\"font-family: 'Times New Roman', serif;\"><span style=\"font-size: large;\">Un altro visitatore evoca la possibilit\u00e0 \u2013 sperimentata in vari luoghi \u2013 di impiegare giovani del servizio civile e volontari che potrebbero \u201cnon solo rafforzare il controllo ma anche fare da ciceroni per i visitatori, che potrebbero ricompensarli con una piccola mancia\u201d.<\/span><\/span><\/p>\n<p><span style=\"color: #000000;\"><span style=\"font-family: 'Times New Roman', serif;\"><span style=\"font-size: large;\">Un\u2019amica di Bologna, di nome Giancarla, mi dice che la sua chiesa parrocchiale ha \u201cle porte sbarrate quasi tutto il giorno\u201d, le apre solo verso sera, poco prima della messa, per il rosario e il vespro. Lei quando cerca una chiesa in altre ore va nella cappella dell\u2019Ospedale Sant\u2019Orsola che \u00e8 aperta tutto il giorno. Anche un amico di Roma mi segnala come le pi\u00f9 accessibili, come orario, le cappelle di stazioni e aeroporti, nonch\u00e9 quella della Citt\u00e0 universitaria. <\/span><\/span><\/span><\/p>\n<p><span style=\"color: #000000;\"><span style=\"font-family: 'Times New Roman', serif;\"><span style=\"font-size: large;\"><b>Ho girato quattro chiese <\/b><\/span><\/span><\/span><\/p>\n<p><span style=\"color: #000000;\"><span style=\"font-family: 'Times New Roman', serif;\"><span style=\"font-size: large;\"><b>per trovare un confessore<\/b><\/span><\/span><\/span><\/p>\n<p><span style=\"color: #000000;\"><span style=\"font-family: 'Times New Roman', serif;\"><span style=\"font-size: large;\">Alle volte il problema non \u00e8 tanto quello della chiesa aperta, ma della presenza in essa di un sacerdote. Una visitatrice racconta che qualche anno addietro volendo confessarsi si trov\u00f2 a girare quattro chiese della sua citt\u00e0: \u201cE dalla seconda il giro l\u2019ho fatto insieme a un turista con lo stesso desiderio e non pratico del luogo. Finalmente giunti alla quarta chiesa abbiamo trovato un prete che aspettava nel confessionale\u201d. <\/span><\/span><\/span><\/p>\n<p><span style=\"color: #000000;\"><span style=\"font-family: 'Times New Roman', serif;\"><span style=\"font-size: large;\">A Pistoia da due anni un cartello di enti e associazioni viene sperimentando un programma che si chiama \u201cVisiting Pistoia\u201d, promotore il Consorzio turistico, che affida a volontari e studenti del liceo artistico la sorveglianza e la guida a musei e chiese oltre gli orari di apertura garantiti dai loro gestori. Ho visto qualcosa di simile a Roma per il Museo delle Mura e a Padova per i Musei Civici agli Eremitani. Mi chiedo: ci\u00f2 che fanno associazioni di varia umanit\u00e0 non potrebbe<\/span><\/span><\/span><span style=\"color: #000000;\"><span style=\"font-family: 'Times New Roman', serif;\"><span style=\"font-size: large;\"> essere tentato, in altri luoghi, dalle associazioni di volontariato ecclesiale? Perch\u00e9 non si prova?<\/span><\/span><\/span><\/p>\n<p><span style=\"color: #000000;\"><span style=\"font-family: 'Times New Roman', serif;\"><span style=\"font-size: large;\">Esperienze simili a quella di Pistoia, ma a gestione ecclesiale, me le segnalano amici di Enna, di Reggio Calabria, di Ascoli Piceno. In tante chiese di tanti luoghi si fanno turni per garantire la presenza di un gruppo di persone nelle ore pi\u00f9 scomode dell\u2019 \u201cadorazione perpetua\u201d. Io credo che analoghi turni potrebbero aiutare i parroci a tenere aperte le chiese parrocchiali nelle ore della pausa pranzo e la sera oltre l\u2019ora della messa. <\/span><\/span><\/span><\/p>\n<p><span style=\"color: #000000;\"><span style=\"font-family: 'Times New Roman', serif;\"><span style=\"font-size: large;\">Lo scorso novembre \u00e8 stato pubblicato dalla CEI un opuscolo con \u201clinee guida\u201d per la tutela dei beni culturali ecclesiastici: che fare per evitare furti. Forse sono possibili delle linee guida per organizzare e gestire l\u2019apertura continuata delle chiese, almeno di quelle parrocchiali. <\/span><\/span><\/span><\/p>\n<p><span style=\"color: #000000;\"><span style=\"font-family: 'Times New Roman', serif;\"><span style=\"font-size: large;\"><b>Tenerle aperte <\/b><\/span><\/span><\/span><\/p>\n<p><span style=\"color: #000000;\"><span style=\"font-family: 'Times New Roman', serif;\"><span style=\"font-size: large;\"><b>finch\u00e9 intorno c\u2019\u00e8 gente<\/b><\/span><\/span><\/span><\/p>\n<p><span style=\"color: #000000;\"><span style=\"font-family: 'Times New Roman', serif;\"><span style=\"font-size: large;\">Ma a che orario penso quando dico apertura continuata? Il criterio dovrebbe essere quello \u2013 che riportavo sopra \u2013 suggerito dal mio parroco: finch\u00e9 intorno c\u2019\u00e8 gente. Brutta mia impressione la scorsa estate in una citt\u00e0 della riviera ligure di levante: la centralissima basilica, che d\u00e0 sulla piazza storica e ha il mare sia a destra sia a sinistra, chiudeva alle 11,45 e riapriva alle 16,15, richiudendo definitivamente le sue nobili porte alle 19.00. Orario balzano e di pura comodit\u00e0 del parroco, se teniamo conto che la massima densit\u00e0 di passeggio e di visite, nella stagione balneare, l\u00ec si ha proprio nella tarda mattinata e in serata, fino verso la mezzanotte. Sarebbe come se Ges\u00f9, quella volta a Cafarnao, fosse salito sulla barca di Pietro per parlare alla folla quando questa non c\u2019era e ne fosse sceso quando in tanti gli erano intorno.<\/span><\/span><\/span><\/p>\n<p><span style=\"color: #000000;\"><span style=\"font-family: 'Times New Roman', serif;\"><span style=\"font-size: large;\"><b>Luigi Accattoli<\/b><\/span><\/span><\/span><\/p>\n<p><span style=\"font-family: 'Times New Roman', serif;\"><span style=\"font-size: large;\">Da <\/span><\/span><span style=\"font-family: 'Times New Roman', serif;\"><span style=\"font-size: large;\"><i>Il Regno<\/i><\/span><\/span><span style=\"font-family: 'Times New Roman', serif;\"><span style=\"font-size: large;\"> 2\/2015<\/span><\/span><\/p>\n","protected":false},"excerpt":{"rendered":"<p>&nbsp; Sono per le chiese sempre aperte, come vorrebbe papa Francesco. Il mio parroco don Francesco Pesce la sua la tiene aperta, nel Rione Monti, a due passi dal Colosseo,&#8230;<\/p>\n<div class=\"more-link-wrapper\"><a class=\"more-link\" href=\"http:\/\/www.luigiaccattoli.it\/blog\/collaborazione-a-riviste\/dappertutto-chiese-con-le-porte-aperte-dice-francesco-ma-chi-lascolta\/\">Read More<span class=\"screen-reader-text\">\u201cDappertutto chiese con le porte aperte\u201d  dice Francesco. Ma chi l\u2019ascolta?<\/span><\/a><\/div>\n","protected":false},"author":1,"featured_media":0,"parent":9,"menu_order":0,"comment_status":"open","ping_status":"closed","template":"","meta":{"_monsterinsights_skip_tracking":false,"_monsterinsights_sitenote_active":false,"_monsterinsights_sitenote_note":"","_monsterinsights_sitenote_category":0,"footnotes":""},"class_list":["post-16291","page","type-page","status-publish","hentry","excerpt"],"_links":{"self":[{"href":"http:\/\/www.luigiaccattoli.it\/blog\/wp-json\/wp\/v2\/pages\/16291","targetHints":{"allow":["GET"]}}],"collection":[{"href":"http:\/\/www.luigiaccattoli.it\/blog\/wp-json\/wp\/v2\/pages"}],"about":[{"href":"http:\/\/www.luigiaccattoli.it\/blog\/wp-json\/wp\/v2\/types\/page"}],"author":[{"embeddable":true,"href":"http:\/\/www.luigiaccattoli.it\/blog\/wp-json\/wp\/v2\/users\/1"}],"replies":[{"embeddable":true,"href":"http:\/\/www.luigiaccattoli.it\/blog\/wp-json\/wp\/v2\/comments?post=16291"}],"version-history":[{"count":2,"href":"http:\/\/www.luigiaccattoli.it\/blog\/wp-json\/wp\/v2\/pages\/16291\/revisions"}],"predecessor-version":[{"id":16293,"href":"http:\/\/www.luigiaccattoli.it\/blog\/wp-json\/wp\/v2\/pages\/16291\/revisions\/16293"}],"up":[{"embeddable":true,"href":"http:\/\/www.luigiaccattoli.it\/blog\/wp-json\/wp\/v2\/pages\/9"}],"wp:attachment":[{"href":"http:\/\/www.luigiaccattoli.it\/blog\/wp-json\/wp\/v2\/media?parent=16291"}],"curies":[{"name":"wp","href":"https:\/\/api.w.org\/{rel}","templated":true}]}}