{"id":16363,"date":"2015-05-12T17:28:20","date_gmt":"2015-05-12T15:28:20","guid":{"rendered":"http:\/\/www.luigiaccattoli.it\/blog\/?page_id=16363"},"modified":"2015-05-12T17:28:20","modified_gmt":"2015-05-12T15:28:20","slug":"una-caritas-che-non-parla-alla-citta-e-una-carita-dimezzata","status":"publish","type":"page","link":"http:\/\/www.luigiaccattoli.it\/blog\/conferenze-e-dibattiti-2\/una-caritas-che-non-parla-alla-citta-e-una-carita-dimezzata\/","title":{"rendered":"Una Caritas che non parla alla citt\u00e0  \u00e8 una carit\u00e0 dimezzata"},"content":{"rendered":"<p><i>Incontro con la Delegazione Regionale Caritas del Lazio<\/i><\/p>\n<p><span style=\"font-size: large;\"><i>c\/o Parrocchia Sant\u2019Antonio Abate \u2013 Ferentino &#8211; Frosinone<br \/>\nmarted\u00ec 12 maggio 2015 \u2013 ore 09.30-13.00<\/i><\/span><\/p>\n<p><span style=\"font-size: large;\">Scrivevo nel mio blog \u2013 in data 9 12 2014 \u2013 un articolino scherzoso e serio intitolato \u201cAppello all\u2019ottimo e inascoltato direttore della Caritas romana Enrico Feroci\u201d: \u201cAh Feroci, vedi de fatte feroce! Devi disturbare, devi puntare il dito, devi gridare in nome delle migliaia di persone che fanno volontariato nel silenzio e nel dileggio. Una Caritas che non parla alla citt\u00e0 \u00e8 una carit\u00e0 dimezzata\u201d.<\/span><\/p>\n<p><span style=\"font-size: large;\">Era esploso lo scandalo di Mafia Capitale e io mi chiedevo come fosse possibile che nessuno si fosse accorto di quel marcio. Mi rispondevo che i veggenti c\u2019erano e avevano parlato ma la loro parola non era ascoltata. E tra loro vi era la Caritas romana che il 12 novembre aveva pubblicamente accusato le \u201ccooperative senza scrupoli\u201d che si occupano di Rom e di rifugiati e aveva segnalato come responsabile prima e ultima la politica della pura emergenza, compresa in essa quella della giunta Marino: tutto era detto ma nessuno aveva udito. <\/span><\/p>\n<p><span style=\"font-size: large;\"><i>Comunicato della Caritas romana sui fatti di Tor Sapienza \u2013 12 novembre 2014<\/i><\/span><span style=\"font-size: large;\">: \u201cLa situazione di Tor Sapienza \u2013 cos\u00ec come Corcolle, Torre Maura, Romanina, Ponte Mammolo e altre zone \u2013 rappresenta s\u00ec il risultato di anni di abbandono, ma allo stesso tempo l\u2019effetto di attuali politiche sbagliate verso i rom e i rifugiati, senza sforzi per l\u2019integrazione e improntate soprattutto sull\u2019emergenza, frutto di istituzioni che non collaborano e non dialogano (Prefettura \u2013 Comune \u2013 Municipi), di cooperative senza scrupoli che poco hanno a cuore la sorte delle persone che gli sono affidate, di territori abbandonati dalle Istituzioni\u201d.<\/span><\/p>\n<p><span style=\"font-size: large;\">Quel comunicato della Caritas \u2013 secondo me \u2013 costituiva insieme un titolo di vanto, per aver visto; e di demerito, per non aver ottenuto ascolto.\u00a0<\/span><\/p>\n<p><span style=\"font-size: large;\">Mi chiedevo: perch\u00e9 la Caritas romana non \u00e8 ascoltata? Perch\u00e9 non ha voce pubblica da quando non c\u2019\u00e8 pi\u00f9 Di Liegro (1928-1997) alla sua guida? Perch\u00e9 nel febbraio del 2014 il Vicariato non ha ricordato il quarantennale del Convegno sui mali di Roma del febbraio del 1974, che fu il capolavoro di don Luigi? Perch\u00e9 l\u2019afasia pubblica della Caritas perdura anche sotto Papa Francesco?<\/span><\/p>\n<p><span style=\"font-size: large;\">Vi \u00e8 stata poi \u2013 il 22 dicembre scorso \u2013 una \u201cPreghiera per Roma\u201d in Santa Maria Maggiore durante la quale il cardinale Vicario ebbe a dire: \u201cNoi cristiani di Roma siamo troppo silenziosi\u201d. E\u2019 stato a seguito di quella \u201cPreghiera per Roma\u201d che ho scritto un articolo apparso sul \u201cCorriere\u201d romano il 24 dicembre 2014 con il titolo \u201cLa carit\u00e0 dimezzata\u201d per il quale sono stato invitato a questo incontro. <\/span><\/p>\n<p><span style=\"font-size: large;\">Voi sapete meglio di me che la Caritas non \u00e8 pura beneficenza. Tutti condividiamo l\u2019idea che la carit\u00e0 \u00e8 pi\u00f9 ampia dell\u2019elemosina: \u201c<\/span><span style=\"color: #000000;\"><span style=\"font-size: large;\">Siano anzitutto adempiuti gli obblighi di giustizia, perch\u00e9 non avvenga che si offra come dono di carit\u00e0 ci\u00f2 che \u00e8 gi\u00e0 dovuto a titolo di giustizia; si eliminino non soltanto gli effetti ma anche le cause dei mali; l\u2019aiuto sia regolato in modo che coloro i quali lo ricevono vengano, a poco a poco, liberati dalla dipendenza altrui e diventi sufficienti a se stessi\u201d<\/span><\/span><i> <\/i><span style=\"color: #000000;\"><span style=\"font-size: large;\">(<\/span><\/span><span style=\"color: #000000;\"><span style=\"font-size: large;\"><i>Apostolicam actuositatem <\/i><\/span><\/span><span style=\"color: #000000;\"><span style=\"font-size: large;\">8: <\/span><\/span><span style=\"color: #000000;\"><span style=\"font-size: large;\"><i>L\u2019azione caritativa<\/i><\/span><\/span><span style=\"color: #000000;\"><span style=\"font-size: large;\">)<\/span><\/span><span style=\"color: #000000;\"><span style=\"font-size: large;\"><i>.<\/i><\/span><\/span><\/p>\n<p><span style=\"font-size: large;\">Italo Calabr\u00f2, Giovanni Nervo, Giuseppe Pasini, Luigi Di Liegro sono i protagonisti dell\u2019applicazione alla Caritas di quell\u2019opzione conciliare.<\/span><\/p>\n<p><span style=\"font-size: large;\">Mi sono trovato ultimamente \u2013 ad Alessano \u2013 a ricordare don Tonino Bello e a paragonarlo a Papa Francesco e ho sostenuto che li unisce l\u2019impegno a favorire una maturazione epocale del servizio della carit\u00e0 facendolo passare dalla dominante assistenziale a quella promozionale. Ho indicato nel <\/span><span style=\"font-size: large;\"><i>Patto delle catacombe<\/i><\/span><span style=\"font-size: large;\"> (16 novembre 1965) la matrice comune di quel loro impegno: \u201cCercheremo di trasformare le opere di beneficenza in opere sociali fondate sulla carit\u00e0 e sulla giustizia\u201d.<\/span><\/p>\n<p><span style=\"font-size: large;\">Papa Francesco nella <\/span><span style=\"font-size: large;\"><i>Evangelii Gaudium<\/i><\/span><span style=\"font-size: large;\"> insiste sulla \u201cnecessit\u00e0 di risolvere le cause strutturali della povert\u00e0\u201d e di non fermarsi ai \u201cpiani assistenziali\u201d, che sono \u201crisposte provvisorie\u201d: \u201cFinch\u00e9 non si risolveranno radicalmente i problemi dei poveri, rinunciando all\u2019autonomia assoluta dei mercati e della speculazione finanziaria e aggredendo le cause strutturali della inequit\u00e0, non si risolveranno i problemi del mondo e in definitiva nessun problema\u201d (n. 202).<\/span><\/p>\n<p><span style=\"font-size: large;\">Ma uno dicendo cos\u00ec sembra assumere un ruolo di parte: Tonino Bello, Papa Bergoglio, la Caritas pi\u00f9 fattiva, magari ora il cardinale Montenegro. E invece no: ascoltiamo Benedetto XVI per accorgerci che l\u2019impegno a passare dall\u2019elemosina alla promozione \u00e8 di tutta la Chiesa.<\/span><\/p>\n<p><span style=\"font-size: large;\"><i>Deus caritas est <\/i><\/span><span style=\"font-size: large;\">28: \u201cLa Chiesa non pu\u00f2 e non deve prendere nelle sue mani la battaglia politica per realizzare la societ\u00e0 pi\u00f9 giusta possibile. Ma non pu\u00f2 e non deve neanche restare ai margini nella lotta per la giustizia. Deve inserirsi in essa per la via dell\u2019argomentazione razionale e deve risvegliare le forze spirituali, senza le quali la giustizia non pu\u00f2 affermarsi e prosperare\u201d. Benedetto XVI, <\/span><span style=\"font-size: large;\"><i>Intima Ecclesiae natura <\/i><\/span><span style=\"font-size: large;\">9: \u201cIl Vescovo favorisca la creazione in ogni parrocchia d\u2019un servizio di Caritas che promuova anche un\u2019azione pedagogica nell\u2019ambito dell\u2019intera comunit\u00e0 per educare allo spirito di condivisione e di autentica carit\u00e0\u201d. <\/span><\/p>\n<p><span style=\"font-size: large;\">Ma forse qui \u00e8 pi\u00f9 appropriato un richiamo a come don Luigi Di Liegro ha esercitato questo ruolo di apostolo della carit\u00e0 nella piena dimensione ecclesiale e civile del termine. Dobbiamo dire che don Luigi \u00e8 stato un apostolo dei poveri in perpetua tensione tra carit\u00e0 e politica. Continuamente i cardinali Poletti e Ruini lo dovevano invitare ad astenersi dalla politica (vedi una severa lettera di Poletti in data 7 aprile 1976, riportata alle pp. 75ss della biografia di Maurilio Guasco: <\/span><span style=\"font-size: large;\"><i>Carit\u00e0 e giustizia. Don Luigi Di Liegro 1928-1997<\/i><\/span><span style=\"font-size: large;\">, Il Mulino 2012).<\/span><\/p>\n<p><span style=\"font-size: large;\">Di Liegro ha mostrato quanto si possa e si debba essere \u201cimprudenti\u201d facendo la carit\u00e0. Nella Chiesa dei nostri giorni in verit\u00e0 c\u2019\u00e8 molto spazio per chi sappia prenderselo. E Di Liegro lo prendeva tutto. Ampliava anzi con il suo impeto i confini del consentito. Tutti dovevano fare i conti con lui. Impersonava la carit\u00e0 cristiana in Roma con un protagonismo che non si era mai visto. Trattava con i sindaci e conosceva i singoli barboni.<\/span><\/p>\n<p><span style=\"font-size: large;\">I media l\u2019hanno capito e i cardinali vicari l\u2019hanno sostenuto, pur tra i conflitti. Il cardinale Ruini non sempre ne ha condiviso le scelte, mai per\u00f2 l\u2019ha sconfessato e nell\u2019omelia di commiato ha lodato la \u00abduplice dimensione\u00bb della sua carit\u00e0: quella con cui \u00absi prendeva cura diretta e immediata delle persone\u00bb e quella per cui tendeva a \u00abrimuovere le cause della povert\u00e0 e dell\u2019ingiustizia\u00bb.<\/span><\/p>\n<p><a name=\"_GoBack\"><\/a><span style=\"font-size: large;\">Nelle memorie inedite del cardinale Poletti [<\/span><span style=\"font-size: large;\"><i>Uno sguardo retrospettivo\u2026 dal vero. Ricordi e documenti in un tempo difficile di transizione<\/i><\/span> <span style=\"font-size: large;\"><i>1914-1995<\/i><\/span><span style=\"font-size: large;\">] ci sono passaggi di grande apprezzamento per Di Liegro, attestanti che il cardinale aveva compreso e condivideva la proiezione sulla citt\u00e0 della sua pedagogia ecclesiale. A pagina 123 Poletti segnala \u2013 come \u201cfrutto\u201d del convegno del 1974 \u2013 la nascita di \u201cquella meravigliosa opera che \u00e8 la Caritas diocesana, che, provvedendo a tutti i bisogni, di tempo in tempo emergenti, ha trascinato l\u2019attenzione di gran parte della citt\u00e0 e ne ha ottenuto fiducia e costante collaborazione, anche da parte di cristiani alieni dalla vita parrocchiale organica\u201d. A pagina 155 il cardinale afferma che la Caritas \u201csotto l\u2019impulso generoso ed inventivo di mons. Luigi Di Liegro, \u00e8 divenuta ben presto l\u2019organizzazione diocesana pi\u00f9 attiva, completa e stimata nella diocesi e nella citt\u00e0\u201d e precisa che \u201cil merito pi\u00f9 grande di mons. Luigi Di Liegro \u00e8 quello di essere costantemente voce chiara e precisa nella difesa dei diritti sociali dei poveri, svegliarino e richiamo a tutta la comunit\u00e0 civica, cristiana o no\u201d.<\/span><\/p>\n<p>\u201c<span style=\"font-size: large;\">La dimensione sociale del dogma\u201d, diceva De Lubac: Di Liegro e ci mostra la dimensione politica della carit\u00e0. Non usa queste parole ma ne usa di equivalenti: \u201cLa dimensione politica della solidariet\u00e0\u201d (p. 252 della citata biografia di Maurilio Guasco). \u201cIl vero compito del volontariato \u00e8 politico\u201d: \u00e8 un suo motto riportato a pagina 228 dello stesso volume. <\/span><\/p>\n<p><span style=\"font-size: large;\">Che avrebbe detto e fatto don Di Liegro con le cooperative che si arricchiscono sulla pelle dei Rom e dei rifugiati? Si sarebbe accontentato di un comunicato che nessuno ha ripreso? Che avrebbe suggerito al cardinale vicario in vista della \u201cPreghiera per Roma\u201d?<\/span><\/p>\n<p><span style=\"font-size: large;\">Di Liegro ci ha insegnato che la Caritas ha un ruolo pubblico in cui non pu\u00f2 essere surrogata da nessuno: un ruolo conoscitivo e di denuncia che fa parte integrante della sua missione educativa. Dal vivo dei contesti in cui opera deve poter trarre le conoscenze e lo sdegno necessari alla denuncia pubblica. E\u2019 pronto soccorso ma anche monitoraggio delle zone a rischio. Deve soccorrere ma deve anche lanciare l\u2019allarme e chiamare al soccorso. Deve parlare e deve trovare il modo di farsi ascoltare. <\/span><\/p>\n","protected":false},"excerpt":{"rendered":"<p>Incontro con la Delegazione Regionale Caritas del Lazio c\/o Parrocchia Sant\u2019Antonio Abate \u2013 Ferentino &#8211; Frosinone marted\u00ec 12 maggio 2015 \u2013 ore 09.30-13.00 Scrivevo nel mio blog \u2013 in data&#8230;<\/p>\n<div class=\"more-link-wrapper\"><a class=\"more-link\" href=\"http:\/\/www.luigiaccattoli.it\/blog\/conferenze-e-dibattiti-2\/una-caritas-che-non-parla-alla-citta-e-una-carita-dimezzata\/\">Read More<span class=\"screen-reader-text\">Una Caritas che non parla alla citt\u00e0  \u00e8 una carit\u00e0 dimezzata<\/span><\/a><\/div>\n","protected":false},"author":1,"featured_media":0,"parent":5506,"menu_order":0,"comment_status":"open","ping_status":"closed","template":"","meta":{"_monsterinsights_skip_tracking":false,"_monsterinsights_sitenote_active":false,"_monsterinsights_sitenote_note":"","_monsterinsights_sitenote_category":0,"footnotes":""},"class_list":["post-16363","page","type-page","status-publish","hentry","excerpt"],"_links":{"self":[{"href":"http:\/\/www.luigiaccattoli.it\/blog\/wp-json\/wp\/v2\/pages\/16363","targetHints":{"allow":["GET"]}}],"collection":[{"href":"http:\/\/www.luigiaccattoli.it\/blog\/wp-json\/wp\/v2\/pages"}],"about":[{"href":"http:\/\/www.luigiaccattoli.it\/blog\/wp-json\/wp\/v2\/types\/page"}],"author":[{"embeddable":true,"href":"http:\/\/www.luigiaccattoli.it\/blog\/wp-json\/wp\/v2\/users\/1"}],"replies":[{"embeddable":true,"href":"http:\/\/www.luigiaccattoli.it\/blog\/wp-json\/wp\/v2\/comments?post=16363"}],"version-history":[{"count":1,"href":"http:\/\/www.luigiaccattoli.it\/blog\/wp-json\/wp\/v2\/pages\/16363\/revisions"}],"predecessor-version":[{"id":16364,"href":"http:\/\/www.luigiaccattoli.it\/blog\/wp-json\/wp\/v2\/pages\/16363\/revisions\/16364"}],"up":[{"embeddable":true,"href":"http:\/\/www.luigiaccattoli.it\/blog\/wp-json\/wp\/v2\/pages\/5506"}],"wp:attachment":[{"href":"http:\/\/www.luigiaccattoli.it\/blog\/wp-json\/wp\/v2\/media?parent=16363"}],"curies":[{"name":"wp","href":"https:\/\/api.w.org\/{rel}","templated":true}]}}