{"id":16535,"date":"2015-06-10T23:32:16","date_gmt":"2015-06-10T21:32:16","guid":{"rendered":"http:\/\/www.luigiaccattoli.it\/blog\/?page_id=16535"},"modified":"2015-06-17T16:17:44","modified_gmt":"2015-06-17T14:17:44","slug":"francesco-non-crede-ai-messaggi-quotidiani-dei-veggenti","status":"publish","type":"page","link":"http:\/\/www.luigiaccattoli.it\/blog\/articoli-del-corriere-della-sera\/francesco-non-crede-ai-messaggi-quotidiani-dei-veggenti\/","title":{"rendered":"Bergoglio non crede ai messaggi quotidiani dei veggenti"},"content":{"rendered":"<p><a name=\"_GoBack\"><\/a><\/p>\n<p><span style=\"font-family: 'Times New Roman', serif;\"><span style=\"font-size: large;\"><i>Pubblicato dal \u201cCorsera\u201d del 10 giugno alle pagine 1 e 31 con il titolo: \u201cIl Papa e l\u2019antica diffidenza della Chiesa sulle rivelazioni private<\/i><\/span><\/span><span style=\"font-family: 'Times New Roman', serif;\"><span style=\"font-size: large;\">\u201d<\/span><\/span><\/p>\n<p><span style=\"font-family: 'Times New Roman', serif;\"><span style=\"font-size: large;\">Nell\u2019omelia di ieri al Santa Marta Papa Francesco trattando di \u201cquelli che sempre hanno bisogno di novit\u00e0 dell\u2019identit\u00e0 cristiana\u201d ha fatto un brusco riferimento ai presunti \u201cmessaggi\u201d delle apparizioni e \u201clocuzioni\u201d mariane: \u201cMa dove sono i veggenti che ci dicono oggi la lettera che la Madonna ci mander\u00e0 alle quattro del pomeriggio? E vivono di questo. Ma questa non \u00e8 identit\u00e0 cristiana. L\u2019ultima parola di Dio si chiama Ges\u00f9 e niente di pi\u00f9\u201d.<\/span><\/span><\/p>\n<p><span style=\"font-family: 'Times New Roman', serif;\"><span style=\"font-size: large;\">Sapevamo che Papa Francesco era allergico alle \u201crivelazioni private\u201d: lo raccontano le biografie e lo documentano i testi di quand\u2019era arcivescovo di Buenos Aires. Gi\u00e0 una volta si era espresso con sarcasmo \u2013 in un\u2019omelia del Santa Marta \u2013 sui continui messaggi che la Madonna manda ai suoi devoti \u201ctutti i giorni\u201d qua e l\u00e0 per il mondo. Ma nel richiamo di ieri c\u2019\u00e8 un elemento in pi\u00f9, contenuto nella sentenza \u2013 come dicevano i teologi medievali \u2013 che \u201cL\u2019ultima parola di Dio si chiama Ges\u00f9 e niente pi\u00f9\u201d.<\/span><\/span><\/p>\n<p><span style=\"font-family: 'Times New Roman', serif;\"><span style=\"font-size: large;\">E\u2019 esattamente, verbalmente, la stessa sentenza affermata dal cardinale Ratzinger nel \u201cCommento teologico\u201d con cui nel giugno del 2000 accompagn\u00f2 la pubblicazione della \u201cterza parte\u201d del Messaggio di Fatima: \u201c<\/span><\/span><span style=\"color: #000000;\"><span style=\"font-family: Times, serif;\"><span style=\"font-size: large;\">In Cristo Dio ha detto tutto e pertanto la rivelazione si \u00e8 conclusa con la realizzazione del mistero di Cristo, che ha trovato espressione nel Nuovo Testamento\u201d.<\/span><\/span><\/span><\/p>\n<p><span style=\"color: #000000;\"><span style=\"font-family: Times, serif;\"><span style=\"font-size: large;\">E le rivelazioni private, tipo Lourdes e Fatima e altre dieci, per contare solo quelle \u201cmariane\u201d che sono state riconosciute dalla Chiesa? Dodici in tutto, su 295 per le quali era stato chiesto il parere di Roma. Le rivelazioni private sono \u2013 dice sempre Ratzinger \u2013 \u201cun aiuto che \u00e8 offerto, ma del quale non \u00e8 obbligatorio fare uso\u201d. <\/span><\/span><\/span><\/p>\n<p><span style=\"color: #000000;\"><span style=\"font-family: Times, serif;\"><span style=\"font-size: large;\">Del resto gi\u00e0 Benedetto XIV nel Settecento aveva affermato categoricamente che \u00abun assentimento di fede cattolica non \u00e8 dovuto a rivelazioni [private] approvate in tal modo; non \u00e8 neppure possibile. Queste rivelazioni domandano piuttosto un assentimento di fede umana conforme alle regole della prudenza\u00bb.<\/span><\/span><\/span><\/p>\n<p><span style=\"color: #000000;\"><span style=\"font-family: Times, serif;\"><span style=\"font-size: large;\">Come a dire: se ci vuoi credere, puoi crederci ma non sei tenuto e comunque in quelle rivelazioni private non trovi nulla di essenziale che non sia gi\u00e0 nell\u2019\u00abunica rivelazione <\/span><\/span><\/span><span style=\"font-family: 'Times New Roman', serif;\"><span style=\"font-size: large;\">pubblica<\/span><\/span><span style=\"color: #000000;\"><span style=\"font-family: Times, serif;\"><span style=\"font-size: large;\">\u00bb<\/span><\/span><\/span><span style=\"font-family: 'Times New Roman', serif;\"><span style=\"font-size: large;\">, cio\u00e8 destinata a tutti. La \u201cCivilt\u00e0 Cattolica\u201d gi\u00e0 nel 1953, in un articolo su Fatima a firma del teologo <\/span><\/span><span style=\"color: #000000;\"><span style=\"font-family: Times, serif;\"><span style=\"font-size: large;\">fiammingo E. Dhanis, riassumeva in questi tre elementi il significato dell\u2019approvazione ecclesiastica di una rivelazione privata: \u201cIl messaggio relativo non contiene nulla che contrasta la fede ed i buoni costumi; \u00e8 lecito renderlo pubblico; i fedeli sono autorizzati a dare ad esso in forma prudente la loro adesione\u201d. Autorizzati, appunto: non tenuti.<\/span><\/span><\/span><\/p>\n<p><span style=\"font-family: 'Times New Roman', serif;\"><span style=\"font-size: large;\">I Papi hanno sempre seguito questa regola aurea, sostanzialmente razionale e diffidente nei confronti delle torme di veggenti da cui sono stati sollecitati nei secoli e pi\u00f9 che mai negli ultimi due. Ma se tutti i Papi erano guardinghi, Benedetto e Francesco appaiono addirittura refrattari: Ratzinger per razionalit\u00e0 teologica tedesca, Bergoglio per buonsenso pastorale latino.<\/span><\/span><\/p>\n<p><span style=\"font-family: 'Times New Roman', serif;\"><span style=\"font-size: large;\">Un\u2019idea della loro impermeabilit\u00e0 soggettiva alla passione visionaria di cui traboccano movimenti e parrocchie l\u2019abbiamo avuta con il fatto che il primo chiam\u00f2 a presiedere la Commissione su Medjugorje il cardinale Camillo Ruini, che il secondo ha confermato nell\u2019incarico. Di Ruini tanto e tutto si pu\u00f2 dire ma non che vada pazzo per \u201clocuzioni\u201d e \u201cvisioni\u201d. <\/span><\/span><\/p>\n<p><span style=\"font-family: 'Times New Roman', serif;\"><span style=\"font-size: large;\">Le conclusioni della Commissione stanno per essere pubblicate ed \u00e8 verosimile che il Papa si limiti a recepirle nella loro asciuttezza. Di sicuro non sar\u00e0 lui a contraddire la prevedibile severit\u00e0 di quel verdetto: si dice che vi sia apprezzamento per i buoni frutti che \u201cspesso\u201d vengono dalla frequentazione di quel villaggio dell\u2019Erzegovina, ma il giudizio sulla natura delle apparizioni rester\u00e0 \u201csospensivo\u201d: non diranno che non sono attendibili, ma non diranno neanche che lo sono.<\/span><\/span><\/p>\n<p>\u201c<span style=\"font-family: 'Times New Roman', serif;\"><span style=\"font-size: large;\">Provo un\u2019immediata diffidenza davanti ai casi di guarigione e persino quando si tratta di rivelazioni o visioni; sono tutte cose che mi mettono sulla difensiva\u201d ebbe a dire il cardinale Bergoglio nel volume di dialoghi con il rabbino argentino Abraham Skorka, tradotto da Mondadori nel 2013 con il titolo \u201cIl cielo e la terra\u201d. <\/span><\/span><\/p>\n<p><span style=\"font-family: 'Times New Roman', serif;\"><span style=\"font-size: large;\">Ogni parroco ha tra i suoi parrocchiani una dozzina di portatori di \u201cmessaggi\u201d, i vescovi sono poi assediati da centinaia di \u201cveggenti\u201d. Ne fece buona esperienza anche Bergoglio da vescovo argentino, quale fu per 21 anni. \u201cSpesso, a Buenos Aires, devo screditarne molti \u2013 afferm\u00f2 in quel volume \u2013 perch\u00e9 i casi di falsi profeti sono molto pi\u00f9 comuni e frequenti di quanto si possa immaginare\u201d.<\/span><\/span><\/p>\n<p><span style=\"font-family: 'Times New Roman', serif;\"><span style=\"font-size: large;\">Un caso recente di presunte rivelazioni private che mirano a condizionare i Papi si \u00e8 visto il 9 maggio scorso, quando due persone in rappresentanza di una veggente di nome Conchiglia hanno incontrato Benedetto XVI nei Giardini Vaticani e gli hanno consegnato un volume che contiene accuse nei confronti di Papa Francesco. Avendo costoro vantato l\u2019appoggio del Papa emerito, don Georg, che era presente all\u2019incontro, ha detto a Vaticaninsider che \u201cse Benedetto XVI se avesse saputo di che cosa si trattava non avrebbe accettato l\u2019incontro: ci sono tanti che si dicono veggenti, in giro\u201d. Le stesse parole di Bergoglio cardinale. <\/span><\/span><\/p>\n<p><span style=\"font-family: 'Times New Roman', serif;\"><span style=\"font-size: large;\"><b>Luigi Accattoli<\/b><\/span><\/span><\/p>\n<p><span style=\"font-family: 'Times New Roman', serif;\"><span style=\"font-size: large;\">www.luigiaccattoli.it<\/span><\/span><\/p>\n","protected":false},"excerpt":{"rendered":"<p>Pubblicato dal \u201cCorsera\u201d del 10 giugno alle pagine 1 e 31 con il titolo: \u201cIl Papa e l\u2019antica diffidenza della Chiesa sulle rivelazioni private\u201d Nell\u2019omelia di ieri al Santa Marta&#8230;<\/p>\n<div class=\"more-link-wrapper\"><a class=\"more-link\" href=\"http:\/\/www.luigiaccattoli.it\/blog\/articoli-del-corriere-della-sera\/francesco-non-crede-ai-messaggi-quotidiani-dei-veggenti\/\">Read More<span class=\"screen-reader-text\">Bergoglio non crede ai messaggi quotidiani dei veggenti<\/span><\/a><\/div>\n","protected":false},"author":1,"featured_media":0,"parent":7661,"menu_order":0,"comment_status":"open","ping_status":"closed","template":"","meta":{"_monsterinsights_skip_tracking":false,"_monsterinsights_sitenote_active":false,"_monsterinsights_sitenote_note":"","_monsterinsights_sitenote_category":0,"footnotes":""},"class_list":["post-16535","page","type-page","status-publish","hentry","excerpt"],"_links":{"self":[{"href":"http:\/\/www.luigiaccattoli.it\/blog\/wp-json\/wp\/v2\/pages\/16535","targetHints":{"allow":["GET"]}}],"collection":[{"href":"http:\/\/www.luigiaccattoli.it\/blog\/wp-json\/wp\/v2\/pages"}],"about":[{"href":"http:\/\/www.luigiaccattoli.it\/blog\/wp-json\/wp\/v2\/types\/page"}],"author":[{"embeddable":true,"href":"http:\/\/www.luigiaccattoli.it\/blog\/wp-json\/wp\/v2\/users\/1"}],"replies":[{"embeddable":true,"href":"http:\/\/www.luigiaccattoli.it\/blog\/wp-json\/wp\/v2\/comments?post=16535"}],"version-history":[{"count":2,"href":"http:\/\/www.luigiaccattoli.it\/blog\/wp-json\/wp\/v2\/pages\/16535\/revisions"}],"predecessor-version":[{"id":16568,"href":"http:\/\/www.luigiaccattoli.it\/blog\/wp-json\/wp\/v2\/pages\/16535\/revisions\/16568"}],"up":[{"embeddable":true,"href":"http:\/\/www.luigiaccattoli.it\/blog\/wp-json\/wp\/v2\/pages\/7661"}],"wp:attachment":[{"href":"http:\/\/www.luigiaccattoli.it\/blog\/wp-json\/wp\/v2\/media?parent=16535"}],"curies":[{"name":"wp","href":"https:\/\/api.w.org\/{rel}","templated":true}]}}