{"id":16698,"date":"2015-07-18T21:20:43","date_gmt":"2015-07-18T19:20:43","guid":{"rendered":"http:\/\/www.luigiaccattoli.it\/blog\/?page_id=16698"},"modified":"2015-07-20T23:27:15","modified_gmt":"2015-07-20T21:27:15","slug":"ho-lavorato-con-il-padre-cecco-milli-un-vulcano-di-simpatia-e-di-amore-di-dio","status":"publish","type":"page","link":"http:\/\/www.luigiaccattoli.it\/blog\/antologia-delle-pubblicazioni-2\/cerco-fatti-di-vangelo-2\/ho-lavorato-con-il-padre-cecco-milli-un-vulcano-di-simpatia-e-di-amore-di-dio\/","title":{"rendered":"Ho lavorato con il padre Cecco Milli  un vulcano di simpatia e di amore di Dio"},"content":{"rendered":"<p>Sono emozionatissima. Ho fatto la missionaria laica in Tanzania dal 1968 al 1971, non stop. Avevo 23 anni. Ho conosciuto e &#8220;lavorato&#8221; con padre Cecco Milli: un vulcano di simpatia e di amore di Dio!<\/p>\n<p>Mi sono trovata in una foto di Cecco Milli che avete pubblicato. Sto piangendo di commozione nel leggere quello che lei ha scritto di lui e nel leggere quello che Cecco diceva di se stesso, delle sue emozioni, della sua vita missionaria. Molte delle cose scritte da lui, le ho vissute insieme e fu cos\u00ec anche in quella foto.<\/p>\n<p>Era appena arrivato in Tanzania e, ancora alle prese con il swahili, \u00a0mi disse: &#8220;Oh tu, Pallina, e che tu verresti con me a cena, stasera, sotto un albero?&#8221; &#8220;A cena sotto un albero? \u00c8 un invito piuttosto galante&#8230;&#8221; risposi divertita. &#8221; Oh, Pallina, a cena dal nostro catechista! Che credevi?!&#8221; (Cecco era cos\u00ec)<\/p>\n<p>Non mi parve vero. Lo avrei aiutato a tradurre qualcosa per farsi capire e avrei avuto un&#8217;occasione unica per vivere da vicino le usanze degli Wagogo sui cibi consumati attorno al fuoco e al chiaro di luna, sotto un albero. Arrivati alla casa del catechista su una collinetta, altro che cena sotto l&#8217;albero! \u00a0Il catechista per onorare il nuovo padre Cecco Milli, aveva chiesto a prestito, non si seppe mai da chi, un tavolo, dei piatti, delle posate, delle sedie&#8230; alla europea. Niente cena al chiaro di luna, attorno al fuoco e all&#8217;aperto, ma al chiaro di una lampada degli Wazungu (europei) che illuminava a giorno tutta la stanza. Tuttavia mangiammo lo stesso all&#8217;africana, come faceva il resto della famiglia, prendendo dall&#8217;unico piatto centrale la polenta e il pollo in umido che aveva preparato. Cecco era divertito di quel misto di Europa e Africa, condito di kiswahili con accento fiorentino e di italiano &#8216;kiswahilizzato&#8217; e voleva viverlo il pi\u00f9 possibile con simpatia per far sapere loro che era contento e grato di essere l\u00ec. Osservava bene il catechista e faceva quello che faceva lui. Metteva un pugnetto di polenta nel palmo della mano, lo schiacciava al centro con il pollice per formare come un cucchiaio che raccogliesse intingolo e pezzetti di pollo e lo portava alla bocca piegando perfino la testa all&#8217;indietro. il gioco era fatto! Inevitabilmente tutti ci leccavamo le dita e tutti daccapo le mettevamo nel piatto comune, bimbi compresi. (No, no, non i bimbi nel piatto, solo le loro manine!)<\/p>\n<p>Rientrai nel 1971 perch\u00e9 moriva mio padre e non tornai pi\u00f9 in Tanzania per una serie di circostanze sfavorevoli e molto dolorose. La notte per mesi sognavo la gente africana, le mamme con i loro piccoli che mi dicevano: &#8220;Mama, rudi tena&#8221;, Torna ancora. Invece non sono mai pi\u00f9 tornata neanche come turista&#8230; Non che mi mancasse il desiderio di farlo.<\/p>\n<p>Cecco Milli mi scriveva sempre e io lo seguivo attraverso i suoi diari che &#8216;Eco delle missioni&#8217; pubblicava. Poi lentamente e inesorabilmente l&#8217;Africa sbiad\u00ec del tutto all&#8217;orizzonte per lasciare pi\u00f9 discreta, spazio alla mia nuova vita.<\/p>\n<p>I giovani che partivano per quelle missioni lo facevano in modo diverso, ormai. Un mese di lavoro a costruire dispensari, scuole, e poi tutti a casa, lontani comunque anni luce da quella che io avevo concepito come vita missionaria. Splendidi ragazzi che io avrei voluto incontrare, ma seguiti dai loro preti di oratorio, avevano altri punti di riferimento, tutti preziosi, ma altri.<\/p>\n<p>Io ero ritornata a studiare per poter accedere all&#8217;universit\u00e0 e ad occuparmi di volontariato negli ospedali. Sposai un giovane ingegnere, affascinato naturalmente dei miei ideali missionari e io dei suoi nell&#8217;elettronica di una prestigiosa compagnia internazionale di ricerca.<\/p>\n<p>Cecco Milli si congratulava ogni volta con frasi da fiorentinaccio senza tuttavia dimenticare mai che i disegni di Dio sono di una tenerezza senza confini per ognuno di noi e me lo ricordava.<\/p>\n<p>Il 28 di dicembre 1978, giorno del quarto compleanno della mia bambina, Cecco Milli muore. Io, ignara che se n&#8217;era volato in Cielo, proprio quel giorno ricevetti i suoi auguri di buon Natale che mi aveva spedito quindici giorni prima.<\/p>\n<p>Accadde una cosa inspiegabile mentre aprivo la lettera. Fu come se le pareti di casa diventassero di&#8230; vento e il corridoio dove mi trovavo, uno spazio senza confini&#8230; Una leggera brezza mi sfior\u00f2 il viso e mi commossi tanto senza sapere perch\u00e9. La frase augurale scritta alla fiorentina, come suo solito, sembrava mi arrivasse da un mondo spirituale lontano eppure cos\u00ec vicino come il respiro di chi ti sta accanto e legge con te; era come la carezza di un fratello amato, pi\u00f9 grande di me, ma che si firmava sempre come il pi\u00f9 piccolo: &#8220;Tuo fratellino Cecco Milli&#8221;. Piansi di nostalgia.<\/p>\n<p>In Africa mi aveva donato davvero una dimensione piena dell&#8217;amore di Dio e del prossimo e con gioia, allegria, simpatia! Mi sedetti per rispondergli subito, ma prima che potessi spedire la lettera nei giorni che seguirono, mi arriv\u00f2 la terribile notizia (eppur bella immaginata da lui) della sua morte. &#8220;Oh che sar\u00e0 quando il Babbo (Dio Padre) mi chiamer\u00e0 e lo vedr\u00f2 e vedr\u00f2 il Poverello Francesco di cui son figlio. Balzer\u00f2 di contentezza! &#8221;<\/p>\n<p>La mia risposta alla sua lettera dall&#8217;aldil\u00e0 gliela gridai dalla mia nuova Africa fino in Cielo e ancora oggi, in diversi momenti della mia vita gli grido qualcosa.<\/p>\n<p>Le mie foto con lui le spedii a sua mamma, pensando di consolarla un po&#8217; sapendo quanto tutti amavamo suo figlio. Ne ho una quando, novizio, credo, and\u00f3 da Padre Pio e qualcos&#8217;altro che cercher\u00f2 tra i miei ricordi dell&#8217;Africa. Conservo la sua lettera postuma del\u00a028 dicembre\u00a0come una reliquia. Mia figlia, ora donna, lo sente amico. Mio marito ascolta sempre volentieri i miei racconti di lui.<\/p>\n<p>Grazie di avermi ascoltato. Gabriella Tescaro<\/p>\n","protected":false},"excerpt":{"rendered":"<p>Sono emozionatissima. Ho fatto la missionaria laica in Tanzania dal 1968 al 1971, non stop. Avevo 23 anni. Ho conosciuto e &#8220;lavorato&#8221; con padre Cecco Milli: un vulcano di simpatia&#8230;<\/p>\n<div class=\"more-link-wrapper\"><a class=\"more-link\" href=\"http:\/\/www.luigiaccattoli.it\/blog\/antologia-delle-pubblicazioni-2\/cerco-fatti-di-vangelo-2\/ho-lavorato-con-il-padre-cecco-milli-un-vulcano-di-simpatia-e-di-amore-di-dio\/\">Read More<span class=\"screen-reader-text\">Ho lavorato con il padre Cecco Milli  un vulcano di simpatia e di amore di Dio<\/span><\/a><\/div>\n","protected":false},"author":1,"featured_media":0,"parent":6312,"menu_order":0,"comment_status":"open","ping_status":"closed","template":"","meta":{"_monsterinsights_skip_tracking":false,"_monsterinsights_sitenote_active":false,"_monsterinsights_sitenote_note":"","_monsterinsights_sitenote_category":0,"footnotes":""},"class_list":["post-16698","page","type-page","status-publish","hentry","excerpt"],"_links":{"self":[{"href":"http:\/\/www.luigiaccattoli.it\/blog\/wp-json\/wp\/v2\/pages\/16698","targetHints":{"allow":["GET"]}}],"collection":[{"href":"http:\/\/www.luigiaccattoli.it\/blog\/wp-json\/wp\/v2\/pages"}],"about":[{"href":"http:\/\/www.luigiaccattoli.it\/blog\/wp-json\/wp\/v2\/types\/page"}],"author":[{"embeddable":true,"href":"http:\/\/www.luigiaccattoli.it\/blog\/wp-json\/wp\/v2\/users\/1"}],"replies":[{"embeddable":true,"href":"http:\/\/www.luigiaccattoli.it\/blog\/wp-json\/wp\/v2\/comments?post=16698"}],"version-history":[{"count":3,"href":"http:\/\/www.luigiaccattoli.it\/blog\/wp-json\/wp\/v2\/pages\/16698\/revisions"}],"predecessor-version":[{"id":16710,"href":"http:\/\/www.luigiaccattoli.it\/blog\/wp-json\/wp\/v2\/pages\/16698\/revisions\/16710"}],"up":[{"embeddable":true,"href":"http:\/\/www.luigiaccattoli.it\/blog\/wp-json\/wp\/v2\/pages\/6312"}],"wp:attachment":[{"href":"http:\/\/www.luigiaccattoli.it\/blog\/wp-json\/wp\/v2\/media?parent=16698"}],"curies":[{"name":"wp","href":"https:\/\/api.w.org\/{rel}","templated":true}]}}