{"id":16786,"date":"2015-08-11T12:44:09","date_gmt":"2015-08-11T10:44:09","guid":{"rendered":"http:\/\/www.luigiaccattoli.it\/blog\/?page_id=16786"},"modified":"2015-08-11T13:13:33","modified_gmt":"2015-08-11T11:13:33","slug":"galantino-sui-profughi-e-i-piazzisti-da-quattro-soldi","status":"publish","type":"page","link":"http:\/\/www.luigiaccattoli.it\/blog\/articoli-del-corriere-della-sera\/galantino-sui-profughi-e-i-piazzisti-da-quattro-soldi\/","title":{"rendered":"Galantino sui profughi e i \u201cpiazzisti da quattro soldi\u201d"},"content":{"rendered":"<p><i>Pubblicato dal \u201cCorriere della Sera\u201d dell\u201911 agosto 2015 a pagina 5 con il titolo \u201cNelle parole \u2018rudi\u2019 di Galantino la linea di Francesco\u201d<\/i><\/p>\n<p><a name=\"_GoBack\"><\/a><\/p>\n<p>Nunzio Galantino \u00e8 il segretario della Cei ma non parla come un vescovo. Usa un linguaggio diretto, simile a quello di Papa Bergoglio quando grida \u201cvergogna\u201d per Lampedusa. Anzi di pi\u00f9: se Bergoglio \u00e8 schietto, Galantino \u00e8 rude. Ma la sua cifra \u00e8 quella del Papa dei poveri che per farsi capire non teme di alzare i toni, o di mescolare i linguaggi, buttando l\u00e0 \u2013 poniamo \u2013 che per essere buoni cattolici non bisogna fare figli \u201ccome i conigli\u201d.<\/p>\n<p>Galantino taglia e cuce ma non lo fa per inesperienza della vita o della lingua. Sta per compiere 67 anni, ha una laurea in filosofia e un dottorato in teologia, ha scritto su Rosmini e Bonhoeffer.<\/p>\n<p>Quando qualifica i politici che cavalcano la \u201cpaura dell\u2019invasione\u201d come \u201cpiazzisti da quattro soldi\u201d che &#8220;per raccattare voti&#8221; fanno affermazioni &#8220;straordinariamente insulse&#8221;, intende\u00a0affermare proprio questo. Non \u00e8 un \u201cerrore comunicativo\u201d come si usa dire nei salotti che non frequenta: \u00e8 un attacco frontale. Del resto tornava dal Medio Oriente e parlava di richiedenti asilo per i quali venerd\u00ec il Papa aveva detto che respingerli \u201c\u00e8 guerra, si chiama violenza, si chiama uccidere\u201d.<\/p>\n<p>Con la stessa attitudine combattiva con cui oggi sfida i Grillo e i Salvini, Galantino a fine luglio aveva definito \u201cpericolosa\u201d e \u201cideologica\u201d la sentenza della Cassazione sull\u2019Ici per le scuole paritarie. In maggio aveva commentato cos\u00ec il referendum irlandese che introduceva le nozze gay: <span style=\"color: #222222;\"><span style=\"font-family: title-regular, serif;\">\u201cSu questi temi prevale un delirio dell\u2019emotivit\u00e0 e un sonno della ragione\u201d.<\/span><\/span><span style=\"color: #222222;\"><span style=\"font-family: title-regular, serif;\">\u00a0<\/span><\/span><\/p>\n<p><span style=\"color: #222222;\"><span style=\"font-family: title-regular, serif;\">Papa Bergoglio chiede ai vescovi italiani di parlare per il \u201cloro popolo\u201d e di farlo con concretezza di riferimenti, in modo che \u201cil popolo capisca\u201d. Si direbbe che Galantino si diverta a fornire esempi di quell\u2019arte, sconosciuta all\u2019Italia ecclesiastica. E pu\u00f2 capitare che qualche volta vada pi\u00f9 in l\u00e0 del maestro. <\/span><\/span><\/p>\n<p><span style=\"color: #222222;\"><span style=\"font-family: title-regular, serif;\"><b>Luigi Accattoli<\/b><\/span><\/span><\/p>\n","protected":false},"excerpt":{"rendered":"<p>Pubblicato dal \u201cCorriere della Sera\u201d dell\u201911 agosto 2015 a pagina 5 con il titolo \u201cNelle parole \u2018rudi\u2019 di Galantino la linea di Francesco\u201d Nunzio Galantino \u00e8 il segretario della Cei&#8230;<\/p>\n<div class=\"more-link-wrapper\"><a class=\"more-link\" href=\"http:\/\/www.luigiaccattoli.it\/blog\/articoli-del-corriere-della-sera\/galantino-sui-profughi-e-i-piazzisti-da-quattro-soldi\/\">Read More<span class=\"screen-reader-text\">Galantino sui profughi e i \u201cpiazzisti da quattro soldi\u201d<\/span><\/a><\/div>\n","protected":false},"author":1,"featured_media":0,"parent":7661,"menu_order":0,"comment_status":"open","ping_status":"closed","template":"","meta":{"_monsterinsights_skip_tracking":false,"_monsterinsights_sitenote_active":false,"_monsterinsights_sitenote_note":"","_monsterinsights_sitenote_category":0,"footnotes":""},"class_list":["post-16786","page","type-page","status-publish","hentry","excerpt"],"_links":{"self":[{"href":"http:\/\/www.luigiaccattoli.it\/blog\/wp-json\/wp\/v2\/pages\/16786","targetHints":{"allow":["GET"]}}],"collection":[{"href":"http:\/\/www.luigiaccattoli.it\/blog\/wp-json\/wp\/v2\/pages"}],"about":[{"href":"http:\/\/www.luigiaccattoli.it\/blog\/wp-json\/wp\/v2\/types\/page"}],"author":[{"embeddable":true,"href":"http:\/\/www.luigiaccattoli.it\/blog\/wp-json\/wp\/v2\/users\/1"}],"replies":[{"embeddable":true,"href":"http:\/\/www.luigiaccattoli.it\/blog\/wp-json\/wp\/v2\/comments?post=16786"}],"version-history":[{"count":4,"href":"http:\/\/www.luigiaccattoli.it\/blog\/wp-json\/wp\/v2\/pages\/16786\/revisions"}],"predecessor-version":[{"id":16791,"href":"http:\/\/www.luigiaccattoli.it\/blog\/wp-json\/wp\/v2\/pages\/16786\/revisions\/16791"}],"up":[{"embeddable":true,"href":"http:\/\/www.luigiaccattoli.it\/blog\/wp-json\/wp\/v2\/pages\/7661"}],"wp:attachment":[{"href":"http:\/\/www.luigiaccattoli.it\/blog\/wp-json\/wp\/v2\/media?parent=16786"}],"curies":[{"name":"wp","href":"https:\/\/api.w.org\/{rel}","templated":true}]}}