{"id":17103,"date":"2015-10-30T14:20:51","date_gmt":"2015-10-30T13:20:51","guid":{"rendered":"http:\/\/www.luigiaccattoli.it\/blog\/?page_id=17103"},"modified":"2015-10-30T14:20:51","modified_gmt":"2015-10-30T13:20:51","slug":"marino-ovvero-come-sottrarre-la-scacchiera-al-temerario-scacchista","status":"publish","type":"page","link":"http:\/\/www.luigiaccattoli.it\/blog\/articoli-del-corriere-della-sera\/marino-ovvero-come-sottrarre-la-scacchiera-al-temerario-scacchista\/","title":{"rendered":"Marino ovvero come sottrarre la scacchiera al temerario scacchista"},"content":{"rendered":"<p><i>Pubblicato come fondo dal \u201cCorriere Roma\u201d del 30 ottobre 2015<\/i><\/p>\n<p><a name=\"_GoBack\"><\/a>Il sindaco Marino, che una volta era amico del Papa, sta gettando nell\u2019incubo i responsabili del Giubileo: mancano 39 giorni all\u2019apertura della Porta Santa e c\u2019\u00e8 il rischio che in buona parte si consumino prima che si conosca l\u2019esito della partita a scacchi che il titolare dell\u2019amministrazione cittadina, gi\u00e0 dimissionario e sfiduciato dal suo stesso partito, ha riaperto ieri.<\/p>\n<p>E\u2019 lecito anteporre con tanta determinazione la cura del proprio destino politico all\u2019interesse collettivo e all\u2019immagine della citt\u00e0 di Roma nel mondo? La lotta politica \u2013 si sa \u2013 \u00e8 spregiudicata e pu\u00f2 portare a esiti non previsti dagli stessi protagonisti. E\u2019 verosimile che Marino, travolto dalla necessit\u00e0 di reagire al linciaggio mediatico \u2013 esagerato e in parte ingiusto \u2013 di cui \u00e8 stato vittima, non avverta la portata delle sue mosse.<\/p>\n<p>Non \u00e8 tanto in questione l\u2019attivazione delle mini opere pubbliche previste per il Giubileo, n\u00e9 l\u2019urgenza di fornire una controparte amministrativa con pieni poteri ai responsabili ecclesiastici: \u00e8 venuta ripetutamente dal Vaticano e dal Vicariato l\u2019assicurazione che tutto \u00e8 sotto controllo, essendo il Governo e non il Comune il loro interlocutore primario. E per fortuna a interpretare quel ruolo c\u2019\u00e8 un uomo attendibile come Gabrielli, prefetto e commissario per il Giubileo<\/p>\n<p>Ma ci sono due altri elementi giubilari da tenere in conto e per i quali il ritiro delle dimissioni da parte di Marino \u00e8 di grande pregiudizio: la gestione della vita ordinaria della citt\u00e0, gi\u00e0 precaria e che minaccia di farsi spaventosa; e l\u2019eco che quello spavento trover\u00e0 nei media internazionali, che nelle settimane di avvio dell\u2019Anno Santo moltiplicher\u00e0 gli speciali sulla nostra citt\u00e0.<\/p>\n<p>Se \u00e8 ragionevole l\u2019ipotesi che Marino non colga la gittata della sua mossa, sar\u00e0 bene che quanti la colgono s\u2019impegnino a sottrarre al pi\u00f9 presto la scacchiera al temerario scacchista, che magari di sogno in sogno pu\u00f2 arrivare a coltivare quello d\u2019essere presente, in fascia tricolore, all\u2019aperura della Porta Santa. Nessuno pu\u00f2 prevedere come un sogno \u2013 quello d\u2019essere presente all\u2019avvio del processo per \u201cMafia Capitale\u201d \u2013 possa aprirsi in altri sogni.<\/p>\n<p>Chiudere al pi\u00f9 presto il folle gioco che Marino ha riaperto ieri \u00e8 un\u2019urgenza da perseguire per le sorti della citt\u00e0, innanzitutto. Ma non sar\u00e0 fuori luogo prestare uno scampolo di attenzione anche al danno aggiuntivo e mondiale che il volto mezzo sfigurato di Roma pu\u00f2 correre con l\u2019incombente sovraesposizione giubilare.<\/p>\n<p><b>Luigi Accattoli<\/b><\/p>\n<p>www.luigiaccattoli.it<\/p>\n","protected":false},"excerpt":{"rendered":"<p>Pubblicato come fondo dal \u201cCorriere Roma\u201d del 30 ottobre 2015 Il sindaco Marino, che una volta era amico del Papa, sta gettando nell\u2019incubo i responsabili del Giubileo: mancano 39 giorni&#8230;<\/p>\n<div class=\"more-link-wrapper\"><a class=\"more-link\" href=\"http:\/\/www.luigiaccattoli.it\/blog\/articoli-del-corriere-della-sera\/marino-ovvero-come-sottrarre-la-scacchiera-al-temerario-scacchista\/\">Read More<span class=\"screen-reader-text\">Marino ovvero come sottrarre la scacchiera al temerario scacchista<\/span><\/a><\/div>\n","protected":false},"author":1,"featured_media":0,"parent":7661,"menu_order":0,"comment_status":"open","ping_status":"closed","template":"","meta":{"_monsterinsights_skip_tracking":false,"_monsterinsights_sitenote_active":false,"_monsterinsights_sitenote_note":"","_monsterinsights_sitenote_category":0,"footnotes":""},"class_list":["post-17103","page","type-page","status-publish","hentry","excerpt"],"_links":{"self":[{"href":"http:\/\/www.luigiaccattoli.it\/blog\/wp-json\/wp\/v2\/pages\/17103","targetHints":{"allow":["GET"]}}],"collection":[{"href":"http:\/\/www.luigiaccattoli.it\/blog\/wp-json\/wp\/v2\/pages"}],"about":[{"href":"http:\/\/www.luigiaccattoli.it\/blog\/wp-json\/wp\/v2\/types\/page"}],"author":[{"embeddable":true,"href":"http:\/\/www.luigiaccattoli.it\/blog\/wp-json\/wp\/v2\/users\/1"}],"replies":[{"embeddable":true,"href":"http:\/\/www.luigiaccattoli.it\/blog\/wp-json\/wp\/v2\/comments?post=17103"}],"version-history":[{"count":1,"href":"http:\/\/www.luigiaccattoli.it\/blog\/wp-json\/wp\/v2\/pages\/17103\/revisions"}],"predecessor-version":[{"id":17104,"href":"http:\/\/www.luigiaccattoli.it\/blog\/wp-json\/wp\/v2\/pages\/17103\/revisions\/17104"}],"up":[{"embeddable":true,"href":"http:\/\/www.luigiaccattoli.it\/blog\/wp-json\/wp\/v2\/pages\/7661"}],"wp:attachment":[{"href":"http:\/\/www.luigiaccattoli.it\/blog\/wp-json\/wp\/v2\/media?parent=17103"}],"curies":[{"name":"wp","href":"https:\/\/api.w.org\/{rel}","templated":true}]}}