{"id":17122,"date":"2015-11-03T17:30:05","date_gmt":"2015-11-03T16:30:05","guid":{"rendered":"http:\/\/www.luigiaccattoli.it\/blog\/?page_id=17122"},"modified":"2015-11-03T17:30:05","modified_gmt":"2015-11-03T16:30:05","slug":"il-corvo-nuovo-e-il-vecchio-marcio","status":"publish","type":"page","link":"http:\/\/www.luigiaccattoli.it\/blog\/articoli-del-corriere-della-sera\/il-corvo-nuovo-e-il-vecchio-marcio\/","title":{"rendered":"Il corvo nuovo e il vecchio marcio"},"content":{"rendered":"<p><a name=\"_GoBack\"><\/a><\/p>\n<p><i>Approfondimento del 3 novembre per il \u201cCorsera Digital Edition\u201d<\/i><\/p>\n<p>Il nuovo \u201ccorvo\u201d vaticano ha molti parenti tra i corvidi gi\u00e0 noti ma solo uno gli somiglia davvero, o forse anzi nessuno, dal momento che stavolta a essere trafugate non sono solo \u201ccarte\u201d riservate ma anche \u201cparole\u201d del Papa dette in incontri di lavoro. Sappiamo poco dell\u2019inchiesta condotta dalla Gendarmeria Vaticana e i documenti trafugati non sono ancora arrivati in libreria, ma \u00e8 ragionevole azzardare l\u2019idea di una mossa contro il Papa molto mirata e senza precedenti.<\/p>\n<p>Gi\u00e0 il maggio scorso erano arrivati ai media documenti riservati della Cosea, la Commissione per il rinnovamento delle finanze vaticane della quale avevano fatto parte i due inquisiti Vallejo Balda e Francesca Immacolata Chaouqui.<\/p>\n<p>Andando a ritroso troviamo un memoriale che il presidente dello Ior Gotti Tedeschi (sfiduciato dal bord dell\u2019Istituto il 25 maggio 2012) sentendosi \u201cminacciato\u201d e temendo per la propria vita consegna a persone fidate nella primavera del 2012 e in parte arriva ai media.<\/p>\n<p>In quelle stesse settimane era stato pubblicato da \u201cChiare Lettere\u201d il volume di Gianluigi Nuzzi intitolato \u201cSua Santit\u00e0. Le carte segrete di Benedetto XVI\u201d (la prima edizione \u00e8 del maggio 2012), che rendeva pubblici documenti trafugati dalla scrivania di Benedetto XVI dall\u2019aiutante di camera Paolo Gabriele, il corvo dei corvi, ingenuo e forse manovrato, condannato a 18 mesi il 6 ottobre 2012 dal Tribunale Vaticano per \u201cfurto aggravato\u201d e graziato dal Papa il 22 dicembre successivo.<\/p>\n<p>Non era il primo libro di documenti riservati pubblicato dal collega Nuzzi: nel 2009 sempre \u201cChiare Lettere\u201d aveva mandato in libreria un altro suo volume, \u201cVaticano SpA. Da un archivio segreto la verit\u00e0 sugli scandali finanziari e politici della Chiesa\u201d.<\/p>\n<p>Ecco: questa prima impresa del Nuzzi \u00e8 forse il precedente che pi\u00f9 si avvicina all\u2019attuale trafugamento di carte riservate, che appariranno nel nuovo e terzo suo volume di materiali vaticani che dovrebbero arrivare in libreria dopodomani con il titolo \u201cVia Crucis. Da registrazioni e documenti inediti la difficile lotta di Papa Francesco per cambiare la Chiesa\u201d.<\/p>\n<p>La novit\u00e0 di quest\u2019ultimo trafugamento \u00e8 nella parola del sottotitolo \u201cregistrazioni\u201d: nel volume vi sarebbero trascrizioni di conversazioni registrate di Papa Francesco con i suoi collaboratori e questo non era mai avvenuto. Ma per i documenti inediti \u00e8 forte la similitudine con il volume del 2009, che si basava su un archivio personale di un monsignore di Curia deceduto, Renato Dardozzi (1922-2003), che aveva avuto parte per decenni nelle vicende dello Ior e che aveva destinato per testamento quelle carte alla pubblicazione, da realizzare dopo la sua morte.<\/p>\n<p>La similitudine sta in questo: che anche stavolta i documenti trafugati sono stati passati al giornalista da chi (forse i due indagati Vallejo Balda e la Chaouqui) a essi aveva accesso in funzione del proprio ufficio. Del tutto diverso era invece il caso del corvo Gabriele che fotocopiava e trafugava dalla scrivania di Benedetto XVI carte di cui si appropriava clandestinamente.<\/p>\n<p>Alle carte vanno poi aggiunte \u2013 come dicevo sopra \u2013 le trascrizioni di parole del Papa pronunciate in incontri con collaboratori. Pare che non si tratti di registrazioni autorizzate, poniamo a supporto del lavoro dei partecipanti a quelle riunioni, ma nascoste e abusive.<\/p>\n<p>Negli ambienti vicini a Papa Francesco il nuovo trafugamento viene interpretato come un colpo di coda del vecchio Vatileaks, ma \u00e8 una lettura che non convince del tutto, troppo condizionata dal fatto che il destinatario del trafugamento \u00e8 lo stesso giornalista d\u2019allora.<\/p>\n<p>Due sono le novit\u00e0: stavolta la materia parrebbe strettamente economica, mentre allora erano trafugate carte d\u2019ogni contenuto (dalle vicende personali di Dino Boffo all\u2019istruttoria per la nomina dell\u2019Arcivescovo di Milano); questa fuga avrebbe a primo responsabile un alto esponente dell\u2019apparato economico della Santa Sede (il Vallejo Balda ora agli arresti).<\/p>\n<p>Dicevo sopra che quest\u2019ultima impresa del collega Nuzzi somiglia piuttosto alla prima, per esservi coinvolto un esponente dell\u2019apparato Vaticano. Ma Dardozzi al momento della pubblicazione dei suoi documenti era morto, Vallejo invece \u00e8 vivo. Se davvero l\u2019iniziativa era sua, dovremmo presto saperne di pi\u00f9.<\/p>\n<p>Un solo punto \u00e8 gi\u00e0 chiaro ad abbondanza: la pubblicazione \u00e8 un attacco al Papa.<\/p>\n<p>Non il lavoro del giornalista, ovviamente, che ha la sua legittima finalit\u00e0 professionale; ma il supporto che quel lavoro ha trovato nel fornitore di documenti interno al Vaticano. Vista la buona riuscita del trafugamento del 2012, che a ogni evidenza costitu\u00ec un gravissimo affronto a Benedetto XVI \u2013 e soprattutto al suo governo \u2013 qualcuno deve aver pensato che fosse arrivato il momento di aprire il fuoco sul successore.<\/p>\n<p><b>Luigi Accattoli<\/b><\/p>\n<p>www.luigiaccattoli.it<\/p>\n","protected":false},"excerpt":{"rendered":"<p>Approfondimento del 3 novembre per il \u201cCorsera Digital Edition\u201d Il nuovo \u201ccorvo\u201d vaticano ha molti parenti tra i corvidi gi\u00e0 noti ma solo uno gli somiglia davvero, o forse anzi&#8230;<\/p>\n<div class=\"more-link-wrapper\"><a class=\"more-link\" href=\"http:\/\/www.luigiaccattoli.it\/blog\/articoli-del-corriere-della-sera\/il-corvo-nuovo-e-il-vecchio-marcio\/\">Read More<span class=\"screen-reader-text\">Il corvo nuovo e il vecchio marcio<\/span><\/a><\/div>\n","protected":false},"author":1,"featured_media":0,"parent":7661,"menu_order":0,"comment_status":"open","ping_status":"closed","template":"","meta":{"_monsterinsights_skip_tracking":false,"_monsterinsights_sitenote_active":false,"_monsterinsights_sitenote_note":"","_monsterinsights_sitenote_category":0,"footnotes":""},"class_list":["post-17122","page","type-page","status-publish","hentry","excerpt"],"_links":{"self":[{"href":"http:\/\/www.luigiaccattoli.it\/blog\/wp-json\/wp\/v2\/pages\/17122","targetHints":{"allow":["GET"]}}],"collection":[{"href":"http:\/\/www.luigiaccattoli.it\/blog\/wp-json\/wp\/v2\/pages"}],"about":[{"href":"http:\/\/www.luigiaccattoli.it\/blog\/wp-json\/wp\/v2\/types\/page"}],"author":[{"embeddable":true,"href":"http:\/\/www.luigiaccattoli.it\/blog\/wp-json\/wp\/v2\/users\/1"}],"replies":[{"embeddable":true,"href":"http:\/\/www.luigiaccattoli.it\/blog\/wp-json\/wp\/v2\/comments?post=17122"}],"version-history":[{"count":2,"href":"http:\/\/www.luigiaccattoli.it\/blog\/wp-json\/wp\/v2\/pages\/17122\/revisions"}],"predecessor-version":[{"id":17124,"href":"http:\/\/www.luigiaccattoli.it\/blog\/wp-json\/wp\/v2\/pages\/17122\/revisions\/17124"}],"up":[{"embeddable":true,"href":"http:\/\/www.luigiaccattoli.it\/blog\/wp-json\/wp\/v2\/pages\/7661"}],"wp:attachment":[{"href":"http:\/\/www.luigiaccattoli.it\/blog\/wp-json\/wp\/v2\/media?parent=17122"}],"curies":[{"name":"wp","href":"https:\/\/api.w.org\/{rel}","templated":true}]}}