{"id":17190,"date":"2015-11-14T16:21:39","date_gmt":"2015-11-14T15:21:39","guid":{"rendered":"http:\/\/www.luigiaccattoli.it\/blog\/?page_id=17190"},"modified":"2015-11-14T16:21:39","modified_gmt":"2015-11-14T15:21:39","slug":"francesco-sceglie-la-parola-misericordia-per-la-treccani","status":"publish","type":"page","link":"http:\/\/www.luigiaccattoli.it\/blog\/articoli-del-corriere-della-sera\/francesco-sceglie-la-parola-misericordia-per-la-treccani\/","title":{"rendered":"Francesco sceglie la parola \u201cmisericordia\u201d per la Treccani"},"content":{"rendered":"<p>&nbsp;<\/p>\n<p><i>Pubblicato dal \u201cCorriere delle Sera\u201d del 13 novembre 2015 a pagina 24 con il titolo \u201cLa parola misericordia scelta e firmata da Bergoglio per la Treccani<\/i><\/p>\n<p>La Treccani chiede a una cinquantina di personaggi di indicare la parola che \u201cgli ha cambiato la vita\u201d e tra questi c\u2019\u00e8 il Papa, che dice \u201cmisericordia\u201d e cos\u00ec motiva la scelta: \u201cPer me, lo dico umilmente, \u00e8 il messaggio pi\u00f9 forte del Signore: la misericordia\u201d.<\/p>\n<p>Samantha Cristoforetti sceglie \u201cfiducia\u201d. Rossella Brescia \u201csorriso\u201d: \u201cPerch\u00e9 il sorriso risolve quasi tutto\u201d. Vasco Rossi scommette su \u201cspericolata\u201d: \u201cCos\u00ec \u00e8 stata la mia vita\u201d. Totti \u00e8 il pi\u00f9 breve e dice \u201cfamiglia\u201d. C\u2019\u00e8 gi\u00e0 Baricco, ci sar\u00e0 Bocelli. E ci sono la regista Rohrwacher e la Littizzetto. Com\u2019\u00e8 sua arte la Treccani getta una rete che prende i pesci pi\u00f9 diversi.<\/p>\n<p>La rassegna terminer\u00e0 a dicembre. Un mini sito &#8211; #leparolevalgono &#8211; la offre ai visitatori: una foto del testimonial e la sua parola con una motivazione breve come un twitt. Entrano due personaggi a settimana e oggi tocca a Bergoglio, un colpo niente male. Dal 5 ottobre il totale delle visualizzazioni \u00e8 di 14 milioni.<\/p>\n<p>I visitatori possono accedere al sito e \u201ccondividere\u201d le loro parole. Un gioco interattivo, ma non senza ambizioni: dovrebbe venirne, dicono alla Treccani, \u201cuna fotografia delle trasformazioni della lingua, della societ\u00e0 e in definitiva dell\u2019Italia\u201d. Perch\u00e9 oggi tutto scorre, pi\u00f9 veloce che mai, ed \u00e8 utile fermare per un momento le parole e le storie che portano con s\u00e9.<\/p>\n<p>Che il Papa avrebbe puntato sulla misericordia potevamo indovinarlo: ha detto cento volte che \u201cquesto \u00e8 il tempo della misericordia\u201d, che Dio \u00e8 \u201ctutto e solo misericordia\u201d, che la Chiesa deve trovare \u201cuna misericordia per tutti\u201d. Ha indetto un \u201cGiubileo della misericordia\u201d e la bolla dell\u2019indizione l\u2019ha intitolata \u201cIl volto della misericordia\u201d.<\/p>\n<p>Marted\u00ec a Firenze, indicando il Cristo del Giudizio universale che \u00e8 dipinto all\u2019interno della cupola del Brunelleschi, lo ha qualificato come \u201cgiudice di misericordia\u201d. Ma forse le parole che pi\u00f9 ha soppesato sono quelle con le quali ha accettato l\u2019elezione: \u201cSono peccatore ma accetto in spirito di penitenza e confidando sulla misericordia e sull\u2019infinita pazienza del Signore nostro Ges\u00f9 Cristo\u201d.<\/p>\n<p>In quella formula \u00e8 chiaro che cosa intenda per \u201cmisericordia\u201d: l\u2019uomo, ogni uomo \u00e8 peccatore, cio\u00e8 in fuga da Dio: ma Dio \u00e8 infinita bont\u00e0 e sempre attende il ritorno dell\u2019umanit\u00e0 fuggiasca. In quell\u2019attesa si esprime la sua misericordia.<\/p>\n<p>Mettendo la misericordia a motto del pontificato Francesco segue Giovanni XXIII che aveva parlato della \u201cmedicina della misericordia\u201d come la pi\u00f9 adatta all\u2019umanit\u00e0 di oggi e Papa Wojtyla che scrisse l\u2019enciclica \u201cDio ricco di misericordia\u201d (1980). Ma anche Benedetto XVI che una volta disse: \u201cDio \u00e8 tutto amore e solo amore\u201d. Francesco fa sua quella dottrina mettendo \u201cmisericordia\u201d al posto di \u201camore\u201d.<\/p>\n<p><b>Luigi Accattoli<\/b><\/p>\n<p>www.luigiaccattoli.it<\/p>\n","protected":false},"excerpt":{"rendered":"<p>&nbsp; Pubblicato dal \u201cCorriere delle Sera\u201d del 13 novembre 2015 a pagina 24 con il titolo \u201cLa parola misericordia scelta e firmata da Bergoglio per la Treccani La Treccani chiede&#8230;<\/p>\n<div class=\"more-link-wrapper\"><a class=\"more-link\" href=\"http:\/\/www.luigiaccattoli.it\/blog\/articoli-del-corriere-della-sera\/francesco-sceglie-la-parola-misericordia-per-la-treccani\/\">Read More<span class=\"screen-reader-text\">Francesco sceglie la parola \u201cmisericordia\u201d per la Treccani<\/span><\/a><\/div>\n","protected":false},"author":1,"featured_media":0,"parent":7661,"menu_order":0,"comment_status":"open","ping_status":"closed","template":"","meta":{"_monsterinsights_skip_tracking":false,"_monsterinsights_sitenote_active":false,"_monsterinsights_sitenote_note":"","_monsterinsights_sitenote_category":0,"footnotes":""},"class_list":["post-17190","page","type-page","status-publish","hentry","excerpt"],"_links":{"self":[{"href":"http:\/\/www.luigiaccattoli.it\/blog\/wp-json\/wp\/v2\/pages\/17190","targetHints":{"allow":["GET"]}}],"collection":[{"href":"http:\/\/www.luigiaccattoli.it\/blog\/wp-json\/wp\/v2\/pages"}],"about":[{"href":"http:\/\/www.luigiaccattoli.it\/blog\/wp-json\/wp\/v2\/types\/page"}],"author":[{"embeddable":true,"href":"http:\/\/www.luigiaccattoli.it\/blog\/wp-json\/wp\/v2\/users\/1"}],"replies":[{"embeddable":true,"href":"http:\/\/www.luigiaccattoli.it\/blog\/wp-json\/wp\/v2\/comments?post=17190"}],"version-history":[{"count":1,"href":"http:\/\/www.luigiaccattoli.it\/blog\/wp-json\/wp\/v2\/pages\/17190\/revisions"}],"predecessor-version":[{"id":17191,"href":"http:\/\/www.luigiaccattoli.it\/blog\/wp-json\/wp\/v2\/pages\/17190\/revisions\/17191"}],"up":[{"embeddable":true,"href":"http:\/\/www.luigiaccattoli.it\/blog\/wp-json\/wp\/v2\/pages\/7661"}],"wp:attachment":[{"href":"http:\/\/www.luigiaccattoli.it\/blog\/wp-json\/wp\/v2\/media?parent=17190"}],"curies":[{"name":"wp","href":"https:\/\/api.w.org\/{rel}","templated":true}]}}