{"id":17713,"date":"2016-03-14T10:54:17","date_gmt":"2016-03-14T09:54:17","guid":{"rendered":"http:\/\/www.luigiaccattoli.it\/blog\/?page_id=17713"},"modified":"2016-03-14T10:54:17","modified_gmt":"2016-03-14T09:54:17","slug":"quarta-di-copertina","status":"publish","type":"page","link":"http:\/\/www.luigiaccattoli.it\/blog\/prefazioni-e-capitoli\/quarta-di-copertina\/","title":{"rendered":"Quarta di copertina"},"content":{"rendered":"<p><i>Paola \u00e8 tenace e la tetraparesi spastica non le impedisce di sperimentare faticose meraviglie: un impensabile viaggio in Terra Santa, il mirabolante uso del computer, una Via Crucis sulle pietre toccate da Ges\u00f9. \u201cNel 2011 ho realizzato il sogno di quel viaggio e non chiedo di pi\u00f9\u201d. Una richiesta invece la fa, a nome di tutti: \u201cVorrei capire con il cuore qualcosa che con la testa so da tanto, e cio\u00e8 che la disabilit\u00e0 non \u00e8 la fine del mondo, poich\u00e9 quaggi\u00f9 un poco disabili lo siamo tutti\u201d. Un piccolo libro che \u00e8 anche un coro di voci, nel quale l\u2019autrice fa parlare parenti e amici, l\u2019eroica mamma Gemma, i giornalisti che l\u2019hanno aiutata a raccontare l\u2019avventura del viaggio e della vita. <\/i><\/p>\n","protected":false},"excerpt":{"rendered":"<p>Paola \u00e8 tenace e la tetraparesi spastica non le impedisce di sperimentare faticose meraviglie: un impensabile viaggio in Terra Santa, il mirabolante uso del computer, una Via Crucis sulle pietre&#8230;<\/p>\n<div class=\"more-link-wrapper\"><a class=\"more-link\" href=\"http:\/\/www.luigiaccattoli.it\/blog\/prefazioni-e-capitoli\/quarta-di-copertina\/\">Read More<span class=\"screen-reader-text\">Quarta di copertina<\/span><\/a><\/div>\n","protected":false},"author":1,"featured_media":0,"parent":109,"menu_order":0,"comment_status":"closed","ping_status":"closed","template":"","meta":{"_monsterinsights_skip_tracking":false,"_monsterinsights_sitenote_active":false,"_monsterinsights_sitenote_note":"","_monsterinsights_sitenote_category":0,"footnotes":""},"class_list":["post-17713","page","type-page","status-publish","hentry","excerpt"],"_links":{"self":[{"href":"http:\/\/www.luigiaccattoli.it\/blog\/wp-json\/wp\/v2\/pages\/17713","targetHints":{"allow":["GET"]}}],"collection":[{"href":"http:\/\/www.luigiaccattoli.it\/blog\/wp-json\/wp\/v2\/pages"}],"about":[{"href":"http:\/\/www.luigiaccattoli.it\/blog\/wp-json\/wp\/v2\/types\/page"}],"author":[{"embeddable":true,"href":"http:\/\/www.luigiaccattoli.it\/blog\/wp-json\/wp\/v2\/users\/1"}],"replies":[{"embeddable":true,"href":"http:\/\/www.luigiaccattoli.it\/blog\/wp-json\/wp\/v2\/comments?post=17713"}],"version-history":[{"count":1,"href":"http:\/\/www.luigiaccattoli.it\/blog\/wp-json\/wp\/v2\/pages\/17713\/revisions"}],"predecessor-version":[{"id":17714,"href":"http:\/\/www.luigiaccattoli.it\/blog\/wp-json\/wp\/v2\/pages\/17713\/revisions\/17714"}],"up":[{"embeddable":true,"href":"http:\/\/www.luigiaccattoli.it\/blog\/wp-json\/wp\/v2\/pages\/109"}],"wp:attachment":[{"href":"http:\/\/www.luigiaccattoli.it\/blog\/wp-json\/wp\/v2\/media?parent=17713"}],"curies":[{"name":"wp","href":"https:\/\/api.w.org\/{rel}","templated":true}]}}