{"id":1812,"date":"2009-07-22T15:41:03","date_gmt":"2009-07-22T13:41:03","guid":{"rendered":"http:\/\/www.luigiaccattoli.it\/blog\/?page_id=1812"},"modified":"2010-02-01T09:34:08","modified_gmt":"2010-02-01T08:34:08","slug":"giovanni-ferro-come-un-%e2%80%9cgiusto%e2%80%9d-inerme-riusci-a-salvare-un-ebreo-e-tre-mussolini","status":"publish","type":"page","link":"http:\/\/www.luigiaccattoli.it\/blog\/cerco-fatti-di-vangelo\/18-giusti-delle-nazioni\/giovanni-ferro-come-un-%e2%80%9cgiusto%e2%80%9d-inerme-riusci-a-salvare-un-ebreo-e-tre-mussolini\/","title":{"rendered":"Giovanni Ferro: come un \u201cgiusto\u201d inerme salva un ebreo e tre Mussolini"},"content":{"rendered":"<p>Tra i &#8220;giusti delle nazioni&#8221; entrer\u00e0 presto il padre Somasco Giovanni Ferro, che fu arcivescovo di Reggio Calabria dal 1950 al 1977 e per il quale \u00e8 avviata da un anno la causa di canonizzazione: egli accolse al collegio Gallio di Como, di cui era rettore, un ragazzo ebreo per tutto il tempo della persecuzione nazista. Ho conosciuto l&#8217;arcivescovo Ferro &#8211; uomo mite e inerme se mai ve ne furono &#8211; e sono amico del Gallio dove fui chiamato tre anni addietro per una conferenza. E&#8217; dunque con esultanza che racconto questa storia, lasciando la parola all&#8217;ebreo che fu messo in salvo.<br \/>\n<em>Mi chiamo Roberto Furcht, ho ottant&#8217;anni e sono qui per rendere omaggio alla memoria del padre somasco e vescovo Giovanni Ferro, che mi accolse al collegio Gallio, qui a Como, durante l&#8217;occupazione nazista e al quale debbo la salvezza della vita.<\/em><\/p>\n<p><strong>Il rettore mi accoglie <\/strong><br \/>\n<strong>e mi procura una falsa identit\u00e0<\/strong><br \/>\n<em>L&#8217;armistizio dell&#8217;8 settembre 1943 aveva colto di sorpresa la mia famiglia sfollata dal 1942 a Cittiglio, Varese. Il 12 settembre un convoglio di SS\u00a0passa da Cittiglio. Mentre lo zio si rifugia in Svizzera e il pap\u00e0 si ferma nelle Marche, dove al momento si trova, mia madre decide di lasciare Cittiglio e si reca con me quattordicenne alla stazione. Mentre ci troviamo al bar entra un gruppo di SS che chiedono al barista se conosce la famiglia Furcht. Sono le stesse SS che qualche giorno pi\u00f9 tardi attueranno la strage di Meina, Novara, che sar\u00e0 la prima strage in Italia di ebrei non militari. <\/em><br \/>\n<em>Mia mamma e io siamo a pochi centimetri dai militari, ma il barista ha la prontezza di dire che non conosce nessun Furcht. Prendiamo un treno per la prima destinazione possibile che, in quel momento, \u00e8 Como.La mamma cerca e trova un collega d&#8217;ufficio (lavorava alla SNIA Viscosa), che ci accompagna al collegio Gallio dove il rettore, padre Giovanni Ferro,\u00a0mi accoglie e mi fornisce,\u00a0pochi giorni dopo, falsi documenti d&#8217;identit\u00e0.\u00a0Al Gallio trascorro gli anni scolastici 1943-44 e 1944-45 con il padre rettore che ogni due giorni mi chiama nel suo ufficio per rinfrancarmi e interessarsi al progresso dei miei studi. <\/em><br \/>\n<em>Il padre Ferro in tutto il periodo che io passo al collegio Gallio non fa mai richiesta di un qualsiasi pagamento di retta. Sotto questa protezione si giunge fino all&#8217;aprile 1945, quando finalmente il grande pericolo \u00e8 passato.\u00a0Intorno al 1965,\u00a0mentre sono in viaggio di lavoro a Messina, gli faccio visita all&#8217;arcivescovado di Reggio Calabria, dove mi riceve con grande affetto.\u00a0Nel 1994 riallaccio i rapporti con il collegio Gallio e faccio visita al\u00a0rettore di allora, padre Testa, che prepara una cena kasher. In seguito vengo a conoscenza del processo di beatificazione e mi auguro che questa mia testimonianza possa contribuire al suo buon esito. <\/em><br \/>\nCos\u00ec ha parlato Roberto Furcht al collegio Gallio domenica 10 maggio 2009, nella &#8220;giornata&#8221; di omaggio all&#8217;arcivescovo Giovanni Ferro promossa dai padri somaschi del collegio.<br \/>\nAvevo conosciuto l&#8217;arcivescovo Ferro (piemontese di Costigliole d&#8217;Asti, 1901-1992) in occasione di un convegno romano di reggini emigrati nella capitale &#8211; ai quali mi trovo affiliato per ragioni familiari &#8211; e ben ricordo la discrezione e quasi la timidezza dell&#8217;uomo, cos\u00ec che non faccio difficolt\u00e0 a intendere come non abbia mai narrato quel gesto di protezione per il quale potrebbe essere avviata l&#8217;istruttoria da parte della fondazione Yad Vashem in vista del riconoscimento del titolo di &#8220;giusto delle nazioni&#8221;.<\/p>\n<p><strong>In seguito ospit\u00f2 <\/strong><br \/>\n<strong>tre familiari del Duce<\/strong><br \/>\nPare che l&#8217;arcivescovo Ferro abbia mantenuto un totale silenzio &#8211; almeno in pubblico &#8211; anche su un&#8217;altra vicenda di protezione di &#8220;perseguitati&#8221; di cui fu protagonista, sempre da rettore del Gallio, all&#8217;indomani del 25 aprile: quando accolse nel collegio e tenne nascosti per sei mesi e mezzo tre giovani uomini della famiglia Mussolini: il figlio del Duce Vittorio; Orio Ruberti, cognato di un altro figlio del Duce, Bruno, che era morto per un incidente all&#8217;aeroporto di Pisa nel 1941; Vanni Teodorani, genero di Arnaldo, defunto fratello del Duce.<br \/>\nVittorio Mussolini, 28 anni, bussa alla porta del Gallio il 26 aprile 1945, cio\u00e8 tre giorni dopo l&#8217;ingresso in Milano dei comandanti delle formazioni partigiane dell&#8217;Alta Italia e mentre il padre Benito sta fuggendo verso il confine svizzero (sar\u00e0 fucilato dai partigiani il 28 aprile a Giulino di Mezzegra, sul lago di Como). Vittorio sceglie il Gallio perch\u00e9 l\u00ec \u00e8 iscritto alle elementari il figlio Guido, registrato con il cognome della mamma, anche lei rifugiata in Como. Il 27 aprile vengono accolti nel collegio Orio e Vanni. I Mussolini resteranno al Gallio fino al 12 novembre 1945: cinque giorni dopo anche il padre Ferro lascia Como per Genova, dove gli \u00e8 stata affidata la parrocchia della Maddalena.<br \/>\nRester\u00e0 a Genova cinque anni, fino al 1950, quando verr\u00e0 nominato arcivescovo di Reggio Calabria. In quell&#8217;occasione si scrisse a Como a commento della notizia della nomina e in memoria dei sette anni di rettorato al Gallio, dei quali cinque in guerra: &#8220;<em>Non seppe e non volle mai negare aiuto e asilo a nessuno, purch\u00e8 fosse un perseguitato; mirava diritto, senza rimpianti e senza paura, pieno di fiducia nella Provvidenza<\/em>&#8220;.<br \/>\nDunque i fatti di protezione, sia del ragazzo ebreo che dei &#8220;giovani&#8221; Mussolini, erano noti nell&#8217;ambiente comasco e somasco. Ma si direbbe che l&#8217;arcivescovo Ferro non ne abbia mai fatto parola nei suoi nuovi ambienti di vita, a Genova e a Reggio Calabria. Tant&#8217;\u00e8 che fino a oggi nessuno almeno a Reggio Calabria &#8211; a esclusione delle persone impegnate nella causa di canonizzazione &#8211; sapeva con precisione di quelle sue avventure del tempo di guerra.<\/p>\n<p><strong>&#8220;Superiore a ogni politica <\/strong><br \/>\n<strong>e pronto ad aiutare gli uni e gli altri&#8221;<\/strong><br \/>\nIl fatto dell&#8217;ebreo era restato sconosciuto nei decenni all&#8217;esterno del Gallio ma non quello dei Mussolini: la loro presenza al Gallio era stata documentata da Gianfranco Bianchi e Fernando Mezzetti nel volume <em>Mussolini aprile &#8217;45: l&#8217;epilogo<\/em> (Editoriale nuova, Milano 1979). I due storici avevano anche pubblicato una lettera del padre Ferro al Governatore alleato della Piazza di Milano &#8211; datata 20 maggio 1945 &#8211; con cui lo informava dell&#8217;ospitalit\u00e0 concessa ai tre &#8220;non ancora fuori dal pericolo di una giustizia sommaria di parte&#8221;, facendosi garante della loro intenzione di &#8220;non allontanarsi dal luogo in cui si trovano&#8221;.<br \/>\nUmilt\u00e0, discrezione, distacco dalle dispute e dalla politica sono le attitudini dell&#8217;arcivescovo Ferro &#8211; attestate da quanti lo frequentarono &#8211; che spiegano quel silenzio. Una targa ricordo posta nella sala di attesa della Direzione del Collegio Gallio lo descrive come &#8220;superiore a ogni politica&#8221; e &#8220;sempre pronto a intervenire in aiuto degli uni e degli altri&#8221;. C&#8217;\u00e8 chi lo vede come un &#8220;buon uomo&#8221; in balia di eventi pi\u00f9 grandi di lui ma io trovo un forte segno cristiano in questa sua capacit\u00e0 di sfiorare la ribalta senza darne riscontro: &#8220;Non sappia la tua destra quello che fa la tua sinistra&#8221;.<\/p>\n<p><strong>Trentuno preti diocesani <\/strong><br \/>\n<strong>e ventisei tra frati e suore<\/strong><br \/>\nQuando l&#8217;arcivescovo Ferro sar\u00e0 riconosciuto come &#8220;giusto delle nazioni&#8221; salir\u00e0 a cinque il numero dei vescovi e &#8220;futuri vescovi&#8221; italiani che figureranno in quella lista. I giusti italiani erano 468 al gennaio 2009, su un totale di 22.765. Tra essi vi erano:<br \/>\n&#8211; due vescovi: Giuseppe Placido Nicolini di Assisi e il nunzio a Budapest Angelo Rotta;<br \/>\n&#8211; due futuri vescovi e poi cardinali, ma allora giovani preti: Vincenzo Fagiolo e Pietro Palazzini, ambedue del clero di Roma;<br \/>\n&#8211; 31 preti: Angelo Bassi, Arrigo Beccari, Enzo Boni Baldoni, Guido Bartolameotti, Enzo Boni-Boldoni, Alfredo Braccagni, Francesco Brondello, Michele Carlotto, Leto Casini, Alessandro Daelli, Angelo Dalla Torre, Giuseppe De Zotti, Giulio Facibeni, Alfredo Melani, Alessandro Di Pietro, Giulio Gradassi, Vivaldo Mecacci, Alfredo Melani, Ernesto Ollari, Arturo Paoli, Ferdinando Pasin, Francesco Repetto, Benedetto Richeldi, Luigi Rosadini, Dante Sala, Carlo Salvi, Beniamino Schivo, Giovanni Simeoni, Gaetano Tantalo, Raimondo Viale, Federico Vincenti;<br \/>\n&#8211; 11 religiosi: Armando Alessandrini, Pasquale Amerio, Francesco Antonioli, Aldo Brunacci, Antonio Dressino, Mario Leone Ehrhard, Giuseppe Girotti, Rufino Nicacci, Francesco Raspino, Cipriano Ricotti, Emanuele Stablum;<br \/>\n&#8211; 15 religiose: Maria Antoniazzi, Virginia Badetti, Emilia Benedetti, Anna Bolledi, Sandra Busnelli, Maria Maddalena Cei, Maria Corsetti, Maria Angelica Ferrari, Marta Folcia, Marcella Girelli, Elisabetta Maria Hesselblad, Barbara Lavizzari, Marie Marteau, Emma Talamonti, Benedetta Vespignani;<br \/>\n&#8211; 2 pastori protestanti: il valdese Tullio Vinay (Firenze) e l&#8217;avventista Daniele Cupertino con la moglie Teresa Morelli Cupertino ( Roma).<\/p>\n<p><strong>Dal padre Girotti <\/strong><br \/>\n<strong>ad Arturo Carlo Jemolo<\/strong><br \/>\nI pi\u00f9 famosi tra i preti sono il fiorentino Giulio Facibeni e il lucchese Arturo Paoli, che oggi ha 97 anni. Tra i religiosi la figura di maggiore spicco \u00e8 Giuseppe Girotti, domenicano piemontese morto a Dachau, per il quale c&#8217;\u00e8 la causa di canonizzazione e la madre Elisabetta Maria Hesselblad, originaria della Svezia, fondatrice delle Brigidine: ha avuto il titolo di <em>Giusto<\/em> nel 2004, dopo che nel 2000 era stata proclamata beata da Giovanni Paolo.<br \/>\nAffascinanti &#8211; tra i <em>Giusti<\/em> &#8211; sono anche le figure di due cristiani laici morti come Girotti nei campi di sterminio e per i quali \u00e8 avviata la causa di canonizzazione: Giovanni Palatucci, avellinese reggente della Questura a Fiume e Odoardo Focherini, emiliano amministratore del quotidiano <em>Avvenire d&#8217;Italia<\/em>. Suggestiva \u00e8 anche &#8211; tra i laici &#8211; la presenza dello storico e giurista Arturo Carlo Jemolo con la moglie Adele Maria Morghen Jemolo e la figlia Adele Jemolo.<\/p>\n<p><strong>Luigi Accattoli<\/strong><br \/>\nDa <em>Il Regno<\/em> 14\/2009<\/p>\n","protected":false},"excerpt":{"rendered":"<p>Tra i &#8220;giusti delle nazioni&#8221; entrer\u00e0 presto il padre Somasco Giovanni Ferro, che fu arcivescovo di Reggio Calabria dal 1950 al 1977 e per il quale \u00e8 avviata da un&#8230;<\/p>\n<div class=\"more-link-wrapper\"><a class=\"more-link\" href=\"http:\/\/www.luigiaccattoli.it\/blog\/cerco-fatti-di-vangelo\/18-giusti-delle-nazioni\/giovanni-ferro-come-un-%e2%80%9cgiusto%e2%80%9d-inerme-riusci-a-salvare-un-ebreo-e-tre-mussolini\/\">Read More<span class=\"screen-reader-text\">Giovanni Ferro: come un \u201cgiusto\u201d inerme salva un ebreo e tre Mussolini<\/span><\/a><\/div>\n","protected":false},"author":1,"featured_media":0,"parent":2137,"menu_order":0,"comment_status":"open","ping_status":"closed","template":"","meta":{"_monsterinsights_skip_tracking":false,"_monsterinsights_sitenote_active":false,"_monsterinsights_sitenote_note":"","_monsterinsights_sitenote_category":0,"footnotes":""},"class_list":["post-1812","page","type-page","status-publish","hentry","excerpt"],"_links":{"self":[{"href":"http:\/\/www.luigiaccattoli.it\/blog\/wp-json\/wp\/v2\/pages\/1812","targetHints":{"allow":["GET"]}}],"collection":[{"href":"http:\/\/www.luigiaccattoli.it\/blog\/wp-json\/wp\/v2\/pages"}],"about":[{"href":"http:\/\/www.luigiaccattoli.it\/blog\/wp-json\/wp\/v2\/types\/page"}],"author":[{"embeddable":true,"href":"http:\/\/www.luigiaccattoli.it\/blog\/wp-json\/wp\/v2\/users\/1"}],"replies":[{"embeddable":true,"href":"http:\/\/www.luigiaccattoli.it\/blog\/wp-json\/wp\/v2\/comments?post=1812"}],"version-history":[{"count":4,"href":"http:\/\/www.luigiaccattoli.it\/blog\/wp-json\/wp\/v2\/pages\/1812\/revisions"}],"predecessor-version":[{"id":3433,"href":"http:\/\/www.luigiaccattoli.it\/blog\/wp-json\/wp\/v2\/pages\/1812\/revisions\/3433"}],"up":[{"embeddable":true,"href":"http:\/\/www.luigiaccattoli.it\/blog\/wp-json\/wp\/v2\/pages\/2137"}],"wp:attachment":[{"href":"http:\/\/www.luigiaccattoli.it\/blog\/wp-json\/wp\/v2\/media?parent=1812"}],"curies":[{"name":"wp","href":"https:\/\/api.w.org\/{rel}","templated":true}]}}