{"id":18254,"date":"2016-07-03T17:52:41","date_gmt":"2016-07-03T15:52:41","guid":{"rendered":"http:\/\/www.luigiaccattoli.it\/blog\/?page_id=18254"},"modified":"2017-12-19T17:02:02","modified_gmt":"2017-12-19T16:02:02","slug":"papa-bergoglio-va-preso-in-parola","status":"publish","type":"page","link":"http:\/\/www.luigiaccattoli.it\/blog\/antologia-delle-pubblicazioni-2\/papa-bergoglio-va-preso-in-parola\/","title":{"rendered":"Papa Bergoglio va preso in parola"},"content":{"rendered":"<p>Papa Bergoglio ha il talento della lingua e l\u2019ambizione di farsi capire. Ci riesce grazie alla pi\u00f9 importante tra le sue riforme che \u00e8 quella del linguaggio. Egli predica una \u00abriforma della Chiesa in uscita missionaria\u00bb e per primo esce dalla lingua codificata della tradizione papale. Questo libretto raccoglie 120 spunti su quell\u2019uscita, uno per pagina, partendo sempre da una parola che attesta un cambiamento. Per un terzo questi spunti sono apparsi su \u201cLa Lettura\u201d, che \u00e8 il supplemento culturale del \u201cCorriere della Sera\u201d: l\u00ec si chiamano \u00abspilli\u00bb. Per un altro terzo erano apparsi l\u00ec, ma li ho riscritti perch\u00e9 fuori dall\u2019attualit\u00e0 settimanale non erano comprensibili. Per l\u2019ultimo terzo sono inediti. Qualcuno \u00e8 buono e qualcuno fa pena, ma \u00e8 cos\u00ec che si fanno i libretti.<\/p>\n<p>Il titolo del libretto \u00e8 preso dal motto seguente:<\/p>\n<p><strong>56. Hai visto che non ho messo le scarpe rosse?<\/strong><br \/>\nForse c\u2019\u00e8 una donna dietro la scelta di Francesco di non usare le scarpe rosse tipiche dei Papi. Maria Ines, nipote di Jorge Mario Bergoglio, racconta al settimanale Il mio Papa in edicola il 5 novembre 2014 d\u2019aver fatto una battuta contro le scarpe rosse salutando lo zio che partiva per il Conclave: \u00abUn uomo con le scarpe rosse \u00e8 ridicolo\u00bb. Ed ecco che una settimana dopo lo zio divenuto Francesco la chiama al telefono e le dice: \u00abMaria Ines, hai visto che non ho messo le scarpe rosse?\u00bb.<\/p>\n","protected":false},"excerpt":{"rendered":"<p>Papa Bergoglio ha il talento della lingua e l\u2019ambizione di farsi capire. Ci riesce grazie alla pi\u00f9 importante tra le sue riforme che \u00e8 quella del linguaggio. Egli predica una&#8230;<\/p>\n<div class=\"more-link-wrapper\"><a class=\"more-link\" href=\"http:\/\/www.luigiaccattoli.it\/blog\/antologia-delle-pubblicazioni-2\/papa-bergoglio-va-preso-in-parola\/\">Read More<span class=\"screen-reader-text\">Papa Bergoglio va preso in parola<\/span><\/a><\/div>\n","protected":false},"author":1,"featured_media":0,"parent":56,"menu_order":0,"comment_status":"closed","ping_status":"closed","template":"","meta":{"_monsterinsights_skip_tracking":false,"_monsterinsights_sitenote_active":false,"_monsterinsights_sitenote_note":"","_monsterinsights_sitenote_category":0,"footnotes":""},"class_list":["post-18254","page","type-page","status-publish","hentry","excerpt"],"_links":{"self":[{"href":"http:\/\/www.luigiaccattoli.it\/blog\/wp-json\/wp\/v2\/pages\/18254","targetHints":{"allow":["GET"]}}],"collection":[{"href":"http:\/\/www.luigiaccattoli.it\/blog\/wp-json\/wp\/v2\/pages"}],"about":[{"href":"http:\/\/www.luigiaccattoli.it\/blog\/wp-json\/wp\/v2\/types\/page"}],"author":[{"embeddable":true,"href":"http:\/\/www.luigiaccattoli.it\/blog\/wp-json\/wp\/v2\/users\/1"}],"replies":[{"embeddable":true,"href":"http:\/\/www.luigiaccattoli.it\/blog\/wp-json\/wp\/v2\/comments?post=18254"}],"version-history":[{"count":3,"href":"http:\/\/www.luigiaccattoli.it\/blog\/wp-json\/wp\/v2\/pages\/18254\/revisions"}],"predecessor-version":[{"id":20820,"href":"http:\/\/www.luigiaccattoli.it\/blog\/wp-json\/wp\/v2\/pages\/18254\/revisions\/20820"}],"up":[{"embeddable":true,"href":"http:\/\/www.luigiaccattoli.it\/blog\/wp-json\/wp\/v2\/pages\/56"}],"wp:attachment":[{"href":"http:\/\/www.luigiaccattoli.it\/blog\/wp-json\/wp\/v2\/media?parent=18254"}],"curies":[{"name":"wp","href":"https:\/\/api.w.org\/{rel}","templated":true}]}}