{"id":18292,"date":"2016-07-08T17:51:05","date_gmt":"2016-07-08T15:51:05","guid":{"rendered":"http:\/\/www.luigiaccattoli.it\/blog\/?page_id=18292"},"modified":"2017-03-19T10:30:54","modified_gmt":"2017-03-19T09:30:54","slug":"josef-mayr-nusser-che-non-volle-giurare-fedelta-a-hitler","status":"publish","type":"page","link":"http:\/\/www.luigiaccattoli.it\/blog\/cerco-fatti-di-vangelo\/josef-mayr-nusser-che-non-volle-giurare-fedelta-a-hitler\/","title":{"rendered":"Josef Mayr-Nusser che non volle giurare \u201cfedelt\u00e0\u201d a Hitler"},"content":{"rendered":"<p>Josef Mayr-Nusser: animatore dell\u2019associazionismo cattolico di Bolzano, arruolato a forza nelle SS rifiuta di prestare giuramento a Hitler, perch\u00e9 lo ritiene idolatrico e incompatibile con la fede cristiana: muore per \u201cedema da fame\u201d, a 35 anni, su un carro bestiame, durante il trasferimento in treno verso il lager di Dachau. \u00c8 il 24 febbraio 1945. <\/p>\n<p>E\u2019 stato riconosciuto martire con decreto pubblicato l\u20198 luglio 2016 riguardante, tra l\u2019altro, \u201cil martirio del Servo di Dio Giuseppe Mayr-Nusser, laico; ucciso in odio alla fede il 24 febbraio 1945\u201d. La beatificazione \u00e8 avvenuta a Bolzano sabato 18 marzo 2017.<\/p>\n<p>Fin dal 1936 Josef denuncia in discorsi pubblici (fu prima dirigente cittadino dell\u2019Azione cattolica e poi della San Vincenzo) la natura totalitaria e idolatrica del regime di Hitler: \u201c<i>Lui diviene un idolo, dal quale aspettarsi la salvezza da tutte le miserie<\/i>\u201d dice in un discorso tenuto quell\u2019anno durante la festa del Sacro Cuore. Egli ci appare, tra i martiri dell\u2019opposizione al nazismo, come uno dei pi\u00f9 consapevoli del carattere anticristiano di quel regime. Una consapevolezza che \u00e8 gi\u00e0 intera prima dell\u2019arruolamento e che \u00e8 destinata a trovare la sua massima espressione nel rifiuto del giuramento.<\/p>\n<p>E\u2019 il 4 ottobre del 1944, siamo in una stanza del manicomio di Konitz, nella Prussia orientale: un gruppo di reclute tirolesi deve prestare giuramento. Un sottufficiale legge il testo: \u201cGiuro a te, Adolf Hitler, F\u00fchrer e cancelliere del Reich, fedelt\u00e0 e coraggio. Prometto solennemente a te e ai superiori designati da te l\u2019obbedienza fino alla morte. Che Dio mi assista!\u201d<\/p>\n<p>Josef da due anni \u00e8 sposato con Hildegard e ha un bambino di un anno che si chiama Albert. Ma ha sostenuto pubblicamente tante volte \u2013 in esplicito riferimento al nazismo e alla guerra \u2013 che \u201c<i>sempre dovunque dobbiamo essere testimoni<\/i>\u201d. Una volta ha scritto che la testimonianza pu\u00f2 essere anche silenziosa: \u201c<i>Spesso tacere pu\u00f2 essere pi\u00f9 indicato. Ma ora \u00e8 venuto il momento di parlare. Alza la mano e obietta: Signor maresciallo maggiore, io non posso prestare il giuramento!<\/i>\u201d<\/p>\n<p>A un compagno che \u00e8 presente a quell\u2019atto confida: \u201c<i>Se mai nessuno trova il coraggio di dire a questa gente che si pu\u00f2 anche non essere d\u2019accordo con il sistema, questo sistema non cambier\u00e0 mai<\/i>\u201d.<\/p>\n<p>Dalla prigionia scrive lettere amorevoli e ferme alla sua Hildegard: \u201c<i>I miei superiori hanno mostrato troppo chiaramente di rifiutare e odiare quanto per noi cattolici vi \u00e8 di pi\u00f9 sacro e intangibile<\/i>\u201d. Nell\u2019ultima lettera la saluta cos\u00ec: \u201c<i>Carissima Hildegard, non posso ancora dirti quando si decider\u00e0 la mia sorte e ti prego di pazientare. Dio, il Padre che veglia su di noi pieno d\u2019amore sempre e ovunque, non ci abbandoner\u00e0<\/i>\u201d.<\/p>\n<p>Verr\u00e0 avviato alla morte con la qualifica di \u201ctraditore\u201d. Una delle SS che scortavano il convoglio dei condannati a morte diretto a Dachau ha dato questa testimonianza dei suoi ultimi momenti: \u201c<i>Lo sollevammo per farlo salire sul vagone e lui ci disse: \u2018grazie\u2019. Il mattino dopo lo trovammo morto. Aveva con s\u00e9 il rosario, il messalino e il Nuovo Testamento. Capimmo allora che egli non poteva essere un traditore<\/i>\u201d.<\/p>\n<h1 class=\"western\"><i>Dizionario storico del Movimento cattolico<\/i>, vol. III\/2, pp. 536.<\/h1>\n<p><b>Reinhold Iblacker, <\/b><i><b>Non giuro a questo F\u00fchrer. Josef Mayr-Nusser, un testimone della libert\u00e0 di pensiero e vittima del nazismo<\/b><\/i><b>, Innsbruck-Bolzano 1990.<\/b><\/p>\n<p><b>Francesco Comina, <\/b><i><b>Josef Mayr-Nusser, <\/b><\/i><b>in AAVV, <\/b><i><b>Le periferie della storia. Profili di testimoni di pace, <\/b><\/i><b>Verona 1999, pp.107-115.<\/b><\/p>\n<p><i><b>Quell\u2019idolo terribile di nome Adolf Hitler. Scritto inedito di Josef Mayr-Nusser,<\/b><\/i><b> su <\/b><i><b>Il Segno<\/b><\/i><b> (settimanale cattolico di Bolzano), 27 febbraio 1999, p.4.<\/b><\/p>\n<p><i><b>Josef Mayr-Nusser. Discorsi, articoli e lettere di un martire dei nostri tempi<\/b><\/i><b>, Casa editrice A. Weger, Bolzano 2011.<\/b><\/p>\n<p><b>Paolo Bill Valente, <\/b><i><b>Fedelt\u00e0 e coraggio. La testimonianza di Josef Mayr-Nusser, <\/b><\/i><b>Edizioni Alphabeta Verlag 2017, pp. 93, euro 10.00.<\/b><\/p>\n<p>[profilo pubblicato in &#8220;Nuovi Martiri&#8221; 2000 &#8211; aggiornato al marzo 2017]<\/p>\n","protected":false},"excerpt":{"rendered":"<p>Josef Mayr-Nusser: animatore dell\u2019associazionismo cattolico di Bolzano, arruolato a forza nelle SS rifiuta di prestare giuramento a Hitler, perch\u00e9 lo ritiene idolatrico e incompatibile con la fede cristiana: muore per&#8230;<\/p>\n<div class=\"more-link-wrapper\"><a class=\"more-link\" href=\"http:\/\/www.luigiaccattoli.it\/blog\/cerco-fatti-di-vangelo\/josef-mayr-nusser-che-non-volle-giurare-fedelta-a-hitler\/\">Read More<span class=\"screen-reader-text\">Josef Mayr-Nusser che non volle giurare \u201cfedelt\u00e0\u201d a Hitler<\/span><\/a><\/div>\n","protected":false},"author":1,"featured_media":0,"parent":12,"menu_order":0,"comment_status":"closed","ping_status":"closed","template":"","meta":{"_monsterinsights_skip_tracking":false,"_monsterinsights_sitenote_active":false,"_monsterinsights_sitenote_note":"","_monsterinsights_sitenote_category":0,"footnotes":""},"class_list":["post-18292","page","type-page","status-publish","hentry","excerpt"],"_links":{"self":[{"href":"http:\/\/www.luigiaccattoli.it\/blog\/wp-json\/wp\/v2\/pages\/18292","targetHints":{"allow":["GET"]}}],"collection":[{"href":"http:\/\/www.luigiaccattoli.it\/blog\/wp-json\/wp\/v2\/pages"}],"about":[{"href":"http:\/\/www.luigiaccattoli.it\/blog\/wp-json\/wp\/v2\/types\/page"}],"author":[{"embeddable":true,"href":"http:\/\/www.luigiaccattoli.it\/blog\/wp-json\/wp\/v2\/users\/1"}],"replies":[{"embeddable":true,"href":"http:\/\/www.luigiaccattoli.it\/blog\/wp-json\/wp\/v2\/comments?post=18292"}],"version-history":[{"count":4,"href":"http:\/\/www.luigiaccattoli.it\/blog\/wp-json\/wp\/v2\/pages\/18292\/revisions"}],"predecessor-version":[{"id":19461,"href":"http:\/\/www.luigiaccattoli.it\/blog\/wp-json\/wp\/v2\/pages\/18292\/revisions\/19461"}],"up":[{"embeddable":true,"href":"http:\/\/www.luigiaccattoli.it\/blog\/wp-json\/wp\/v2\/pages\/12"}],"wp:attachment":[{"href":"http:\/\/www.luigiaccattoli.it\/blog\/wp-json\/wp\/v2\/media?parent=18292"}],"curies":[{"name":"wp","href":"https:\/\/api.w.org\/{rel}","templated":true}]}}