{"id":19308,"date":"2017-02-15T23:19:44","date_gmt":"2017-02-15T22:19:44","guid":{"rendered":"http:\/\/www.luigiaccattoli.it\/blog\/?page_id=19308"},"modified":"2017-03-30T14:43:13","modified_gmt":"2017-03-30T12:43:13","slug":"papa-bergoglio-picconatore-della-chiesa-cattolica","status":"publish","type":"page","link":"http:\/\/www.luigiaccattoli.it\/blog\/conferenze-e-dibattiti-2\/papa-bergoglio-picconatore-della-chiesa-cattolica\/","title":{"rendered":"PAPA BERGOGLIO PICCONATORE DELLA CHIESA CATTOLICA?"},"content":{"rendered":"<p>&nbsp;<\/p>\n<p>&nbsp;<\/p>\n<p><em>A confronto\u00a0Luigi Accattoli\u00a0e\u00a0Giuseppe Rusconi<\/em><\/p>\n<p><em>Presso l\u2019Associazione della Stampa Estera<\/em><\/p>\n<p><em>Mercoled\u00ec 15 febbraio ore 17:00 in sede \u2013 sala biblioteca<\/em><\/p>\n<p><em>Incontro riservato ai soli Soci della Stampa Estera.<\/em><\/p>\n<p>&nbsp;<\/p>\n<p><a href=\"http:\/\/www.luigiaccattoli.it\/blog\/rusconi-e-io-alla-stampa-estera-bellissimi\/comment-page-1\/#comment-158297\">Qui \u00e8 possibile ascoltare la registrazione audio dell&#8217;intero dibattito<\/a>.<\/p>\n<p><em>Qui di seguito metto il testo da per preparato in vista dell&#8217;incontro.<\/em><\/p>\n<p>Riformulo il titolo che \u00e8 stato proposto dal mio interlocutore e da me accettato.<\/p>\n<p>Papa Bergoglio picconatore \u00e8 una buona immagine, ma non della Chiesa Cattolica: piuttosto \u2013 io direi \u2013 del sistema ecclesiastico romano che resiste al Vaticano II.<\/p>\n<p>Picconatore nel linguaggio, con i gesti, con le nomine, anche con i commissariamenti.<\/p>\n<p>Francesco \u00e8 un Papa riformatore, chiamato \u2013 a mezzo secolo dal Concilio e in un momento di crisi della governance vaticana \u2013 a rimettere in careggiata la riforma pastorale e istituzionale del Vaticano II. Imposta la sua azione prendendo a guida la \u201cEvangelii Nuntiani\u201d di Paolo VI (1975) e ispirandosi all\u2019esperienza martiriale della Chiesa latino-americana quale \u00e8 recepita dal documento finale di Aparacida (2007).<\/p>\n<p>Dalla Evangelii Nuntiandi gli viene la scommessa sul primato del Vangelo. Da Aparecida la scelta dei poveri aggiornata al terzo millennio. Qualifica questa impostazione come \u201criforma della Chiesa in uscita missionaria\u201d (Evangelii Gaudium 17).\u00a0 Ci\u00f2 che resiste a questo programma egli lo piccona.<\/p>\n<p>&nbsp;<\/p>\n<p><strong>Ordine di Malta<\/strong><\/p>\n<p>Mi limito ai fatti riguardanti il coinvolgimento papale.<\/p>\n<p>Cinque tappe: la destituzione del Gran Cancelliere il 6 dicembre, il suo appello al Papa, la nomina di un \u201cgruppo\u201d di indagine da parte della Segreteria di Stato Vaticana il 22 dicembre, il rifiuto di collaborare da parte del Gran Maestro che si esprime in due comunicati del 24 dicembre e dell\u201911 gennaio, le tre decisioni papali che ne sono seguite (\u201csuggerimento\u201d delle dimissioni del Gran Maestro, azzeramento delle decisioni venute dopo il 6 dicembre, nomina di un delegato speciale, avvio di un aggiornamento della carta costituzionale dell\u2019Ordine).<\/p>\n<p>Insisto sull\u2019ultimo punto, quello dell\u2019aggiornamento della Carta Costituzionale dell\u2019Ordine, il meno trattato dalle cronache ma forse il pi\u00f9 significativo della decisione papale. Chi ha frequentato il cardinale Paolo Sardi \u2013 predecessore del cardinale Burke nel ruolo di Patrono \u2013 sa quanto l\u2019Ordine abbia resistito alle sue sollecitazioni riformatrici. L\u2019Ordine \u00e8 meritevole per la sua attivit\u00e0 assistenziale e medica ed \u00e8 prezioso per la Chiesa \u2013 anche e proprio per la sua Sovranit\u00e0 e capacit\u00e0 diplomatica: arriva a volte dove non arriva la diplomazia vaticana \u2013 e non ha senso immaginare che Francesco lo voglia incamerare o secolarizzare, ma l\u2019Ordine \u00e8 antiquato e resiste all\u2019aggiornamento. Si pensi solo ai requisiti nobiliari che ancora sono richiesti per l\u2019accesso alle alte cariche.<\/p>\n<p>Possiamo immaginare tre ragioni o predisposizioni papali negative in questa vicenda: quanto aveva sperimentato dell\u2019Ordine in Argentina, che pare non fosse stato positivo; la presenza nella vicenda del cardinale Burke, che con Francesco mai s\u2019intende; la resistenza \u201cantiquata\u201d all\u2019iniziativa papale.<\/p>\n<p>Nessuno si aspettava l\u2019epilogo del 24-25 gennaio ma quell\u2019epilogo c\u2019\u00e8 stato: un segno ancora del forte esercizio dell\u2019autorit\u00e0 che caratterizza questo Pontificato.<\/p>\n<p>Richiamare una pagina chiave del volume intervista di Papa Benedetto \u201cLuce del mondo\u201d (2010), dove il Papa teologo segnalava un \u201coscuramento del diritto\u201d nella vita della Chiesa, che ne avrebbe influenzato la coscienza comunitaria a partire dagli inizi degli anni \u201960: \u201cDominava la convinzione che la Chiesa non dovesse essere una Chiesa di diritto, ma una Chiesa dell\u2019amore; che non dovesse punire\u201d. Benedetto parlava della questione degli abusi e dunque del diritto penale ecclesiastico, ma possiamo estendere la sua forte argomentazione al diritto in generale e all\u2019esercizio dell\u2019autorit\u00e0 nella Chiesa.<\/p>\n<p>Paragonare a <strong>vicenda dei Gesuiti<\/strong>: Pedro Arrupe, Paolo Dezza \u201cdelegato personale\u201d del Papa, 1981. Ora Becciu \u00e8 stato nominato \u201cmio Delegato speciale\u201d. Abbiamo insomma una soluzione avente la stessa forma, o formalit\u00e0.<\/p>\n<p>Richiamare le vicende dei <strong>Francescani dell\u2019Immacolata<\/strong> (dove la nomina di un visitatore risale a Benedetto XVI), dell\u2019<strong>Istituto del Verbo Incarnato<\/strong> (che ebbe gi\u00e0 commissariamenti in passato, negli anni 1995-2001) e di <strong>Medjugorie<\/strong> (che da sempre \u00e8 sotto inchiesta vaticana): tutte con il duplice segno del conflitto interno, o ambientale \u2013 e di nomina di un commissario o di un \u201cinviato speciale\u201d per superare la crisi.<\/p>\n<p>&nbsp;<\/p>\n<p><strong>Manifesti antibergoglio<\/strong><\/p>\n<p>Non gli do importanza. Non ci vedo una grande novit\u00e0.<\/p>\n<p>Ricordo i manifesti di Civilt\u00e0 Cristiana alla morte di Paolo VI (agosto 1978) che dicevano: \u201cVogliamo un Papa Cattolico\u201d.<\/p>\n<p>Ricordo i volantini contro Giovanni Paolo II dopo Assisi 1 (ottobre 1986), che l\u2019accusavano di eresia.<\/p>\n<p>Ricordo i manifesti durante la sede vacante ultima che dicevano \u201cVota Turkson\u201d (cardinale del Ghana).<\/p>\n<p>Ricordo il murale \u201cPetrus Romanus\u201d che \u00e8 tuttora nelle vicinanze della stazione Cipro della Metro A.<\/p>\n<p>La dichiarazione di solidariet\u00e0 da parte del C9 [\u201cPieno appoggio all\u2019opera del Papa, assicurando al tempo stesso adesione e sostegno pieni alla sua persona e al suo magistero\u201d], pubblicata ieri, mi appare di conseguenza non necessaria \u2013 sproporzionata al fatto \u2013 forse inopportuna.<\/p>\n","protected":false},"excerpt":{"rendered":"<p>&nbsp; &nbsp; A confronto\u00a0Luigi Accattoli\u00a0e\u00a0Giuseppe Rusconi Presso l\u2019Associazione della Stampa Estera Mercoled\u00ec 15 febbraio ore 17:00 in sede \u2013 sala biblioteca Incontro riservato ai soli Soci della Stampa Estera. &nbsp;&#8230;<\/p>\n<div class=\"more-link-wrapper\"><a class=\"more-link\" href=\"http:\/\/www.luigiaccattoli.it\/blog\/conferenze-e-dibattiti-2\/papa-bergoglio-picconatore-della-chiesa-cattolica\/\">Read More<span class=\"screen-reader-text\">PAPA BERGOGLIO PICCONATORE DELLA CHIESA CATTOLICA?<\/span><\/a><\/div>\n","protected":false},"author":1,"featured_media":0,"parent":5506,"menu_order":0,"comment_status":"closed","ping_status":"closed","template":"","meta":{"_monsterinsights_skip_tracking":false,"_monsterinsights_sitenote_active":false,"_monsterinsights_sitenote_note":"","_monsterinsights_sitenote_category":0,"footnotes":""},"class_list":["post-19308","page","type-page","status-publish","hentry","excerpt"],"_links":{"self":[{"href":"http:\/\/www.luigiaccattoli.it\/blog\/wp-json\/wp\/v2\/pages\/19308","targetHints":{"allow":["GET"]}}],"collection":[{"href":"http:\/\/www.luigiaccattoli.it\/blog\/wp-json\/wp\/v2\/pages"}],"about":[{"href":"http:\/\/www.luigiaccattoli.it\/blog\/wp-json\/wp\/v2\/types\/page"}],"author":[{"embeddable":true,"href":"http:\/\/www.luigiaccattoli.it\/blog\/wp-json\/wp\/v2\/users\/1"}],"replies":[{"embeddable":true,"href":"http:\/\/www.luigiaccattoli.it\/blog\/wp-json\/wp\/v2\/comments?post=19308"}],"version-history":[{"count":5,"href":"http:\/\/www.luigiaccattoli.it\/blog\/wp-json\/wp\/v2\/pages\/19308\/revisions"}],"predecessor-version":[{"id":19542,"href":"http:\/\/www.luigiaccattoli.it\/blog\/wp-json\/wp\/v2\/pages\/19308\/revisions\/19542"}],"up":[{"embeddable":true,"href":"http:\/\/www.luigiaccattoli.it\/blog\/wp-json\/wp\/v2\/pages\/5506"}],"wp:attachment":[{"href":"http:\/\/www.luigiaccattoli.it\/blog\/wp-json\/wp\/v2\/media?parent=19308"}],"curies":[{"name":"wp","href":"https:\/\/api.w.org\/{rel}","templated":true}]}}