{"id":19444,"date":"2017-03-16T23:25:19","date_gmt":"2017-03-16T22:25:19","guid":{"rendered":"http:\/\/www.luigiaccattoli.it\/blog\/?page_id=19444"},"modified":"2017-03-23T09:56:42","modified_gmt":"2017-03-23T08:56:42","slug":"lia-e-vittorio-trancanelli-moriva-di-tumore-e-lasciava-una-bambina-down","status":"publish","type":"page","link":"http:\/\/www.luigiaccattoli.it\/blog\/cerco-fatti-di-vangelo\/lia-e-vittorio-trancanelli-moriva-di-tumore-e-lasciava-una-bambina-down\/","title":{"rendered":"Lia e Vittorio Trancanelli: \u00abMoriva di tumore e lasciava una bambina Down\u00bb"},"content":{"rendered":"<p>Il 27 febbraio 2017 il Papa autorizza la pubblicazione del decreto delle Cause dei Santi che riconosce le \u201cvirt\u00f9 eroiche\u201d di Vittorio Trancanelli, chirurgo di Perugia, straordinario testimone della famiglia cristiana, morto di tumore al cervello nel 1998, a 54 anni. Il decreto papale lo presenta come &#8220;laico, padre di famiglia&#8221;. Sono felice di averlo conosciuto e di essergli stato amico. <\/p>\n<p>Vittorio sposa Lia Sabatini nel 1970. Dopo la nascita dell\u2019unico figlio naturale, Diego, i due \u2013 impegnati da anni nella lettura dei Vangeli \u2013 decidono di scegliere a guida della vita di coppia le parole di Ges\u00f9: \u201cChi accoglie anche uno solo di questi piccoli in nome mio accoglie me\u201d (Matteo 18, 5) e avviano un\u2019attivit\u00e0 di accoglienza di bambini soli o disagiati che li porter\u00e0 a prenderne in affido una decina.<\/p>\n<p>Ispirandosi all\u2019accoglienza di Abramo verso i tre misteriosi angeli che gli fanno visita in Genesi 18, Vittorio fonda l\u2019associazione \u201cAlle Querce di Mamre\u201d, con riferimento al luogo di quell\u2019incontro abramico e presenta agli amici \u2013 conosciuti per lo pi\u00f9 nella vasta esperienza di lettura biblica \u2013 un \u201cprogetto di famiglie\u201d intenzionate a sperimentare forme comuni di vita (preghiera comunitaria e comunione dei beni) e di accoglienza dei bisognosi. Il progetto verr\u00e0 accettato da cinque famiglie e ricever\u00e0 l\u2019approvazione dell\u2019arcivescovo di Perugia Ennio Antonelli, poi segretario della Cei e cardinale. L\u2019esperienza dura tutt\u2019ora.<\/p>\n<p>Ho conosciuto Lia e Vittorio in occasione di una conferenza a Perugia, presentati a me da Antonelli che negli anni ha collaborato in pi\u00f9 modi alla mia ricerca di \u201cfatti di Vangelo\u201d. Mi narrarono la loro pratica dell\u2019accoglienza e io chiesi loro di darmene un resoconto scritto, da pubblicare nel volume di testimonianze cristiane che andavo componendo. Ecco il loro racconto, che \u00e8 del 1995:<\/p>\n<p>&nbsp;<br \/>\n<em>Dodici anni fa, quando nostro figlio Diego aveva 6 anni, abbiamo aperto la porta della nostra casa a 2 fratellini di 5 e 7 anni, Andrea e Paola. Avevano i genitori, ma questi non potevano prendersi cura di loro, della loro educazione e della loro crescita. Cos\u00ec c\u2019era bisogno di una famiglia dove potessero crescere serenamente. Ormai Paola sta per diventare infermiera professionale e Andrea, dopo aver frequentato la scuola edile, lavora come muratore presso una impresa che costruisce distributori di benzina.<\/em><\/p>\n<p><em>Dopo che Andrea e Paola erano con noi abbiamo capito, anche attraverso la preghiera fatta insieme, che potevamo accogliere qualche altro bambino e cos\u00ec in casa \u00e8 entrata una bambina somala, malata di diabete, i cui genitori risultavano dispersi a causa della guerra civile che lacerava la Somalia. Nadia aveva ancora 10 anni; in casa nostra ha imparato a gestire in modo autonomo la sua malattia, rendendosi cos\u00ec indipendente. Dopo 4 anni il padre si \u00e8 rifatto vivo; nel frattempo la sua famiglia era fuggita dalla Somalia e si era rifugiata in Pakistan. I genitori avevano trovato un lavoro e cos\u00ec Nadia \u00e8 potuta tornare a vivere con loro e con i suoi numerosi fratelli.<\/em><\/p>\n<p><em>Dopo 2 anni che avevamo Nadia in casa non pensavamo ad altri affidi, ma c\u2019era una nostra amica che stava morendo di tumore. Era una ragazza madre e lasciava una bambina Down, Alessandra. Prima di morire, in tanti modi ci aveva fatto capire la sofferenza di lasciare Alessandra da sola, in un Istituto, e cos\u00ec le abbiamo confidato che Alessandra si sarebbe aggiunta alla nostra famiglia. Lei \u00e8 stata veramente un dono di Dio.<\/em><\/p>\n<p><em>Tanta era la gente che pregava perch\u00e9 la situazione dl Alessandra si risolvesse in qualche modo. C\u2019era chi sperava in un miracolo, che la mamma guarisse. Ora che la mamma \u00e8 morta serena, \u00e8 bello sapere che tutte quelle preghiere hanno fatto s\u00ec che Dio abbia pensato alla nostra famiglia come luogo di accoglienza. Tutto quello che facciamo per lei \u00e8 bello sapere che lo facciamo a Ges\u00f9 direttamente. Certo l\u2019accoglienza non \u00e8 tutta poesia. Ci sono anche dei momenti terribili, che solo con la preghiera e la fiducia in Lui si possono superare.<\/em><\/p>\n<p>&nbsp;<br \/>\nLa malattia fu rapida. Un giorno Vittorio volle intorno a s\u00e9 tutti i bambini e i ragazzi accolti nella sua casa e disse a Lia, davanti a loro: \u201cPer questo valeva la pena di vivere. Se avessi vissuto per fare carriera e soldi, adesso non avrei nulla, non avrei avuto questa soddisfazione\u201d.<\/p>\n<p>&nbsp;<br \/>\n<strong>La testimonianza di Lia e Vittorio che ho riportato sopra apparve nel mio volume \u201cCerco Fatti di Vangelo\u201d (SEI 1995) alle pagine 224s. Al Convegno ecclesiale nazionale di Verona del 2006 Vittorio fu uno dei 16 \u201ctestimoni della Chiesa in Italia\u201d, uno per ogni regione, scelto a rappresentare l\u2019Umbria: il volumetto pubblicato in quell\u2019occasione a cura della Cei intitolato \u201cSperanza nel mondo. 16 profili di testimoni della Chiesa in Italia\u201d (San Paolo 2006) tratta di lui alle pagine 69-80. Per una pi\u00f9 ampia informazione e bibliografia, vedi il sito della postulazione: <\/strong><a href=\"http:\/\/www.vittoriotrancanelli.it\/\"><strong>http:\/\/www.vittoriotrancanelli.it\/<\/strong><\/a><strong>.<\/strong><\/p>\n<p><strong>\u00a0<\/strong><br \/>\n<strong>[1995 \u2013 aggiornato al 2017]<\/strong><\/p>\n","protected":false},"excerpt":{"rendered":"<p>Il 27 febbraio 2017 il Papa autorizza la pubblicazione del decreto delle Cause dei Santi che riconosce le \u201cvirt\u00f9 eroiche\u201d di Vittorio Trancanelli, chirurgo di Perugia, straordinario testimone della famiglia&#8230;<\/p>\n<div class=\"more-link-wrapper\"><a class=\"more-link\" href=\"http:\/\/www.luigiaccattoli.it\/blog\/cerco-fatti-di-vangelo\/lia-e-vittorio-trancanelli-moriva-di-tumore-e-lasciava-una-bambina-down\/\">Read More<span class=\"screen-reader-text\">Lia e Vittorio Trancanelli: \u00abMoriva di tumore e lasciava una bambina Down\u00bb<\/span><\/a><\/div>\n","protected":false},"author":1,"featured_media":0,"parent":12,"menu_order":0,"comment_status":"closed","ping_status":"closed","template":"","meta":{"_monsterinsights_skip_tracking":false,"_monsterinsights_sitenote_active":false,"_monsterinsights_sitenote_note":"","_monsterinsights_sitenote_category":0,"footnotes":""},"class_list":["post-19444","page","type-page","status-publish","hentry","excerpt"],"_links":{"self":[{"href":"http:\/\/www.luigiaccattoli.it\/blog\/wp-json\/wp\/v2\/pages\/19444","targetHints":{"allow":["GET"]}}],"collection":[{"href":"http:\/\/www.luigiaccattoli.it\/blog\/wp-json\/wp\/v2\/pages"}],"about":[{"href":"http:\/\/www.luigiaccattoli.it\/blog\/wp-json\/wp\/v2\/types\/page"}],"author":[{"embeddable":true,"href":"http:\/\/www.luigiaccattoli.it\/blog\/wp-json\/wp\/v2\/users\/1"}],"replies":[{"embeddable":true,"href":"http:\/\/www.luigiaccattoli.it\/blog\/wp-json\/wp\/v2\/comments?post=19444"}],"version-history":[{"count":4,"href":"http:\/\/www.luigiaccattoli.it\/blog\/wp-json\/wp\/v2\/pages\/19444\/revisions"}],"predecessor-version":[{"id":19487,"href":"http:\/\/www.luigiaccattoli.it\/blog\/wp-json\/wp\/v2\/pages\/19444\/revisions\/19487"}],"up":[{"embeddable":true,"href":"http:\/\/www.luigiaccattoli.it\/blog\/wp-json\/wp\/v2\/pages\/12"}],"wp:attachment":[{"href":"http:\/\/www.luigiaccattoli.it\/blog\/wp-json\/wp\/v2\/media?parent=19444"}],"curies":[{"name":"wp","href":"https:\/\/api.w.org\/{rel}","templated":true}]}}