{"id":19551,"date":"2017-03-30T21:03:42","date_gmt":"2017-03-30T19:03:42","guid":{"rendered":"http:\/\/www.luigiaccattoli.it\/blog\/?page_id=19551"},"modified":"2017-03-30T21:03:42","modified_gmt":"2017-03-30T19:03:42","slug":"le-fonti-di-chi-si-trova-a-narrare-un-papa-contestato","status":"publish","type":"page","link":"http:\/\/www.luigiaccattoli.it\/blog\/conferenze-e-dibattiti-2\/le-fonti-di-chi-si-trova-a-narrare-un-papa-contestato\/","title":{"rendered":"Le fonti di chi si trova a narrare un Papa contestato"},"content":{"rendered":"<p>&nbsp;<\/p>\n<p><em>\u00a0<\/em><\/p>\n<p><em>Intervento di Luigi Accattoli alla tavola rotonda <\/em><\/p>\n<p><em>\u201cLe fonti di chi fa informazione religiosa\u201d del 3 marzo 2017 <\/em><\/p>\n<p><em>nell\u2019ambito del VII corso di specializzazione in informazione religiosa<\/em><\/p>\n<p><em>presso la Universit\u00e0 della Santa Croce<\/em><\/p>\n<p>&nbsp;<\/p>\n<p>A quattro anni dall\u2019elezione di Francesco la Santa Sede \u00e8 tutto un cantiere con sopra la scritta \u201cLavori in corso\u201d. \u201cDevo anche pensare a una conversione del Papato\u201d \u00e8 il sottotitolo di quella scritta (<em>Evangelii Gaudium<\/em> 32). Non si vede ancora la piramide rovesciata di cui viene parlando il Papa delle periferie, pare anzi che l\u2019esercizio dell\u2019autorit\u00e0 petrina sia pi\u00f9 forte che mai, ma la sensazione \u00e8 di trovarsi nel vortice di un cambiamento epocale.<\/p>\n<p>In questo tempo di mezzo la maggior fatica per il corrispondente dal Vaticano \u00e8 quella di discernere tra segni di novit\u00e0 e di continuit\u00e0 nella predicazione e nelle decisioni del Papa. Fatica raddoppiata dal conflitto interpretativo che accompagna ogni giornata di questo Pontificato.<\/p>\n<p>Il Papa argentino sta infatti per festeggiare l\u2019ingresso nel quinto anno registrando un massimo di efficacia della propria iniziativa e un massimo di contestazione: e i due massimi sono in relazione tra loro. Non sarebbe tanto criticato, anche all\u2019interno della Chiesa, se la sua predicazione e le sue riforme non fossero incisive.<\/p>\n<p>Tutti i Papi sono contestati, da dentro e da fuori, da destra e da sinistra. \u00c8 lo scotto che la Chiesa cattolica paga con la sua pretesa \u2013 unica sul pianeta \u2013 di affidare a una sola persona il governo di una realt\u00e0 mondiale che raccoglie oltre un miliardo di battezzati. Ma se tutti i Papi sono contestati, i Papi riformatori sono contestati due volte: \u00e8 un convincimento antico nelle Chiese che non si debba mai cambiare nulla e chi propone cambiamenti viene posto comunque sotto accusa.<\/p>\n<p>Infine Papa Bergoglio \u00e8 contestato tre volte a motivo della sua parresia. Tutti i Papi recenti cercavano di attenuare con il proprio linguaggio il risentimento di quanti non erano d\u2019accordo. Seppure dovevano contraddirli, provavano a farlo con buone parole. Papa Francesco non si preoccupa di tenere buoni gli oppositori e \u2013 qui \u00e8 la pi\u00f9 sorprendente delle sue novit\u00e0 \u2013 persino polemizza con loro, dicendo per esempio che quanti vogliono \u00abtornare indietro\u00bb rispetto al Concilio Vaticano II sono \u00abstolti\u00bb e \u00abtestardi\u00bb. Si tratta di un atteggiamento spregiudicato che \u00e8 forse attribuibile alla \u00ablibert\u00e0 di spirito\u00bb dei gesuiti, che \u00e8 famosa; e che agita oppositori e sostenitori oltre l\u2019oggettiva valenza delle singole vicende.<\/p>\n<p>L\u2019informatore \u00e8 distratto dal rumore di fondo generato dal conflitto tra esaltazione e contestazione che accompagna la narrazione d\u2019ogni giornata papale e che \u00e8 pi\u00f9 forte rispetto a quanto abbiamo conosciuto con tutti i Papi dell\u2019ultimo secolo.<\/p>\n<p>Esempi di drammatizzazioni ingenue degli antagonisti: la rinuncia di Benedetto non fu libera e dunque non \u00e8 valida, Francesco non \u00e8 stato eletto nel rispetto delle norme canoniche, non \u00e8 adeguato al compito al quale \u00e8 stato chiamato, sta portando alla rovina la Chiesa Cattolica.<\/p>\n<p>Esempi di esaltazioni ingenue dei sostenitori: Papa Bergoglio ha liberato la Chiesa dalla sindrome della sconfitta storica, ha riportato i fedeli al confessionale, ha gi\u00e0 ottenuto una ripresa delle vocazioni, se non fosse ostacolato dalla Curia e dagli episcopati potrebbe fare molto di pi\u00f9.<\/p>\n<p>Indico tre vie di discernimento delle fonti mediatiche e confidenziali; tre vie che possono aiutare il corrispondente dal Vaticano a ridurre quel rumore di fondo e ottenere una buona presa sugli eventi realmente significativi del Pontificato e sul dibattito che l\u2019accompagna.<\/p>\n<p>Queste le tre vie:<\/p>\n<ul>\n<li>escludere dalla propria indagine attiva i rappresentanti delle due tendenze ingenue, quella che drammatizza e quella che esalta, a partire da quanti operano a titolo personale: e quasi tutti appartengono a questa tipologia;<\/li>\n<li>interrogare i testimoni davvero rappresentativi della comunit\u00e0 ecclesiale, sia sul piano curiale ed episcopale, sia su quello popolare, dalle realt\u00e0 associative a quelle parrocchiali, senza trascurare \u2013 qui \u2013 nessuna tendenza;<\/li>\n<li>contemperare le testimonianze degli uni con quelle degli altri.<\/li>\n<\/ul>\n","protected":false},"excerpt":{"rendered":"<p>&nbsp; \u00a0 Intervento di Luigi Accattoli alla tavola rotonda \u201cLe fonti di chi fa informazione religiosa\u201d del 3 marzo 2017 nell\u2019ambito del VII corso di specializzazione in informazione religiosa presso&#8230;<\/p>\n<div class=\"more-link-wrapper\"><a class=\"more-link\" href=\"http:\/\/www.luigiaccattoli.it\/blog\/conferenze-e-dibattiti-2\/le-fonti-di-chi-si-trova-a-narrare-un-papa-contestato\/\">Read More<span class=\"screen-reader-text\">Le fonti di chi si trova a narrare un Papa contestato<\/span><\/a><\/div>\n","protected":false},"author":1,"featured_media":0,"parent":5506,"menu_order":0,"comment_status":"closed","ping_status":"closed","template":"","meta":{"_monsterinsights_skip_tracking":false,"_monsterinsights_sitenote_active":false,"_monsterinsights_sitenote_note":"","_monsterinsights_sitenote_category":0,"footnotes":""},"class_list":["post-19551","page","type-page","status-publish","hentry","excerpt"],"_links":{"self":[{"href":"http:\/\/www.luigiaccattoli.it\/blog\/wp-json\/wp\/v2\/pages\/19551","targetHints":{"allow":["GET"]}}],"collection":[{"href":"http:\/\/www.luigiaccattoli.it\/blog\/wp-json\/wp\/v2\/pages"}],"about":[{"href":"http:\/\/www.luigiaccattoli.it\/blog\/wp-json\/wp\/v2\/types\/page"}],"author":[{"embeddable":true,"href":"http:\/\/www.luigiaccattoli.it\/blog\/wp-json\/wp\/v2\/users\/1"}],"replies":[{"embeddable":true,"href":"http:\/\/www.luigiaccattoli.it\/blog\/wp-json\/wp\/v2\/comments?post=19551"}],"version-history":[{"count":1,"href":"http:\/\/www.luigiaccattoli.it\/blog\/wp-json\/wp\/v2\/pages\/19551\/revisions"}],"predecessor-version":[{"id":19552,"href":"http:\/\/www.luigiaccattoli.it\/blog\/wp-json\/wp\/v2\/pages\/19551\/revisions\/19552"}],"up":[{"embeddable":true,"href":"http:\/\/www.luigiaccattoli.it\/blog\/wp-json\/wp\/v2\/pages\/5506"}],"wp:attachment":[{"href":"http:\/\/www.luigiaccattoli.it\/blog\/wp-json\/wp\/v2\/media?parent=19551"}],"curies":[{"name":"wp","href":"https:\/\/api.w.org\/{rel}","templated":true}]}}