{"id":20525,"date":"2017-10-20T20:00:07","date_gmt":"2017-10-20T18:00:07","guid":{"rendered":"http:\/\/www.luigiaccattoli.it\/blog\/?page_id=20525"},"modified":"2017-10-20T20:00:07","modified_gmt":"2017-10-20T18:00:07","slug":"saluto-del-presidente-della-giuria-luigi-accattoli","status":"publish","type":"page","link":"http:\/\/www.luigiaccattoli.it\/blog\/conferenze-e-dibattiti-2\/saluto-del-presidente-della-giuria-luigi-accattoli\/","title":{"rendered":"Saluto del presidente della Giuria Luigi Accattoli"},"content":{"rendered":"<p>A nome della Giuria do il benvenuto ai detenuti \u2013 un centinaio \u2013 che sono presenti a questa premiazione: qui ci sono i volontari attivi in questo carcere, c\u2019\u00e8 una parte del personale del carcere, degli agenti di custodia, c\u2019\u00e8 il direttore con i suoi collaboratori; salutiamo tutti, ma per primi i detenuti, che sono i diretti interlocutori del premio. Noi giurati abbiamo letto e discusso per settimane e mesi i lavori che ci sono stati inviati in risposta al tema \u201cLibert\u00e0 perduta, libert\u00e0 sperata: come riconquistata?\u201d. Una formulazione che dev\u2019essere risultata stimolante per le pi\u00f9 varie situazioni vissute dai detenuti, dal momento che ha ottenuto un\u2019ottima partecipazione rispetto alle nove precedenti edizioni del premio: abbiamo ricevuto oltre duecento testi tra narrativi, di riflessione e poetici, inviati da 198 concorrenti.<\/p>\n<p>La Giuria parla attraverso le motivazioni dei premi, che tra poco verranno lette e non ha da fare altri discorsi. Ma voglio dire a nome dei colleghi un\u2019impressione che abbiamo tratto dal lavoro di lettura, ovvero di ascolto dei partecipanti al concorso: abbiamo avuto l\u2019impressione che frequente sia, nelle carceri, accanto alla giusta sete di libert\u00e0 anche la consapevolezza \u2013 almeno germinale \u2013 della fatica necessaria a sperarla contro speranza e del cammino pur lungo che pu\u00f2 condurre a riconquistarla. Una consapevolezza che ci \u00e8 parsa pi\u00f9 diffusa di quanto ci aspettassimo.<\/p>\n<p>A noi giurati dispiace di disporre solo di tre premi e di dieci segnalazioni: i lavori sia premiati sia segnalati sono pubblicati nel volumetto che avete tra mano e di essi d\u00e0 notizia il sito del Premio Castelli. Vorremmo onorarli tutti di un massimo di attenzione, i lavori che ci arrivano; e non \u00e8 piccola la sofferenza di non poterlo fare, simile a quella di chi vede tante mani che chiedono e pu\u00f2 riempirne solo tre, o dieci.<\/p>\n<p>Parlando per me, le settimane in cui leggo le centinaia di lavori partecipanti al concorso mi immedesimo nel Pirandello della novella <em>La tragedia di un personaggio<\/em> (1911) che confessa disarmato: \u201cE\u2019 mia vecchia abitudine dare udienza, ogni domenica mattina, ai personaggi delle mie future novelle. Cinque ore, dalle otto alle tredici. Non so perch\u00e9, di solito accorre a queste mie udienze la gente pi\u00f9 scontenta del mondo\u201d.<\/p>\n<p>Quella dello scrittore in ascolto dei personaggi \u00e8 anche l\u2019esperienza di noi giurati. Tra i concorrenti ci sono omicidi, spacciatori, mafiosi, scafisti, bancarottieri, ladri a vita e d\u2019occasione, sentenze definitive e attese di giudizio. In certe giornate la lettura sembra trascinarti nelle bolge di Dante dove un\u2019umanit\u00e0 dolente e furente si fa parola. A volte t\u2019accorgi che le pagine che stai scorrendo non avranno premi ma le leggi con la stessa attenzione delle altre per non deludere chi \u00e8 venuto a chiederti ascolto. E\u2019 appunto l\u2019esperienza di Pirandello autore alle prese con le persone che si rivolgono a lui per essere narrate e sono tante, tutte portatrici di storie tribolate, ma lui ne potr\u00e0 scegliere una tra tutte, una sola per quella settimana.<\/p>\n<p>In forza di quell\u2019esperienza di lettura e di ascolto dei partecipanti al concorso, che con i loro lavori ci hanno chiesto di prestare attenzione alle proprie storie, invito i presenti a salutare con un applauso i detenuti che partecipano a questa mattinata di premiazione.<\/p>\n","protected":false},"excerpt":{"rendered":"<p>A nome della Giuria do il benvenuto ai detenuti \u2013 un centinaio \u2013 che sono presenti a questa premiazione: qui ci sono i volontari attivi in questo carcere, c\u2019\u00e8 una&#8230;<\/p>\n<div class=\"more-link-wrapper\"><a class=\"more-link\" href=\"http:\/\/www.luigiaccattoli.it\/blog\/conferenze-e-dibattiti-2\/saluto-del-presidente-della-giuria-luigi-accattoli\/\">Read More<span class=\"screen-reader-text\">Saluto del presidente della Giuria Luigi Accattoli<\/span><\/a><\/div>\n","protected":false},"author":1,"featured_media":0,"parent":5506,"menu_order":0,"comment_status":"closed","ping_status":"closed","template":"","meta":{"_monsterinsights_skip_tracking":false,"_monsterinsights_sitenote_active":false,"_monsterinsights_sitenote_note":"","_monsterinsights_sitenote_category":0,"footnotes":""},"class_list":["post-20525","page","type-page","status-publish","hentry","excerpt"],"_links":{"self":[{"href":"http:\/\/www.luigiaccattoli.it\/blog\/wp-json\/wp\/v2\/pages\/20525","targetHints":{"allow":["GET"]}}],"collection":[{"href":"http:\/\/www.luigiaccattoli.it\/blog\/wp-json\/wp\/v2\/pages"}],"about":[{"href":"http:\/\/www.luigiaccattoli.it\/blog\/wp-json\/wp\/v2\/types\/page"}],"author":[{"embeddable":true,"href":"http:\/\/www.luigiaccattoli.it\/blog\/wp-json\/wp\/v2\/users\/1"}],"replies":[{"embeddable":true,"href":"http:\/\/www.luigiaccattoli.it\/blog\/wp-json\/wp\/v2\/comments?post=20525"}],"version-history":[{"count":1,"href":"http:\/\/www.luigiaccattoli.it\/blog\/wp-json\/wp\/v2\/pages\/20525\/revisions"}],"predecessor-version":[{"id":20526,"href":"http:\/\/www.luigiaccattoli.it\/blog\/wp-json\/wp\/v2\/pages\/20525\/revisions\/20526"}],"up":[{"embeddable":true,"href":"http:\/\/www.luigiaccattoli.it\/blog\/wp-json\/wp\/v2\/pages\/5506"}],"wp:attachment":[{"href":"http:\/\/www.luigiaccattoli.it\/blog\/wp-json\/wp\/v2\/media?parent=20525"}],"curies":[{"name":"wp","href":"https:\/\/api.w.org\/{rel}","templated":true}]}}