{"id":20528,"date":"2017-10-20T20:02:57","date_gmt":"2017-10-20T18:02:57","guid":{"rendered":"http:\/\/www.luigiaccattoli.it\/blog\/?page_id=20528"},"modified":"2017-10-24T10:50:05","modified_gmt":"2017-10-24T08:50:05","slug":"ringraziamento-per-lattribuzione-della-spiga-doro-campocavallo-di-osimo-domenica-6-agosto-2017","status":"publish","type":"page","link":"http:\/\/www.luigiaccattoli.it\/blog\/conferenze-e-dibattiti-2\/ringraziamento-per-lattribuzione-della-spiga-doro-campocavallo-di-osimo-domenica-6-agosto-2017\/","title":{"rendered":"Ringraziamento per l\u2019attribuzione della Spiga d\u2019Oro Campocavallo di Osimo \u2013 domenica 6 agosto 2017"},"content":{"rendered":"<p><em>Dopo la celebrazione delle ore 11.00<\/em><\/p>\n<p>Motivazioni del conferimento de \u201cLa Spiga d&#8217;Oro 2017\u201d da parte del<br \/>\nComitato della Festa del Covo di Campocavallo di Osimo:<\/p>\n<p><em>A Luigi Accattoli, apprezzato vaticanista prima di Repubblica e poi del Corriere della Sera, giornalista, scrittore e conferenziere di chiara fama. Persona molto acuta, equilibrata nei suoi articoli e profonda nelle sue riflessioni, \u00e8 rimasto fedele ai valori della sua terra natia, mai dimentico delle proprie radici contadine e locali.<\/em><\/p>\n<p>Grazie. Grazie a tutti. Mai avrei immaginato di ricevere da voi, qui, questo riconoscimento. Ringrazio pieno di sorpresa.<br \/>\nIo sono di qui, qui vicino sono nato, qui sono cresciuto, qui sono sempre tornato. Ventidue giorni fa ero qui per il matrimonio di una nipote, in occasione del quale gli sposi mi hanno chiesto di leggere\u00a0 la &#8220;seconda lettura&#8221; che ho letto da questo microfono. Qui vicino sono i miei morti, qua intorno i miei parenti. Sono andato lontano, ho perso \u2013 forse \u2013 la cadenza dialettale, ma sempre sono restato uno di qui. Uno di voi.<br \/>\nSono nato in territorio di Recanati, contrada Cantalupo, parrocchia di Bagnolo. Quella parrocchia confina con questa di Campocavallo. Poco dopo la nascita, quand\u2019ero alle elementari, la famiglia si \u00e8 trasferita da un lato all\u2019altro di quella via Settefinestre ed ecco che da questa parte era Campocavallo.<br \/>\nQui si veniva a comprare il sale e i fiammiferi: lo spaccio &#8220;Sale e Tabacchi&#8221; di qui era il pi\u00f9 vicino a casa nostra. Qui si veniva a imbucare le rare lettere che si scrivevano ai fratelli che erano andati militari e a comprare il pane quando non bastava quello di casa. Quando arrivarono le prime motociclette e ancora non le sapevamo usare e restavamo senza benzina, noi ragazzi venivamo qui con un fiasco impagliato in mano a comprare la benzina. Che buon odore aveva quel fiasco al nostro naso contadino.<br \/>\nQui si veniva in pellegrinaggio parrocchiale, da Bagnolo, ogni anno a maggio. Ricordo da piccolissimo quell\u2019arco qui a sinistra da dove pendeva e pende la corda della campana che non finivo di guardare quando veniva suonata. Qui si veniva \u2013 ovviamente \u2013 per la festa del Covo, che era il pi\u00f9 grande raduno rispetto a quanti ne avvenivano tra tutte le contrade che qui convergono. In quell\u2019occasione agostana anche si andava al fiume &#8211; dai contadini che &#8220;facevano l&#8217;orto&#8221; &#8211; per una scorpacciata di anguria.<br \/>\nQui si coltiva il grano. La festa del Covo \u00e8 la festa del grano. Con il grano si fa il pane e con il pane si fa l\u2019Eucarestia. Gi\u00e0 il pane \u00e8 santit\u00e0 perch\u00e9 \u00e8 vita delle persone. Sull\u2019altare il pane \u00e8 due volte santit\u00e0 perch\u00e9 due volte \u201cpane di vita\u201d. Grazie di avermi richiamato a questi misteri. Grazie d\u2019aver pensato a me.<\/p>\n","protected":false},"excerpt":{"rendered":"<p>Dopo la celebrazione delle ore 11.00 Motivazioni del conferimento de \u201cLa Spiga d&#8217;Oro 2017\u201d da parte del Comitato della Festa del Covo di Campocavallo di Osimo: A Luigi Accattoli, apprezzato&#8230;<\/p>\n<div class=\"more-link-wrapper\"><a class=\"more-link\" href=\"http:\/\/www.luigiaccattoli.it\/blog\/conferenze-e-dibattiti-2\/ringraziamento-per-lattribuzione-della-spiga-doro-campocavallo-di-osimo-domenica-6-agosto-2017\/\">Read More<span class=\"screen-reader-text\">Ringraziamento per l\u2019attribuzione della Spiga d\u2019Oro Campocavallo di Osimo \u2013 domenica 6 agosto 2017<\/span><\/a><\/div>\n","protected":false},"author":1,"featured_media":0,"parent":5506,"menu_order":0,"comment_status":"closed","ping_status":"closed","template":"","meta":{"_monsterinsights_skip_tracking":false,"_monsterinsights_sitenote_active":false,"_monsterinsights_sitenote_note":"","_monsterinsights_sitenote_category":0,"footnotes":""},"class_list":["post-20528","page","type-page","status-publish","hentry","excerpt"],"_links":{"self":[{"href":"http:\/\/www.luigiaccattoli.it\/blog\/wp-json\/wp\/v2\/pages\/20528","targetHints":{"allow":["GET"]}}],"collection":[{"href":"http:\/\/www.luigiaccattoli.it\/blog\/wp-json\/wp\/v2\/pages"}],"about":[{"href":"http:\/\/www.luigiaccattoli.it\/blog\/wp-json\/wp\/v2\/types\/page"}],"author":[{"embeddable":true,"href":"http:\/\/www.luigiaccattoli.it\/blog\/wp-json\/wp\/v2\/users\/1"}],"replies":[{"embeddable":true,"href":"http:\/\/www.luigiaccattoli.it\/blog\/wp-json\/wp\/v2\/comments?post=20528"}],"version-history":[{"count":4,"href":"http:\/\/www.luigiaccattoli.it\/blog\/wp-json\/wp\/v2\/pages\/20528\/revisions"}],"predecessor-version":[{"id":20564,"href":"http:\/\/www.luigiaccattoli.it\/blog\/wp-json\/wp\/v2\/pages\/20528\/revisions\/20564"}],"up":[{"embeddable":true,"href":"http:\/\/www.luigiaccattoli.it\/blog\/wp-json\/wp\/v2\/pages\/5506"}],"wp:attachment":[{"href":"http:\/\/www.luigiaccattoli.it\/blog\/wp-json\/wp\/v2\/media?parent=20528"}],"curies":[{"name":"wp","href":"https:\/\/api.w.org\/{rel}","templated":true}]}}