{"id":20815,"date":"2017-12-18T21:12:55","date_gmt":"2017-12-18T20:12:55","guid":{"rendered":"http:\/\/www.luigiaccattoli.it\/blog\/?page_id=20815"},"modified":"2019-01-18T10:21:10","modified_gmt":"2019-01-18T09:21:10","slug":"saluto-finale","status":"publish","type":"page","link":"http:\/\/www.luigiaccattoli.it\/blog\/conferenze-e-dibattiti-2\/saluto-finale\/","title":{"rendered":"Saluto finale"},"content":{"rendered":"<p>&nbsp;<\/p>\n<p>del coordinatore della giornata Luigi ACCATTOLI<\/p>\n<p>&nbsp;<\/p>\n<p>Al coordinatore della Giornata spetta un saluto finale agli intervenuti, a chi ha parlato e ai tanti che hanno ascoltato: \u00e8 stata una festa dell\u2019alfabeto e della parola, questa Giornata di omaggio a don Lorenzo Milani e a Maria Montessori. La chiamo cos\u00ec avendo nell\u2019orecchio il motto della Montessori: \u201cla potenza dell\u2019alfabeto\u201d; e quello di don Milani: \u201cil potere della parola\u201d.<\/p>\n<p>Una doppia festa dell\u2019alfabeto e della parola, io la direi: nell\u2019ascolto dei testi dei due educatori, che ci sono stati proposti con grande arte dai due lettori Luca Violini e Lucia Ferrati; e nella scoperta inaspettata \u2013 almeno per me \u2013 di un elemento di forte convergenza di questi due protagonisti delle scienze dell\u2019educazione, cos\u00ec diversi che parrebbe quasi una provocazione ricordarli insieme, ma uniti \u2013 pur senza sapere l\u2019uno dell\u2019altro \u2013 nel comune impegno a far valere il convincimento che nell\u2019alfabeto e nella parola \u00e8 il fondamento primo della dignit\u00e0 di ogni creatura umana.<\/p>\n<p>La diversit\u00e0 ce l\u2019hanno fatta sentire con afflato i due artisti che hanno letto i loro testi. Ed \u00e8 stata forse \u2013 questa della lettura delle loro parole \u2013 la proposta pi\u00f9 creativa degli organizzatori della Giornata, con due maestri della lettura teatrale a far risuonare vivo in questa sala l\u2019insegnamento dei personaggi che eravamo chiamati a ricordare. Una voce di donna per cogliere in pienezza il respiro materno della lezione montessoriana, tesa all\u2019amorosa scoperta del bambino; e una voce d\u2019uomo per la provocante \u2013 e anche rude \u2013 spinta di don Milani perch\u00e9 i suoi ragazzi apprendessero a farsi valere nella vita.<\/p>\n<p>Ma qui oggi c\u2019\u00e8 stata festa non solo nell\u2019ascolto vivo delle parole dei due educatori ma anche nell\u2019interpretazione della loro lezione convergente \u2013 dicevo \u2013 nel porre l\u2019alfabeto e la parola a fondamento dell\u2019umano.<\/p>\n<p>\u201cLa potenza dell\u2019alfabeto\u201d \u00e8 il motto di Maria Montessori che ci portiamo con noi avendo ascoltato chi la conobbe e la studia e la propone. Un motto che lei pose a bandiera della sua battaglia contro l\u2019analfabetismo mondiale. \u201cIl potere della parola\u201d \u00e8 un motto con cui riassumo il molteplice impegno di don Milani per arricchire la capacit\u00e0 di parola dei suoi allievi. Nel ventaglio dei suoi impegni educativi questo \u00e8 senz\u2019altro centrale ed \u00e8 quello che meglio corrisponde alla dedizione con cui la Montessori port\u00f2 avanti la sua missione alfabetizzatrice.<\/p>\n<p>&#8220;Chiamo uomo chi \u00e8 padrone della sua lingua&#8221; e \u201csolo la lingua fa eguali\u201d, diceva don Milani. \u201cL\u2019uomo che non conosce l\u2019alfabeto rimane fuori dalla societ\u00e0\u201d, era il primo convincimento della Montessori.<\/p>\n<p>Con il richiamo a queste due risorse dell\u2019umano, l\u2019alfabeto e la parola, ora ci salutiamo, grati ai due maestri che con tanta forza ce le hanno significate.<\/p>\n","protected":false},"excerpt":{"rendered":"<p>&nbsp; del coordinatore della giornata Luigi ACCATTOLI &nbsp; Al coordinatore della Giornata spetta un saluto finale agli intervenuti, a chi ha parlato e ai tanti che hanno ascoltato: \u00e8 stata&#8230;<\/p>\n<div class=\"more-link-wrapper\"><a class=\"more-link\" href=\"http:\/\/www.luigiaccattoli.it\/blog\/conferenze-e-dibattiti-2\/saluto-finale\/\">Read More<span class=\"screen-reader-text\">Saluto finale<\/span><\/a><\/div>\n","protected":false},"author":1,"featured_media":0,"parent":5506,"menu_order":0,"comment_status":"closed","ping_status":"closed","template":"","meta":{"_monsterinsights_skip_tracking":false,"_monsterinsights_sitenote_active":false,"_monsterinsights_sitenote_note":"","_monsterinsights_sitenote_category":0,"footnotes":""},"class_list":["post-20815","page","type-page","status-publish","hentry","excerpt"],"_links":{"self":[{"href":"http:\/\/www.luigiaccattoli.it\/blog\/wp-json\/wp\/v2\/pages\/20815","targetHints":{"allow":["GET"]}}],"collection":[{"href":"http:\/\/www.luigiaccattoli.it\/blog\/wp-json\/wp\/v2\/pages"}],"about":[{"href":"http:\/\/www.luigiaccattoli.it\/blog\/wp-json\/wp\/v2\/types\/page"}],"author":[{"embeddable":true,"href":"http:\/\/www.luigiaccattoli.it\/blog\/wp-json\/wp\/v2\/users\/1"}],"replies":[{"embeddable":true,"href":"http:\/\/www.luigiaccattoli.it\/blog\/wp-json\/wp\/v2\/comments?post=20815"}],"version-history":[{"count":3,"href":"http:\/\/www.luigiaccattoli.it\/blog\/wp-json\/wp\/v2\/pages\/20815\/revisions"}],"predecessor-version":[{"id":22527,"href":"http:\/\/www.luigiaccattoli.it\/blog\/wp-json\/wp\/v2\/pages\/20815\/revisions\/22527"}],"up":[{"embeddable":true,"href":"http:\/\/www.luigiaccattoli.it\/blog\/wp-json\/wp\/v2\/pages\/5506"}],"wp:attachment":[{"href":"http:\/\/www.luigiaccattoli.it\/blog\/wp-json\/wp\/v2\/media?parent=20815"}],"curies":[{"name":"wp","href":"https:\/\/api.w.org\/{rel}","templated":true}]}}