{"id":2093,"date":"2009-09-30T18:31:51","date_gmt":"2009-09-30T16:31:51","guid":{"rendered":"http:\/\/www.luigiaccattoli.it\/blog\/?page_id=2093"},"modified":"2014-04-03T18:43:10","modified_gmt":"2014-04-03T16:43:10","slug":"4-la-reazione-all%e2%80%99handicap","status":"publish","type":"page","link":"http:\/\/www.luigiaccattoli.it\/blog\/cerco-fatti-di-vangelo\/4-la-reazione-all%e2%80%99handicap\/","title":{"rendered":"4. La reazione all\u2019handicap"},"content":{"rendered":"<p>Qui \u00e8 narrata la reazione all\u2019handicap da parte dei stessi portatori di handicap e dei loro familiari e qui si attesta una nuova possibilit\u00e0 dell\u2019umano nella nostra epoca: un tempo gli svantaggiati erano esiliati dalla vita sociale \u2013 e da ogni ruolo nella Chiesa \u2013 oggi invece si compiono i primi passi in vista della loro accettazione.<\/p>\n<ul>\n<li><a href=\"http:\/\/www.luigiaccattoli.it\/blog\/?page_id=9055\">Ines Lo Faro: Quando il miracolo della vita ha la sindrome di Down<\/a><\/li>\n<li><a href=\"http:\/\/www.luigiaccattoli.it\/blog\/?page_id=9586\">Paola Olzer: \u201cA volte non capisco n\u00e9 l\u2019uomo n\u00e9 Dio\u201d<\/a><\/li>\n<li><a href=\"http:\/\/www.luigiaccattoli.it\/blog\/?page_id=9592\">Daniela Dichiara: \u201cTi ho sempre considerato un segno\u201d<\/a><\/li>\n<li><a href=\"http:\/\/www.luigiaccattoli.it\/blog\/?page_id=7307\">Fiorella Elmetti \u201cNella gioia io gioisco, nella gioia io esisto\u201d<\/a><\/li>\n<li><a href=\"http:\/\/www.luigiaccattoli.it\/blog\/?page_id=7882\">Giancarla Matteuzzi entusiasta della carrozzina elettrica<\/a><\/li>\n<li><a href=\"http:\/\/www.luigiaccattoli.it\/blog\/?page_id=7847\">Giuseppe Pierobon: \u201cL\u2019accettazione del limite \u00e8 gi\u00e0 una libert\u00e0\u201d<\/a><\/li>\n<li><a href=\"http:\/\/www.luigiaccattoli.it\/blog\/?page_id=6871\">Benedetto Castellini: \u201cIl prodigio di un piede avanti l\u2019altro\u201d<\/a><\/li>\n<li><a href=\"http:\/\/www.luigiaccattoli.it\/blog\/?page_id=4934\">Cristina Acquistapace \u00e8 Down e vuole una foto con i mongoli<\/a><\/li>\n<li><a href=\"http:\/\/www.luigiaccattoli.it\/blog\/?page_id=4826\">Anna e Gianluca Anselmi: \u201cPotevamo scegliere il buio\u201d<\/a><\/li>\n<li><a href=\"http:\/\/www.luigiaccattoli.it\/blog\/?page_id=4778\">Franco Antonio Mizzi: \u201cScrivo con la voce a lode del Padre\u201d<\/a><\/li>\n<li><a href=\"http:\/\/www.luigiaccattoli.it\/blog\/?page_id=4712\">Massimo Toschi politico disabile e giramondo<\/a><\/li>\n<li><a href=\"http:\/\/www.luigiaccattoli.it\/blog\/?page_id=3774\">Gian Carla Bozzo: \u201cVita sar\u00e0 comunque\u201d<\/a><\/li>\n<li><a href=\"http:\/\/www.luigiaccattoli.it\/blog\/?page_id=3109\">Michele Cargiolli: \u201cSchopenhauer \u00e8 un vecchio stronzo\u201d<\/a><\/li>\n<li><a href=\"http:\/\/www.luigiaccattoli.it\/blog\/?page_id=2643\">Monica Paganuzzi: \u201cChiedevo al Signore se poteva accompagnarmi\u201d<\/a><\/li>\n<li><a href=\"http:\/\/www.luigiaccattoli.it\/blog\/?page_id=2596\">Alessandro Ranieri: \u201cLa disabilit\u00e0 mi ha messo a nuovo\u201d<\/a><\/li>\n<li><a href=\"http:\/\/www.luigiaccattoli.it\/blog\/?page_id=3377\">Mario Melazzini: \u201cRingrazio di questa malattia\u201d<\/a><\/li>\n<li><a href=\"http:\/\/www.luigiaccattoli.it\/blog\/?page_id=848\">I disabili vi precederanno. Un&#8217;esperienza di speciale consacrazione<\/a><\/li>\n<li><a href=\"http:\/\/www.luigiaccattoli.it\/blog\/?page_id=4690\">Sabina Santilli cieca e sorda riesce a \u201cbisticciare con tutti\u201d<\/a><\/li>\n<li><a href=\"http:\/\/www.luigiaccattoli.it\/blog\/?page_id=2720\">Marialuisa Donadio: \u201cFinalmente batter\u00f2 le mani per fare festa\u201d<\/a><\/li>\n<li><a href=\"http:\/\/www.luigiaccattoli.it\/blog\/?page_id=4719\">Carla Zichetti: \u00abMi arriva per lettera la sorpresa del bene\u00bb<\/a><\/li>\n<li><a href=\"http:\/\/www.luigiaccattoli.it\/blog\/?page_id=13873\">Luigi Rocchi: \u00abNon avrei nulla per essere contento eppure sono la felicit\u00e0 in persona\u00bb<\/a><\/li>\n<\/ul>\n","protected":false},"excerpt":{"rendered":"<p>Qui \u00e8 narrata la reazione all\u2019handicap da parte dei stessi portatori di handicap e dei loro familiari e qui si attesta una nuova possibilit\u00e0 dell\u2019umano nella nostra epoca: un tempo&#8230;<\/p>\n<div class=\"more-link-wrapper\"><a class=\"more-link\" href=\"http:\/\/www.luigiaccattoli.it\/blog\/cerco-fatti-di-vangelo\/4-la-reazione-all%e2%80%99handicap\/\">Read More<span class=\"screen-reader-text\">4. La reazione all\u2019handicap<\/span><\/a><\/div>\n","protected":false},"author":1,"featured_media":0,"parent":12,"menu_order":0,"comment_status":"open","ping_status":"closed","template":"","meta":{"_monsterinsights_skip_tracking":false,"_monsterinsights_sitenote_active":false,"_monsterinsights_sitenote_note":"","_monsterinsights_sitenote_category":0,"footnotes":""},"class_list":["post-2093","page","type-page","status-publish","hentry","excerpt"],"_links":{"self":[{"href":"http:\/\/www.luigiaccattoli.it\/blog\/wp-json\/wp\/v2\/pages\/2093","targetHints":{"allow":["GET"]}}],"collection":[{"href":"http:\/\/www.luigiaccattoli.it\/blog\/wp-json\/wp\/v2\/pages"}],"about":[{"href":"http:\/\/www.luigiaccattoli.it\/blog\/wp-json\/wp\/v2\/types\/page"}],"author":[{"embeddable":true,"href":"http:\/\/www.luigiaccattoli.it\/blog\/wp-json\/wp\/v2\/users\/1"}],"replies":[{"embeddable":true,"href":"http:\/\/www.luigiaccattoli.it\/blog\/wp-json\/wp\/v2\/comments?post=2093"}],"version-history":[{"count":28,"href":"http:\/\/www.luigiaccattoli.it\/blog\/wp-json\/wp\/v2\/pages\/2093\/revisions"}],"predecessor-version":[{"id":13876,"href":"http:\/\/www.luigiaccattoli.it\/blog\/wp-json\/wp\/v2\/pages\/2093\/revisions\/13876"}],"up":[{"embeddable":true,"href":"http:\/\/www.luigiaccattoli.it\/blog\/wp-json\/wp\/v2\/pages\/12"}],"wp:attachment":[{"href":"http:\/\/www.luigiaccattoli.it\/blog\/wp-json\/wp\/v2\/media?parent=2093"}],"curies":[{"name":"wp","href":"https:\/\/api.w.org\/{rel}","templated":true}]}}