{"id":2096,"date":"2009-09-30T18:33:49","date_gmt":"2009-09-30T16:33:49","guid":{"rendered":"http:\/\/www.luigiaccattoli.it\/blog\/?page_id=2096"},"modified":"2017-04-04T22:56:35","modified_gmt":"2017-04-04T20:56:35","slug":"5-anche-in-ospedale-si-puo-essere-felici","status":"publish","type":"page","link":"http:\/\/www.luigiaccattoli.it\/blog\/cerco-fatti-di-vangelo\/5-anche-in-ospedale-si-puo-essere-felici\/","title":{"rendered":"5. Anche in ospedale si pu\u00f2 essere felici"},"content":{"rendered":"<p>La malattia come prova della fede in Dio e della gratitudine alla vita: qui la messe \u00e8 abbondante e forse questo \u00e8 il pi\u00f9 fecondo tra i campi da me attraversati. Con tremore e gratitudine riporto le parole di chi si dice \u201cfelice\u201d anche nell\u2019esperienza dell\u2019ospedale.<\/p>\n<ul>\n<li><a href=\"http:\/\/www.luigiaccattoli.it\/blog\/cerco-fatti-di-vangelo\/5-anche-in-ospedale-si-puo-essere-felici\/serena-che-fara-il-medico-per-restituire-laiuto-ricevuto\/\" target=\"_blank\">Serena che far\u00e0 il medico per restituire l\u2019aiuto ricevuto<\/a> <\/li>\n<li><a href=\"http:\/\/www.luigiaccattoli.it\/blog\/?page_id=9110\">Remo Zanotti: Il mio cuore pazzo e la voglia di fare volontariato<\/a><\/li>\n<li><a href=\"http:\/\/www.luigiaccattoli.it\/blog\/?page_id=8994\">Mirella Ruosi: \u201cNell\u2019abbraccio della dottoressa quello di tutti i fratelli\u201d<br \/>\n<\/a><\/li>\n<li><a href=\"http:\/\/www.luigiaccattoli.it\/blog\/?page_id=9610\">Karl Golser: \u201cSoffro di una sindrome rara e atipica di Parkinson\u201d<\/a><\/li>\n<li><a href=\"http:\/\/www.luigiaccattoli.it\/blog\/?page_id=9606\">Romano Martinelli: \u201cDevo ricominciare da capo a credere\u201d<\/a><\/li>\n<li><a href=\"http:\/\/www.luigiaccattoli.it\/blog\/?page_id=9664\">Rita Coruzzi: \u201cRifiuterei volentieri la guarigione\u201d<\/a><\/li>\n<li><a href=\"http:\/\/www.luigiaccattoli.it\/blog\/?page_id=3712\">Il vescovo Mani e don Sergio \u201cinspiegabilmente contento\u201d<\/a><\/li>\n<li><a href=\"http:\/\/www.luigiaccattoli.it\/blog\/?page_id=3543\">Carlo Chenis: \u201cDa questo esilio a una maggiore vicinanza\u201d<\/a><\/li>\n<li><a href=\"http:\/\/www.luigiaccattoli.it\/blog\/?page_id=4199\">Stefano Bellan chiede la benedizione a un mendicante<\/a><\/li>\n<li><a href=\"http:\/\/www.luigiaccattoli.it\/blog\/?page_id=9615\">Maria Pia Pavani: \u201cLa forza la voglia di fare la gioia di vivere\u201d<\/a><\/li>\n<li><a href=\"http:\/\/www.luigiaccattoli.it\/blog\/?page_id=3382\">Giovanni Natoli: \u201cCristo \u00e8 l\u2019amico che attendiamo\u201d<\/a><\/li>\n<li><a href=\"http:\/\/www.luigiaccattoli.it\/blog\/?page_id=816\">Salvatore Boccaccio 1 \u2013 vescovo in malattia<\/a><\/li>\n<li><a href=\"http:\/\/www.luigiaccattoli.it\/blog\/?page_id=815\">Salvatore Boccaccio 2 \u2013 vescovo invalido<\/a><\/li>\n<li><a href=\"http:\/\/www.luigiaccattoli.it\/blog\/?page_id=2806\">Maria Pia Ladi: \u201cNella malattia riconquisto la mia vita\u201d<\/a><\/li>\n<li><a href=\"http:\/\/www.luigiaccattoli.it\/blog\/?page_id=2870\">Agostino Marchetto quand\u2019era un \u201cvescovo in malattia\u201d<\/a><\/li>\n<li><a href=\"http:\/\/www.luigiaccattoli.it\/blog\/?page_id=3209\">Sarah Calvano: \u00abSi pu\u00f2 essere felici anche in ospedale\u00bb<\/a><\/li>\n<\/ul>\n","protected":false},"excerpt":{"rendered":"<p>La malattia come prova della fede in Dio e della gratitudine alla vita: qui la messe \u00e8 abbondante e forse questo \u00e8 il pi\u00f9 fecondo tra i campi da me&#8230;<\/p>\n<div class=\"more-link-wrapper\"><a class=\"more-link\" href=\"http:\/\/www.luigiaccattoli.it\/blog\/cerco-fatti-di-vangelo\/5-anche-in-ospedale-si-puo-essere-felici\/\">Read More<span class=\"screen-reader-text\">5. Anche in ospedale si pu\u00f2 essere felici<\/span><\/a><\/div>\n","protected":false},"author":1,"featured_media":0,"parent":12,"menu_order":0,"comment_status":"open","ping_status":"closed","template":"","meta":{"_monsterinsights_skip_tracking":false,"_monsterinsights_sitenote_active":false,"_monsterinsights_sitenote_note":"","_monsterinsights_sitenote_category":0,"footnotes":""},"class_list":["post-2096","page","type-page","status-publish","hentry","excerpt"],"_links":{"self":[{"href":"http:\/\/www.luigiaccattoli.it\/blog\/wp-json\/wp\/v2\/pages\/2096","targetHints":{"allow":["GET"]}}],"collection":[{"href":"http:\/\/www.luigiaccattoli.it\/blog\/wp-json\/wp\/v2\/pages"}],"about":[{"href":"http:\/\/www.luigiaccattoli.it\/blog\/wp-json\/wp\/v2\/types\/page"}],"author":[{"embeddable":true,"href":"http:\/\/www.luigiaccattoli.it\/blog\/wp-json\/wp\/v2\/users\/1"}],"replies":[{"embeddable":true,"href":"http:\/\/www.luigiaccattoli.it\/blog\/wp-json\/wp\/v2\/comments?post=2096"}],"version-history":[{"count":18,"href":"http:\/\/www.luigiaccattoli.it\/blog\/wp-json\/wp\/v2\/pages\/2096\/revisions"}],"predecessor-version":[{"id":19617,"href":"http:\/\/www.luigiaccattoli.it\/blog\/wp-json\/wp\/v2\/pages\/2096\/revisions\/19617"}],"up":[{"embeddable":true,"href":"http:\/\/www.luigiaccattoli.it\/blog\/wp-json\/wp\/v2\/pages\/12"}],"wp:attachment":[{"href":"http:\/\/www.luigiaccattoli.it\/blog\/wp-json\/wp\/v2\/media?parent=2096"}],"curies":[{"name":"wp","href":"https:\/\/api.w.org\/{rel}","templated":true}]}}