{"id":2110,"date":"2009-09-30T18:41:28","date_gmt":"2009-09-30T16:41:28","guid":{"rendered":"http:\/\/www.luigiaccattoli.it\/blog\/?page_id=2110"},"modified":"2013-02-20T10:58:06","modified_gmt":"2013-02-20T09:58:06","slug":"9-la-voce-dello-sposo-e-la-voce-della-sposa","status":"publish","type":"page","link":"http:\/\/www.luigiaccattoli.it\/blog\/cerco-fatti-di-vangelo\/9-la-voce-dello-sposo-e-la-voce-della-sposa\/","title":{"rendered":"9. La voce dello sposo e la voce della sposa"},"content":{"rendered":"<p>L\u2019amore dell\u2019uomo e della donna attestato nella buona e nella cattiva sorte dovrebbe forse dar luogo al capitolo pi\u00f9 vasto, ma per ora esso \u00e8 breve: i cristiani hanno sempre avuto difficolt\u00e0 a raccontare \u2014 non a vivere \u2014 l\u2019amore sponsale. La nostra generazione forse la superer\u00e0. Le storie raccolte lasciano immaginare qualcosa della bellezza che ne avremo.<\/p>\n<ul>\n<li><a href=\"http:\/\/www.luigiaccattoli.it\/blog\/?page_id=9668\">Fiorenzo Magni: \u201cNon ho mai sfiorato un\u2019altra donna\u201d<\/a><\/li>\n<li><a href=\"http:\/\/www.luigiaccattoli.it\/blog\/?page_id=8005\">Nuova parabola degli sposi che partono insieme<\/a><\/li>\n<li><a href=\"http:\/\/www.luigiaccattoli.it\/blog\/?page_id=7498\">Mi chiamo Anna staccato Lisa e ho il cancro<\/a><\/li>\n<li><a href=\"http:\/\/www.luigiaccattoli.it\/blog\/?page_id=3804\">Rosaria e Domenico Badenchini: amore cieco<\/a><\/li>\n<li><a href=\"http:\/\/www.luigiaccattoli.it\/blog\/?page_id=2279\">Paola di Verona: &#8220;Mio padre era perduto ed \u00e8 stato ritrovato&#8221;<\/a><\/li>\n<li><a href=\"http:\/\/www.luigiaccattoli.it\/blog\/?page_id=2701\">Roberto Martarelli: \u201cGoderci l\u2019un l\u2019altro fino in fondo\u201d<\/a><\/li>\n<li><a href=\"http:\/\/www.luigiaccattoli.it\/blog\/?page_id=2749\">Flavio Chemello: \u201cLa tua divina fedelt\u00e0 mi riempie di vita\u201d<\/a><\/li>\n<li><a href=\"http:\/\/www.luigiaccattoli.it\/blog\/?page_id=872\">Ruggiero Peschechera travolto dall\u2019affetto<\/a><\/li>\n<li><a href=\"http:\/\/www.luigiaccattoli.it\/blog\/?page_id=3765\">Gianna Beretta Molla: \u201cPedrin d\u2019or, tu sai quanto ti amo\u201d<\/a><\/li>\n<li><a href=\"http:\/\/www.luigiaccattoli.it\/blog\/?page_id=4845\">Parabola degli sposi che partono insieme<\/a><\/li>\n<li><a href=\"http:\/\/www.luigiaccattoli.it\/blog\/?page_id=10829\">Laura Vincenzi: \u00abC\u2019\u00e8 una ragazza qui a Ferrara che ti vuole un mare di bene\u00bb<\/a><\/li>\n<li><a href=\"http:\/\/www.luigiaccattoli.it\/blog\/?page_id=9672\">Emanuela Setti Carraro: \u201cE io lo sposo lo stesso\u201d<\/a><\/li>\n<\/ul>\n","protected":false},"excerpt":{"rendered":"<p>L\u2019amore dell\u2019uomo e della donna attestato nella buona e nella cattiva sorte dovrebbe forse dar luogo al capitolo pi\u00f9 vasto, ma per ora esso \u00e8 breve: i cristiani hanno sempre&#8230;<\/p>\n<div class=\"more-link-wrapper\"><a class=\"more-link\" href=\"http:\/\/www.luigiaccattoli.it\/blog\/cerco-fatti-di-vangelo\/9-la-voce-dello-sposo-e-la-voce-della-sposa\/\">Read More<span class=\"screen-reader-text\">9. La voce dello sposo e la voce della sposa<\/span><\/a><\/div>\n","protected":false},"author":1,"featured_media":0,"parent":12,"menu_order":0,"comment_status":"open","ping_status":"closed","template":"","meta":{"_monsterinsights_skip_tracking":false,"_monsterinsights_sitenote_active":false,"_monsterinsights_sitenote_note":"","_monsterinsights_sitenote_category":0,"footnotes":""},"class_list":["post-2110","page","type-page","status-publish","hentry","excerpt"],"_links":{"self":[{"href":"http:\/\/www.luigiaccattoli.it\/blog\/wp-json\/wp\/v2\/pages\/2110","targetHints":{"allow":["GET"]}}],"collection":[{"href":"http:\/\/www.luigiaccattoli.it\/blog\/wp-json\/wp\/v2\/pages"}],"about":[{"href":"http:\/\/www.luigiaccattoli.it\/blog\/wp-json\/wp\/v2\/types\/page"}],"author":[{"embeddable":true,"href":"http:\/\/www.luigiaccattoli.it\/blog\/wp-json\/wp\/v2\/users\/1"}],"replies":[{"embeddable":true,"href":"http:\/\/www.luigiaccattoli.it\/blog\/wp-json\/wp\/v2\/comments?post=2110"}],"version-history":[{"count":15,"href":"http:\/\/www.luigiaccattoli.it\/blog\/wp-json\/wp\/v2\/pages\/2110\/revisions"}],"predecessor-version":[{"id":10831,"href":"http:\/\/www.luigiaccattoli.it\/blog\/wp-json\/wp\/v2\/pages\/2110\/revisions\/10831"}],"up":[{"embeddable":true,"href":"http:\/\/www.luigiaccattoli.it\/blog\/wp-json\/wp\/v2\/pages\/12"}],"wp:attachment":[{"href":"http:\/\/www.luigiaccattoli.it\/blog\/wp-json\/wp\/v2\/media?parent=2110"}],"curies":[{"name":"wp","href":"https:\/\/api.w.org\/{rel}","templated":true}]}}