{"id":2117,"date":"2009-09-30T18:48:29","date_gmt":"2009-09-30T16:48:29","guid":{"rendered":"http:\/\/www.luigiaccattoli.it\/blog\/?page_id=2117"},"modified":"2012-11-01T10:23:08","modified_gmt":"2012-11-01T09:23:08","slug":"11-il-genio-della-carita","status":"publish","type":"page","link":"http:\/\/www.luigiaccattoli.it\/blog\/cerco-fatti-di-vangelo\/11-il-genio-della-carita\/","title":{"rendered":"11. Il genio della carit\u00e0"},"content":{"rendered":"<p>La carit\u00e0 \u00e8 inventiva e vede e cerca le creature di cui prendersi cura, mentre la normale umanit\u00e0 prosegue per la sua strada. I prossimi tre capitoli indagano sull\u2019aiuto portato con le adozioni, nel mondo del carcere e negli universi della droga, dell\u2019Aids e della prostituzione; qui invece si raccontano storie di varia e creativa carit\u00e0, di cui sono protagonisti uomini e donne che dove guardano vedono e subito vanno al soccorso.<\/p>\n<ul>\n<li><a href=\"http:\/\/www.luigiaccattoli.it\/blog\/?page_id=8455\">Gianni Colaiocco e le cene per strada con i barboni<\/a><\/li>\n<li><a href=\"http:\/\/www.luigiaccattoli.it\/blog\/?page_id=7888\">Alpidio Balbo cento viaggi in Africa e seicento pozzi<br \/>\n<\/a><\/li>\n<li><a href=\"http:\/\/www.luigiaccattoli.it\/blog\/?page_id=8619\">Surendra Narne: \u201cL\u2019amore per il prossimo mi ha fatto cristiano\u201d<\/a><\/li>\n<li><a href=\"http:\/\/www.luigiaccattoli.it\/blog\/?page_id=7823\">Maria Cristina Ogier: \u201cSenti babbo, sei o non sei un medico cristiano?\u201d<\/a><\/li>\n<li><a href=\"http:\/\/www.luigiaccattoli.it\/blog\/?page_id=3249\">Norina Ventre: \u201cGes\u00f9 ha detto: date da mangiare agli affamati\u201d<\/a><\/li>\n<li><a href=\"http:\/\/www.luigiaccattoli.it\/blog\/?page_id=9694\">Carla Baraldi: \u201cUno scandalo se una donna rimprovera un uomo\u201d<\/a><\/li>\n<li><a href=\"http:\/\/www.luigiaccattoli.it\/blog\/?page_id=9699\">Eugenia Bonetti: \u201cUna suora e una prostituta sotto lo stesso ombrello\u201d<\/a><\/li>\n<li><a href=\"http:\/\/www.luigiaccattoli.it\/blog\/?page_id=9707\">Giancarlo Bertagnolli: \u201cHo tentato di amare\u201d<\/a><\/li>\n<li><a href=\"http:\/\/www.luigiaccattoli.it\/blog\/?page_id=9703\">Michele Ragone: \u201cGuardare quelle ferite era come guardare Ges\u00f9\u201d<\/a><\/li>\n<li><a href=\"http:\/\/www.luigiaccattoli.it\/blog\/?page_id=3295\">Monica della Volpe: quattro donne in terra di Soria<\/a><\/li>\n<li><a href=\"http:\/\/www.luigiaccattoli.it\/blog\/?page_id=1066\">Oreste Benzi: \u201cIo sono lo scarabocchio di Dio\u201d<\/a><\/li>\n<li><a href=\"http:\/\/www.luigiaccattoli.it\/blog\/?page_id=867\">Chiara Amirante e il Vangelo per strada<\/a><\/li>\n<li><a href=\"http:\/\/www.luigiaccattoli.it\/blog\/?page_id=874\">A Montetauro trenta consacrate adottano bambini<\/a><\/li>\n<li><a href=\"http:\/\/www.luigiaccattoli.it\/blog\/?page_id=864\">Chiara Castellani medico di guerra<\/a><\/li>\n<li><a href=\"http:\/\/www.luigiaccattoli.it\/blog\/?page_id=822\">Carlo Urbani \u2013 samaritano del terzo millennio<\/a><\/li>\n<li><a href=\"http:\/\/www.luigiaccattoli.it\/blog\/?page_id=10070\">Luigi Di Liegro ovvero la scelta dei poveri nella Roma del Duemila<\/a><\/li>\n<\/ul>\n","protected":false},"excerpt":{"rendered":"<p>La carit\u00e0 \u00e8 inventiva e vede e cerca le creature di cui prendersi cura, mentre la normale umanit\u00e0 prosegue per la sua strada. I prossimi tre capitoli indagano sull\u2019aiuto portato&#8230;<\/p>\n<div class=\"more-link-wrapper\"><a class=\"more-link\" href=\"http:\/\/www.luigiaccattoli.it\/blog\/cerco-fatti-di-vangelo\/11-il-genio-della-carita\/\">Read More<span class=\"screen-reader-text\">11. Il genio della carit\u00e0<\/span><\/a><\/div>\n","protected":false},"author":1,"featured_media":0,"parent":12,"menu_order":0,"comment_status":"open","ping_status":"closed","template":"","meta":{"_monsterinsights_skip_tracking":false,"_monsterinsights_sitenote_active":false,"_monsterinsights_sitenote_note":"","_monsterinsights_sitenote_category":0,"footnotes":""},"class_list":["post-2117","page","type-page","status-publish","hentry","excerpt"],"_links":{"self":[{"href":"http:\/\/www.luigiaccattoli.it\/blog\/wp-json\/wp\/v2\/pages\/2117","targetHints":{"allow":["GET"]}}],"collection":[{"href":"http:\/\/www.luigiaccattoli.it\/blog\/wp-json\/wp\/v2\/pages"}],"about":[{"href":"http:\/\/www.luigiaccattoli.it\/blog\/wp-json\/wp\/v2\/types\/page"}],"author":[{"embeddable":true,"href":"http:\/\/www.luigiaccattoli.it\/blog\/wp-json\/wp\/v2\/users\/1"}],"replies":[{"embeddable":true,"href":"http:\/\/www.luigiaccattoli.it\/blog\/wp-json\/wp\/v2\/comments?post=2117"}],"version-history":[{"count":18,"href":"http:\/\/www.luigiaccattoli.it\/blog\/wp-json\/wp\/v2\/pages\/2117\/revisions"}],"predecessor-version":[{"id":10072,"href":"http:\/\/www.luigiaccattoli.it\/blog\/wp-json\/wp\/v2\/pages\/2117\/revisions\/10072"}],"up":[{"embeddable":true,"href":"http:\/\/www.luigiaccattoli.it\/blog\/wp-json\/wp\/v2\/pages\/12"}],"wp:attachment":[{"href":"http:\/\/www.luigiaccattoli.it\/blog\/wp-json\/wp\/v2\/media?parent=2117"}],"curies":[{"name":"wp","href":"https:\/\/api.w.org\/{rel}","templated":true}]}}