{"id":2129,"date":"2009-09-30T19:01:34","date_gmt":"2009-09-30T17:01:34","guid":{"rendered":"http:\/\/www.luigiaccattoli.it\/blog\/?page_id=2129"},"modified":"2012-09-25T19:26:17","modified_gmt":"2012-09-25T17:26:17","slug":"15-il-corpo-in-dono-donazioni-e-trapianti","status":"publish","type":"page","link":"http:\/\/www.luigiaccattoli.it\/blog\/cerco-fatti-di-vangelo\/15-il-corpo-in-dono-donazioni-e-trapianti\/","title":{"rendered":"15. Il corpo in dono. Donazioni e trapianti"},"content":{"rendered":"<p>Nuovissima frontiera \u00e8 questa delle donazioni e dei trapianti: qui si raccontano sia le vicende di chi \u00e8 tornato a respirare e a muoversi grazie al dono ricevuto da un samaritano sconosciuto, sia quelle di chi si \u00e8 fatto donatore in circostanze particolari.<\/p>\n<ul>\n<li><a href=\"http:\/\/www.luigiaccattoli.it\/blog\/?page_id=9785\">Giovanni Ruggiero: \u201cPoggio la mano dov\u2019\u00e8 il fegato donato\u201d<\/a><\/li>\n<li><a href=\"http:\/\/www.luigiaccattoli.it\/blog\/?page_id=2692\">Un dibattito familiare sul \u201ccorpo tagliato\u201d<\/a><\/li>\n<li><a href=\"http:\/\/www.luigiaccattoli.it\/blog\/?page_id=2275\">Antonella che vede pi\u00f9 del samaritano<\/a><\/li>\n<li><a href=\"http:\/\/www.luigiaccattoli.it\/blog\/?page_id=9789\">Altri sei trapiantati raccontano<\/a><\/li>\n<li><a href=\"http:\/\/www.luigiaccattoli.it\/blog\/?page_id=2687\">Qui diamo la parola a dieci trapiantati<\/a><\/li>\n<\/ul>\n","protected":false},"excerpt":{"rendered":"<p>Nuovissima frontiera \u00e8 questa delle donazioni e dei trapianti: qui si raccontano sia le vicende di chi \u00e8 tornato a respirare e a muoversi grazie al dono ricevuto da un&#8230;<\/p>\n<div class=\"more-link-wrapper\"><a class=\"more-link\" href=\"http:\/\/www.luigiaccattoli.it\/blog\/cerco-fatti-di-vangelo\/15-il-corpo-in-dono-donazioni-e-trapianti\/\">Read More<span class=\"screen-reader-text\">15. Il corpo in dono. Donazioni e trapianti<\/span><\/a><\/div>\n","protected":false},"author":1,"featured_media":0,"parent":12,"menu_order":0,"comment_status":"open","ping_status":"closed","template":"","meta":{"_monsterinsights_skip_tracking":false,"_monsterinsights_sitenote_active":false,"_monsterinsights_sitenote_note":"","_monsterinsights_sitenote_category":0,"footnotes":""},"class_list":["post-2129","page","type-page","status-publish","hentry","excerpt"],"_links":{"self":[{"href":"http:\/\/www.luigiaccattoli.it\/blog\/wp-json\/wp\/v2\/pages\/2129","targetHints":{"allow":["GET"]}}],"collection":[{"href":"http:\/\/www.luigiaccattoli.it\/blog\/wp-json\/wp\/v2\/pages"}],"about":[{"href":"http:\/\/www.luigiaccattoli.it\/blog\/wp-json\/wp\/v2\/types\/page"}],"author":[{"embeddable":true,"href":"http:\/\/www.luigiaccattoli.it\/blog\/wp-json\/wp\/v2\/users\/1"}],"replies":[{"embeddable":true,"href":"http:\/\/www.luigiaccattoli.it\/blog\/wp-json\/wp\/v2\/comments?post=2129"}],"version-history":[{"count":6,"href":"http:\/\/www.luigiaccattoli.it\/blog\/wp-json\/wp\/v2\/pages\/2129\/revisions"}],"predecessor-version":[{"id":9791,"href":"http:\/\/www.luigiaccattoli.it\/blog\/wp-json\/wp\/v2\/pages\/2129\/revisions\/9791"}],"up":[{"embeddable":true,"href":"http:\/\/www.luigiaccattoli.it\/blog\/wp-json\/wp\/v2\/pages\/12"}],"wp:attachment":[{"href":"http:\/\/www.luigiaccattoli.it\/blog\/wp-json\/wp\/v2\/media?parent=2129"}],"curies":[{"name":"wp","href":"https:\/\/api.w.org\/{rel}","templated":true}]}}