{"id":21308,"date":"2018-04-03T19:51:54","date_gmt":"2018-04-03T17:51:54","guid":{"rendered":"http:\/\/www.luigiaccattoli.it\/blog\/?page_id=21308"},"modified":"2018-04-04T18:01:54","modified_gmt":"2018-04-04T16:01:54","slug":"tutti-siamo-discepoli-missionari-la-gioia-del-vangelo-119-121-come-esercitarsi-a-esserlo-nella-vita-quotidiana","status":"publish","type":"page","link":"http:\/\/www.luigiaccattoli.it\/blog\/conferenze-e-dibattiti-2\/tutti-siamo-discepoli-missionari-la-gioia-del-vangelo-119-121-come-esercitarsi-a-esserlo-nella-vita-quotidiana\/","title":{"rendered":"\u201cTutti siamo discepoli missionari\u201d (La Gioia del Vangelo 119-121) Come esercitarsi a esserlo nella vita quotidiana"},"content":{"rendered":"<p>&nbsp;<\/p>\n<p>Incontro annuale degli operatori di Paoline Multimedia<\/p>\n<p>Figlie di San Paolo &#8211; Via San Giovanni Eudes 25 &#8211; Roma<\/p>\n<p>Sabato 24 marzo 2018<\/p>\n<p>&nbsp;<\/p>\n<p>Divido la conversazione in due punti.<\/p>\n<ul>\n<li>Che intenda dirci il Papa con la consegna a farci \u201cdiscepoli missionari\u201d.<\/li>\n<li>Come il cristiano comune possa esercitarsi a esserlo nella sua giornata.<\/li>\n<\/ul>\n<p>&nbsp;<\/p>\n<p><strong>Prima parte: che vuol dire la chiamata a essere discepoli missionari<\/strong><\/p>\n<p>Il concetto di \u201cdiscepolo missionario\u201d proposto dal Papa ne \u201cLa Goia del Vangelo\u201d viene dal documento di Aparecida.<\/p>\n<p><em>\u201cOgni discepolo \u00e8 missionario, perch\u00e9 Ges\u00f9 lo rende partecipe della sua missione e allo stesso tempo lo unisce a se stesso come amico e come fratello\u201d<\/em>\u00a0(Aparecida\u00a0144).<\/p>\n<p>La Gioia del Vangelo cita sette volte Aparecida e dieci volte \u201cEvangelii Nuntiandi\u201d (1975), che ha un capitolo, il sesto, intitolato \u201cGli operai dell&#8217;evangelizzazione\u201d, dove \u2013 rinviando al paragrafo 35 del documento del Vaticano II \u201cAd Gentes\u201d \u2013 tratta della \u201cChiesa tutta intera missionaria\u201d e dice del ruolo di evangelizzatori che spetta ai laici.<\/p>\n<p><em>\u201cTutti siamo discepoli missionari<\/em><em>\u201d<\/em> \u00e8 il titolo di un capitoletto de \u201cLa Gioia del Vangelo\u201d che occupa i paragrafi 119-121. Richiamo i passaggi centrali.<\/p>\n<ol start=\"119\">\n<li><em> In tutti i battezzati, dal primo all\u2019ultimo, opera la forza santificatrice dello Spirito che spinge ad evangelizzare [\u2026]. Dio dota la totalit\u00e0 dei fedeli di un\u00a0istinto della fede\u00a0\u2013 il\u00a0sensus fidei\u00a0\u2013 che li aiuta a discernere ci\u00f2 che viene realmente da Dio. La presenza dello Spirito concede ai cristiani una certa connaturalit\u00e0 con le realt\u00e0 divine e una saggezza che permette loro di coglierle intuitivamente, bench\u00e9 non dispongano degli strumenti adeguati per esprimerle con precisione.<\/em><\/li>\n<\/ol>\n<p>Quest\u2019affermazione del Papa io l\u2019intendo cos\u00ec: nessuno ha il diritto di dire \u201cnon sono all\u2019altezza per evangelizzare\u201d.<\/p>\n<ol start=\"120\">\n<li><em> In virt\u00f9 del Battesimo ricevuto, ogni membro del Popolo di Dio \u00e8 diventato discepolo missionario (cfr\u00a0Mt\u00a028,19) [\u2026]. La nuova evangelizzazione deve implicare un nuovo protagonismo di ciascuno dei battezzati. Questa convinzione si trasforma in un appello diretto ad ogni cristiano, perch\u00e9 nessuno rinunci al proprio impegno di evangelizzazione, dal momento che, se uno ha realmente fatto esperienza dell\u2019amore di Dio che lo salva, non ha bisogno di molto tempo di preparazione per andare ad annunciarlo, non pu\u00f2 attendere che gli vengano impartite molte lezioni o lunghe istruzioni. Ogni cristiano \u00e8 missionario nella misura in cui si \u00e8 incontrato con l\u2019amore di Dio in Cristo Ges\u00f9; non diciamo pi\u00f9 che siamo \u201cdiscepoli\u201d e \u201cmissionari\u201d, ma che siamo sempre \u201cdiscepoli-missionari\u201d [\u2026]. <\/em><\/li>\n<\/ol>\n<p>Qui trovo la riposta all\u2019obiezione: non ho tempo per farlo e per prepararmi a farlo.<\/p>\n<ol start=\"121\">\n<li><em> Certamente tutti noi siamo chiamati a crescere come evangelizzatori. Al tempo stesso ci adoperiamo per una migliore formazione, un approfondimento del nostro amore e una pi\u00f9 chiara testimonianza del Vangelo [\u2026]; questo per\u00f2 non significa che dobbiamo rinunciare alla missione evangelizzatrice, ma piuttosto dobbiamo trovare il modo di comunicare Ges\u00f9 che corrisponda alla situazione in cui ci troviamo [\u2026]. Il tuo cuore sa che la vita non \u00e8 la stessa senza di Lui, dunque quello che hai scoperto, quello che ti aiuta a vivere e che ti d\u00e0 speranza, quello \u00e8 ci\u00f2 che devi comunicare agli altri. La nostra imperfezione non dev\u2019essere una scusa; al contrario, la missione \u00e8 uno stimolo costante per non adagiarsi nella mediocrit\u00e0 e per continuare a crescere [\u2026].<\/em><\/li>\n<\/ol>\n<p>In queste parole \u00e8 la risposta allo spavento di chi dice: io sono peccatore e non sono degno di farmi apostolo.<\/p>\n<p>In altri due luoghi dell\u2019esortazione \u201cLa Gioia del Vangelo\u201d Francesco usa l\u2019espressione \u201cdiscepoli missionari\u201d. Sono di buona efficacia comunicativa e preludono bene alla seconda parte di questa mia riflessione, dove un povero \u201cdiscepolo missionario\u201d parla ad altri poveri \u201cdiscepoli missionari\u201d. Ma tutti desiderosi di fare bene e di dire bene.<\/p>\n<p><em>La Chiesa \u201cin uscita\u201d \u00e8 la comunit\u00e0 di discepoli missionari che prendono l\u2019iniziativa, che si coinvolgono, che accompagnano, che fruttificano e festeggiano<\/em>: \u201cLa Gioia del Vangelo\u201d 24.<\/p>\n<p><em>I discepoli missionari accompagnano i discepoli missionari<\/em>: \u201cLa Gioia del Vangelo\u201d 173.<\/p>\n<p>&nbsp;<\/p>\n<p><strong>Seconda parte: come addestrarci a essere discepoli missionari nella giornata<\/strong><\/p>\n<ol>\n<li>Prima del risveglio. Trovo utile un momento di preghiera e programma della giornata che verr\u00e0. Un esame di coscienza previo. Torna quel figlio dall\u2019estero. Devo incontrare tale persona. Partecipare a una riunione. Preghiera che prepara il terreno. Invoca lo Spirito in vista degli impegni del giorno. In appendice metto la traccia dell\u2019invocazione che seguo in questo momento e che ho abbozzato parafrasando il \u201cVieni Santo Spirito\u201d.<\/li>\n<li>Dopo il risveglio. Studiare il modo di restare davanti al mistero di Dio o di tornare a esso in vari momenti della giornata. Magari richiamando l\u2019esame mattutino nei suoi punti nodali. \u201cEcco ora sto andando all\u2019aeroporto a prendere quel figlio che torna e debbo cercare la parola da dirgli\u201d.<\/li>\n<li>Avere lo scrupolo di realizzare almeno un momento di \u201cpreghiera pregata\u201d ogni giorno: cio\u00e8 di preghiera espressa in parole, evitando d\u2019accontentarci del facile alibi che tutta la vita pu\u00f2 essere preghiera. Io ho elaborato per me il criterio dei cinque figli, ch\u00e9 tanti ne ho: mi impegno a pregare a nome di tutti e cinque ogni giorno. Magari anche solo un \u201cPadre nostro\u201d. Cinque sono le principali \u201cpreghiere delle ore\u201d e il cristiano comune che vive nel mondo deve inventare qualcosa di simile per una reale vita di preghiera indispensabile ad attivare la sua condizione di discepolo missionario.<\/li>\n<li>Da soli e con la famiglia. Uno dovr\u00e0 cercare d\u2019essere discepolo missionario verso se stesso, innanzitutto, per evitare che la sua giornata torni pagana a ogni ora che volge. E poi con la famiglia. Non con insistenze predicatorie, ma con sorgiva comunicazione della propria gratitudine al Signore e della felicit\u00e0 che ci viene dall\u2019averlo incontrato.<\/li>\n<li>Con la famiglia e con gli ospiti. Cercare di avere sempre ospiti, il pi\u00f9 possibile. E ci faremo comunicatori di quella gratitudine e di quella felicit\u00e0 \u2013 di cui al punto precedente \u2013 con chi viene in casa nostra. I primi cristiani crebbero nello scambio dell\u2019ospitalit\u00e0 tra famiglie, che era alla base dell\u2019umile ed efficacissima rete di Chiese domestiche che troviamo descritta negli \u201cAtti degli Apostoli\u201d e nelle lettere di Paolo.<\/li>\n<li>Fuori di casa. Nel fare un regalo: dovremmo sviluppare un\u2019arte del regalo incentrata sulla Bibbia, per esempio su edizioni appropriate di essa da scegliere per ogni destinatario. Lavorando in una libreria che \u00e8 anche un centro multimediale potete sviluppare in molte direzioni una pedagogia mirata alla diffusione di quell\u2019arte. Nel motivare una decisione: facciamo quella vacanza, o quella spesa, anche per questo motivo cristiano. Nell\u2019allacciare relazioni: spesso sperimentiamo che c\u2019\u00e8 incomunicabilit\u00e0, o comunque mancanza di comunicazione tra discepoli. I discepoli missionari invece comunicano.<\/li>\n<li>Nel lavoro: \u00e8 il campo pi\u00f9 fruttuoso, quello dove dovremmo seminare di pi\u00f9. Anche solo, o innanzitutto, portando la riflessione e la ricerca di letture e sussidi culturali verso ci\u00f2 che davvero conta. Poniamo che un cliente della vostra libreria multimediale ami polemizzare, per esempio su Papa Francesco, dicendo \u201cquesto Papa non parla mai di Ges\u00f9, \u00e8 fissato con gli immigrati e con l\u2019ecologia\u201d; voi potreste segnalargli alcuni volumi che raccolgono le sue omelie e altra produzione biblica e cristologica.<\/li>\n<li>In ospedale \u2013 al pronto soccorso \u2013 visitando chi \u00e8 nella prova \u2013 chi piange un morto. Il discepolo missionario se gli \u00e8 concesso dalle circostanze d\u00e0 ragione della sua scommessa sulla promessa di Cristo. Si tiene pronto a darla. Senza invadenza. Secondo la possibilit\u00e0 di parola e di accoglienza. Chiedendo allo Spirito di mandargli le parole utili a quella testimonianza.<\/li>\n<\/ol>\n<p>&nbsp;<\/p>\n<p><strong>Appendice<\/strong>. Invocazione breve allo Spirito Santo<br \/>\n(mia proposta \u2013 da svolgere ogni mattina \u2013 o comunque almeno una volta nella giornata)<\/p>\n<p><em>Nel nome del Padre del Figlio e dello Spirito Santo.<br \/>\nVieni Santo Spirito manda a noi dal cielo un raggio della tua luce.<br \/>\nAiutaci ad avere in noi le parole e i sentimenti di Ges\u00f9,<br \/>\nguidaci a vivere secondo la sua volont\u00e0.<br \/>\nVieni Consolatore degli umili, vieni Padre dei poveri:<br \/>\ninsegnaci a riconoscerti in ciascuno dei tuoi figli<br \/>\na partire dai pi\u00f9 tribolati<br \/>\ne da quanti non ti conoscono. Amen<\/em><\/p>\n<p>&nbsp;<\/p>\n","protected":false},"excerpt":{"rendered":"<p>&nbsp; Incontro annuale degli operatori di Paoline Multimedia Figlie di San Paolo &#8211; Via San Giovanni Eudes 25 &#8211; Roma Sabato 24 marzo 2018 &nbsp; Divido la conversazione in due&#8230;<\/p>\n<div class=\"more-link-wrapper\"><a class=\"more-link\" href=\"http:\/\/www.luigiaccattoli.it\/blog\/conferenze-e-dibattiti-2\/tutti-siamo-discepoli-missionari-la-gioia-del-vangelo-119-121-come-esercitarsi-a-esserlo-nella-vita-quotidiana\/\">Read More<span class=\"screen-reader-text\">\u201cTutti siamo discepoli missionari\u201d (La Gioia del Vangelo 119-121) Come esercitarsi a esserlo nella vita quotidiana<\/span><\/a><\/div>\n","protected":false},"author":1,"featured_media":0,"parent":5506,"menu_order":0,"comment_status":"closed","ping_status":"closed","template":"","meta":{"_monsterinsights_skip_tracking":false,"_monsterinsights_sitenote_active":false,"_monsterinsights_sitenote_note":"","_monsterinsights_sitenote_category":0,"footnotes":""},"class_list":["post-21308","page","type-page","status-publish","hentry","excerpt"],"_links":{"self":[{"href":"http:\/\/www.luigiaccattoli.it\/blog\/wp-json\/wp\/v2\/pages\/21308","targetHints":{"allow":["GET"]}}],"collection":[{"href":"http:\/\/www.luigiaccattoli.it\/blog\/wp-json\/wp\/v2\/pages"}],"about":[{"href":"http:\/\/www.luigiaccattoli.it\/blog\/wp-json\/wp\/v2\/types\/page"}],"author":[{"embeddable":true,"href":"http:\/\/www.luigiaccattoli.it\/blog\/wp-json\/wp\/v2\/users\/1"}],"replies":[{"embeddable":true,"href":"http:\/\/www.luigiaccattoli.it\/blog\/wp-json\/wp\/v2\/comments?post=21308"}],"version-history":[{"count":2,"href":"http:\/\/www.luigiaccattoli.it\/blog\/wp-json\/wp\/v2\/pages\/21308\/revisions"}],"predecessor-version":[{"id":21320,"href":"http:\/\/www.luigiaccattoli.it\/blog\/wp-json\/wp\/v2\/pages\/21308\/revisions\/21320"}],"up":[{"embeddable":true,"href":"http:\/\/www.luigiaccattoli.it\/blog\/wp-json\/wp\/v2\/pages\/5506"}],"wp:attachment":[{"href":"http:\/\/www.luigiaccattoli.it\/blog\/wp-json\/wp\/v2\/media?parent=21308"}],"curies":[{"name":"wp","href":"https:\/\/api.w.org\/{rel}","templated":true}]}}