{"id":2250,"date":"2009-10-01T15:19:28","date_gmt":"2009-10-01T13:19:28","guid":{"rendered":"http:\/\/www.luigiaccattoli.it\/blog\/?page_id=2250"},"modified":"2010-11-21T21:57:35","modified_gmt":"2010-11-21T21:57:35","slug":"i-luoghi-privilegiati-dell%e2%80%99educazione-alla-fede-la-famiglia","status":"publish","type":"page","link":"http:\/\/www.luigiaccattoli.it\/blog\/conferenze-e-dibattiti-2\/i-luoghi-privilegiati-dell%e2%80%99educazione-alla-fede-la-famiglia\/","title":{"rendered":"I luoghi privilegiati dell\u2019educazione alla fede: la famiglia"},"content":{"rendered":"<p>Relazione al convegno della Chiesa di Velletri-Segni<br \/>\n\u201cL\u2019educazione \u00e8 cosa di cuore\u201d (Don Bosco)<br \/>\n<em>Teatro Aurora \u2013 Velletri \u2013 Luned\u00ec 21 settembre 2009 \u2013 ore 17,00<\/em><strong><\/strong><\/p>\n<p>Nella Chiesa domestica che \u00e8 la famiglia i genitori sono i primi \u201cannunciatori ed educatori della fede per i loro figli\u201d: cos\u00ec afferma il Vaticano II nel decreto sull\u2019apostolato dei laici. Vogliamo chiederci come ci\u00f2 possa avvenire oggi, in un mondo che sta tornando pagano. Diremo che potr\u00e0 avvenire soltanto attraverso l\u2019esempio accompagnato dalla parola e che dunque sono oggi quanto mai necessari degli sposi cristiani dotati di parola. Indicheremo nel momento della preghiera in famiglia il primo esempio e la prima parola da offrire ai figli.<br \/>\nParto da un\u2019immagine biblica, che prendo dal prologo della <em>Seconda lettera di Paolo a Timoteo<\/em>, il discepolo prediletto, al quale ha imposto le mani: \u201c<em>Mi ricordo infatti della tua fede schietta, fede che fu prima nella tua nonna L\u00f2ide, poi in tua madre Eun\u00ecce e ora, ne sono certo, anche in te<\/em>\u201d.<br \/>\nPi\u00f9 che offrire \u2013 qui \u2013 un elenco di situazioni familiari in cui immaginare possibili gesti e parole cristiane, \u00e8 opportuno cercare un metodo utile a individuarle e a metterle a frutto ai fini dell\u2019educazione alla fede.<\/p>\n<p><strong>Per prima \u2013 in questo metodo \u2013 viene la coppia solidale nella fede<\/strong>: senza questo fuoco, o fondamento, non \u00e8 possibile nessuna comunicazione. Se invece questo fuoco \u00e8 ardente, spontaneamente tender\u00e0 a comunicare, cio\u00e8 a irradiare e contagiare: sar\u00e0 diffusivo di se stesso.<br \/>\nSui tempi brevi la coppia dovrebbe proporsi di ricavare un momento di preghiera pregata per ogni giornata. Su quelli lunghi, potremmo puntare a mandare a memoria \u2013 con reciproco stimolo \u2013 le parole di Ges\u00f9: tutte le parole che Ges\u00f9 pronuncia nei Vangeli, come via privilegiata per la comunicazione della fede ai figli.<br \/>\nIntorno alle parole di Ges\u00f9 dovrebbe poi intrecciarsi la conversazione di coppia: il dialogo dell\u2019amore e la preghiera dialogata, il sostegno reciproco nella fede. \u201cDimmi una parola d\u2019amore = dimmi una parola del Vangelo\u201d. Realizzare un\u2019alleanza tesa a semplificare l\u2019anima e a rendere sobria la vita, ricavando tempo per il Signore, per l\u2019amore, per i figli, per ogni prossimo. La casa e la vita sobria possono aiutarci a praticare l\u2019ospitalit\u00e0, che pu\u00f2 essere veicolo di comunicazione della fede.<\/p>\n<p><strong>Per seconda, la coppia con i figli piccoli<\/strong>: la consuetudine a cercare e ascoltare il Signore, gi\u00e0 arricchita dalla preghiera e dalla conversazione di coppia, diventa ora preghiera e scuola di fede con i figli. Il momento quotidiano di preghiera pregata deve trovare forme proprie, pi\u00f9 impegnative, creative, possibilmente nuove nello svolgersi dei giorni.<br \/>\nDovremmo tendere ad accumulare \u2013 con i figli \u2013 un patrimonio di emozioni cristiane condivise (Natale, Pasqua, ogni domenica, il presepe, la memoria dei morti\u2026) che ci faccia compagnia quando i piccoli saranno cresciuti e che parli in loro anche quando non saremo pi\u00f9 insieme sulla terra.<br \/>\nSi tratta di aprirsi poi il pi\u00f9 possibile al giro amicale e ambientale creato dai piccoli. Ci si aiuta e si segnala \u2013 con tutta naturalezza \u2013 la propria vita cristiana.<\/p>\n<p><strong>Per terza, abbiamo la coppia con figli che crescono, o gi\u00e0 grandi<\/strong>: qui occorre impegnare ogni energia perch\u00e9 duri \u2013 e cresca \u2013 il dialogo familiare, in modo che si possa cercare insieme la risposta ai dubbi di fede, alle tentazioni di abbandono della pratica religiosa, alle nuove responsabilit\u00e0 dei ragazzi di fronte all\u2019amore e alla vita di coppia.<br \/>\nI genitori dovrebbero mirare a offrire una convincente attestazione di felicit\u00e0 sponsale, in modo da attrarre i figli al matrimonio. Parlare loro \u2013 e possibilmente ai loro amici \u2013 dell\u2019opportunit\u00e0 umana e cristiana di sposarsi quando sono veramente innamorati. Dare conto in parole del vantaggio ottenuto con le scelte di sobriet\u00e0 che abbiamo compiuto e che i figli hanno magari contestato, aiutandoli a inventare un analogo modo di affrontare la vita a due. Vita pi\u00f9 semplice = vita aperta agli altri.<\/p>\n<p><strong>Per quarto metto il pi\u00f9 vasto teatro della vita associata<\/strong>, dove la famiglia credente dovrebbe provarsi a esercitare un contagio cristiano a dimensione sociale: la fedelt\u00e0 sponsale, l\u2019accettazione dei figli, il rifiuto dell\u2019etica dell\u2019arricchimento, la pratica convinta di una scala di priorit\u00e0 (Dio, l\u2019amore, i figli e solo quarto il lavoro, o il denaro) in contrasto con la cultura ambientale \u2013 tutto ci\u00f2 oggi si segnala vistosamente e induce tanti a porre domande sul perch\u00e9 di quelle scelte.<br \/>\nEsercitarsi a ricondurre a Ges\u00f9 e alle sue parole ogni nostra scelta e imparare a proporre le parole evangeliche in situazione: quando qualcuno si burla \u2013 o si meraviglia \u2013 di noi perch\u00e9 abbiamo pi\u00f9 di un figlio, quando altri accusano la Chiesa di stare con i ricchi, o di fare il gioco dei comunisti. E infine trovare il coraggio di rispondere, nella lingua di ogni giorno, con le parole semplici del Vangelo, ai sofferenti che entrano nella nostra vita.<\/p>\n<p><strong>Luigi Accattoli<\/strong><\/p>\n","protected":false},"excerpt":{"rendered":"<p>Relazione al convegno della Chiesa di Velletri-Segni \u201cL\u2019educazione \u00e8 cosa di cuore\u201d (Don Bosco) Teatro Aurora \u2013 Velletri \u2013 Luned\u00ec 21 settembre 2009 \u2013 ore 17,00 Nella Chiesa domestica che&#8230;<\/p>\n<div class=\"more-link-wrapper\"><a class=\"more-link\" href=\"http:\/\/www.luigiaccattoli.it\/blog\/conferenze-e-dibattiti-2\/i-luoghi-privilegiati-dell%e2%80%99educazione-alla-fede-la-famiglia\/\">Read More<span class=\"screen-reader-text\">I luoghi privilegiati dell\u2019educazione alla fede: la famiglia<\/span><\/a><\/div>\n","protected":false},"author":1,"featured_media":0,"parent":5506,"menu_order":0,"comment_status":"open","ping_status":"closed","template":"","meta":{"_monsterinsights_skip_tracking":false,"_monsterinsights_sitenote_active":false,"_monsterinsights_sitenote_note":"","_monsterinsights_sitenote_category":0,"footnotes":""},"class_list":["post-2250","page","type-page","status-publish","hentry","excerpt"],"_links":{"self":[{"href":"http:\/\/www.luigiaccattoli.it\/blog\/wp-json\/wp\/v2\/pages\/2250","targetHints":{"allow":["GET"]}}],"collection":[{"href":"http:\/\/www.luigiaccattoli.it\/blog\/wp-json\/wp\/v2\/pages"}],"about":[{"href":"http:\/\/www.luigiaccattoli.it\/blog\/wp-json\/wp\/v2\/types\/page"}],"author":[{"embeddable":true,"href":"http:\/\/www.luigiaccattoli.it\/blog\/wp-json\/wp\/v2\/users\/1"}],"replies":[{"embeddable":true,"href":"http:\/\/www.luigiaccattoli.it\/blog\/wp-json\/wp\/v2\/comments?post=2250"}],"version-history":[{"count":3,"href":"http:\/\/www.luigiaccattoli.it\/blog\/wp-json\/wp\/v2\/pages\/2250\/revisions"}],"predecessor-version":[{"id":5721,"href":"http:\/\/www.luigiaccattoli.it\/blog\/wp-json\/wp\/v2\/pages\/2250\/revisions\/5721"}],"up":[{"embeddable":true,"href":"http:\/\/www.luigiaccattoli.it\/blog\/wp-json\/wp\/v2\/pages\/5506"}],"wp:attachment":[{"href":"http:\/\/www.luigiaccattoli.it\/blog\/wp-json\/wp\/v2\/media?parent=2250"}],"curies":[{"name":"wp","href":"https:\/\/api.w.org\/{rel}","templated":true}]}}