{"id":2257,"date":"2009-10-01T18:54:53","date_gmt":"2009-10-01T16:54:53","guid":{"rendered":"http:\/\/www.luigiaccattoli.it\/blog\/?page_id=2257"},"modified":"2009-10-01T18:54:53","modified_gmt":"2009-10-01T16:54:53","slug":"mariantonietta-perretta-%e2%80%9cuna-scelta-per-lei-naturale%e2%80%9d","status":"publish","type":"page","link":"http:\/\/www.luigiaccattoli.it\/blog\/cerco-fatti-di-vangelo\/2-madri-che-danno-la-vita\/mariantonietta-perretta-%e2%80%9cuna-scelta-per-lei-naturale%e2%80%9d\/","title":{"rendered":"Mariantonietta Perretta: \u201cUna scelta per lei naturale\u201d"},"content":{"rendered":"<p>Mariantonietta ha gi\u00e0 una figlia e gliene sta arrivando un\u2019altra quando scopre d\u2019avere un tumore al rene destro. Rifiuta la chemioterapia e le radiazioni per non fare del male alla creatura che porta dentro. Nasce la bimba e viene chiamata Annalisa. Mariantonietta le sorride per sei mesi, poi muore: il gioved\u00ec santo del 1995, a Potenza.<br \/>\n<em>\u00abNessun atto d\u2019eroismo, nessun gesto speciale\u00bb<\/em>, racconta a \u00abFamiglia cristiana\u00bb il marito Alfredo Gaetano: <em>\u00abMariantonietta ha scelto con naturalezza, come avrebbe fatto un\u2019altra mamma. Non avrebbe potuto uccidere il bambino che aspettava per curare se stessa. La sua decisione \u00e8 stata il frutto del suo carattere allegro e ottimista, non di una riflessione filosofica o teologica. Per lei era naturale non fare del male a sua figlia\u00bb<\/em>.<br \/>\nMariantonietta aveva 32 anni. Il marito le ha portato pi\u00f9 volte in ospedale le due figlie: Marta di tre anni e la neonata. Insiste con i giornalisti che lo interrogano: <em>\u00abLa nostra era una fede normale, di una coppia come tante, neanche assidua a partecipare alla messa ogni domenica\u00bb<\/em>.<br \/>\nAnche il fratello di Mariantonietta, Franco, minimizza: <em>\u00abMia sorella non ha fatto nulla di eccezionale, ma semplicemente quanto fanno le mamme, seguire il bene dei figli con generosit\u00e0. Non sentiva la vocazione a essere n\u00e9 una santa, n\u00e9 un\u2019eroina, ma a mettere in pratica l\u2019educazione al rispetto della vita che abbiamo ricevuto in famiglia\u00bb<\/em>.<br \/>\nIl parroco don Antonio Mol\u00e9 indica l\u2019itinerario percorso da Antonietta, da quella scelta \u00abnaturale\u00bb a una pi\u00f9 esplicita veduta cristiana: <em>\u00abA poco a poco le difficolt\u00e0 e il dolore l\u2019hanno spinta a leggere quelli che erano semplici valori umani e il grande affetto per la famiglia nel quadro di un Amore pi\u00f9 grande, che l\u2019ha aiutata a vivere la malattia nella speranza e le ha donato la grande forza con cui si \u00e8 fatta coraggio per cercare in tutti i modi di non far soffrire i familiari\u00bb.<\/em><\/p>\n<p><strong>(da CERCO FATTI DI VANGELO di Luigi Accattoli, Sei 1995)<\/strong><\/p>\n","protected":false},"excerpt":{"rendered":"<p>Mariantonietta ha gi\u00e0 una figlia e gliene sta arrivando un\u2019altra quando scopre d\u2019avere un tumore al rene destro. Rifiuta la chemioterapia e le radiazioni per non fare del male alla&#8230;<\/p>\n<div class=\"more-link-wrapper\"><a class=\"more-link\" href=\"http:\/\/www.luigiaccattoli.it\/blog\/cerco-fatti-di-vangelo\/2-madri-che-danno-la-vita\/mariantonietta-perretta-%e2%80%9cuna-scelta-per-lei-naturale%e2%80%9d\/\">Read More<span class=\"screen-reader-text\">Mariantonietta Perretta: \u201cUna scelta per lei naturale\u201d<\/span><\/a><\/div>\n","protected":false},"author":1,"featured_media":0,"parent":2087,"menu_order":0,"comment_status":"open","ping_status":"closed","template":"","meta":{"_monsterinsights_skip_tracking":false,"_monsterinsights_sitenote_active":false,"_monsterinsights_sitenote_note":"","_monsterinsights_sitenote_category":0,"footnotes":""},"class_list":["post-2257","page","type-page","status-publish","hentry","excerpt"],"_links":{"self":[{"href":"http:\/\/www.luigiaccattoli.it\/blog\/wp-json\/wp\/v2\/pages\/2257","targetHints":{"allow":["GET"]}}],"collection":[{"href":"http:\/\/www.luigiaccattoli.it\/blog\/wp-json\/wp\/v2\/pages"}],"about":[{"href":"http:\/\/www.luigiaccattoli.it\/blog\/wp-json\/wp\/v2\/types\/page"}],"author":[{"embeddable":true,"href":"http:\/\/www.luigiaccattoli.it\/blog\/wp-json\/wp\/v2\/users\/1"}],"replies":[{"embeddable":true,"href":"http:\/\/www.luigiaccattoli.it\/blog\/wp-json\/wp\/v2\/comments?post=2257"}],"version-history":[{"count":2,"href":"http:\/\/www.luigiaccattoli.it\/blog\/wp-json\/wp\/v2\/pages\/2257\/revisions"}],"predecessor-version":[{"id":2260,"href":"http:\/\/www.luigiaccattoli.it\/blog\/wp-json\/wp\/v2\/pages\/2257\/revisions\/2260"}],"up":[{"embeddable":true,"href":"http:\/\/www.luigiaccattoli.it\/blog\/wp-json\/wp\/v2\/pages\/2087"}],"wp:attachment":[{"href":"http:\/\/www.luigiaccattoli.it\/blog\/wp-json\/wp\/v2\/media?parent=2257"}],"curies":[{"name":"wp","href":"https:\/\/api.w.org\/{rel}","templated":true}]}}