{"id":2263,"date":"2009-10-02T10:19:52","date_gmt":"2009-10-02T08:19:52","guid":{"rendered":"http:\/\/www.luigiaccattoli.it\/blog\/?page_id=2263"},"modified":"2012-10-22T10:47:53","modified_gmt":"2012-10-22T08:47:53","slug":"chiara-nebuloni-%c2%abin-compagnia-di-chi-e-nella-gloria-di-dio%c2%bb","status":"publish","type":"page","link":"http:\/\/www.luigiaccattoli.it\/blog\/cerco-fatti-di-vangelo\/7-la-vita-e-mutata-ma-non-e-tolta\/a-tuo-fratello-risuscitera\/chiara-nebuloni-%c2%abin-compagnia-di-chi-e-nella-gloria-di-dio%c2%bb\/","title":{"rendered":"Chiara Nebuloni: \u00abIn compagnia di chi \u00e8 nella gloria di Dio\u00bb"},"content":{"rendered":"<p>Muore Roberto in montagna, a 44 anni. Lascia storditi la sposa Chiara e i figli Maria, Silvia e Marco. Chiara riceve la forza di scrivere cos\u00ec, dopo qualche mese:<br \/>\n<em>Io sto imparando a vivere in un modo particolare. E\u2019 una dimensione diversa quella in cui ci siamo noi e anche Roberto, molto vicino a noi. Non pensavo fosse possibile, non avevo mai capito la compagnia con tutti quelli che sono nella gloria di Dio. Credo che sia un dono anche questo, tra i tanti che ho avuto dall\u2019estate scorsa. Primo, la serenit\u00e0 e la voglia di vivere per me e i ragazzi, che da subito abbiamo ritrovato (mi chiedevo, i primi momenti, come avrei potuto stare senza Roberto, con un dolore e un vuoto cos\u00ec grandi nel cuore, come avrei potuto di nuovo amare la vita); poi il miracolo della compagnia dei nostri amici e parenti che va al di l\u00e0 delle singole persone. <\/em><br \/>\n<em>I miei figli sono bravi, sanno come me che i disegni di Dio sono misteriosi, ma sempre per il bene e quindi anche per il nostro bene particolare. Cos\u00ec sono sicura che riuscir\u00f2 ad affrontare le inevitabili difficolt\u00e0 della loro crescita, con l\u2019aiuto di Dio e la presenza di Roberto e dei miei amici che mi daranno una mano.<\/em><br \/>\nChiara scrive in inverno e dice: <em>I tanti doni che ho avuto dall\u2019estate scorsa<\/em>. All\u2019inizio di quell\u2019estate era partito Roberto. Parla di una <em>dimensione diversa in cui ci siamo noi e anche Roberto<\/em>. E dice di capire \u201cla compagnia con tutti quelli che sono nella gloria di Dio\u201d: sarebbe la comunione dei santi. Gran dono \u00e8 sentirla in vita. E insieme dice \u201cvoglia di vivere\u201d, \u201camare la vita\u201d. Chiara \u00e8 fatta grande dalla fede. Io non la conosco e la ammiro, la amo.<\/p>\n<p><strong>La lettera di Chiara Nebuloni \u00e8 in \u201cLitterae Communionis Tracce\u201d, marzo 1995, pp. 8-9.<\/p>\n<p>[1995]<\/strong><\/p>\n","protected":false},"excerpt":{"rendered":"<p>Muore Roberto in montagna, a 44 anni. Lascia storditi la sposa Chiara e i figli Maria, Silvia e Marco. Chiara riceve la forza di scrivere cos\u00ec, dopo qualche mese: Io&#8230;<\/p>\n<div class=\"more-link-wrapper\"><a class=\"more-link\" href=\"http:\/\/www.luigiaccattoli.it\/blog\/cerco-fatti-di-vangelo\/7-la-vita-e-mutata-ma-non-e-tolta\/a-tuo-fratello-risuscitera\/chiara-nebuloni-%c2%abin-compagnia-di-chi-e-nella-gloria-di-dio%c2%bb\/\">Read More<span class=\"screen-reader-text\">Chiara Nebuloni: \u00abIn compagnia di chi \u00e8 nella gloria di Dio\u00bb<\/span><\/a><\/div>\n","protected":false},"author":1,"featured_media":0,"parent":2225,"menu_order":0,"comment_status":"open","ping_status":"closed","template":"","meta":{"_monsterinsights_skip_tracking":false,"_monsterinsights_sitenote_active":false,"_monsterinsights_sitenote_note":"","_monsterinsights_sitenote_category":0,"footnotes":""},"class_list":["post-2263","page","type-page","status-publish","hentry","excerpt"],"_links":{"self":[{"href":"http:\/\/www.luigiaccattoli.it\/blog\/wp-json\/wp\/v2\/pages\/2263","targetHints":{"allow":["GET"]}}],"collection":[{"href":"http:\/\/www.luigiaccattoli.it\/blog\/wp-json\/wp\/v2\/pages"}],"about":[{"href":"http:\/\/www.luigiaccattoli.it\/blog\/wp-json\/wp\/v2\/types\/page"}],"author":[{"embeddable":true,"href":"http:\/\/www.luigiaccattoli.it\/blog\/wp-json\/wp\/v2\/users\/1"}],"replies":[{"embeddable":true,"href":"http:\/\/www.luigiaccattoli.it\/blog\/wp-json\/wp\/v2\/comments?post=2263"}],"version-history":[{"count":2,"href":"http:\/\/www.luigiaccattoli.it\/blog\/wp-json\/wp\/v2\/pages\/2263\/revisions"}],"predecessor-version":[{"id":10006,"href":"http:\/\/www.luigiaccattoli.it\/blog\/wp-json\/wp\/v2\/pages\/2263\/revisions\/10006"}],"up":[{"embeddable":true,"href":"http:\/\/www.luigiaccattoli.it\/blog\/wp-json\/wp\/v2\/pages\/2225"}],"wp:attachment":[{"href":"http:\/\/www.luigiaccattoli.it\/blog\/wp-json\/wp\/v2\/media?parent=2263"}],"curies":[{"name":"wp","href":"https:\/\/api.w.org\/{rel}","templated":true}]}}