{"id":2275,"date":"2009-10-03T12:32:03","date_gmt":"2009-10-03T10:32:03","guid":{"rendered":"http:\/\/www.luigiaccattoli.it\/blog\/?page_id=2275"},"modified":"2009-10-03T12:32:26","modified_gmt":"2009-10-03T10:32:26","slug":"antonella-che-vede-piu-del-samaritano","status":"publish","type":"page","link":"http:\/\/www.luigiaccattoli.it\/blog\/cerco-fatti-di-vangelo\/15-il-corpo-in-dono-donazioni-e-trapianti\/antonella-che-vede-piu-del-samaritano\/","title":{"rendered":"Antonella che vede pi\u00f9 del samaritano"},"content":{"rendered":"<p>Ho conosciuto una storia che suggerisce una nuova interpretazione della parabola del samaritano che \u201cvide\u201d quel ferito e \u201cne ebbe compassione\u201d: qui abbiamo una donna che mai ha visto la creatura della quale ha avuto compassione e alla quale ha donato parte del proprio midollo osseo. In lei abbraccio tutti i donatori di midollo, di un rene, di una parte del fegato, del sangue cordonale e del sangue ordinario \u2013 tutti i donatori di s\u00e9 che sono intorno a noi. Immagino l\u2019esultanza che avrebbe avuto Ges\u00f9 all\u2019udire le loro storie: \u201cBeati coloro che non hanno visto i bisognosi eppure ne hanno avuto compassione\u201d.<\/p>\n<p><em>Sono Antonella, moglie e mamma; lavoro come operatrice d\u2019assistenza in una casa di riposo dove ho imparato che donare anche solamente un sorriso rende felice te e l\u2019altro. Circa 15 anni fa mio marito e io ci siamo iscritti all\u2019associazione di donatori di midollo osseo. Avevamo scoperto che con il trapianto si poteva curare la leucemia, grave malattia di cui una decina di anni prima era stata colpita Annamaria, sorella di mio marito. Nel maggio 2003 telefonarono per chiedermi se ero ancora disponibile alla donazione: era stata identificata la compatibilit\u00e0 con il midollo di un bambino di dieci anni del Michigan, gravemente malato. Dopo un momento di incertezza dissi \u00abs\u00ec\u00bb: provai una grande gioia nel pensare che potevo aiutare quel bimbo americano, cos\u00ec lontano e cos\u00ec vicino. Dopo varie analisi il 26 giugno fu effettuato l\u2019intervento e tutto and\u00f2 bene. Non ho conosciuto quel ragazzino, e forse non lo conoscer\u00f2 mai, ma in me \u00e8 rimasta una grande gioia nel sapere che si \u00e8 salvato. Pensavo ai miei quattro figli e mi mettevo nei panni di quei genitori. Ringrazio ancora il Signore che mi ha donato questa possibilit\u00e0 e ripeto alle persone che ammirano il mio gesto: \u00abNon sono io che ho fatto questo, ma il Signore ha scelto me come suo strumento\u00bb. <\/em><\/p>\n<p>[La storia \u00e8 riportata a p. 106 del volume \u201cTestimoni\u201d curato nel 2008 da Stefano Filippi per la \u201cConsulta delle aggregazioni laicali\u201d di Verona]<\/p>\n","protected":false},"excerpt":{"rendered":"<p>Ho conosciuto una storia che suggerisce una nuova interpretazione della parabola del samaritano che \u201cvide\u201d quel ferito e \u201cne ebbe compassione\u201d: qui abbiamo una donna che mai ha visto la&#8230;<\/p>\n<div class=\"more-link-wrapper\"><a class=\"more-link\" href=\"http:\/\/www.luigiaccattoli.it\/blog\/cerco-fatti-di-vangelo\/15-il-corpo-in-dono-donazioni-e-trapianti\/antonella-che-vede-piu-del-samaritano\/\">Read More<span class=\"screen-reader-text\">Antonella che vede pi\u00f9 del samaritano<\/span><\/a><\/div>\n","protected":false},"author":1,"featured_media":0,"parent":2129,"menu_order":0,"comment_status":"open","ping_status":"closed","template":"","meta":{"_monsterinsights_skip_tracking":false,"_monsterinsights_sitenote_active":false,"_monsterinsights_sitenote_note":"","_monsterinsights_sitenote_category":0,"footnotes":""},"class_list":["post-2275","page","type-page","status-publish","hentry","excerpt"],"_links":{"self":[{"href":"http:\/\/www.luigiaccattoli.it\/blog\/wp-json\/wp\/v2\/pages\/2275","targetHints":{"allow":["GET"]}}],"collection":[{"href":"http:\/\/www.luigiaccattoli.it\/blog\/wp-json\/wp\/v2\/pages"}],"about":[{"href":"http:\/\/www.luigiaccattoli.it\/blog\/wp-json\/wp\/v2\/types\/page"}],"author":[{"embeddable":true,"href":"http:\/\/www.luigiaccattoli.it\/blog\/wp-json\/wp\/v2\/users\/1"}],"replies":[{"embeddable":true,"href":"http:\/\/www.luigiaccattoli.it\/blog\/wp-json\/wp\/v2\/comments?post=2275"}],"version-history":[{"count":2,"href":"http:\/\/www.luigiaccattoli.it\/blog\/wp-json\/wp\/v2\/pages\/2275\/revisions"}],"predecessor-version":[{"id":2277,"href":"http:\/\/www.luigiaccattoli.it\/blog\/wp-json\/wp\/v2\/pages\/2275\/revisions\/2277"}],"up":[{"embeddable":true,"href":"http:\/\/www.luigiaccattoli.it\/blog\/wp-json\/wp\/v2\/pages\/2129"}],"wp:attachment":[{"href":"http:\/\/www.luigiaccattoli.it\/blog\/wp-json\/wp\/v2\/media?parent=2275"}],"curies":[{"name":"wp","href":"https:\/\/api.w.org\/{rel}","templated":true}]}}