{"id":2279,"date":"2009-10-03T12:35:41","date_gmt":"2009-10-03T10:35:41","guid":{"rendered":"http:\/\/www.luigiaccattoli.it\/blog\/?page_id=2279"},"modified":"2009-10-28T19:59:38","modified_gmt":"2009-10-28T18:59:38","slug":"mio-padre-era-perduto-ed-e-stato-ritrovato","status":"publish","type":"page","link":"http:\/\/www.luigiaccattoli.it\/blog\/cerco-fatti-di-vangelo\/9-la-voce-dello-sposo-e-la-voce-della-sposa\/mio-padre-era-perduto-ed-e-stato-ritrovato\/","title":{"rendered":"Paola di Verona: &#8220;Mio padre era perduto ed \u00e8 stato ritrovato&#8221;"},"content":{"rendered":"<p>Un padre abbandona la moglie e le due figlie, si stabilisce in una\u00a0casa di fronte a quella delle\u00a0donne e l\u00ec vive per anni con diverse amanti ma infine tutte l\u2019abbandonano e\u00a0la moglie lo riprende con s\u00e9. La storia \u00e8 narrata da una delle figlie, Paola, che\u00a0riesce a superare la prova e ad accompagnare in essa la mamma e la sorella anche con\u00a0l\u2019aiuto che\u00a0riceve dal Movimento dei Focolari. Due particolari parlanti: la figlia che chiede al pap\u00e0 fuggiasco di accompagnarla all\u2019altare quando va sposa e le due sorelle che suonano al campanello del prodigo per\u00a0gli auguri di Natale.<\/p>\n<p><em>Sono originaria delle Marche e mi sono trasferita in provincia di Verona dopo il matrimonio. Quando nacque mia sorella minore, Francesca, il rapporto tra i miei genitori si ruppe poich\u00e9 mio padre non desiderava un secondo figlio e viveva un profondo sbandamento che lo port\u00f2 a cercare rapporti extra-coniugali. Mia madre non rivel\u00f2 a nessuno la situazione finch\u00e9, dopo qualche anno, mio padre ci abbandon\u00f2. Ma venne a vivere nell\u2019appartamento di sua propriet\u00e0 adiacente al nostro con la nuova compagna e il figlio di lei. Cominci\u00f2 il lungo percorso della separazione giudiziale. Anni terribili. Mia madre in depressione, mia sorella adolescente con una rabbia profonda (\u2026)<\/em><br \/>\n<em>Anche se abitava di fronte a casa mia, mio padre era lontanissimo. Un anno a Natale io e mia sorella decidemmo di suonare il campanello del suo appartamento per fargli gli auguri. A quel gesto di avvicinamento sono seguiti altri segni di distensione. Sentivamo che non dovevamo giudicarlo e dovevamo lottare per non far morire il nostro rapporto con lui anche se ci costava tantissimo; anche mamma era d\u2019accordo e ha sempre cercato di spingerci verso di lui nonostante tutto. Durante i preparativi per il mio matrimonio abbiamo cercato di coinvolgerlo e di volergli bene. Ho dovuto modificare la disposizione di tutti gli invitati a nozze perch\u00e9 babbo non voleva stare con nessuno dei parenti dato che aveva litigato con tutti, e quando ho voluto che fosse lui ad accompagnarmi all\u2019altare molti dei nostri parenti mi hanno criticato: ma per me contava di pi\u00f9 accoglierlo nonostante tutto e anche mamma era d\u2019accordo.<\/em><br \/>\n<em>Tutte le storie d\u2019amore che aveva intrecciato dopo la separazione finirono, e mio padre rimase da solo nell\u2019appartamento di fronte a quello dove vivono mamma e mia sorella. Un uomo solo, senza risorse, che ha perso tutto; mamma invece aveva acquisito forza e tanta fede in Dio. Grazie alla provvidenza era riuscita a trovare un lavoro a cinquant\u2019anni, proprio qualche mese prima che mi trasferissi a Verona. Ora era lei in una posizione di superiorit\u00e0, per\u00f2 non chiuse le porte a mio padre, cerc\u00f2 di amarlo, di intuire le cose di cui aveva bisogno per non lasciarlo solo. Passarono altri anni. Quando mia sorella decise di andare a vivere da sola, mamma cap\u00ec che era giunto il momento di riaccogliere in casa babbo. Lo fece con semplicit\u00e0, la Madonna sicuramente l\u2019ha guidata nel grande passo. Quando mi comunicarono la notizia ero incredula, ma profondamente grata a Dio. Mio padre ora \u00e8 una persona recuperata, ha riconosciuto gli errori e vuole ricominciare. Dal giorno della separazione sono passati tredici anni. Paola <\/em><\/p>\n<p>[dalle pp. 93-97 di \u201cTestimoni\u201d volume curato nel 2008 da Stefano Filippi per la \u201cConsulta delle aggregazioni laicali\u201d di Verona]<\/p>\n","protected":false},"excerpt":{"rendered":"<p>Un padre abbandona la moglie e le due figlie, si stabilisce in una\u00a0casa di fronte a quella delle\u00a0donne e l\u00ec vive per anni con diverse amanti ma infine tutte l\u2019abbandonano&#8230;<\/p>\n<div class=\"more-link-wrapper\"><a class=\"more-link\" href=\"http:\/\/www.luigiaccattoli.it\/blog\/cerco-fatti-di-vangelo\/9-la-voce-dello-sposo-e-la-voce-della-sposa\/mio-padre-era-perduto-ed-e-stato-ritrovato\/\">Read More<span class=\"screen-reader-text\">Paola di Verona: &#8220;Mio padre era perduto ed \u00e8 stato ritrovato&#8221;<\/span><\/a><\/div>\n","protected":false},"author":1,"featured_media":0,"parent":2110,"menu_order":0,"comment_status":"open","ping_status":"closed","template":"","meta":{"_monsterinsights_skip_tracking":false,"_monsterinsights_sitenote_active":false,"_monsterinsights_sitenote_note":"","_monsterinsights_sitenote_category":0,"footnotes":""},"class_list":["post-2279","page","type-page","status-publish","hentry","excerpt"],"_links":{"self":[{"href":"http:\/\/www.luigiaccattoli.it\/blog\/wp-json\/wp\/v2\/pages\/2279","targetHints":{"allow":["GET"]}}],"collection":[{"href":"http:\/\/www.luigiaccattoli.it\/blog\/wp-json\/wp\/v2\/pages"}],"about":[{"href":"http:\/\/www.luigiaccattoli.it\/blog\/wp-json\/wp\/v2\/types\/page"}],"author":[{"embeddable":true,"href":"http:\/\/www.luigiaccattoli.it\/blog\/wp-json\/wp\/v2\/users\/1"}],"replies":[{"embeddable":true,"href":"http:\/\/www.luigiaccattoli.it\/blog\/wp-json\/wp\/v2\/comments?post=2279"}],"version-history":[{"count":2,"href":"http:\/\/www.luigiaccattoli.it\/blog\/wp-json\/wp\/v2\/pages\/2279\/revisions"}],"predecessor-version":[{"id":2482,"href":"http:\/\/www.luigiaccattoli.it\/blog\/wp-json\/wp\/v2\/pages\/2279\/revisions\/2482"}],"up":[{"embeddable":true,"href":"http:\/\/www.luigiaccattoli.it\/blog\/wp-json\/wp\/v2\/pages\/2110"}],"wp:attachment":[{"href":"http:\/\/www.luigiaccattoli.it\/blog\/wp-json\/wp\/v2\/media?parent=2279"}],"curies":[{"name":"wp","href":"https:\/\/api.w.org\/{rel}","templated":true}]}}