{"id":2295,"date":"2009-10-03T12:49:30","date_gmt":"2009-10-03T10:49:30","guid":{"rendered":"http:\/\/www.luigiaccattoli.it\/blog\/?page_id=2295"},"modified":"2009-10-03T12:49:30","modified_gmt":"2009-10-03T10:49:30","slug":"la-busta-paga-perduta-e-ritrovata","status":"publish","type":"page","link":"http:\/\/www.luigiaccattoli.it\/blog\/cerco-fatti-di-vangelo\/21-parabole\/la-busta-paga-perduta-e-ritrovata\/","title":{"rendered":"La busta paga perduta e ritrovata"},"content":{"rendered":"<p>Trent\u2019anni addietro ho conosciuto Augusto, un uomo avanti negli anni che dalla sofferenza aveva imparato la bont\u00e0. Quando nacque fu abbandonato sugli scalini di una chiesa dell\u2019urbinate. Lo raccolse una famiglia che lo tenne con s\u00e9 nove anni ma poi gli disse che non poteva restare ancora perch\u00e9 avrebbe acquisito gli stessi diritti dei figli. Fu preso a \u201cgarzone\u201d da un\u2019altra famiglia. Cresciuto domand\u00f2 in giro da chi fosse nato. C\u2019\u00e8 sempre chi lo sa e Augusto si present\u00f2 a quella che gli fu indicata e chiese: \u201cSei tu mia madre?\u201d. La mamma, forse per vergogna, rispose di no.<br \/>\nAugusto trov\u00f2 un lavoro a Milano. La mamma vicina a morire lo cerc\u00f2, ma nessuno sapeva dove egli fosse e non pot\u00e9 liberarsi di quella verit\u00e0. Il figlio guadagn\u00f2 bene, si spos\u00f2 e torn\u00f2 a vivere dalle sue parti.<br \/>\n\u201c<em>Una sera<\/em> \u2013 \u00e8 lui che racconta \u2013 <em>tornavo a casa in bicicletta. Pioveva e stando curvo sotto l\u2019acqua vidi per terra una busta che raccolsi: era una busta paga con dentro il denaro e il nome sul davanti. \u2018Ora sono tutto bagnato \u2013 mi dissi \u2013 ma domani gliela porto\u2019. Arrivato a casa pensai: \u2018Chiss\u00e0 quello quanto soffre\u2019. Girai la bicicletta, mi diressi verso la via segnata sulla busta e suonai il campanello. Mi apr\u00ec la moglie. \u2018Mio marito non c\u2019\u00e8\u2019 mi disse. \u2018Non \u00e8 vero che non c\u2019\u00e8, suo marito si \u00e8 buttato sul letto perch\u00e9 ha perduto la busta paga\u2019, risposi. \u2018E lei come lo sa?\u2019. \u2018Eccola qui\u2019. Mi fecero entrare in casa e prepararono una frittata con le salsicce per fare festa con me<\/em>\u201c.<\/p>\n<p>[La storia di Augusto \u2013 da me riportata nel blog alla data 16 settembre 2009 \u2013 mi \u00e8 stata raccontata da don Orlando Bartolucci, parroco a Montecchio, Pesaro, con un a e-mail che termina cos\u00ec: \u201cLa sofferenza vissuta da quell\u2019uomo nella sua infanzia l\u2019ha reso sensibile agli altri. Ho compreso che le persone toccate dalla Croce sono pi\u00f9 simili al Signore\u201d]<\/p>\n","protected":false},"excerpt":{"rendered":"<p>Trent\u2019anni addietro ho conosciuto Augusto, un uomo avanti negli anni che dalla sofferenza aveva imparato la bont\u00e0. Quando nacque fu abbandonato sugli scalini di una chiesa dell\u2019urbinate. Lo raccolse una&#8230;<\/p>\n<div class=\"more-link-wrapper\"><a class=\"more-link\" href=\"http:\/\/www.luigiaccattoli.it\/blog\/cerco-fatti-di-vangelo\/21-parabole\/la-busta-paga-perduta-e-ritrovata\/\">Read More<span class=\"screen-reader-text\">La busta paga perduta e ritrovata<\/span><\/a><\/div>\n","protected":false},"author":1,"featured_media":0,"parent":2146,"menu_order":0,"comment_status":"open","ping_status":"closed","template":"","meta":{"_monsterinsights_skip_tracking":false,"_monsterinsights_sitenote_active":false,"_monsterinsights_sitenote_note":"","_monsterinsights_sitenote_category":0,"footnotes":""},"class_list":["post-2295","page","type-page","status-publish","hentry","excerpt"],"_links":{"self":[{"href":"http:\/\/www.luigiaccattoli.it\/blog\/wp-json\/wp\/v2\/pages\/2295","targetHints":{"allow":["GET"]}}],"collection":[{"href":"http:\/\/www.luigiaccattoli.it\/blog\/wp-json\/wp\/v2\/pages"}],"about":[{"href":"http:\/\/www.luigiaccattoli.it\/blog\/wp-json\/wp\/v2\/types\/page"}],"author":[{"embeddable":true,"href":"http:\/\/www.luigiaccattoli.it\/blog\/wp-json\/wp\/v2\/users\/1"}],"replies":[{"embeddable":true,"href":"http:\/\/www.luigiaccattoli.it\/blog\/wp-json\/wp\/v2\/comments?post=2295"}],"version-history":[{"count":1,"href":"http:\/\/www.luigiaccattoli.it\/blog\/wp-json\/wp\/v2\/pages\/2295\/revisions"}],"predecessor-version":[{"id":2296,"href":"http:\/\/www.luigiaccattoli.it\/blog\/wp-json\/wp\/v2\/pages\/2295\/revisions\/2296"}],"up":[{"embeddable":true,"href":"http:\/\/www.luigiaccattoli.it\/blog\/wp-json\/wp\/v2\/pages\/2146"}],"wp:attachment":[{"href":"http:\/\/www.luigiaccattoli.it\/blog\/wp-json\/wp\/v2\/media?parent=2295"}],"curies":[{"name":"wp","href":"https:\/\/api.w.org\/{rel}","templated":true}]}}