{"id":23008,"date":"2019-05-25T18:26:46","date_gmt":"2019-05-25T16:26:46","guid":{"rendered":"http:\/\/www.luigiaccattoli.it\/blog\/?page_id=23008"},"modified":"2019-05-25T18:26:46","modified_gmt":"2019-05-25T16:26:46","slug":"quarta-di-copertina-3","status":"publish","type":"page","link":"http:\/\/www.luigiaccattoli.it\/blog\/antologia-delle-pubblicazioni-2\/quarta-di-copertina-3\/","title":{"rendered":"Quarta di copertina"},"content":{"rendered":"<p>Come parla Francesco? In che modo parla di Dio?<\/p>\n<p>Spesso si serve di storie, di racconti, di esempi tratti dalla vita di ogni giorno. \u00c8 questa la for ma pi\u00f9 contagiosa con cui propone il ritorno al Vangelo. Le \u00abparabole\u00bb gli servono per farsi capire, ma anche per scuotere e per essere incisivo e concreto.<\/p>\n<p>Questa attitudine creativa alla narrazione evangelica gli proviene dall\u2019essere stato parroco e vescovo in mezzo a un \u00absanto popolo di Dio\u00bb, come lui lo chiama, dove il racconto dell\u2019incontro con il Signore \u00e8 ancora possibile.<\/p>\n<p>Sono stati qui raccolte le \u00abparabole\u00bb pi\u00f9 vive con i quali il Papa ha arricchito la predicazione, usandole a supporto del suo magistero narrativo, cos\u00ec come faceva Ges\u00f9.<\/p>\n<p>Le parabole sono riportate nel linguaggio tipico di papa Francesco, un italiano \u00abcolorato\u00bb, molto espressivo e facilmente comprensibile da tutti.<\/p>\n","protected":false},"excerpt":{"rendered":"<p>Come parla Francesco? In che modo parla di Dio? Spesso si serve di storie, di racconti, di esempi tratti dalla vita di ogni giorno. \u00c8 questa la for ma pi\u00f9&#8230;<\/p>\n<div class=\"more-link-wrapper\"><a class=\"more-link\" href=\"http:\/\/www.luigiaccattoli.it\/blog\/antologia-delle-pubblicazioni-2\/quarta-di-copertina-3\/\">Read More<span class=\"screen-reader-text\">Quarta di copertina<\/span><\/a><\/div>\n","protected":false},"author":1,"featured_media":0,"parent":56,"menu_order":0,"comment_status":"closed","ping_status":"closed","template":"","meta":{"_monsterinsights_skip_tracking":false,"_monsterinsights_sitenote_active":false,"_monsterinsights_sitenote_note":"","_monsterinsights_sitenote_category":0,"footnotes":""},"class_list":["post-23008","page","type-page","status-publish","hentry","excerpt"],"_links":{"self":[{"href":"http:\/\/www.luigiaccattoli.it\/blog\/wp-json\/wp\/v2\/pages\/23008","targetHints":{"allow":["GET"]}}],"collection":[{"href":"http:\/\/www.luigiaccattoli.it\/blog\/wp-json\/wp\/v2\/pages"}],"about":[{"href":"http:\/\/www.luigiaccattoli.it\/blog\/wp-json\/wp\/v2\/types\/page"}],"author":[{"embeddable":true,"href":"http:\/\/www.luigiaccattoli.it\/blog\/wp-json\/wp\/v2\/users\/1"}],"replies":[{"embeddable":true,"href":"http:\/\/www.luigiaccattoli.it\/blog\/wp-json\/wp\/v2\/comments?post=23008"}],"version-history":[{"count":1,"href":"http:\/\/www.luigiaccattoli.it\/blog\/wp-json\/wp\/v2\/pages\/23008\/revisions"}],"predecessor-version":[{"id":23009,"href":"http:\/\/www.luigiaccattoli.it\/blog\/wp-json\/wp\/v2\/pages\/23008\/revisions\/23009"}],"up":[{"embeddable":true,"href":"http:\/\/www.luigiaccattoli.it\/blog\/wp-json\/wp\/v2\/pages\/56"}],"wp:attachment":[{"href":"http:\/\/www.luigiaccattoli.it\/blog\/wp-json\/wp\/v2\/media?parent=23008"}],"curies":[{"name":"wp","href":"https:\/\/api.w.org\/{rel}","templated":true}]}}