{"id":23334,"date":"2019-08-31T16:05:00","date_gmt":"2019-08-31T14:05:00","guid":{"rendered":"http:\/\/www.luigiaccattoli.it\/blog\/?page_id=23334"},"modified":"2019-08-31T16:05:00","modified_gmt":"2019-08-31T14:05:00","slug":"achille-silvestrini-il-decennio-di-ministro-degli-esteri-del-papa","status":"publish","type":"page","link":"http:\/\/www.luigiaccattoli.it\/blog\/collaborazione-a-riviste\/achille-silvestrini-il-decennio-di-ministro-degli-esteri-del-papa\/","title":{"rendered":"Achille Silvestrini. Il decennio di ministro degli Esteri del Papa"},"content":{"rendered":"<p>Rivista \u201cVilla Nazareth\u201d \u2013 28 giugno 1988<\/p>\n<p>&nbsp;<\/p>\n<p>L&#8217;arcivescovo Silvestrini \u00e8 stato a capo della diplomazia pontificia in un decennio per essa straordinario: caratterizzato dalla novit\u00e0 di Papa Wojtyla, essendo stata appena assimilata la novit\u00e0 conciliare. La nomina dell&#8217;arcivescovo Casaroli a segretario di Stato nell\u2019aprile del 1979 &#8211; contemporanea a quella di Silvestrini a segretario del Consiglio per gli Affari pubblici, che arriva il mese seguente &#8211; accompagna il manifestarsi della novit\u00e0 wojtyliana, rendendola meno clamorosa sul piano dei rapporti internazionali. Ma essa con il passare degli anni risulter\u00e0 ugualmente evidente e comporter\u00e0 una pi\u00f9 decisa presa di distacco dai blocchi in cui si divide il mondo, un tendenziale spostamento del baricentro della Chiesa Cattolica a Oriente e verso il Sud del pianeta, un crescente protagonismo degli episcopati &#8211; e della Santa Sede a loro sostegno &#8211; nella lotta per i diritti umani, compresi quelli politici.<\/p>\n<p>Continua naturalmente, lungo il decennio che ci interessa (1979-1988), l&#8217;evoluzione del servizio diplomatico della Santa Sede secondo le premesse poste dal rinnovamento conciliare e dalla decolonizzazione. Il Concilio comporta una pi\u00f9 chiara finalizzazione ecclesiale ed ecumenica di quel servizio. La nascita di numerose nazioni indipendenti nel Sud del mondo stimola a un ampliamento delle relazioni diplomatiche, anche con paesi a bassa percentuale di presenza cattolica. Il prestigio acquistato dalla Chiesa Cattolica con l&#8217;azione per la pace e i diritti umani e l&#8217;accresciuta iniziativa del Pontificato, facilitano l&#8217;apertura di relazioni diplomatiche con paesi tradizionalmente diffidenti, come quelli scandinavi dove il luteranesimo \u00e8 Chiesa di Stato, la Gran Bretagna anglicana, la Grecia Ortodossa e gli USA che professano una rigorosa separazione tra la Chiesa e lo Stato. In totale sono 26 i paesi che accreditano un ambasciatore presso il Papa durante il primo decennio di Papa Wojtyla.<\/p>\n<p>Tutto ci\u00f2 vi sarebbe stato &#8211; forse a un ritmo pi\u00f9 lento &#8211; anche senza Giovanni Paolo II. Ma pi\u00f9 numerose, almeno nell&#8217;elencazione, sono le novit\u00e0 del decennio rispetto alle continuit\u00e0. Il Papa che viaggia suscita problemi dove non ce n&#8217;erano, o non apparivano e moltiplica quelli esistenti. O anche li supera di colpo: ma ci\u00f2 si vedr\u00e0 solo a cose fatte. Ed ecco Silvestrini che deve correre in Polonia nel maggio del 1983 e nell&#8217;aprile del 1987, in vista del secondo e terzo viaggio del Pontefice in patria. Nel giugno del 1982 si deve precipitare in Argentina, perch\u00e9 il Pontefice &#8211; essendoci la guerra delle Falkland-Malvinas &#8211; ha deciso che non pu\u00f2 \u00ablasciare soli i due popoli in guerra\u00bb e intende visitare l&#8217;Argentina subito dopo la gi\u00e0 prevista visita in Gran Bretagna. Nel febbraio del 1982 deve andare in Nicaragua e in El Salvador, dove il Papa andr\u00e0 in marzo e dove ci sono enormi problemi &#8211; specie in Nicaragua &#8211; sul programma della visita papale che l&#8217;episcopato e il nunzio non riescono a dominare.<\/p>\n<p>Non sono invece una novit\u00e0 le missioni che Silvestrini compie a Malta, negli anni del contenzioso pi\u00f9 aspro tra l&#8217;episcopato e dom Mintoff (1983-1986); l&#8217;ultima delle quali, il 14 novembre 1986, \u00e8 occasione per un raro contatto con il governo libico: il vice-ministro degli Esteri e dignitario islamico Ahmed Shahati accompagna a Malta e \u00abconsegna a Silvestrini il vescovo Giovanni Martinelli e tre padri francescani, ai quali era stato tolto il passaporto sette mesi prima, in circostanze e per ragioni mai chiarite. E non \u00e8 nuova neanche la missione in Libano e Siria dell&#8217;8-14 marzo 1986, per favorire una ripresa del dialogo all&#8217;interno della comunit\u00e0 cattolica libanese, tra questa e le componenti islamiche e tra l&#8217;intero Libano e la Siria, in vista di un superamento diplomatico del cosiddetto \u201caccordo\u201d del 28 dicembre 1985, che Gemayel considera inaccettabile, in quanto renderebbe il Libano \u201cvassallo\u201d della Siria. Del tutto tradizionali sono gli incontri che ha a Roma con missioni speciali e personalit\u00e0 internazionali, anche quando tali incontri &#8211; per le circostanze in cui avvengono &#8211; fanno notizia, come &#8211; per citare gli ultimi due casi &#8211; quando riceve Faruk Kaddumi, ministro degli Esteri dell&#8217;OLP, il 4 febbraio 1988 e due giorni dopo il palestinese Hanna Siniora, direttore del quotidiano di Gerusalemme \u00abAl Fajr\u00bb.<\/p>\n<p>Nuovissima \u00e8 invece l&#8217;attivit\u00e0 che il Consiglio per gli Affari Pubblici e il suo capo sono chiamati a svolgere a supporto di iniziative nuove del Pontefice: tipo la giornata di preghiera per la pace, che porta ad Assisi, il 27 ottobre 1986, delegazioni di tutte le Chiese cristiane e di tutte le religioni. L&#8217;iniziativa \u00e8 affidata a tre organismi vaticani: i Segretariati per l&#8217;unione dei cristiani e per le religioni non cristiane, la Commissione \u00abJustitia et Pax\u00bb. Ma essendovi in pi\u00f9 luoghi &#8211; specie nei paesi islamici &#8211; risvolti statuali dell&#8217;invito ai leaders religiosi ed essendosi aggiunto al programma della giornata l&#8217;appello del Papa a una tregua dei combattimenti e degli attentati, ecco che il Consiglio ha il suo campo d&#8217;intervento. Quasi nulla si conosce di simili attivit\u00e0 riservate: ma per Assisi \u00e8 noto che Silvestrini invita personalmente il libico Ahmet Shahati, al quale chiede &#8211; proprio nel giorno di Assisi &#8211; la restituzione del passaporto al vescovo Martinelli, che poi viene concessa nel modo che ho ricordato.<\/p>\n<p>Se il lavoro per Assisi \u00e8 del tutto nuovo, quello per il Concordato italiano \u00e8 del tutto tradizionale. Silvestrini \u00e8 presente, con l&#8217;arcivescovo Martinez Somalo, accanto al cardinale Casaroli il 18 febbraio 1984, a Villa Madama, per la firma dell&#8217;accordo che si intitola \u00abModificazioni consensuali del Concordato lateranense\u00bb. Cinque giorni dopo co-presiede, con il vice-presidente del Consiglio Forlani, all&#8217;insediamento a Palazzo Chigi della Commissione mista che entro sei mesi dovr\u00e0 formulare la nuova disciplina degli enti ecclesiastici e del sostentamento del clero: \u00e8 questa la parte pi\u00f9 nuova dell&#8217;impresa e Silvestrini \u00e8 l&#8217;autorit\u00e0 cui fa riferimento il vescovo Attilio Nicora, responsabile della delegazione della Chiesa. Si era occupato del Concordato gi\u00e0 da sottosegretario agli Affari pubblici, essendo membro della commissione vaticana per il negoziato di revisione, avendo come capo-commissione l&#8217;arcivescovo Casaroli e come interlocutori Gonella e Jemolo. Da segretario agli Affari Pubblici guida lui la commissione. Il 13 gennaio 1984 tocca a lui &#8211; in vista della firma dell&#8217;accordo &#8211; esporre al Consiglio permanente della CEI gli ultimi orientamenti concordati con il presidente del Consiglio Craxi. Sar\u00e0 di nuovo opera sua la \u00abnota\u00bb con cui la Santa Sede il 28 settembre 1987 informa il governo italiano di condividere \u201cle preoccupazioni e il pensiero della CEI\u201d in merito al dibattito parlamentare sull&#8217;insegnamento della religione nelle scuole pubbliche e gli chiede che \u00abse ne tenga dovutamente conto\u00bb.<\/p>\n<p>Durante il primo decennio di Papa Wojtyla sono una quindicina gli accordi internazionali stipulati dalla Santa Sede con i singoli Stati: tutti ovviamente negoziati con la supervisionee del Consiglio per gli Affari pubblici. Come per il Concordato italiano, vi \u00e8 in essi qualche novit\u00e0 di contenuto, ma il metodo negoziale e la forma diplomatica dell&#8217;accordo restano quelli di sempre, pur cercando la Santa Sede di coinvolgere nella procedura gli episcopati nazionali. Il \u201cprotocollo di intesa con Haiti\u201d (\u00e8 l&#8217;ultimo paese che rinuncia al diritto di \u201cpresentazione\u201d per la nomina dei vescovi) Silvestrini lo va a firmare a Port au Prince, l&#8217;8 agosto 1984.<\/p>\n<p>Qualche novit\u00e0 di contenuto nella continuit\u00e0 formale \u00e8 anche la caratteristica della partecipazione della Santa Sede a conferenze e forum internazionali, specie per la continuazione di Helsinki e per le trattative sul disarmo a Ginevra. Silvestrini interviene personalmente a Madrid nel novembre del 1980, e nel settembre del 1983, a Stoccolma e a Ginevra nel gennaio e nel marzo del 1984, a Vienna nel novembre del 1986. Le maggiori novit\u00e0 nella posizione della Santa Sede si registrano in materia di diritti umani e di libert\u00e0 religiosa: per quest&#8217;ultima si propongono dieci (Vienna) e sei (Budapest) punti per verificarne \u00abl&#8217;esercizio effettivo\u00bb, si sollecitano informazioni puntuali sulle violazioni, si propongono modalit\u00e0 per l&#8217;applicazione fattuale del deliberato di Helsinki (Madrid, Ottawa), si sollecita l&#8217;approvazione di una convenzione internazionale.<\/p>\n<p>Ho cercato di distinguere imprese vecchie e nuove che toccano a un collaboratore di Papa Wojtyla. Ma pu\u00f2 capitare anche che l&#8217;impresa sia tutta tradizionale e tutta nuova a un tempo, come la missione compiuta da Silvestrini in Cecoslovacchia nel novembre del 1987: presiedeva la delegazione inviata ai funerali del vescovo di Trnava, Julius Gabris, la cui morte aveva fatto salire a 9 su 13 le diocesi vacanti; incontr\u00f2 a Praga il 19 il vice-ministro degli Esteri Jaromir Johannes e ottenne un impegno per la ripresa del negoziato sulla nomina dei vescovi (a tre nomine si arriver\u00e0 poi in aprile). Nulla di pi\u00f9 tradizionale che trattare nomine episcopali. Ma nulla di pi\u00f9 nuovo che condurre trattative con un governo dopo la pubblica denuncia da parte del Papa, che il 1\u00b0 ottobre 1987 &#8211; ricevendo il cardinale Tomasek e inaugurando le sedute del Sinodo &#8211; aveva definito la situazione cecoslovacca come \u00abpriva di confronti\u00bb, per gravit\u00e0, rispetto a tutti i paesi a tradizione cristiana.<\/p>\n<p>Anche il tradizionale con Papa Wojtyla si colora di nuovo. Il segretario per gli Affari pubblici incontra spesso il Papa, da solo o insieme al sostituto, o al segretario di Stato. Fu sempre cosi. Ma questo lavoro di consulenza immediata si \u00e8 modificato con questo Papa, crescendo di quantit\u00e0: gli incontri sono spesso improvvisi, di frequente a tavola, qualche volta Wojtyla vuole che parlino tra loro &#8211; in sua presenza &#8211; i sostenitori delle diverse soluzioni. Un metodo di lavoro nuovo, pi\u00f9 creativo e pi\u00f9 collegiale rispetto ai costumi della Curia tradizionale. Silvestrini il 29 ottobre 1985 ne parl\u00f2 ai giornalisti e approfitto dell&#8217;occasione per sostenere che l&#8217;accesso diretto al Papa da parte del segretario agli Affari pubblici sarebbe dovuto restare, quale che fosse il reinquadramento da dargli nella revisione della \u201cRegimini\u201d, cio\u00e8 della costituzione apostolica con cui Paolo VI aveva riformato la Curia nel 1967: \u00abIn ogni momento il Papa deve avere la possibilit\u00e0 di consultare rapidamente questo ufficio, in vista di una decisione che si imponga improvvisamente, o in seguito a un imprevisto\u00bb.<\/p>\n","protected":false},"excerpt":{"rendered":"<p>Rivista \u201cVilla Nazareth\u201d \u2013 28 giugno 1988 &nbsp; L&#8217;arcivescovo Silvestrini \u00e8 stato a capo della diplomazia pontificia in un decennio per essa straordinario: caratterizzato dalla novit\u00e0 di Papa Wojtyla, essendo&#8230;<\/p>\n<div class=\"more-link-wrapper\"><a class=\"more-link\" href=\"http:\/\/www.luigiaccattoli.it\/blog\/collaborazione-a-riviste\/achille-silvestrini-il-decennio-di-ministro-degli-esteri-del-papa\/\">Read More<span class=\"screen-reader-text\">Achille Silvestrini. Il decennio di ministro degli Esteri del Papa<\/span><\/a><\/div>\n","protected":false},"author":1,"featured_media":0,"parent":9,"menu_order":0,"comment_status":"closed","ping_status":"closed","template":"","meta":{"_monsterinsights_skip_tracking":false,"_monsterinsights_sitenote_active":false,"_monsterinsights_sitenote_note":"","_monsterinsights_sitenote_category":0,"footnotes":""},"class_list":["post-23334","page","type-page","status-publish","hentry","excerpt"],"_links":{"self":[{"href":"http:\/\/www.luigiaccattoli.it\/blog\/wp-json\/wp\/v2\/pages\/23334","targetHints":{"allow":["GET"]}}],"collection":[{"href":"http:\/\/www.luigiaccattoli.it\/blog\/wp-json\/wp\/v2\/pages"}],"about":[{"href":"http:\/\/www.luigiaccattoli.it\/blog\/wp-json\/wp\/v2\/types\/page"}],"author":[{"embeddable":true,"href":"http:\/\/www.luigiaccattoli.it\/blog\/wp-json\/wp\/v2\/users\/1"}],"replies":[{"embeddable":true,"href":"http:\/\/www.luigiaccattoli.it\/blog\/wp-json\/wp\/v2\/comments?post=23334"}],"version-history":[{"count":1,"href":"http:\/\/www.luigiaccattoli.it\/blog\/wp-json\/wp\/v2\/pages\/23334\/revisions"}],"predecessor-version":[{"id":23335,"href":"http:\/\/www.luigiaccattoli.it\/blog\/wp-json\/wp\/v2\/pages\/23334\/revisions\/23335"}],"up":[{"embeddable":true,"href":"http:\/\/www.luigiaccattoli.it\/blog\/wp-json\/wp\/v2\/pages\/9"}],"wp:attachment":[{"href":"http:\/\/www.luigiaccattoli.it\/blog\/wp-json\/wp\/v2\/media?parent=23334"}],"curies":[{"name":"wp","href":"https:\/\/api.w.org\/{rel}","templated":true}]}}