{"id":23712,"date":"2019-11-13T15:00:14","date_gmt":"2019-11-13T14:00:14","guid":{"rendered":"http:\/\/www.luigiaccattoli.it\/blog\/?page_id=23712"},"modified":"2019-11-13T15:00:34","modified_gmt":"2019-11-13T14:00:34","slug":"23712-2","status":"publish","type":"page","link":"http:\/\/www.luigiaccattoli.it\/blog\/conferenze-e-dibattiti-2\/23712-2\/","title":{"rendered":"La misericordia familiare in dieci parabole di Papa Francesco\u00a0"},"content":{"rendered":"<p>&nbsp;<\/p>\n<p>Gruppo famiglie della Parrocchia di Sant\u2019Agnese fuori le Mura<\/p>\n<p>Domenica 10 novembre 2019 \u2013 ore 17.00<\/p>\n<p>&nbsp;<\/p>\n<p>Ho scelto di andare per parabole e ne ho prese dieci.<\/p>\n<p>Non svolgo un discorso teorico ma conduco una lettura di dieci brevi testi. In cinque di essi troviamo la parola \u201ctenerezza\u201d che \u00e8 la parola chiave del vostro anno.<\/p>\n<p>E\u2019 un metodo di esposizione che si addice alla predicazione di Papa Francesco: egli procede cos\u00ec e cos\u00ec possiamo provare a procedere noi nel tentare di ascoltarlo seriamente<strong>.<\/strong><\/p>\n<p>Il metodo \u00e8 quello del discernimento evangelico. Normalmente Francesco non svolge un magistero sistematico, ma \u2013 sul modello degli Esercizi di Sant\u2019Ignazio \u2013 propone un esercizio di discernimento, parola forte che vuol dire comprensione e decisione.<\/p>\n<p>Come vedremo c\u2019\u00e8 anche in Francesco una forte, geniale attenzione al vissuto familiare. Si sente il gesuita che ha frequentato tante famiglie, che ha l\u2019esperienza di pranzi e cene, oltre che di conversazioni formative. Ci sentiremo quindi subito a casa, procedendo come stiamo per fare.<\/p>\n<p>Le \u201cparabole\u201d alle quali faccio riferimento \u2013 e che ora leggiamo \u2013 hanno il titolo e la numerazione progressiva loro attribuita nel volumetto delle Paoline [di cui sono coautore con Ciro Fusco] intitolato \u201cC\u2019era un vecchio gesuita furbaccione. 110 parabole di Papa Francesco\u201d.<\/p>\n<p>&nbsp;<\/p>\n<ol>\n<li>La parabola numero 9. <em>Lei fa le pulizie all\u2019aeroporto<\/em>: Una madre che attende il ritorno del figlio, come il padre misericordioso della parabola evangelica.<\/li>\n<li>Numero 12. <em>Una vedova lavava i panni<\/em>: \u201clo sguardo di tenerezza di sua mamma\u201d \u2013 \u201cIl silenzio che accompagna\u201d<\/li>\n<li>Numero 13. <em>Pap\u00e0 e mamma si rimpiccioliscono<\/em>: c\u2019\u00e8 qui il vostro programma annuale: \u201cE\u2019 la tenerezza di Dio\u201d. La famiglia come scuola di misericordia che poi si estende all\u2019umanit\u00e0 circostante: impari la tenerezza con il bambino piccolo e poi la estendi al coniuge, ai genitori, ai parenti tutti, a ogni creatura bisognosa come bisognoso \u00e8 il bambino: i Down, i pazzerelli, gli anziani smemorati. Esempio della conversazione in vacanza con un\u2019anziana colpita da Alzheimer che ha imparato a sorridere a chi la salutava scherzosamente.<\/li>\n<li>Numero 22. <em>Ragazzine dodicenni sulla strada<\/em>: imparare a guardare a tutti i figli come a nostri figli \u2013 a tutti i giovani come nostro fratelli pi\u00f9 giovani.<\/li>\n<li>Numero 26. <em>Il nonno mangiava in cucina da solo<\/em>: torna la parola \u201ctenerezza\u201d: \u201cDai loro tenerezza?\u201d chiede Francesco a chi ha genitori anziani.<\/li>\n<li>Numero 29. <em>Quando uno spastico ti sbava la faccia<\/em>: \u201cE\u2019 la tenerezza di Dio, \u00e8 la misericordia di Dio\u201d. Ecco tutte le nostre parole tematiche. \u201cL\u00ec risplende Ges\u00f9\u201d: in chi \u00e8 piccolo, in chi si fa piccolo, in chi \u00e8 fatto piccolo dall\u2019egoismo del mondo.<\/li>\n<li>Numero 40. <em>In aiuto del coniuge violento<\/em>: qui abbiamo il tema del perdono, della non vendetta, del non usare i figli come ostaggi nel combattimento tra coniugi. Il brano \u00e8 preso da \u201cAmoris laetitia\u201d, un documento che \u00e8 pieno di riferimenti al vissuto. Tra le domande per il discernimento sull\u2019ammissione ai sacramenti dei risposati ci sono queste: \u201cI divorziati risposati dovrebbero chiedersi come si sono comportati verso i loro figli quando l\u2019unione coniugale \u00e8 entrata in crisi; se ci sono stati tentativi di riconciliazione; come \u00e8 la situazione del partner abbandonato; quali conseguenze ha la nuova relazione sul resto della famiglia e la comunit\u00e0 dei fedeli; quale esempio essa offre ai giovani che si devono preparare al matrimonio\u201d (paragrafo 300).<\/li>\n<li>Numero 57. <em>Tu sei della famiglia<\/em>: la via della misericordia, della tenerezza, della carit\u00e0, praticata in famiglia tende ad allargare il rapporto familiare a tante persone con le quali si entra in contatto. L\u2019esperienza di cinque figli e la tendenza di tanti amici dei figli a sentirsi parte della famiglia.<\/li>\n<li>Numero 62. <em>Madri e spose in carcere<\/em>: torna la parola \u201ctenerezza\u201d. Il coraggio di affrontare il mondo per un figlio va inteso anche come scuola ad affrontare il mondo per aiutare i bisognosi difficili ad aiutare. Un impegno che rischia di comprometterci nell\u2019ambiente di lavoro e di vita. Se non si arriva a questi costi non si ha vera carit\u00e0 ma ci si ferma ai comportamenti filantropici.<\/li>\n<\/ol>\n<ul>\n<li>Numero 104. <em>Ho visto pap\u00e0 e mamma baciarsi<\/em>. Dare manifestazione piena del rapporto d\u2019amore e della forza che ne viene. Della gioia che esso alimenta. I bambini sono sensibili a questo e ne porteranno l\u2019insegnamento in tutta la loro vita. Una mia nipotina quando le chiesi dove fosse la mamma rispose: \u201cE\u2019 di l\u00e0 che fa la stupidina con pap\u00e0\u201d. Ecco un riflesso familiare immediato del racconto sull\u2019amore dei genitori fatto dal Papa.<\/li>\n<\/ul>\n","protected":false},"excerpt":{"rendered":"<p>&nbsp; Gruppo famiglie della Parrocchia di Sant\u2019Agnese fuori le Mura Domenica 10 novembre 2019 \u2013 ore 17.00 &nbsp; Ho scelto di andare per parabole e ne ho prese dieci. Non&#8230;<\/p>\n<div class=\"more-link-wrapper\"><a class=\"more-link\" href=\"http:\/\/www.luigiaccattoli.it\/blog\/conferenze-e-dibattiti-2\/23712-2\/\">Read More<span class=\"screen-reader-text\">La misericordia familiare in dieci parabole di Papa Francesco\u00a0<\/span><\/a><\/div>\n","protected":false},"author":1,"featured_media":0,"parent":5506,"menu_order":0,"comment_status":"closed","ping_status":"closed","template":"","meta":{"_monsterinsights_skip_tracking":false,"_monsterinsights_sitenote_active":false,"_monsterinsights_sitenote_note":"","_monsterinsights_sitenote_category":0,"footnotes":""},"class_list":["post-23712","page","type-page","status-publish","hentry","excerpt"],"_links":{"self":[{"href":"http:\/\/www.luigiaccattoli.it\/blog\/wp-json\/wp\/v2\/pages\/23712","targetHints":{"allow":["GET"]}}],"collection":[{"href":"http:\/\/www.luigiaccattoli.it\/blog\/wp-json\/wp\/v2\/pages"}],"about":[{"href":"http:\/\/www.luigiaccattoli.it\/blog\/wp-json\/wp\/v2\/types\/page"}],"author":[{"embeddable":true,"href":"http:\/\/www.luigiaccattoli.it\/blog\/wp-json\/wp\/v2\/users\/1"}],"replies":[{"embeddable":true,"href":"http:\/\/www.luigiaccattoli.it\/blog\/wp-json\/wp\/v2\/comments?post=23712"}],"version-history":[{"count":2,"href":"http:\/\/www.luigiaccattoli.it\/blog\/wp-json\/wp\/v2\/pages\/23712\/revisions"}],"predecessor-version":[{"id":23714,"href":"http:\/\/www.luigiaccattoli.it\/blog\/wp-json\/wp\/v2\/pages\/23712\/revisions\/23714"}],"up":[{"embeddable":true,"href":"http:\/\/www.luigiaccattoli.it\/blog\/wp-json\/wp\/v2\/pages\/5506"}],"wp:attachment":[{"href":"http:\/\/www.luigiaccattoli.it\/blog\/wp-json\/wp\/v2\/media?parent=23712"}],"curies":[{"name":"wp","href":"https:\/\/api.w.org\/{rel}","templated":true}]}}