{"id":2446,"date":"2009-10-27T18:26:55","date_gmt":"2009-10-27T17:26:55","guid":{"rendered":"http:\/\/www.luigiaccattoli.it\/blog\/?page_id=2446"},"modified":"2009-10-27T18:26:55","modified_gmt":"2009-10-27T17:26:55","slug":"enrico-barzaghi-si-fa-battezzare-e-muore-di-aids","status":"publish","type":"page","link":"http:\/\/www.luigiaccattoli.it\/blog\/cerco-fatti-di-vangelo\/14-dalla-droga-dall%e2%80%99aids-dalla-strada-e-da-ogni-male\/enrico-barzaghi-si-fa-battezzare-e-muore-di-aids\/","title":{"rendered":"Enrico Barzaghi si fa battezzare e muore di Aids"},"content":{"rendered":"<p>Enrico Barzaghi \u00e8 un giovane milanese che muore di Aids a trent\u2019anni il 15 gennaio 1990 avendo avuto il battesimo qualche mese prima. In ospedale legge i Vangeli e si fa cristiano. Ecco la sua conversione nel racconto di una nipotina.<br \/>\n<em>\u00abQuando ho scoperto che Enrico era sieropositivo ho provato una sensazione di dolore. Nonostante ci\u00f2 ho continuato a volergli bene e a prendermi cura di lui come se fosse mio fratello. Quando andavo a casa della nonna alle quattro, lo andavamo sempre a trovare in ospedale. Quell\u2019ospedale era triste, ma soltanto sentirmi vicino a lui mi rallegrava l\u2019animo.<\/em><br \/>\n<em>\u00abA Natale lui aveva tanta fame e ha divorato tutto ci\u00f2 che gli capitava a tiro perch\u00e8 voleva vivere, e mangiando pensava di poter riacquistare forza e salute. Alla Vigilia eravamo tutti riuniti a casa della nonna Ulla: quando \u00e8 venuto il momento dei regali, la maggior parte era per Chicco. Li apriva con ansia e quando li scartava diceva sempre: \u201cChe bello!\u201d<\/em><br \/>\n<em>\u00abVennero a intervistarlo quelli della Rai e cos\u00ec fin\u00ec in televisione. Lo zio Chicco pare che sia l\u2019unico in Italia che non si vergogna di essere malato e non capisco perch\u00e8 gli altri si debbano vergognare.<\/em><br \/>\n<em>\u00abQualche mese prima di morire, Chicco si \u00e8 fatto battezzare. La gente durante la cerimonia piangeva, soprattutto la mia mamma, e la mia sorellina guard\u00f2 fissa per tutta la cerimonia gli occhi della mamma che sembravano due rubinetti aperti. <\/em><br \/>\n<em>\u00abMia sorella e io abbiamo fatto da damigelle e abbiamo portato un mazzo di fiori all\u2019altare. Davanti all\u2019altare c&#8217;erano tre preti. Sulla balconata sopra la porta c\u2019erano gli infermieri che cantavano in coro. Chicco aveva tanta bont\u00e0 che conquist\u00f2 il cuore di tutto l\u2019ospedale. <\/em><br \/>\n<em>\u00abQuando lo vado a trovare al cimitero, vedo tutti quei fiori che gli porta la gente che gli voleva bene. Anche se ora \u00e8 morto, lui \u00e8 sempre vicino a noi, cio\u00e8 con la sua anima \u00e8 con noi e in pi\u00f9 Chicco \u00e8 col suo cuore nel nostro cuore.<\/em><br \/>\n<em>\u00abNoi continuiamo a volergli bene perch\u00e8 lo zio mi ha detto che lui ci guarda da una finestrella del cielo e che ci continuer\u00e0 ad amare e a proteggere\u00bb.<\/em><br \/>\nLa nipotina si chiama Francesca ed era in terza elementare quando raccont\u00f2 questa storia pi\u00f9 grande di lei e di noi tutti. Ho preso il suo testo dal libro dedicato al figlio da Ursula Barzaghi: <em>Senza vergogna. Una storia di coraggio contro l\u2019Aids<\/em>, \u00abe\/o\u00bb editore, Roma 1996. E\u2019 un libro che pu\u00f2 aiutare chi combatte contro l\u2019Aids e contro ogni malattia. La coraggiosa mamma di Enrico lo ha scritto per continuare la battaglia del figlio contro il pregiudizio che emargina i malati di Aids e ancor pi\u00f9 quelli che \u2013 come Enrico \u2013 diventano sieropositivi nel comportamento omosessuale.<br \/>\nMa quella di Enrico \u00e8 anche una bella storia cristiana: di come cio\u00e8 la chiamata a entrare nel Regno possa raggiungere l\u2019uomo del Duemila, anche il pi\u00f9 lontano da ogni educazione religiosa, tanto da non essere neanche battezzato. Il mistero poi della sua conversione lo lasceremo velato, come ce lo consegna il racconto ammirato della nipotina.<br \/>\nNel volume Ursula Barzaghi dice che la conversione del figlio pi\u00f9 che un atto di fede \u00e8 stata un atto d\u2019amore e in un\u2019intervista al settimanale <em>Vita<\/em> (1.6.1996) precisa: \u00ab<em>Non \u00e8 stato un fatto sentimentale n\u00e8 una questione di paura. Questa conversione viene interpretata sempre in modo diverso, ho sentito persino opinioni del tipo \u2018lo hanno convinto\u2019. Invece \u00e8 stato un gesto d\u2019amore, ma un gesto che va spiegato, che non nasce l\u00ec in quel momento, questo bisogno d\u2019amore era nato in Enrico molti anni prima che si manifestasse la malattia<\/em>\u00bb.<br \/>\nQuando mi occupai la prima volta della vicenda si Enrico \u2013 nella primavera del 1998 \u2013 chiamai Ursula Barzaghi al telefono e le chiesi che cosa intendesse per atto d&#8217;amore: \u00ab<em>Credo di aver capito che voleva lasciare un\u2019eredit\u00e0 alla societ\u00e0, ai conoscenti e a tutti, come a dire: \u2018Badate che senza la fede non ce la possiamo fare\u2019. Lui avrebbe potuto portare avanti in segreto la sua conversione e invece ha preso la decisione di renderla pubblica: \u00e8 qui che vedo un gesto d\u2019amore<\/em>\u00bb.<br \/>\nChiedo a Ursula di precisare il ruolo della suora (suor Celeste) che Enrico conosce in ospedale e che l\u2019accompagna nell\u2019avvicinamento alla fede: \u00ab<em>Non ha assolutamente forzato la decisione, non ha mai avuto un atteggiamento missionario. Con il suo amore gratuito e con la testimonianza della sua profonda fede ha certamente esercitato un\u2019attrazione, forse nel senso di accelerare la decisione di Enrico di rendere pubblica la conversione<\/em>\u00bb.<br \/>\nNel sito Cultura Gay si pu\u00f2 leggere un <a href=\"http:\/\/www.culturagay.it\/cg\/biografia.php?id=64\">profilo di Enrico<\/a> \u2013 scritto da Massimo Consoli nel 2004 \u2013 che non accenna minimamente alla sua conversione. Negli ambienti del movimento per i diritti dei gay Enrico \u00e8 considerato un \u201csimbolo\u201d della battaglia per \u201cuscire allo scoperto\u201d e \u201cumanizzare la malattia\u201d.<\/p>\n<p><strong>[Aggiornamento ottobre 2009 di un testo pubblicato dalla rivista <em>Eco di San Gabriele<\/em> nel giugno del 1998]<\/strong><\/p>\n","protected":false},"excerpt":{"rendered":"<p>Enrico Barzaghi \u00e8 un giovane milanese che muore di Aids a trent\u2019anni il 15 gennaio 1990 avendo avuto il battesimo qualche mese prima. In ospedale legge i Vangeli e si&#8230;<\/p>\n<div class=\"more-link-wrapper\"><a class=\"more-link\" href=\"http:\/\/www.luigiaccattoli.it\/blog\/cerco-fatti-di-vangelo\/14-dalla-droga-dall%e2%80%99aids-dalla-strada-e-da-ogni-male\/enrico-barzaghi-si-fa-battezzare-e-muore-di-aids\/\">Read More<span class=\"screen-reader-text\">Enrico Barzaghi si fa battezzare e muore di Aids<\/span><\/a><\/div>\n","protected":false},"author":1,"featured_media":0,"parent":2126,"menu_order":0,"comment_status":"open","ping_status":"closed","template":"","meta":{"_monsterinsights_skip_tracking":false,"_monsterinsights_sitenote_active":false,"_monsterinsights_sitenote_note":"","_monsterinsights_sitenote_category":0,"footnotes":""},"class_list":["post-2446","page","type-page","status-publish","hentry","excerpt"],"_links":{"self":[{"href":"http:\/\/www.luigiaccattoli.it\/blog\/wp-json\/wp\/v2\/pages\/2446","targetHints":{"allow":["GET"]}}],"collection":[{"href":"http:\/\/www.luigiaccattoli.it\/blog\/wp-json\/wp\/v2\/pages"}],"about":[{"href":"http:\/\/www.luigiaccattoli.it\/blog\/wp-json\/wp\/v2\/types\/page"}],"author":[{"embeddable":true,"href":"http:\/\/www.luigiaccattoli.it\/blog\/wp-json\/wp\/v2\/users\/1"}],"replies":[{"embeddable":true,"href":"http:\/\/www.luigiaccattoli.it\/blog\/wp-json\/wp\/v2\/comments?post=2446"}],"version-history":[{"count":2,"href":"http:\/\/www.luigiaccattoli.it\/blog\/wp-json\/wp\/v2\/pages\/2446\/revisions"}],"predecessor-version":[{"id":2449,"href":"http:\/\/www.luigiaccattoli.it\/blog\/wp-json\/wp\/v2\/pages\/2446\/revisions\/2449"}],"up":[{"embeddable":true,"href":"http:\/\/www.luigiaccattoli.it\/blog\/wp-json\/wp\/v2\/pages\/2126"}],"wp:attachment":[{"href":"http:\/\/www.luigiaccattoli.it\/blog\/wp-json\/wp\/v2\/media?parent=2446"}],"curies":[{"name":"wp","href":"https:\/\/api.w.org\/{rel}","templated":true}]}}