{"id":2454,"date":"2009-10-27T18:34:26","date_gmt":"2009-10-27T17:34:26","guid":{"rendered":"http:\/\/www.luigiaccattoli.it\/blog\/?page_id=2454"},"modified":"2010-07-20T17:41:33","modified_gmt":"2010-07-20T17:41:33","slug":"domenico-del-rio-%e2%80%9cora-janja-e-da-te-signore-amala-piu-di-me%e2%80%9d","status":"publish","type":"page","link":"http:\/\/www.luigiaccattoli.it\/blog\/cerco-fatti-di-vangelo\/20-preghiera-pubblica\/domenico-del-rio-%e2%80%9cora-janja-e-da-te-signore-amala-piu-di-me%e2%80%9d\/","title":{"rendered":"Domenico Del Rio: \u201cOra Janja \u00e8 da te, Signore amala pi\u00f9 di me\u201d"},"content":{"rendered":"<p>Muore una persona cara (la persona pi\u00f9 cara che si ha) e un vento di dolore ti invade dentro. Anche il cuore ha la sua morte. Oh, certo, nel mondo ci sono dolori anche pi\u00f9 grandi, sofferenze pi\u00f9 atroci, solitudini pi\u00f9 strazianti. Ecco, allora, diciamo che il lungo dolore della sua sofferenza fisica \u00e8 stato uno della immensa moltitudine dei dolori del mondo. E in quella moltitudine adesso c\u2019\u00e8 anche il dolore di chi, teneramente accanto, l\u2019ha contemplata a lungo mentre lentamente, dolcemente, serenamente, andava scivolando in Dio.<br \/>\n\u201cSi muore sempre come un fanciullo\u201d, dice il profeta Isaia. E il sorriso del fanciullo \u00e8 fiorito per tutti sul suo volto di dolore fino al momento estremo, e la tenerezza e la mansuetudine dell\u2019agnello.<br \/>\n<em>Anche per questo, ora, io posso parlarti, Signore? Tu hai visto la sua paziente agonia (lei ha sofferto pi\u00f9 a lungo di te sulla croce). Ti abbiamo pregato, Signore, e tu non hai voluto ascoltarci. Anche noi ti chiedevamo di tenere lontano questo calice. <\/em><br \/>\n<em>Non ci hai esaudito, Signore. Pazienza, pazienza!<\/em><br \/>\n<em>Forse perch\u00e9 anche per lei, in una partecipazione di redenzione, avvenisse quello che \u00e8 accaduto per te qui sulla terra, senza che il Padre ascoltasse: agonia nel Getsemani e morte sulla croce. Ma io, lo so, ora non oso, non sono degno di gridare: \u201cDio mio, Dio mio, perch\u00e9 ci hai abbandonato?\u201d<\/em><br \/>\n<em>Ma posso farti una raccomandazione, Signore? Lei era la persona che pi\u00f9 amavo. Ora, lei \u00e8 da te. Ora tocca a te amarla. Io sono triste, Signore, ma ho fiducia perch\u00e9 so che tu puoi amarla anche pi\u00f9 di me.<\/em><br \/>\n<em>Domenico Del Rio<\/em><\/p>\n<p>Venerd\u00ec 1\u00b0 settembre 2000 c\u2019era riunita a Roma \u2013 nella chiesa dei Santi Gioacchino e Anna al Tuscolano \u2013 una piccola folla familiare: i parenti e gli amici di Janja Raguz, di origine croato-erzegovina, sposa del giornalista Domenico Del Rio. Alla fine della celebrazione, il parroco ha detto che avrebbe letto una preghiera scritta da Domenico, ma che lui non aveva la forza di pronunciare. E\u2019 la preghiera che riportiamo qui accanto.<br \/>\nEro con la mia sposa tra quei pochi, perch\u00e9 amico da pi\u00f9 di vent\u2019anni di Domenico e Janja. La preghiera mi parve bella, davvero cristiana e \u2013 dopo la messa \u2013 andando ad abbracciare Domenico gliene chiesi una copia. Mi disse: la trovi sulla \u201cStampa\u201d di oggi.<br \/>\nE sulla \u201cStampa\u201d (una delle testate alle quali Domenico allora collaborava) l\u2019ho trovata, a pagina 22, con il titoletto \u201cUna preghiera\u201d e un distico che annunciava la morte di Janja e l\u2019\u201dabbraccio\u201d a Domenico dei colleghi del quotidiano.<br \/>\nOra non parler\u00f2 della preghiera, che basta leggerla per capirla tutta. Ma voglio dire qualcosa del semplice coraggio che ha avuto Domenico di pubblicarla su un giornale laico.<br \/>\nMi sono ricordato di una circostanza simile, in cui Domenico aveva osato parlare della morte su un altro quotidiano, la \u201cRepubblica\u201d, in occasione della partenza di due comuni amici una decina di anni fa. Propose al direttore Eugenio Scalfari quella sua \u201cmeditazione\u201d in morte dei due e Scalfari gliela pubblic\u00f2.<br \/>\nSono stato collega di Domenico a \u201cRepubblica\u201d per sei anni. Ho scritto con lui un libro a quattro mani sul Papa (\u201cWojtyla il nuovo Mos\u00e8\u201d, Mondadori 1988). E\u2019 stato recensore di miei libri e io di suoi. Era padrino di uno dei miei figli. Vicino a morire (se ne \u00e8 andato tre anni dopo la morte di Janja) \u00a0mi affid\u00f2 il compito di riferire a Giovanni Paolo II un suo \u201cringraziamento\u201d per l\u2019aiuto a credere che gli era venuto dalla testimonianza di fede del papa (vedi nella pagina PREFAZIONI E CAPITOLI elencata sotto la mia foto la mia introduzione al suo volume Karol il grande, Paoline 2003). Egli era dunque per me come un fratello. So l\u2019importanza che ha avuto il suo lavoro di cronista e commentatore dei fatti di fede sui giornali. Ma oso affermare che quella meditazione sulla morte e questa ultima preghiera per la sposa sono i suoi testi migliori: quelli che ci danno per intero l\u2019anima del cristiano e la l\u2019esperienza del giornalista.<br \/>\nVoglio anche dire una parola a ricordo della dolce Janja. Sono stato tante volte a casa sua e qualche volta l\u2019ho avuta a casa mia, sempre in compagnia di Domenico. Era di spirito vivace e critico. Cristiana semplice e seria, non si impressionava per nessun \u201cevento\u201d religioso esteriore con il quale eravamo alle prese noi due colleghi giornalisti. E del quale magari parlavamo con qualche esclamazione. Andava \u2013 con una facilit\u00e0 che spesso mi colpisce nelle donne \u2013 al cuore delle questioni e solo quello l\u2019interessava. Questa facilit\u00e0 ho sentito che manteneva nel turbamento della malattia.<br \/>\nForse Domenico ha potuto fare tanta strada verso l\u2019essenziale, in questa difficile impresa di parlare di Dio sui giornali, anche per il sostegno \u2013 direi quasi il pungolo \u2013 che gli veniva da lei. Ed \u00e8 stato bello vedere che la sua morte non l\u2019ha bloccato. Che nel nome di lei questo caro collega \u00e8 riuscito ad affidare a un giornale la sua preghiera pi\u00f9 intima e pi\u00f9 impegnativa.<\/p>\n<p><strong>[Testo pubblicato dalla rivista <em>Eco di San Gabriele<\/em> nell\u2019ottobre 2000, aggiornato nell\u2019ottobre 2009]<\/strong><\/p>\n","protected":false},"excerpt":{"rendered":"<p>Muore una persona cara (la persona pi\u00f9 cara che si ha) e un vento di dolore ti invade dentro. Anche il cuore ha la sua morte. Oh, certo, nel mondo&#8230;<\/p>\n<div class=\"more-link-wrapper\"><a class=\"more-link\" href=\"http:\/\/www.luigiaccattoli.it\/blog\/cerco-fatti-di-vangelo\/20-preghiera-pubblica\/domenico-del-rio-%e2%80%9cora-janja-e-da-te-signore-amala-piu-di-me%e2%80%9d\/\">Read More<span class=\"screen-reader-text\">Domenico Del Rio: \u201cOra Janja \u00e8 da te, Signore amala pi\u00f9 di me\u201d<\/span><\/a><\/div>\n","protected":false},"author":1,"featured_media":0,"parent":2141,"menu_order":0,"comment_status":"open","ping_status":"closed","template":"","meta":{"_monsterinsights_skip_tracking":false,"_monsterinsights_sitenote_active":false,"_monsterinsights_sitenote_note":"","_monsterinsights_sitenote_category":0,"footnotes":""},"class_list":["post-2454","page","type-page","status-publish","hentry","excerpt"],"_links":{"self":[{"href":"http:\/\/www.luigiaccattoli.it\/blog\/wp-json\/wp\/v2\/pages\/2454","targetHints":{"allow":["GET"]}}],"collection":[{"href":"http:\/\/www.luigiaccattoli.it\/blog\/wp-json\/wp\/v2\/pages"}],"about":[{"href":"http:\/\/www.luigiaccattoli.it\/blog\/wp-json\/wp\/v2\/types\/page"}],"author":[{"embeddable":true,"href":"http:\/\/www.luigiaccattoli.it\/blog\/wp-json\/wp\/v2\/users\/1"}],"replies":[{"embeddable":true,"href":"http:\/\/www.luigiaccattoli.it\/blog\/wp-json\/wp\/v2\/comments?post=2454"}],"version-history":[{"count":2,"href":"http:\/\/www.luigiaccattoli.it\/blog\/wp-json\/wp\/v2\/pages\/2454\/revisions"}],"predecessor-version":[{"id":4661,"href":"http:\/\/www.luigiaccattoli.it\/blog\/wp-json\/wp\/v2\/pages\/2454\/revisions\/4661"}],"up":[{"embeddable":true,"href":"http:\/\/www.luigiaccattoli.it\/blog\/wp-json\/wp\/v2\/pages\/2141"}],"wp:attachment":[{"href":"http:\/\/www.luigiaccattoli.it\/blog\/wp-json\/wp\/v2\/media?parent=2454"}],"curies":[{"name":"wp","href":"https:\/\/api.w.org\/{rel}","templated":true}]}}