{"id":2457,"date":"2009-10-27T18:37:26","date_gmt":"2009-10-27T17:37:26","guid":{"rendered":"http:\/\/www.luigiaccattoli.it\/blog\/?page_id=2457"},"modified":"2010-05-21T10:52:10","modified_gmt":"2010-05-21T10:52:10","slug":"pietro-cavallero-il-buon-ladrone-di-fine-millennio","status":"publish","type":"page","link":"http:\/\/www.luigiaccattoli.it\/blog\/cerco-fatti-di-vangelo\/14-dalla-droga-dall%e2%80%99aids-dalla-strada-e-da-ogni-male\/pietro-cavallero-il-buon-ladrone-di-fine-millennio\/","title":{"rendered":"Pietro Cavallero: il buon ladrone di fine Millennio"},"content":{"rendered":"<p>Il 28 gennaio 1997 moriva da cristiano, a Torino, l&#8217;ex ergastolano Pietro Cavallero: il \u00abbuon ladrone\u00bb della nostra epoca. Lo ricordo con alcuni documenti della sua conversione, che mi sono stati passati da Ernesto Olivero: il fondatore del Sermig (Servizio missionario giovanile) di Torino, suo accompagnatore nel cammino della conversione.<br \/>\nCinque omicidi, ventitr\u00e8 rapine, cinque sequestri di persona: queste le colpe di Cavallero, il bandito della Milano degli anni sessanta, condannato all\u2019ergastolo nel 1967 e uscito dal carcere nel 1992, dopo aver scontato 25 anni.<br \/>\nSulla sua avventura violenta e proletaria (perch\u00e8 in origine Cavallero \u00e8 un comunista, espulso dal Pci in quanto estremista) il regista Carlo Lizzani costru\u00ec il film \u00abBanditi a Milano\u00bb, dove Gian Maria Volont\u00e8 \u00e8 Cavallero.<br \/>\nLa prima rapina \u00e8 del 1963, l\u2019ultima del 1967. Poi il carcere. I colloqui con la mamma (\u00ab<em>Le sue lacrime sono state pi\u00f9 forti delle pallottole<\/em>\u00bb), il ricordo degli uccisi e dei familiari offesi (\u00ab<em>Mi ha sempre sconvolto il perdono che mi \u00e8 giunto da alcuni parenti delle persone che ho ucciso<\/em>\u00bb), la scoperta della pittura (\u00ab<em>Ho imparato a disegnare per sfuggire alla follia. I miei quadri sono paesaggi, prati, fiori, soli in cieli azzurri<\/em>\u00bb), la scelta \u2013 per il dopo carcere \u2013 del volontariato all\u2019Arsenale del Sermig (\u00ab<em>Voglio mettermi al servizio di chi soffre<\/em>\u00bb).<br \/>\nCavallero muore a 68 anni di enfisema polmonare. Vicino a morire, vuol chiedere perdono a Milano e scrive cos\u00ec \u2013 nel 1996 \u2013 al cardinale Carlo Maria Martini: \u00ab<em>Mi sono rivolto a lei, ed \u00e8 la prima volta che oso compiere un gesto del genere, perch\u00e8 ho sentito che lo debbo, che \u00e8 un passo in pi\u00f9 da fare per pagare i miei debiti. Proprio a Milano si concluse, in modo violentissimo e tragico, la mia carriera di bandito. Ed \u00e8 a Milano, turbato ferito e scosso, che devo soprattutto chiedere perdono, da penitente, in silenzio<\/em>\u00bb.<br \/>\nIncontra Martini e durante il ritorno in macchina a Torino, accanto a Olivero che guida, scrive questo appunto: \u00ab<em>Anni, decenni sono passati. Quante volte sono venuto a Milano con l&#8217;animo teso al male. Quante paure, quanta infelicit\u00e0. Sono tornato da penitente a chiedere perdono. Il Signore \u00e8 con me. E&#8217; con noi. E finalmente, tornando, sono sereno, con nel cuore le parole di pace e di amore dette dal cardinale<\/em>\u00bb.<br \/>\nCavallero ha scritto un libro sulla sua esperienza all\u2019Arsenale e sulla sua amicizia con Olivero. Per quel libro \u2013 pubblicato da Rizzoli nel 2001 con il titolo <em>Ti voglio bene. Un itinerario spirituale<\/em> \u2013 il cardinale Martini ha gi\u00e0 scritto la prefazione: \u00abL\u2019incontro con Cavallero mi ha fatto molta impressione. Si sentiva che era malato, soffriva, ma lasciava trasparire una grande volont\u00e0 di riscatto (&#8230;) Mi accorsi che queste parole (riguardanti l\u2019intenzione di chiedere perdono a Milano, ndr) erano dette con profonda sincerit\u00e0 e sofferenza e che erano state precedute da anni di cammino di ravvedimento e di riparazione, come viene ben documentato dal racconto di questo libro\u00bb.<br \/>\nEcco infine il testamento del buon ladrone: l\u2019ultima lettera a Olivero, che \u00e8 del 21 gennaio 1997. Morir\u00e0 il 28. Informa l\u2019amico della sua preparazione alla morte e detta le ultime volont\u00e0 sul libro che gli dedica. Non la commento. E\u2019 un documento dell\u2019attualit\u00e0 della fede cristiana nell\u2019Italia del Duemila. In esso \u00e8 anche la spiegazione del titolo che \u00e8 stato dato al volume autobiografico apparso dopo la morte, <em>Ti voglio bene<\/em>:<br \/>\n\u00ab<em>Carissimo Ernesto, ti scrivo dall\u2019ospedale di Venaria dove sono ricoverato. I miei mali ritornano sempre pi\u00f9 gravi, soffro molto. Sono contento di soffrire perch\u00e8 espio, la mia fede si consolida, la mia forza cresce. Con questo scritto voglio ribadire che desidero che tutti i diritti del libro che ho scritto su di te, dove ti ho abbinato a Francesco d&#8217;Assisi e i proventi che ne scaturiranno siano devoluti alla fondazione Sermig con la destinazione &#8220;per chi bussa alla porta dell&#8217;Arsenale&#8221; (&#8230;) Questo scritto vuole essere una testimonianza sincera di quello che ho visto e sto vivendo ogni giorno, con tale empatia (partecipazione totale, ndr) che desidero che sulla copertina siamo riportati tu ed io per sempre vicini. Ringrazio con questa mia lettera il cardinale Martini per il colloquio che mi ha concesso, per la pace che mi ha donato e per la presentazione che onora il mio libro su di te. Sono contento che dopo tanti anni di carcere la mia vita travagliata abbia trovato l\u2019Arsenale della pace dove ho capito, senza bisogno di tante parole, i miei sbagli. Ti voglio bene. Tuo Cavallero<\/em>\u00bb.<br \/>\nPrima dell\u2019autobiografia la storia di Pietro Cavallero \u2013 bandito, ergastolano, pittore, cristiano \u2013 era stata ricostruita nel volume di Ernesto Olivero, <em>Vivere da vivo. Dialoghi con Pietro Cavallero<\/em>, Citt\u00e0 Nuova 1991. Il volume, che si legge rapido e ti rapisce, ha la presentazione di Mario Tuti, altro ex ergastolano che Olivero incontr\u00f2 \u2013 come lo stesso Cavallero \u2013 a Porto Azzurro, in occasione della rivolta del 1987.<\/p>\n<p><strong>[Testo pubblicato dalla rivista <em>Eco di San Gabriele<\/em> nel gennaio del 1998, aggiornato nell\u2019ottobre 2009]<\/strong><\/p>\n","protected":false},"excerpt":{"rendered":"<p>Il 28 gennaio 1997 moriva da cristiano, a Torino, l&#8217;ex ergastolano Pietro Cavallero: il \u00abbuon ladrone\u00bb della nostra epoca. Lo ricordo con alcuni documenti della sua conversione, che mi sono&#8230;<\/p>\n<div class=\"more-link-wrapper\"><a class=\"more-link\" href=\"http:\/\/www.luigiaccattoli.it\/blog\/cerco-fatti-di-vangelo\/14-dalla-droga-dall%e2%80%99aids-dalla-strada-e-da-ogni-male\/pietro-cavallero-il-buon-ladrone-di-fine-millennio\/\">Read More<span class=\"screen-reader-text\">Pietro Cavallero: il buon ladrone di fine Millennio<\/span><\/a><\/div>\n","protected":false},"author":1,"featured_media":0,"parent":2126,"menu_order":0,"comment_status":"open","ping_status":"closed","template":"","meta":{"_monsterinsights_skip_tracking":false,"_monsterinsights_sitenote_active":false,"_monsterinsights_sitenote_note":"","_monsterinsights_sitenote_category":0,"footnotes":""},"class_list":["post-2457","page","type-page","status-publish","hentry","excerpt"],"_links":{"self":[{"href":"http:\/\/www.luigiaccattoli.it\/blog\/wp-json\/wp\/v2\/pages\/2457","targetHints":{"allow":["GET"]}}],"collection":[{"href":"http:\/\/www.luigiaccattoli.it\/blog\/wp-json\/wp\/v2\/pages"}],"about":[{"href":"http:\/\/www.luigiaccattoli.it\/blog\/wp-json\/wp\/v2\/types\/page"}],"author":[{"embeddable":true,"href":"http:\/\/www.luigiaccattoli.it\/blog\/wp-json\/wp\/v2\/users\/1"}],"replies":[{"embeddable":true,"href":"http:\/\/www.luigiaccattoli.it\/blog\/wp-json\/wp\/v2\/comments?post=2457"}],"version-history":[{"count":4,"href":"http:\/\/www.luigiaccattoli.it\/blog\/wp-json\/wp\/v2\/pages\/2457\/revisions"}],"predecessor-version":[{"id":4322,"href":"http:\/\/www.luigiaccattoli.it\/blog\/wp-json\/wp\/v2\/pages\/2457\/revisions\/4322"}],"up":[{"embeddable":true,"href":"http:\/\/www.luigiaccattoli.it\/blog\/wp-json\/wp\/v2\/pages\/2126"}],"wp:attachment":[{"href":"http:\/\/www.luigiaccattoli.it\/blog\/wp-json\/wp\/v2\/media?parent=2457"}],"curies":[{"name":"wp","href":"https:\/\/api.w.org\/{rel}","templated":true}]}}