{"id":25392,"date":"2020-10-24T19:29:59","date_gmt":"2020-10-24T17:29:59","guid":{"rendered":"http:\/\/www.luigiaccattoli.it\/blog\/?page_id=25392"},"modified":"2020-10-28T12:42:43","modified_gmt":"2020-10-28T11:42:43","slug":"25392-2","status":"publish","type":"page","link":"http:\/\/www.luigiaccattoli.it\/blog\/cerco-fatti-di-vangelo\/8-celebrazione-ecclesiale-della-propria-morte\/25392-2\/","title":{"rendered":"Eugenio Corecco \u00abIl sacramento pi\u00f9 caro dopo l\u2019Eucarestia\u00bb"},"content":{"rendered":"<p>&nbsp;<br \/>\n<span style=\"font-weight: 400;\">Il vescovo Eugenio riceve l\u2019unzione degli infermi il 25 agosto 1994 a Lourdes, insieme agli altri malati di un pellegrinaggio della sua diocesi e in quella celebrazione tiene un\u2019omelia sull\u2019accompagnamento ecclesiale delle persone \u201cvicine a morire\u201d.<\/span><\/p>\n<p>&nbsp;<br \/>\n<i><span style=\"font-weight: 400;\">C\u2019\u00e8 anche un sacramento quindi che non solo accompagna l\u2019avvenire delle singole persone, ma che accompagna anche le persone provate dalla sofferenza e magari vicine alla morte (&#8230;). \u00c8 difficile dire qual \u00e8 il sacramento, dopo l\u2019Eucarestia, che dovremmo avere pi\u00f9 caro, ma questo tocca le corde pi\u00f9 profonde della nostra umanit\u00e0, dell\u2019uomo, che vive bene quando \u00e8 sano, ma che vive nell\u2019angoscia quando \u00e8 ammalato e intravede che potrebbe anche essere vicina la sua morte (&#8230;). Questo sacramento esprime la carit\u00e0 della Chiesa, la vostra carit\u00e0 nei confronti di tutte le persone malate (&#8230;).\u00a0<\/span><\/i><\/p>\n<p><i><span style=\"font-weight: 400;\">Noi ora abbiamo domandato perdono a Dio davanti a tutti, perch\u00e9 ci siamo riconosciuti peccatori, abbiamo recitato il \u201cconfiteor\u201d e stiamo pregando insieme. Vi rendete conto di quanto sia grande la consolazione della persona, sentendo che gli altri pregano per la sua salvezza, del corpo e dell\u2019anima. Personalmente sto facendo largamente questa esperienza.\u00a0<\/span><\/i><\/p>\n<p><i><span style=\"font-weight: 400;\">Mi auguro che ciascun ammalato, che abbiamo qui tra noi, possa vivere la stessa esperienza. Possa sentire che tutta la comunit\u00e0 diocesana prega per lui, per la sua salvezza, che pu\u00f2 essere data anche attraverso la consolazione, attraverso la pace del cuore di fronte al pensiero della morte, con l\u2019accettazione del fatto di dover morire. \u00c8 la cosa pi\u00f9 grande che dovremmo riuscire a fare nella vita, perch\u00e9 la morte ne \u00e8 il momento pi\u00f9 importante (&#8230;)\u00a0<\/span><\/i><\/p>\n<p><i><span style=\"font-weight: 400;\">Dovete diffondere il significato di questo sacramento tra i cristiani (&#8230;). Dobbiamo recuperarlo fino in fondo nelle nostre comunit\u00e0 e partecipare alle unzioni degli infermi amministrate in parrocchia (&#8230;).\u00a0<\/span><\/i><\/p>\n<p><i><span style=\"font-weight: 400;\">Desidero ringraziarvi tutti per l\u2019incessante preghiera che fate per la mia salute: mi sento molto privilegiato. Ma vi raccomando di non dimenticare tutti gli ammalati che abbiamo qui in mezzo a noi<\/span><\/i><span style=\"font-weight: 400;\">.\u00a0<\/span><\/p>\n<p>&nbsp;<br \/>\n<span style=\"font-weight: 400;\">Colpito da un tumore alle ossa, il vescovo di Lugano Eugenio Corecco (Airolo 3 ottobre 1931 &#8211; Lugano 1 marzo 1995) informa della malattia &#8211; fin dall\u2019inizio, nel 1992 \u2013 la comunit\u00e0 diocesana. Ripete quel gesto a quindici giorni dalla morte, invitando ad accompagnarlo nella preghiera, consapevole di \u201cavviarsi verso quella che umanamente sembra essere la fine della mia vita terrena\u201d.<\/span><br \/>\n<span style=\"font-weight: 400;\">Corecco apparteneva alla Svizzera di lingua italiana: l\u2019abbiamo inserito in questa antologia sui cristiani d\u2019Italia (unica presenza d\u2019altra nazionalit\u00e0) per la risonanza che la sua figura ha sempre avuto nel nostro paese e per l\u2019evidente legame della sua testimonianza con quelle dei nostri vescovi Franceschi, Agresti, Bello.<\/span><br \/>\n&nbsp;<\/p>\n<p><b>Eugenio Corecco l\u2019ho conosciuto e frequentato. Mi ha chiamato a Lugano per una conferenza e sono stato ospite a casa sua. Ricordo il tavolo della colazione ornato con petali di rosa che piacque a un mio figlio bambino che mi accompagnava. Mi aveva scritto ripetutamente in momenti per me difficili. La confessione che ha dato con la sua morte \u00e8 pi\u00f9 importante &#8211; io credo &#8211; di tutta la sua opera di canonista e di vescovo. Per un profilo della sua figura di canonista e di vescovo, vedi \u201cIl Regno\u201d 6\/1995, p.141s. Per le notizie sulla malattia e la morte, vedi \u201cAvvenire\u201d del 2 marzo 1995, p.15. Il testo dell\u2019omelia di Lourdes mi \u00e8 stato fornito, in un foglio fotocopiato, da Moreno Bernasconi del \u201cGiornale del popolo\u201d di Lugano.\u00a0<\/b><br \/>\n&nbsp;<\/p>\n<p><b>[dal volume di Luigi Accattoli, \u201cCerco fatti di Vangelo. Inchiesta di fine millennio sui cristiani d\u2019Italia\u201d, SEI 1995, pp. 193 e 296s]<\/b><\/p>\n","protected":false},"excerpt":{"rendered":"<p>&nbsp; Il vescovo Eugenio riceve l\u2019unzione degli infermi il 25 agosto 1994 a Lourdes, insieme agli altri malati di un pellegrinaggio della sua diocesi e in quella celebrazione tiene un\u2019omelia&#8230;<\/p>\n<div class=\"more-link-wrapper\"><a class=\"more-link\" href=\"http:\/\/www.luigiaccattoli.it\/blog\/cerco-fatti-di-vangelo\/8-celebrazione-ecclesiale-della-propria-morte\/25392-2\/\">Read More<span class=\"screen-reader-text\">Eugenio Corecco \u00abIl sacramento pi\u00f9 caro dopo l\u2019Eucarestia\u00bb<\/span><\/a><\/div>\n","protected":false},"author":1,"featured_media":0,"parent":2106,"menu_order":0,"comment_status":"closed","ping_status":"closed","template":"","meta":{"_monsterinsights_skip_tracking":false,"_monsterinsights_sitenote_active":false,"_monsterinsights_sitenote_note":"","_monsterinsights_sitenote_category":0,"footnotes":""},"class_list":["post-25392","page","type-page","status-publish","hentry","excerpt"],"_links":{"self":[{"href":"http:\/\/www.luigiaccattoli.it\/blog\/wp-json\/wp\/v2\/pages\/25392","targetHints":{"allow":["GET"]}}],"collection":[{"href":"http:\/\/www.luigiaccattoli.it\/blog\/wp-json\/wp\/v2\/pages"}],"about":[{"href":"http:\/\/www.luigiaccattoli.it\/blog\/wp-json\/wp\/v2\/types\/page"}],"author":[{"embeddable":true,"href":"http:\/\/www.luigiaccattoli.it\/blog\/wp-json\/wp\/v2\/users\/1"}],"replies":[{"embeddable":true,"href":"http:\/\/www.luigiaccattoli.it\/blog\/wp-json\/wp\/v2\/comments?post=25392"}],"version-history":[{"count":4,"href":"http:\/\/www.luigiaccattoli.it\/blog\/wp-json\/wp\/v2\/pages\/25392\/revisions"}],"predecessor-version":[{"id":25407,"href":"http:\/\/www.luigiaccattoli.it\/blog\/wp-json\/wp\/v2\/pages\/25392\/revisions\/25407"}],"up":[{"embeddable":true,"href":"http:\/\/www.luigiaccattoli.it\/blog\/wp-json\/wp\/v2\/pages\/2106"}],"wp:attachment":[{"href":"http:\/\/www.luigiaccattoli.it\/blog\/wp-json\/wp\/v2\/media?parent=25392"}],"curies":[{"name":"wp","href":"https:\/\/api.w.org\/{rel}","templated":true}]}}