{"id":2564,"date":"2009-11-07T09:18:01","date_gmt":"2009-11-07T08:18:01","guid":{"rendered":"http:\/\/www.luigiaccattoli.it\/blog\/?page_id=2564"},"modified":"2009-11-07T09:18:01","modified_gmt":"2009-11-07T08:18:01","slug":"nicoletta-dell%e2%80%99eroina-%c2%abnon-sapendo-piu-pregare-ho-pianto%c2%bb","status":"publish","type":"page","link":"http:\/\/www.luigiaccattoli.it\/blog\/cerco-fatti-di-vangelo\/14-dalla-droga-dall%e2%80%99aids-dalla-strada-e-da-ogni-male\/nicoletta-dell%e2%80%99eroina-%c2%abnon-sapendo-piu-pregare-ho-pianto%c2%bb\/","title":{"rendered":"Nicoletta dell\u2019eroina: \u00abNon sapendo pi\u00f9 pregare ho pianto\u00bb"},"content":{"rendered":"<p><em>Mi sono messa con un ragazzo pi\u00f9 giovane di me, solo al mondo, tossicodipendente dall\u2019et\u00e0 di 14 anni. A modo suo si \u00e8 innamorato di me, ma non \u00e8 riuscito a mettermi in guardia verso le cose cui andavo incontro, o forse io non volevo essere avvisata. Ed \u00e8 stato cos\u00ec che, con la scusa di tirare fuori lui, mi sono immersa io negli abissi di un inferno dal quale mi sembra impossibile uscire.<\/em><br \/>\n<em>In due anni ho venduto tutto il mio oro, rubato soldi a mio padre e mia madre. Unica cosa buona \u00e8 che ho convinto il mio ragazzo a entrare in una comunit\u00e0 terapeutica, ma per ottenere questo ho dovuto fare in modo che mi disprezzasse, perch\u00e9 gli ero rimasta solo io, ero il suo unico appiglio alla vita. Dalle poche notizie che mi passa il parroco, che l\u2019ha aiutato a entrare in comunit\u00e0, so che sta bene e non vuole sapere pi\u00f9 nulla della sua vita precedente, me compresa. Ho dovuto barattare il suo amore per me con la sua salvezza. <\/em><br \/>\n<em>Le volte che ho provato a smettere e sono andata via, lontano per qualche tempo dal mio paese, una volta dai miei zii, un\u2019altra da sola in un albergo, camminando senza meta mi sono ritrovata spesso in chiesa, ma non sapendo pi\u00f9 pregare ho pianto, con la speranza che almeno una delle mie lacrime, invece di scendere gi\u00f9, sia salita in cielo da Ges\u00f9 per chiedergli almeno, se non pu\u00f2 fare niente per me, di aiutare mia sorella, cos\u00ec da rendere un po\u2019 di serenit\u00e0 ai miei.<\/em><br \/>\n<em>Ma lei \u00e8 ancora pi\u00f9 bambina di me, \u00e8 legata a un ragazzo tossicodipendente anche lui. Non c\u2019\u00e8 quasi pi\u00f9 nessuno ormai disposto a credere in me, anche se io mi sono armata di tutta la mia buona volont\u00e0, sperando che basti. E come ho gi\u00e0 detto, pure senza fede, spesso sulle mie labbra compare il nome di Dio, a cui chiedo aiuto come se fosse l\u2019unica luce in questa oscurit\u00e0 che mi circonda.<\/em><br \/>\nNicoletta ha 26 anni quando scrive questa lettera a \u201cFamiglia cristiana\u201d, nel dicembre del 1988. Ho riportato la parte centrale. La lettera \u00e8 indirizzata alla rubrica \u201cColloqui col padre\u201d e termina cos\u00ec: <em>Se avr\u00e0 la voglia e la possibilit\u00e0 di rispondermi mi regaler\u00e0 un po\u2019 di gioia e sono certa anche di speranza, altrimenti non fa niente, \u00e8 gi\u00e0 tanto che io mi sia potuta sfogare<\/em>.<br \/>\nAl settimanale arriv\u00f2 una valanga di lettere, di drogati e sani, di genitori e figli: chi voleva adottare Nicoletta, chi l\u2019ammirava e chi la rimproverava, tutti volevano amarla come potevano. E tanti pregavano con lei: un carteggio che documenta come possa farsi pubblica la preghiera nell\u2019Italia di oggi, ogni volta che qualcuno osa pronunciare in pubblico il nome del Signore. Novanta di quelle lettere sono state pubblicate in un volume a cura di Beppe Del Colle, <em>Nicoletta. Una storia di droga e di amore <\/em>(Edizioni Paoline, Milano 1990, pp. 227). E dalla \u201cpost-fazione\u201d di quel volume abbiamo saputo che Nicoletta nel 1990 era entrata in una comunit\u00e0 terapeutica, come tanti le avevano consigliato per lettera.<br \/>\nIl volume ha in appendice l\u2019elenco completo, per regioni, delle comunit\u00e0 terapeutiche e dei centri di assistenza pubblici, operanti in Italia a quella data, con indirizzo e telefono.<\/p>\n<p><strong>[da <em>Cerco fatti di Vangelo<\/em>, Sei 1995, pp. 236s, 302]<\/strong><\/p>\n","protected":false},"excerpt":{"rendered":"<p>Mi sono messa con un ragazzo pi\u00f9 giovane di me, solo al mondo, tossicodipendente dall\u2019et\u00e0 di 14 anni. A modo suo si \u00e8 innamorato di me, ma non \u00e8 riuscito&#8230;<\/p>\n<div class=\"more-link-wrapper\"><a class=\"more-link\" href=\"http:\/\/www.luigiaccattoli.it\/blog\/cerco-fatti-di-vangelo\/14-dalla-droga-dall%e2%80%99aids-dalla-strada-e-da-ogni-male\/nicoletta-dell%e2%80%99eroina-%c2%abnon-sapendo-piu-pregare-ho-pianto%c2%bb\/\">Read More<span class=\"screen-reader-text\">Nicoletta dell\u2019eroina: \u00abNon sapendo pi\u00f9 pregare ho pianto\u00bb<\/span><\/a><\/div>\n","protected":false},"author":1,"featured_media":0,"parent":2126,"menu_order":0,"comment_status":"open","ping_status":"closed","template":"","meta":{"_monsterinsights_skip_tracking":false,"_monsterinsights_sitenote_active":false,"_monsterinsights_sitenote_note":"","_monsterinsights_sitenote_category":0,"footnotes":""},"class_list":["post-2564","page","type-page","status-publish","hentry","excerpt"],"_links":{"self":[{"href":"http:\/\/www.luigiaccattoli.it\/blog\/wp-json\/wp\/v2\/pages\/2564","targetHints":{"allow":["GET"]}}],"collection":[{"href":"http:\/\/www.luigiaccattoli.it\/blog\/wp-json\/wp\/v2\/pages"}],"about":[{"href":"http:\/\/www.luigiaccattoli.it\/blog\/wp-json\/wp\/v2\/types\/page"}],"author":[{"embeddable":true,"href":"http:\/\/www.luigiaccattoli.it\/blog\/wp-json\/wp\/v2\/users\/1"}],"replies":[{"embeddable":true,"href":"http:\/\/www.luigiaccattoli.it\/blog\/wp-json\/wp\/v2\/comments?post=2564"}],"version-history":[{"count":1,"href":"http:\/\/www.luigiaccattoli.it\/blog\/wp-json\/wp\/v2\/pages\/2564\/revisions"}],"predecessor-version":[{"id":2565,"href":"http:\/\/www.luigiaccattoli.it\/blog\/wp-json\/wp\/v2\/pages\/2564\/revisions\/2565"}],"up":[{"embeddable":true,"href":"http:\/\/www.luigiaccattoli.it\/blog\/wp-json\/wp\/v2\/pages\/2126"}],"wp:attachment":[{"href":"http:\/\/www.luigiaccattoli.it\/blog\/wp-json\/wp\/v2\/media?parent=2564"}],"curies":[{"name":"wp","href":"https:\/\/api.w.org\/{rel}","templated":true}]}}