{"id":25673,"date":"2020-12-08T10:50:51","date_gmt":"2020-12-08T09:50:51","guid":{"rendered":"http:\/\/www.luigiaccattoli.it\/blog\/?page_id=25673"},"modified":"2020-12-08T11:20:03","modified_gmt":"2020-12-08T10:20:03","slug":"premessa-6","status":"publish","type":"page","link":"http:\/\/www.luigiaccattoli.it\/blog\/antologia-delle-pubblicazioni-2\/premessa-6\/","title":{"rendered":"Premessa"},"content":{"rendered":"<p><strong>Un politico e teologo difensore degli omosessuali <\/strong><\/p>\n<p>Questo libro tratta di Gianni Baget Bozzo difensore degli omosessuali e raccoglie i testi di quella difesa. Politico e prete, collaboratore nei decenni del cardinale Siri, del quotidiano \u00abLa Repubblica\u00bb, di Bettino Craxi e di Silvio Berlusconi, da ognuna di queste posizioni rivendic\u00f2 con tenacia, per oltre un trentennio, i diritti di chi vive nella condizione omosessuale.<\/p>\n<p>Lo fece costruttivamente affermando la necessit\u00e0 che venisse sviluppata una \u201cteologia dell\u2019omosessualit\u00e0\u201d (1976); invitando ad affrontare la \u201cnuova problematica\u201d che si pone alla Chiesa con il riconoscimento dell\u2019esistenza di omosessuali che lo sono per nascita e non per scelta (1978); provando a rispondere all\u2019omosessuale che chiede se debba considerare se stesso \u201cuno sbaglio di Dio\u201d (1978); incoraggiando gli omosessuali a \u201cporsi come credenti a pieno status\u201d (1984).<\/p>\n<p>In seguito condusse la sua difesa anche polemicamente: accusando il cardinale Joseph Ratzinger di chiedere una \u201clegislazione repressiva della pratica omosessuale\u201d (1986); ammonendo che \u201cse la Chiesa non va verso l\u2019omosessualit\u00e0, questa pu\u00f2 andare verso la Chiesa\u201d (1990); segnalando il paradosso della condizione cristiana degli omosessuali \u00abcostretti alla castit\u00e0\u00bb (1991); rivendicando la \u201clegittimit\u00e0\u201d dei movimenti cattolici che chiedono \u00abil riconoscimento legale della condizione omosessuale\u00bb (1992); sostenendo il diritto dell\u2019omosessuale a \u00abmanifestare la sua condizione senza ricevere sanzioni o limitazioni\u00bb (18 marzo 2000).<\/p>\n<p>Difese infine gli omosessuali cercando di mediare tra le loro rivendicazioni e l\u2019opinione pubblica moderata: argomentando che la Chiesa pu\u00f2 riconoscere il valore di un \u00abrapporto omosessuale casto\u00bb (7 giugno 2000); incoraggiando ad ammettere che \u00abl\u2019omosessualit\u00e0 possa essere un fatto cristiano\u00bb (10 giugno 2000); indicando alla Chiesa l\u2019urgenza di \u00abimboccare una strada nuova anche perch\u00e9 il diritto civile all\u2019identit\u00e0 sessuale esiste e non si pu\u00f2 negare\u00bb (4 luglio 2000).<\/p>\n<p>Un impegno il suo con forte esposizione personale che lo costrinse a smentire d\u2019essere omosessuale (2004) ma non gli imped\u00ec di richiamare la comunit\u00e0 cattolica alla necessit\u00e0 di evitare che l\u2019omosessualit\u00e0 diventi \u00abquasi un fatto etnico\u00bb mentre nella Chiesa non vi \u00e8 \u00abn\u00e8 uomo n\u00e8 donna\u00bb (2005); di ipotizzare che \u00abl\u2019evoluzione della Chiesa pu\u00f2 continuare\u00bb (2007), di ribadire la propria convinzione sulla pari possibilit\u00e0 di vivere casto per \u00abun sacerdote gay e uno etero\u00bb (2008).<\/p>\n<p>Le affermazioni che ho qui richiamato sono al centro dei testi che riporto nei sedici capitoli. Nel loro insieme essi attestano che nessuno in Italia, nel campo moderato, fece pi\u00f9 di lui in difesa degli omosessuali tra il 1976 e il 2008. L\u2019attualit\u00e0 di questi testi \u00e8 nella ricerca di un nuovo linguaggio. Un\u2019attualit\u00e0 confermata \u2013 in campo cattolico \u2013 dalla predicazione di Papa Francesco che parla degli omosessuali con parole simili a quelle azzardate e testate a suo tempo dal nostro don Gianni.<\/p>\n","protected":false},"excerpt":{"rendered":"<p>Un politico e teologo difensore degli omosessuali Questo libro tratta di Gianni Baget Bozzo difensore degli omosessuali e raccoglie i testi di quella difesa. Politico e prete, collaboratore nei decenni&#8230;<\/p>\n<div class=\"more-link-wrapper\"><a class=\"more-link\" href=\"http:\/\/www.luigiaccattoli.it\/blog\/antologia-delle-pubblicazioni-2\/premessa-6\/\">Read More<span class=\"screen-reader-text\">Premessa<\/span><\/a><\/div>\n","protected":false},"author":1,"featured_media":0,"parent":56,"menu_order":0,"comment_status":"closed","ping_status":"closed","template":"","meta":{"_monsterinsights_skip_tracking":false,"_monsterinsights_sitenote_active":false,"_monsterinsights_sitenote_note":"","_monsterinsights_sitenote_category":0,"footnotes":""},"class_list":["post-25673","page","type-page","status-publish","hentry","excerpt"],"_links":{"self":[{"href":"http:\/\/www.luigiaccattoli.it\/blog\/wp-json\/wp\/v2\/pages\/25673","targetHints":{"allow":["GET"]}}],"collection":[{"href":"http:\/\/www.luigiaccattoli.it\/blog\/wp-json\/wp\/v2\/pages"}],"about":[{"href":"http:\/\/www.luigiaccattoli.it\/blog\/wp-json\/wp\/v2\/types\/page"}],"author":[{"embeddable":true,"href":"http:\/\/www.luigiaccattoli.it\/blog\/wp-json\/wp\/v2\/users\/1"}],"replies":[{"embeddable":true,"href":"http:\/\/www.luigiaccattoli.it\/blog\/wp-json\/wp\/v2\/comments?post=25673"}],"version-history":[{"count":4,"href":"http:\/\/www.luigiaccattoli.it\/blog\/wp-json\/wp\/v2\/pages\/25673\/revisions"}],"predecessor-version":[{"id":25686,"href":"http:\/\/www.luigiaccattoli.it\/blog\/wp-json\/wp\/v2\/pages\/25673\/revisions\/25686"}],"up":[{"embeddable":true,"href":"http:\/\/www.luigiaccattoli.it\/blog\/wp-json\/wp\/v2\/pages\/56"}],"wp:attachment":[{"href":"http:\/\/www.luigiaccattoli.it\/blog\/wp-json\/wp\/v2\/media?parent=25673"}],"curies":[{"name":"wp","href":"https:\/\/api.w.org\/{rel}","templated":true}]}}