{"id":25676,"date":"2020-12-08T10:59:41","date_gmt":"2020-12-08T09:59:41","guid":{"rendered":"http:\/\/www.luigiaccattoli.it\/blog\/?page_id=25676"},"modified":"2020-12-08T11:03:26","modified_gmt":"2020-12-08T10:03:26","slug":"indice-8","status":"publish","type":"page","link":"http:\/\/www.luigiaccattoli.it\/blog\/antologia-delle-pubblicazioni-2\/indice-8\/","title":{"rendered":"Indice"},"content":{"rendered":"<p>Premessa: Un politico e teologo difensore degli omosessuali 11 <\/p>\n<p>Introduzione: Sedici testi di sorprendente attualit\u00e0 13 <\/p>\n<p>Capitolo 1: <strong>Per una teologia dell\u2019omosessualit\u00e0<\/strong> 27<br \/>\nArticolo di \u00abTestimonianze\u00bb nel quaderno 10-11\/1976 intitolato Il mistero del sesso <\/p>\n<p>Capitolo 2: <strong>Esiste un\u2019omosessualit\u00e0 non colpevole<\/strong> 37<br \/>\nCapitolo del volume La Chiesa e la cultura radicale (1978) intitolato La condizione omosessuale <\/p>\n<p>Capitolo 3: <strong>Quale sia l\u2019intentio divina sull\u2019omosessuale<\/strong> 47<br \/>\nArticolo de \u00abIl Giorno\u00bb del 4 marzo 1978 intitolato Uno sbaglio di Dio? <\/p>\n<p>Capitolo 4: <strong>L\u2019amore carnale come via all\u2019amore di Dio<\/strong> 51<br \/>\nConferenza tenuta a Genova il 27 febbraio 1984 con il titolo Fede e omosessualit\u00e0 <\/p>\n<p>Capitolo 5: <strong>Dal cardinale Ratzinger un documento inaccettabile<\/strong> 63<br \/>\nArticolo de \u00abla Repubblica\u00bb del 1\u00b0 novembre 1986 intitolato E Wojtyla riscopre Sodoma <\/p>\n<p>Capitolo 6: <strong>Se l\u2019inclinazione omosessuale \u00e8 secondo natura<\/strong> 71<br \/>\nArticolo de \u00abL\u2019Espresso\u00bb del 5 agosto 1990 intitolato Omosessuale sacerdote ideale <\/p>\n<p>Capitolo 7: <strong>Gay credenti vergini per precetto<\/strong> 77<br \/>\nDichiarazione per un\u2019inchiesta su omosessualit\u00e0 e biologia pubblicata da \u00abPanorama\u00bb del 15 settembre 1991 <\/p>\n<p>Capitolo 8: <strong>Il consiglio di un partner stabile<\/strong> 81<br \/>\nArticolo di \u00abPanorama\u00bb del 9 agosto 1992 intitolato Diritti dell\u2019Omo <\/p>\n<p>Capitolo 9: <strong>Dare forma giuridica alla convivenza gay<\/strong> 85<br \/>\nArticolo de \u00abIl Giornale\u00bb del 18 marzo 2000 intitolato Una via di mezzo tra persecuzione e beatificazione <\/p>\n<p>Capitolo 10: <strong>Il Gay Pride cerchi il consenso della maggioranza<\/strong> 89<br \/>\nLettera a \u00abIl Foglio\u00bb del 7 giugno 2000 intitolata Omoerotismo casto di don Gianni <\/p>\n<p>Capitolo 11: <strong>L\u2019omosessualit\u00e0 pu\u00f2 essere un fatto cristiano<\/strong> 93<br \/>\nIntervista a \u00abIl Foglio\u00bb del 10 giugno 2000 intitolata Un prete libero, che vive l\u2019amicizia in maniera molto forte <\/p>\n<p>Capitolo 12: <strong>Sbaglia il Vaticano ma sbagliano anche i Gay<\/strong> 101<br \/>\nIntervista al \u00abCorriere della Sera\u00bb del 4 luglio 2000 intitolata La Chiesa sugli omosessuali deve aprire gli occhi <\/p>\n<p>Capitolo 13: <strong>Io don Gianni non sono omosessuale<\/strong> 105<br \/>\nIntervista a \u00abSette\u00bb dell\u201911 marzo 2004 intitolata C\u2019\u00e8 una voce che mi guida da Dossetti a Berlusconi <\/p>\n<p>Capitolo 14: <strong>Nella Chiesa non vi \u00e8 n\u00e8 uomo n\u00e8 donna<\/strong> 107<br \/>\nArticolo de \u00abil Giornale\u00bb del 3 dicembre 2005 intitolato Preti omosessuali: cos\u00ec la Chiesa difende il sacerdozio <\/p>\n<p>Capitolo 15: <strong>L\u2019evoluzione della Chiesa pu\u00f2 continuare<\/strong> 111<br \/>\nArticolo de \u00abil Giornale\u00bb del 1\u00b0 maggio 2007 intitolato I gay, arma della Ue contro la Chiesa <\/p>\n<p>Capitolo 16: <strong>I gay possono avere relazioni normali con il prossimo<\/strong> 115<br \/>\nIntervista a \u00abLa Stampa\u00bb del 1\u00b0 novembre 2008 intitolata I seminaristi gay vengono trattati da subumani <\/p>\n<p>Appendice 1: Cambia idea su tutto ma non sugli omosessuali 119<\/p>\n<p>Appendice 2: Questa sua battaglia tra le tante altre \u2013 scheda biografica 129<\/p>\n<p>Indice dei nomi di persona e delle testate giornalistiche 135 <\/p>\n","protected":false},"excerpt":{"rendered":"<p>Premessa: Un politico e teologo difensore degli omosessuali 11 Introduzione: Sedici testi di sorprendente attualit\u00e0 13 Capitolo 1: Per una teologia dell\u2019omosessualit\u00e0 27 Articolo di \u00abTestimonianze\u00bb nel quaderno 10-11\/1976 intitolato&#8230;<\/p>\n<div class=\"more-link-wrapper\"><a class=\"more-link\" href=\"http:\/\/www.luigiaccattoli.it\/blog\/antologia-delle-pubblicazioni-2\/indice-8\/\">Read More<span class=\"screen-reader-text\">Indice<\/span><\/a><\/div>\n","protected":false},"author":1,"featured_media":0,"parent":56,"menu_order":0,"comment_status":"closed","ping_status":"closed","template":"","meta":{"_monsterinsights_skip_tracking":false,"_monsterinsights_sitenote_active":false,"_monsterinsights_sitenote_note":"","_monsterinsights_sitenote_category":0,"footnotes":""},"class_list":["post-25676","page","type-page","status-publish","hentry","excerpt"],"_links":{"self":[{"href":"http:\/\/www.luigiaccattoli.it\/blog\/wp-json\/wp\/v2\/pages\/25676","targetHints":{"allow":["GET"]}}],"collection":[{"href":"http:\/\/www.luigiaccattoli.it\/blog\/wp-json\/wp\/v2\/pages"}],"about":[{"href":"http:\/\/www.luigiaccattoli.it\/blog\/wp-json\/wp\/v2\/types\/page"}],"author":[{"embeddable":true,"href":"http:\/\/www.luigiaccattoli.it\/blog\/wp-json\/wp\/v2\/users\/1"}],"replies":[{"embeddable":true,"href":"http:\/\/www.luigiaccattoli.it\/blog\/wp-json\/wp\/v2\/comments?post=25676"}],"version-history":[{"count":3,"href":"http:\/\/www.luigiaccattoli.it\/blog\/wp-json\/wp\/v2\/pages\/25676\/revisions"}],"predecessor-version":[{"id":25679,"href":"http:\/\/www.luigiaccattoli.it\/blog\/wp-json\/wp\/v2\/pages\/25676\/revisions\/25679"}],"up":[{"embeddable":true,"href":"http:\/\/www.luigiaccattoli.it\/blog\/wp-json\/wp\/v2\/pages\/56"}],"wp:attachment":[{"href":"http:\/\/www.luigiaccattoli.it\/blog\/wp-json\/wp\/v2\/media?parent=25676"}],"curies":[{"name":"wp","href":"https:\/\/api.w.org\/{rel}","templated":true}]}}