{"id":2637,"date":"2009-11-16T21:43:04","date_gmt":"2009-11-16T20:43:04","guid":{"rendered":"http:\/\/www.luigiaccattoli.it\/blog\/?page_id=2637"},"modified":"2009-11-16T21:43:38","modified_gmt":"2009-11-16T20:43:38","slug":"rita-sivelli-%e2%80%9ca-voi-che-mi-avete-fatto-compagnia%e2%80%9d","status":"publish","type":"page","link":"http:\/\/www.luigiaccattoli.it\/blog\/cerco-fatti-di-vangelo\/8-celebrazione-ecclesiale-della-propria-morte\/rita-sivelli-%e2%80%9ca-voi-che-mi-avete-fatto-compagnia%e2%80%9d\/","title":{"rendered":"Rita Sivelli: \u201cA voi che mi avete fatto compagnia\u201d"},"content":{"rendered":"<p>Rita Sivelli, sposa e mamma di due bambine, muore di tumore a 35 anni il 16 aprile 1994 a Parma, poco dopo aver attestato la sua fede nella vita eterna con un biglietto di auguri pasquali agli amici che gli avevano \u201cfatto compagnia\u201d negli anni della malattia ed erano giunti \u201cinsieme\u201d con lei \u201call\u2019alba della Risurrezione\u201d. Questo \u00e8 il testo del biglietto:<\/p>\n<p><strong><em>PASQUA 1994<\/em><\/strong><\/p>\n<p><em>A tutti voi che mi avete fatto<\/em><br \/>\n<em>compagnia,<\/em><br \/>\n<em>che mi avete accudito,<\/em><br \/>\n<em>che avete condiviso le mie lacrime,<\/em><br \/>\n<em>che vi siete presi cura<\/em><br \/>\n<em>delle mie bambine,<\/em><br \/>\n<em>dico un sincero grazie,<\/em><br \/>\n<em>e credo che tutti questi gesti<\/em><br \/>\n<em>abbiano arricchito<\/em><br \/>\n<em>la mia e la vostra Quaresima<\/em><br \/>\n<em>ed insieme siamo giunti<\/em><br \/>\n<em>all&#8217;alba della Risurrezione.<\/em><br \/>\n<em>Sono certa che questo amore donato<\/em><br \/>\n<em>\u00e8 stato accolto dal Signore<\/em><br \/>\n<em>e lo ha trasformato in benedizione<\/em><br \/>\n<em>per voi e per le vostre famiglie.<\/em><br \/>\n<em>In ciascuno di voi<\/em><br \/>\n<em>e nella vostra disponibilit\u00e0<\/em><br \/>\n<em>ho veramente incontrato<\/em><br \/>\n<em>il Signore che mi vuol bene.<\/em><\/p>\n<p><em>Rita Sivelli<\/em><\/p>\n<p>Rita \u00e8 stata responsabile dell\u2019Azione Cattolica Ragazzi nella diocesi di Parma e poi vicepresidente nella stessa associazione. Per il Natale del 1992 il settimanale diocesano <em>Vita Nuova<\/em> le aveva chiesto di narrare la sua reazione alla malattia e lei aveva scritto questo testo:<br \/>\n<em>Quando quindici mesi fa nacque la mia seconda bambina, provai una gioia immensa, nuova, moltiplicata, rispetto a quando era nata la prima. Ogni vita che vede la luce di questo mondo porta con s\u00e9 una gioia sempre maggiore. Intuivo che in quel momento mio marito e io stavamo vivendo il periodo pi\u00f9 bello della nostra vita: \u00abNon ci manca proprio nulla \u2013 dicevo a lui \u2013 abbiamo due bimbe meravigliose, siamo giovani, lavoriamo onestamente, abbiamo una casa&#8230;\u00bb.<\/em><br \/>\n<em>Poco dopo abbiamo saputo che ero ammalata di tumore. Poteva sembrare l&#8217;epilogo di quella che alcuni avrebbero chiamato \u00abuna giovane vita segnata da una triste sorte!\u00bb. Certamente la nostra visione, mia e di mio marito, non \u00e8 stata questa. E il Natale di Ges\u00f9 che stiamo preparando, nel nostro cuore, nel cuore della Chiesa e nel cuore del mondo, illumina una visione ben diversa di questa situazione pur carica di difficolt\u00e0 e di sofferenza. <\/em><br \/>\n<em>La speranza cristiana \u00e8 un dono che ci radica nel presente e nello stesso tempo ci proietta nel futuro; certamente io \u201cspero\u201d di guarire, ma ci\u00f2 che il Natale mi aiuta maggiormente a sperare \u00e8 di rileggere la mia vita come un\u2019esperienza di amore in tensione tra terra e cielo. La fragilit\u00e0 del mio corpo \u00e8 stata per me un segno, che mi ha destato di nuovo, come altre volte, in altri modi, nel mio cammino spirituale, alla m\u00e8ta verso cui tutti corriamo: essere con Lui, per Lui e verso di Lui. <\/em><br \/>\n<em>Come si traduce questo concretamente? Prima di tutto nel ringraziare il Signore sempre, anche ora che soffro, e poi nel dare a ogni giorno la sua \u201ccarica di eternit\u00e0\u201d. Sarebbe sciocco arrovellarmi con il pensiero di una morte pi\u00f9 o meno imminente. \u00c8 invece cristiano crescere nel desiderio di andare incontro al Signore ogni giorno, restando dove e come Lui mi vuole.<\/em><\/p>\n<p><strong>Il testo scritto da Rita Sivelli per il settimanale <em>Vita Nuova <\/em>\u2013 che lo pubblic\u00f2 nel numero di Natale del 1992 \u2013 e il biglietto di auguri inviato ad alcune persone amiche poche settimane prima di morire li ho presi dal mensile dell\u2019Azione Cattolica Italiana <em>Nuova responsabilit\u00e0<\/em>, luglio 1997, p. 14.<\/strong><\/p>\n<p><strong>(Novembre 2009)<\/strong><\/p>\n","protected":false},"excerpt":{"rendered":"<p>Rita Sivelli, sposa e mamma di due bambine, muore di tumore a 35 anni il 16 aprile 1994 a Parma, poco dopo aver attestato la sua fede nella vita eterna&#8230;<\/p>\n<div class=\"more-link-wrapper\"><a class=\"more-link\" href=\"http:\/\/www.luigiaccattoli.it\/blog\/cerco-fatti-di-vangelo\/8-celebrazione-ecclesiale-della-propria-morte\/rita-sivelli-%e2%80%9ca-voi-che-mi-avete-fatto-compagnia%e2%80%9d\/\">Read More<span class=\"screen-reader-text\">Rita Sivelli: \u201cA voi che mi avete fatto compagnia\u201d<\/span><\/a><\/div>\n","protected":false},"author":1,"featured_media":0,"parent":2106,"menu_order":0,"comment_status":"open","ping_status":"closed","template":"","meta":{"_monsterinsights_skip_tracking":false,"_monsterinsights_sitenote_active":false,"_monsterinsights_sitenote_note":"","_monsterinsights_sitenote_category":0,"footnotes":""},"class_list":["post-2637","page","type-page","status-publish","hentry","excerpt"],"_links":{"self":[{"href":"http:\/\/www.luigiaccattoli.it\/blog\/wp-json\/wp\/v2\/pages\/2637","targetHints":{"allow":["GET"]}}],"collection":[{"href":"http:\/\/www.luigiaccattoli.it\/blog\/wp-json\/wp\/v2\/pages"}],"about":[{"href":"http:\/\/www.luigiaccattoli.it\/blog\/wp-json\/wp\/v2\/types\/page"}],"author":[{"embeddable":true,"href":"http:\/\/www.luigiaccattoli.it\/blog\/wp-json\/wp\/v2\/users\/1"}],"replies":[{"embeddable":true,"href":"http:\/\/www.luigiaccattoli.it\/blog\/wp-json\/wp\/v2\/comments?post=2637"}],"version-history":[{"count":3,"href":"http:\/\/www.luigiaccattoli.it\/blog\/wp-json\/wp\/v2\/pages\/2637\/revisions"}],"predecessor-version":[{"id":2641,"href":"http:\/\/www.luigiaccattoli.it\/blog\/wp-json\/wp\/v2\/pages\/2637\/revisions\/2641"}],"up":[{"embeddable":true,"href":"http:\/\/www.luigiaccattoli.it\/blog\/wp-json\/wp\/v2\/pages\/2106"}],"wp:attachment":[{"href":"http:\/\/www.luigiaccattoli.it\/blog\/wp-json\/wp\/v2\/media?parent=2637"}],"curies":[{"name":"wp","href":"https:\/\/api.w.org\/{rel}","templated":true}]}}