{"id":2667,"date":"2009-11-20T10:39:45","date_gmt":"2009-11-20T09:39:45","guid":{"rendered":"http:\/\/www.luigiaccattoli.it\/blog\/?page_id=2667"},"modified":"2009-11-20T10:40:40","modified_gmt":"2009-11-20T09:40:40","slug":"alex-zanardi-%e2%80%9cho-perso-le-gambe-ma-mi-butto-in-acqua-e-chi-se-ne-frega%e2%80%9d","status":"publish","type":"page","link":"http:\/\/www.luigiaccattoli.it\/blog\/cerco-fatti-di-vangelo\/19-samaritani-centurioni-cananee\/alex-zanardi-%e2%80%9cho-perso-le-gambe-ma-mi-butto-in-acqua-e-chi-se-ne-frega%e2%80%9d\/","title":{"rendered":"Alex Zanardi: \u201cHo perso le gambe ma mi butto in acqua e chi se ne frega!\u201d"},"content":{"rendered":"<p>Alessandro \u201cAlex\u201d Zanardi \u00e8 un grande pilota ma \u00e8 anche un campione della fiducia nella vita: dopo un incidente durante una gara in Germania nel 2001, che gli provoc\u00f2 l\u2019amputazione delle gambe al di sopra del ginocchio, \u00e8 tornato a camminare, a gareggiare e a vincere. E\u2019 bolognese, nato nel 1966. E\u2019 stato presente in 41 Gran Premi di Formula 1, campione Champ Car nel 1997 e 1998, vincitore del Campionato Italiano Superturismo nel 2005: quest\u2019ultimo trofeo l\u2019ha conquistato quattro anni dopo l\u2019incidente. Oltre alla passione per l\u2019automobile, pratica quelle per lo sci, la barca, il nuoto, il kart e il quad: \u201c<em>Con il quad vado a far la spesa ma faccio anche il fuoristrada, vado a prendere mio figlio a scuola e poi assieme andiamo a guadare un torrente. Con il quad prendo l\u2019aria d\u2019estate e vado sulla neve d\u2019inverno<\/em>\u201d.<\/p>\n<p>Ecco come Alex parla di s\u00e9 e della sua contagiosa gioia di vivere in un testo intitolato BARCA, che si legge nel <a href=\"http:\/\/www.alex-zanardi.com\">sito<\/a>:<br \/>\n<em>La barca \u00e8 una mia grande passione. Intendiamoci, ammetto senza retorica che sarebbe una passione di molti, se non fosse per quanto costa. \u201cCome ingrassare un maiale a savoiardi!\u201d, diceva mio padre.<br \/>\nComunque, fortunatamente, oltre a tante soddisfazioni, la carriera mi ha dato anche gratificazioni economiche tali da potermi permettere un simile \u201cgiocattolo\u201d. Il mio \u201cSquadron 58\u201d, prodotto dalla Fairline, \u00e8 una barca fantastica, il giusto compromesso per chi come me vuole il massimo spazio a bordo, senza rinunciare alla libert\u00e0 di non dover dipendere da un equipaggio fisso.<br \/>\nSulla \u201cHakuna Matata\u201d (il nome della mia barca) viaggio infatti capitanando personalmente e dipendendo unicamente dagli amici per le operazioni di ormeggio.<br \/>\nA bordo ci sono quattro cabine pi\u00f9 una quinta predisposta in origine per i marinai, che \u00e8 spesso tornata buona per alloggiare \u201cintrusi\u201d dell&#8217;ultima ora. Normalmente partiamo in sei, che \u00e8 il numero perfetto, ma accampandoci come degli zingari, siamo riusciti a starci in undici!<br \/>\nComunque il mare vissuto in barca \u00e8 veramente fantastico, anche se va rispettato, perch\u00e9 quando si \u201cincacchia\u201d, non c&#8217;\u00e8 barca che tenga. Ma la libert\u00e0 di solcare le onde, di alzarsi il mattino in un angolo isolato della Croazia e buttarsi direttamente in acqua senza nemmeno \u201cpassare dal via\u201d, di ormeggiare al pontile di quei piccoli ristoranti che si trovano sulle isole Croate e mangiare il pesce appena catturato dai pescatori locali, di vivere soltanto di costume e T-shirt alla sera sono a mio avviso davvero impagabili.<br \/>\nIo poi, da quando ho perso le gambe, soffro molto di pi\u00f9 il caldo. E\u2019 una questione tecnica; siccome il sangue tende a disperdere la temperatura soprattutto attraverso le estremit\u00e0, aver perso le principali mi complica lo scambio termico. E allora che faccio? Mi butto in acqua, mi raffreddo e chi se ne frega!<br \/>\nP.S. Per gli appassionati della tecnica, la mia barca pesa 24 tonnellate circa, monta due motori turbo diesel Caterpillar 16000 di cilindrata da 800 hp l\u2019uno grazie ai quali raggiunge la velocit\u00e0 massima di 34 nodi, con una velocit\u00e0 di crociera di 28.<\/em><\/p>\n<p>Alex \u00e8 un burlone: una volta che gli battevano le mani \u201cun po\u2019 troppo\u201d disse al pubblico di una piazza: \u201cBasta ragazzi, ch\u00e8 mi tremano le gambe\u201d. Ed \u00e8 un uomo generoso: ha fondato un\u2019associazione che si chiama <a href=\"http:\/\/www.bimbingamba.com\">BIMBINGAMBA<\/a> per fornire protesi ai bambini che non possono procurarsele. Cos\u00ec Alex racconta l\u2019emozione che gli ripaga ogni sforzo che compie per i piccoli:<br \/>\n\u201c<em>Quando arrivano da noi, a certi bambini non riesci a vedere il colore degli occhi, talmente sono abituati a fissare il pavimento per sfuggire agli sguardi pesanti della gente che fissa la loro menomazione. E che bello invece quando li saluti e noti con gioia il loro sorriso, la fiducia in se stessi che hanno ritrovato grazie a quell\u2019arto sintetico: \u00e8 una gioia immensa vederli rialzare la testa<\/em>\u201d.<\/p>\n<p>Alex non \u00e8 propriamente un cristiano, ma si comporta con il prossimo come se lo fosse. In un\u2019intervista risponde cos\u00ec a chi gli chiede se sia credente: \u201c<em>S\u00ec, nel senso che non posso credere che sia tutto solo chimica e fisica<\/em>\u201d. In collaborazione con uno dei medici che lo hanno riabilitato dopo l\u2019amputazione delle gambe \u2013 Claudio Marcello Costa \u2013 ha scritto un libro intitolato <em>Alex guarda il cielo<\/em> dove racconta le avventure dei piloti che tornano a festeggiare la vita dopo grandi incidenti. Sottotitolo: \u201cIl mito dell\u2019uomo antico. Le fiabe degli eroi moderni\u201d (Fucina Editore 2006).<br \/>\nSu Alex vedi qui, nel capitolo PARABOLE: <em>Alex il pilota e la bambina senza gambe.<\/em><\/p>\n<p><strong>[Novembre 2009]<\/strong><\/p>\n","protected":false},"excerpt":{"rendered":"<p>Alessandro \u201cAlex\u201d Zanardi \u00e8 un grande pilota ma \u00e8 anche un campione della fiducia nella vita: dopo un incidente durante una gara in Germania nel 2001, che gli provoc\u00f2 l\u2019amputazione&#8230;<\/p>\n<div class=\"more-link-wrapper\"><a class=\"more-link\" href=\"http:\/\/www.luigiaccattoli.it\/blog\/cerco-fatti-di-vangelo\/19-samaritani-centurioni-cananee\/alex-zanardi-%e2%80%9cho-perso-le-gambe-ma-mi-butto-in-acqua-e-chi-se-ne-frega%e2%80%9d\/\">Read More<span class=\"screen-reader-text\">Alex Zanardi: \u201cHo perso le gambe ma mi butto in acqua e chi se ne frega!\u201d<\/span><\/a><\/div>\n","protected":false},"author":1,"featured_media":0,"parent":2140,"menu_order":0,"comment_status":"open","ping_status":"closed","template":"","meta":{"_monsterinsights_skip_tracking":false,"_monsterinsights_sitenote_active":false,"_monsterinsights_sitenote_note":"","_monsterinsights_sitenote_category":0,"footnotes":""},"class_list":["post-2667","page","type-page","status-publish","hentry","excerpt"],"_links":{"self":[{"href":"http:\/\/www.luigiaccattoli.it\/blog\/wp-json\/wp\/v2\/pages\/2667","targetHints":{"allow":["GET"]}}],"collection":[{"href":"http:\/\/www.luigiaccattoli.it\/blog\/wp-json\/wp\/v2\/pages"}],"about":[{"href":"http:\/\/www.luigiaccattoli.it\/blog\/wp-json\/wp\/v2\/types\/page"}],"author":[{"embeddable":true,"href":"http:\/\/www.luigiaccattoli.it\/blog\/wp-json\/wp\/v2\/users\/1"}],"replies":[{"embeddable":true,"href":"http:\/\/www.luigiaccattoli.it\/blog\/wp-json\/wp\/v2\/comments?post=2667"}],"version-history":[{"count":2,"href":"http:\/\/www.luigiaccattoli.it\/blog\/wp-json\/wp\/v2\/pages\/2667\/revisions"}],"predecessor-version":[{"id":2670,"href":"http:\/\/www.luigiaccattoli.it\/blog\/wp-json\/wp\/v2\/pages\/2667\/revisions\/2670"}],"up":[{"embeddable":true,"href":"http:\/\/www.luigiaccattoli.it\/blog\/wp-json\/wp\/v2\/pages\/2140"}],"wp:attachment":[{"href":"http:\/\/www.luigiaccattoli.it\/blog\/wp-json\/wp\/v2\/media?parent=2667"}],"curies":[{"name":"wp","href":"https:\/\/api.w.org\/{rel}","templated":true}]}}