{"id":2715,"date":"2009-11-20T12:00:01","date_gmt":"2009-11-20T11:00:01","guid":{"rendered":"http:\/\/www.luigiaccattoli.it\/blog\/?page_id=2715"},"modified":"2009-11-20T12:00:01","modified_gmt":"2009-11-20T11:00:01","slug":"erminia-cazzaniga-%e2%80%9cpecorella-in-mezzo-ai-lupi-di-timor-est%e2%80%9d","status":"publish","type":"page","link":"http:\/\/www.luigiaccattoli.it\/blog\/cerco-fatti-di-vangelo\/nuovi-martiri\/a-martiri-della-missione\/erminia-cazzaniga-%e2%80%9cpecorella-in-mezzo-ai-lupi-di-timor-est%e2%80%9d\/","title":{"rendered":"Erminia Cazzaniga: \u201cPecorella in mezzo ai lupi di Timor Est\u201d"},"content":{"rendered":"<p>Nel caso di suor Erminia Cazzaniga uccisa a Timor Est nel 1999 il martirio \u00e8 evidente: questa nostra sorella era l\u00e0 per predicare Cristo ed \u00e8 stata uccisa da paramilitari scatenati in una vasta offensiva che mirava alla Chiesa cattolica come al loro primo nemico, subito dopo il partito indipendentista. Gli uccisori facevano parte dello stesso movimento di reazione all\u2019indipendenza di Timor Est che assal\u00ec le residenze dei due vescovi, costringendoli a fuggire e che fece centinaia di vittime tra i missionari, le suore, il personale laico della caritas e delle parrocchie.<br \/>\nRiporto l\u2019ultima lettera di suor Erminia a don Pier Antonio Lardi, parroco di Sirtori, il paese in provincia di Lecco dov\u2019era nata. Scritta il 6 giugno 1999 da Manatuto, la lettera \u00e8 un bellissimo documento della consapevolezza con cui questa suora \u00e8 andata incontro al martirio: \u201csiamo in piena guerra\u201d dice, e descrive se stessa come \u201cpecorella tra lupi rapaci\u201d, decisa non tanto ad aiutare ogni bisognoso quanto a \u201cpiangere con chi piange\u201d. Pi\u00f9 bello di tutto, al centro della lettera, c\u2019\u00e8 l\u2019abbandono al Signore, nella fiducia di &#8220;commuovere&#8221; il cuore di Ges\u00f9 a favore della povera gente martoriata di Timor Est.<\/p>\n<p><em>\u201cReverendo e carissimo don Pier Antonio, come sapr\u00e0 gi\u00e0 dalle notizie, siamo in piena guerra. Una guerra subdola che tiene la gente sempre nella paura e nell\u2019insicurezza. E\u2019 incominciato un vandalismo diffuso, gruppi formati e appoggiati da militari che infestano e distruggono il paese, uccidendo, saccheggiando e bruciando. Tra i due gruppi \u2013 quelli per l\u2019integrazione e quelli per l\u2019indipendenza \u2013 c\u2019\u00e8 una rivalit\u00e0 brutale: per conseguenza morti e distruzioni. Quante persone sono rimaste senza casa, e quanti bambini senza genitori! <\/em><br \/>\n<em>\u201cLa nostra missione oggi \u00e8 non solo di aiutare, ma \u2013 come dice San Paolo \u2013 di piangere con chi piange, condividere con chi \u00e8 nel bisogno, e dare tanta speranza e fiducia in Dio Padre che non abbandona i suoi figli.<\/em><br \/>\n<em>\u201cMentre i politici fanno campagne di propaganda, noi facciamo campagne di preghiera e offerta di sacrifici per commuovere il cuore di Ges\u00f9 Cristo, re di pace e amore.<\/em><br \/>\n<em>\u201cChiedo preghiere affinch\u00e8 la nostra presenza sia di appoggio nella fede, di conforto nel dolore e di aiuto nelle loro necessit\u00e0. La Madonna, madre di Ges\u00f9 e nostra, interceda e ottenga dal suo divino figlio il miracolo dell\u2019unit\u00e0, della pace e dell\u2019amore reciproco. E lei, caro parroco, benedica la sua pecorella che vive in mezzo a lupi rapaci.<\/em><br \/>\n<em>\u201cSua suora missionaria, suor Erminia\u201d.<\/em><\/p>\n<p>Erminia Cazzaniga \u00e8 una suora canossiana di Lecco: ha 69 anni, da 39 \u00e8 a Timor Est, che \u00e8 divenuta la sua nuova patria. Viene uccisa il 25 settembre 1999 dalle milizie filoindonesiane, insieme all\u2019intera \u00e9quipe pastorale della diocesi di Baucau che sta rientrando con un pulmino in citt\u00e0 dopo aver visitato un campo profughi.<br \/>\nSiamo nel pieno dei torbidi seguiti al referendum per l\u2019indipendenza (29 agosto): la lettera al \u201cparroco\u201d l\u2019aveva scritta alla vigilia di quell\u2019appuntamento decisivo per Timor Est. Il gruppo a bordo del pulmino \u00e8 composto da due diaconi timoresi sui 30 anni, prossimi al sacerdozio, da un giovane studente di teologia, da due suore canossiane: una timorese, Celeste de Carvalho e suor Erminia. Vengono uccise anche due bimbe orfane che sono con le suore e un giornalista timorese che si \u00e8 accompagnato a loro. I corpi vengono trovati da un sacerdote in uno stagno nelle vicinanze del luogo del massacro.<br \/>\nIl 27 settembre 2009 il Gruppo Missionario di Sirtori \u2013 paese natale di suor Erminia \u2013 ha promosso una giornata di memoria nel decennale del suo martirio per proporne la causa di canonizzazione.<\/p>\n<p><strong>[Testo pubblicato dall\u2019<em>Eco di San Gabriele <\/em>nel novembre 1999, aggiornato nel novembre 2009]<\/strong><\/p>\n","protected":false},"excerpt":{"rendered":"<p>Nel caso di suor Erminia Cazzaniga uccisa a Timor Est nel 1999 il martirio \u00e8 evidente: questa nostra sorella era l\u00e0 per predicare Cristo ed \u00e8 stata uccisa da paramilitari&#8230;<\/p>\n<div class=\"more-link-wrapper\"><a class=\"more-link\" href=\"http:\/\/www.luigiaccattoli.it\/blog\/cerco-fatti-di-vangelo\/nuovi-martiri\/a-martiri-della-missione\/erminia-cazzaniga-%e2%80%9cpecorella-in-mezzo-ai-lupi-di-timor-est%e2%80%9d\/\">Read More<span class=\"screen-reader-text\">Erminia Cazzaniga: \u201cPecorella in mezzo ai lupi di Timor Est\u201d<\/span><\/a><\/div>\n","protected":false},"author":1,"featured_media":0,"parent":2206,"menu_order":0,"comment_status":"open","ping_status":"closed","template":"","meta":{"_monsterinsights_skip_tracking":false,"_monsterinsights_sitenote_active":false,"_monsterinsights_sitenote_note":"","_monsterinsights_sitenote_category":0,"footnotes":""},"class_list":["post-2715","page","type-page","status-publish","hentry","excerpt"],"_links":{"self":[{"href":"http:\/\/www.luigiaccattoli.it\/blog\/wp-json\/wp\/v2\/pages\/2715","targetHints":{"allow":["GET"]}}],"collection":[{"href":"http:\/\/www.luigiaccattoli.it\/blog\/wp-json\/wp\/v2\/pages"}],"about":[{"href":"http:\/\/www.luigiaccattoli.it\/blog\/wp-json\/wp\/v2\/types\/page"}],"author":[{"embeddable":true,"href":"http:\/\/www.luigiaccattoli.it\/blog\/wp-json\/wp\/v2\/users\/1"}],"replies":[{"embeddable":true,"href":"http:\/\/www.luigiaccattoli.it\/blog\/wp-json\/wp\/v2\/comments?post=2715"}],"version-history":[{"count":2,"href":"http:\/\/www.luigiaccattoli.it\/blog\/wp-json\/wp\/v2\/pages\/2715\/revisions"}],"predecessor-version":[{"id":2718,"href":"http:\/\/www.luigiaccattoli.it\/blog\/wp-json\/wp\/v2\/pages\/2715\/revisions\/2718"}],"up":[{"embeddable":true,"href":"http:\/\/www.luigiaccattoli.it\/blog\/wp-json\/wp\/v2\/pages\/2206"}],"wp:attachment":[{"href":"http:\/\/www.luigiaccattoli.it\/blog\/wp-json\/wp\/v2\/media?parent=2715"}],"curies":[{"name":"wp","href":"https:\/\/api.w.org\/{rel}","templated":true}]}}