{"id":2720,"date":"2009-11-20T12:10:37","date_gmt":"2009-11-20T11:10:37","guid":{"rendered":"http:\/\/www.luigiaccattoli.it\/blog\/?page_id=2720"},"modified":"2009-11-20T12:10:37","modified_gmt":"2009-11-20T11:10:37","slug":"marialuisa-donadio-%e2%80%9cfinalmente-battero-le-mani-per-fare-festa%e2%80%9d","status":"publish","type":"page","link":"http:\/\/www.luigiaccattoli.it\/blog\/cerco-fatti-di-vangelo\/4-la-reazione-all%e2%80%99handicap\/marialuisa-donadio-%e2%80%9cfinalmente-battero-le-mani-per-fare-festa%e2%80%9d\/","title":{"rendered":"Marialuisa Donadio: \u201cFinalmente batter\u00f2 le mani per fare festa\u201d"},"content":{"rendered":"<p>Marialuisa Donadio, stupenda sorella della fede, se ne \u00e8 andata il 2 gennaio 1998: dopo 33 anni di totale immobilit\u00e0, finalmente avr\u00e0 potuto battere le mani, ridere e ballare nell\u2019incontro con lo sposo. Mi permetto di raccontare cos\u00ec la sua partenza, perch\u00e8 cos\u00ec lei ci aveva insegnato ad attenderla: come festa di nozze, come la notte nuziale. Invece di raccontare la sua vita tribolata, ascoltiamo la sua voce di findanzata:<\/p>\n<p><em>Finalmente, batter\u00f2 le mani<\/em><br \/>\n<em>per fare festa alla tua presenza, <\/em><br \/>\n<em>perch\u00e8 mi aprirai<\/em><br \/>\n<em>quando busser\u00f2 alla tua porta!<\/em><\/p>\n<p>Marialuisa non muoveva le mani. Quando si blocc\u00f2 la destra, pass\u00f2 alla sinistra. Infine non le rest\u00f2 che dettare e non poteva girare la testa: colpita a 22 anni dalla sclerosi a placche, la precocit\u00e0 della disgrazia l\u2019aveva aiutata a mantenere la freschezza di quell\u2019et\u00e0. Non poteva fare festa agli amici che andavano a trovarla. A questa lunga sofferenza va ricondotta la felice ispirazione di immaginare come un battito di mani l\u2019incontro con l\u2019Amato. In questa poesia intitolata \u00abDomani\u00bb il battito di mani diventa un ballo cosmico:<\/p>\n<p><em>Da un giorno all\u2019altro<\/em><br \/>\n<em>sono certa, camminer\u00f2,<\/em><br \/>\n<em>sar\u00f2 libera e canter\u00f2!<\/em><br \/>\n<em>Ieri e oggi,<\/em><br \/>\n<em>passato e presente<\/em><br \/>\n<em>saranno un attimo<\/em><br \/>\n<em>da dimenticare per vivere<\/em><br \/>\n<em>ridendo e ballando<\/em><br \/>\n<em>proiettata nel futuro<\/em><br \/>\n<em>senza fine della gioia<\/em><br \/>\n<em>concessami dal Padre.<\/em><\/p>\n<p>Nona di dieci figli, nasce a Corigliano Calabro nel 1942. Aiutata dalla mamma e da tutti i familiari, specie dalla sorella Anna, Marialuisa ha vissuto \u2013 dopo l\u2019arrivo dell&#8217;immobilit\u00e0 \u2013 una conversione evangelica di straordinaria progressione. Il diario e le poesie l\u2019hanno portata da tanti che non l\u2019hanno mai incontrata. Ha tenuto corrispondenza con Tonino Bello, Rita Levi Montalcini, Davide Maria Turoldo, per dire i nomi pi\u00f9 noti. I titoli delle sue raccolte di poesie sono una traccia per la lettura:<br \/>\n\u00abUn\u2019esperienza forte\u00bb, Ecumenica editrice, Bari 1983; \u00abUna testimonianza\u00bb, Arti Grafiche Ioniche, Corigliano Calabro 1987; \u00abSulla terra un grido\u00bb, La Meridiana, Molfetta 1989; \u00abLa preghiera \u00e8 nel corpo\u00bb e \u00abSul Cantico dei cantici\u00bb (ciclostilati in proprio).<\/p>\n<p>Nelle poesie sul Cantico dei cantici fa la parte della sposa. Questa \u00e8 intitolata \u00abMio Cantico\u00bb:<\/p>\n<p><em>Se dormo mi sveglia,<\/em><br \/>\n<em>se piango lo chiamo:<\/em><br \/>\n<em>vieni, anima mia,<\/em><br \/>\n<em>portami con te<\/em><br \/>\n<em>al banchetto tuo nuziale<\/em>.<\/p>\n<p>Il vescovo Tonino Bello, vicino a morire, le mand\u00f2 questo addio: \u00abCarissima, ti scrivo in un momento per me non molto facile, per dirti che il tuo esempio e la tua freschezza d\u2019animo mi sono stati di grande aiuto. Continua, anche quando pure per te la galleria si far\u00e0 pi\u00f9 buia. Il Signore ci \u00e8 vicino. E noi dobbiamo saperlo dire a tutti. Coraggio a te, a me e agli altri che, per causa nostra, soffrono anch\u2019essi. La Vergine ti custodisca nel cavo della sua mano. Ti abbraccio\u00bb.<\/p>\n<p>La pi\u00f9 bella \u2013 per me \u2013 delle sue poesie \u00e8 quella che riporto qui sotto: e la nota in prosa che la precede \u00e8 meglio dei versi. Segnalo l\u2019espressione \u00absicura nella fede\u00bb e la citazione \u2013 alla fine del componimento \u2013 del titolo di un libro di Papa Wojtyla: \u00abVarcare la soglia della speranza\u00bb:<\/p>\n<p><strong><em>La Grande Vigilia<\/em><\/strong><\/p>\n<p><em>Stanotte, nel pianto silenzioso, con mente stanca, con palpiti e sospiri stroncati, ho pensato una preghiera calda come lampada sull&#8217;altare. La dir\u00f2 tutti i giorni, tutte le ore, senza parlare, sicura nella fede, fino alla grande Vigilia, la notte dell\u2019Immenso Atteso che ha gi\u00e0 piantato la sua tenda fra noi:<\/em><\/p>\n<p><em>Signore che mi leggi dentro il cuore<\/em><br \/>\n<em>eccomi pronta a fare il tuo volere.<\/em><br \/>\n<em>Assistimi.<\/em><br \/>\n<em>Fa\u2019 che io possa essere<\/em><br \/>\n<em>tua vivente testimonianza.<\/em><br \/>\n<em>Nella tua forza tutte le mie debolezze.<\/em><br \/>\n<em>Nella tua vittoria le mie sconfitte.<\/em><br \/>\n<em>Nel tuo abbraccio le mie solitudini.<\/em><br \/>\n<em>Non sento pi\u00f9 il peso <\/em><br \/>\n<em>di avere un corpo malato. <\/em><br \/>\n<em>Sono tua figlia con un cuore per amare.<\/em><br \/>\n<em>Cos\u00ec, dopo aver varcato<\/em><br \/>\n<em>la soglia della speranza,<\/em><br \/>\n<em>sazia di pace, di luce, di armonia, <\/em><br \/>\n<em>attendo il giorno dell\u2019incontro con Te.<\/em><\/p>\n<p><strong>[Testo pubblicato dall\u2019<em>Eco di San Gabriele<\/em> nell\u2019ottobre 1999]<\/strong><\/p>\n","protected":false},"excerpt":{"rendered":"<p>Marialuisa Donadio, stupenda sorella della fede, se ne \u00e8 andata il 2 gennaio 1998: dopo 33 anni di totale immobilit\u00e0, finalmente avr\u00e0 potuto battere le mani, ridere e ballare nell\u2019incontro&#8230;<\/p>\n<div class=\"more-link-wrapper\"><a class=\"more-link\" href=\"http:\/\/www.luigiaccattoli.it\/blog\/cerco-fatti-di-vangelo\/4-la-reazione-all%e2%80%99handicap\/marialuisa-donadio-%e2%80%9cfinalmente-battero-le-mani-per-fare-festa%e2%80%9d\/\">Read More<span class=\"screen-reader-text\">Marialuisa Donadio: \u201cFinalmente batter\u00f2 le mani per fare festa\u201d<\/span><\/a><\/div>\n","protected":false},"author":1,"featured_media":0,"parent":2093,"menu_order":0,"comment_status":"open","ping_status":"closed","template":"","meta":{"_monsterinsights_skip_tracking":false,"_monsterinsights_sitenote_active":false,"_monsterinsights_sitenote_note":"","_monsterinsights_sitenote_category":0,"footnotes":""},"class_list":["post-2720","page","type-page","status-publish","hentry","excerpt"],"_links":{"self":[{"href":"http:\/\/www.luigiaccattoli.it\/blog\/wp-json\/wp\/v2\/pages\/2720","targetHints":{"allow":["GET"]}}],"collection":[{"href":"http:\/\/www.luigiaccattoli.it\/blog\/wp-json\/wp\/v2\/pages"}],"about":[{"href":"http:\/\/www.luigiaccattoli.it\/blog\/wp-json\/wp\/v2\/types\/page"}],"author":[{"embeddable":true,"href":"http:\/\/www.luigiaccattoli.it\/blog\/wp-json\/wp\/v2\/users\/1"}],"replies":[{"embeddable":true,"href":"http:\/\/www.luigiaccattoli.it\/blog\/wp-json\/wp\/v2\/comments?post=2720"}],"version-history":[{"count":1,"href":"http:\/\/www.luigiaccattoli.it\/blog\/wp-json\/wp\/v2\/pages\/2720\/revisions"}],"predecessor-version":[{"id":2721,"href":"http:\/\/www.luigiaccattoli.it\/blog\/wp-json\/wp\/v2\/pages\/2720\/revisions\/2721"}],"up":[{"embeddable":true,"href":"http:\/\/www.luigiaccattoli.it\/blog\/wp-json\/wp\/v2\/pages\/2093"}],"wp:attachment":[{"href":"http:\/\/www.luigiaccattoli.it\/blog\/wp-json\/wp\/v2\/media?parent=2720"}],"curies":[{"name":"wp","href":"https:\/\/api.w.org\/{rel}","templated":true}]}}